{"id":143,"date":"2015-01-05T14:58:53","date_gmt":"2015-01-05T13:58:53","guid":{"rendered":"http:\/\/blogs.smbosque.es\/amaya\/?page_id=143"},"modified":"2015-01-09T11:12:07","modified_gmt":"2015-01-09T10:12:07","slug":"143-2","status":"publish","type":"page","link":"https:\/\/blogs.smbosque.es\/amaya\/biologia-4oeso\/143-2\/","title":{"rendered":"Temario 4\u00baeso"},"content":{"rendered":"<p><a title=\"1. La c\u00e9lula. Unidad de vida.\" href=\"https:\/\/blogs.smbosque.es\/amaya\/biologia-4oeso\/143-2\/1-la-celula-unidad-de-vida\/\" target=\"_blank\">1. La c\u00e9lula. Unidad de vida<\/a><\/p>\n<p><a title=\"2. la informaci\u00f3n gen\u00e9tica.\" href=\"https:\/\/blogs.smbosque.es\/amaya\/biologia-4oeso\/143-2\/2-la-informacion-genetica\/\" target=\"_blank\">2. la informaci\u00f3n gen\u00e9tica.<\/a><\/p>\n<p><a title=\"3. Herencia y transmisi\u00f3n de caracteres.\" href=\"https:\/\/blogs.smbosque.es\/amaya\/biologia-4oeso\/143-2\/3-herencia-y-transmision-de-caracteres\/\" target=\"_blank\">3. Herencia y transmisi\u00f3n de caracteres.<\/a><\/p>\n<p><a title=\"4. Origen y evoluci\u00f3n de los seres vivos.\" href=\"https:\/\/blogs.smbosque.es\/amaya\/4-origen-y-evolucion-de-los-seres-vivos\/\">4. Origen y evoluci\u00f3n de los seres vivos.<\/a><\/p>\n<p><a title=\"5. Estudio de los ecosistemas.\" href=\"https:\/\/blogs.smbosque.es\/amaya\/5-estudio-de-los-ecosistemas\/\">5. Estudio de los ecosistemas.<\/a><\/p>\n<p><a title=\"6. Cambio de los ecosistemas.\" href=\"https:\/\/blogs.smbosque.es\/amaya\/6-cambio-de-los-ecosistemas\/\">6. Cambio de los ecosistemas.<\/a><\/p>\n<p><a title=\"7. El relieve y su modelado.\" href=\"https:\/\/blogs.smbosque.es\/amaya\/7-el-relieve-y-su-modelado\/\">7. El relieve y su modelado.<\/a><\/p>\n<p><a title=\"8. Estructura y din\u00e1mica de la Tierra.\" href=\"https:\/\/blogs.smbosque.es\/amaya\/8-estructura-y-dinamica-de-la-tierra\/\">8. Estructura y din\u00e1mica de la Tierra.<\/a><\/p>\n<p><a title=\"9. Manifestaciones de la din\u00e1mica terrestre.\" href=\"https:\/\/blogs.smbosque.es\/amaya\/9-manifestaciones-de-la-dinamica-terrestre\/\">9. Manifestaciones de la din\u00e1mica terrestre.<\/a><\/p>\n<p><a title=\"10. Historia de nuestro planeta.\" href=\"https:\/\/blogs.smbosque.es\/amaya\/10-historia-de-nuestro-planeta\/\">10. Historia de nuestro planeta.<\/a><\/p>\n","protected":false},"excerpt":{"rendered":"<p>1. La c\u00e9lula. Unidad de vida 2. la informaci\u00f3n gen\u00e9tica. 3. Herencia y transmisi\u00f3n de caracteres. 4. Origen y evoluci\u00f3n de los seres vivos. 5. Estudio de los ecosistemas. 6. Cambio de los ecosistemas. 7. El relieve y su modelado. 8. Estructura y din\u00e1mica de la Tierra. 9. Manifestaciones de la din\u00e1mica terrestre. 10. Historia &hellip; <a href=\"https:\/\/blogs.smbosque.es\/amaya\/biologia-4oeso\/143-2\/\" class=\"more-link\">Seguir leyendo <span class=\"screen-reader-text\">Temario 4\u00baeso<\/span> <span class=\"meta-nav\">&rarr;<\/span><\/a><\/p>\n","protected":false},"author":45,"featured_media":0,"parent":139,"menu_order":0,"comment_status":"open","ping_status":"open","template":"","meta":{"footnotes":""},"class_list":["post-143","page","type-page","status-publish","hentry"],"_links":{"self":[{"href":"https:\/\/blogs.smbosque.es\/amaya\/wp-json\/wp\/v2\/pages\/143","targetHints":{"allow":["GET"]}}],"collection":[{"href":"https:\/\/blogs.smbosque.es\/amaya\/wp-json\/wp\/v2\/pages"}],"about":[{"href":"https:\/\/blogs.smbosque.es\/amaya\/wp-json\/wp\/v2\/types\/page"}],"author":[{"embeddable":true,"href":"https:\/\/blogs.smbosque.es\/amaya\/wp-json\/wp\/v2\/users\/45"}],"replies":[{"embeddable":true,"href":"https:\/\/blogs.smbosque.es\/amaya\/wp-json\/wp\/v2\/comments?post=143"}],"version-history":[{"count":9,"href":"https:\/\/blogs.smbosque.es\/amaya\/wp-json\/wp\/v2\/pages\/143\/revisions"}],"predecessor-version":[{"id":235,"href":"https:\/\/blogs.smbosque.es\/amaya\/wp-json\/wp\/v2\/pages\/143\/revisions\/235"}],"up":[{"embeddable":true,"href":"https:\/\/blogs.smbosque.es\/amaya\/wp-json\/wp\/v2\/pages\/139"}],"wp:attachment":[{"href":"https:\/\/blogs.smbosque.es\/amaya\/wp-json\/wp\/v2\/media?parent=143"}],"curies":[{"name":"wp","href":"https:\/\/api.w.org\/{rel}","templated":true}]}}