{"id":184,"date":"2015-01-08T20:47:19","date_gmt":"2015-01-08T19:47:19","guid":{"rendered":"http:\/\/blogs.smbosque.es\/amaya\/?page_id=184"},"modified":"2015-01-11T19:56:28","modified_gmt":"2015-01-11T18:56:28","slug":"2-la-informacion-genetica","status":"publish","type":"page","link":"https:\/\/blogs.smbosque.es\/amaya\/biologia-4oeso\/143-2\/2-la-informacion-genetica\/","title":{"rendered":"2. la informaci\u00f3n gen\u00e9tica."},"content":{"rendered":"<p style=\"text-align: left\">&#8211; LOS \u00c1CIDOS NUCLEICOS: ADN y ARN<\/p>\n<p style=\"text-align: right\"><span style=\"color: #999999\"><em>(al pinchar sobre las im\u00e1genes podr\u00e1s ampliarlas)<\/em><\/span><\/p>\n<p><a href=\"https:\/\/blogs.smbosque.es\/amaya\/files\/2015\/01\/adn-vs-arn.png\"><img loading=\"lazy\" decoding=\"async\" class=\"alignnone size-medium wp-image-314\" src=\"https:\/\/blogs.smbosque.es\/amaya\/files\/2015\/01\/adn-vs-arn-300x225.png\" alt=\"adn vs arn\" width=\"300\" height=\"225\" srcset=\"https:\/\/blogs.smbosque.es\/amaya\/files\/2015\/01\/adn-vs-arn-300x225.png 300w, https:\/\/blogs.smbosque.es\/amaya\/files\/2015\/01\/adn-vs-arn-1024x768.png 1024w, https:\/\/blogs.smbosque.es\/amaya\/files\/2015\/01\/adn-vs-arn.png 1058w\" sizes=\"auto, (max-width: 300px) 100vw, 300px\" \/><\/a><\/p>\n<p><a href=\"https:\/\/blogs.smbosque.es\/amaya\/files\/2015\/01\/2000px-Difference_DNA_RNA-ES.svg_.png\"><img loading=\"lazy\" decoding=\"async\" class=\"alignnone size-medium wp-image-315\" src=\"https:\/\/blogs.smbosque.es\/amaya\/files\/2015\/01\/2000px-Difference_DNA_RNA-ES.svg_-300x240.png\" alt=\"2000px-Difference_DNA_RNA-ES.svg\" width=\"300\" height=\"240\" srcset=\"https:\/\/blogs.smbosque.es\/amaya\/files\/2015\/01\/2000px-Difference_DNA_RNA-ES.svg_-300x240.png 300w, https:\/\/blogs.smbosque.es\/amaya\/files\/2015\/01\/2000px-Difference_DNA_RNA-ES.svg_-1024x819.png 1024w, https:\/\/blogs.smbosque.es\/amaya\/files\/2015\/01\/2000px-Difference_DNA_RNA-ES.svg_.png 2000w\" sizes=\"auto, (max-width: 300px) 100vw, 300px\" \/><\/a><\/p>\n<p>&nbsp;<\/p>\n<p style=\"text-align: right\">&#8211; <a href=\"https:\/\/blogs.smbosque.es\/amaya\/files\/2015\/01\/dogma_central_bio_molc.pdf\" target=\"_blank\">DOGMA CENTRAL DE LA BIOLOG\u00cdA MOLECULAR<\/a>\u00a0<span style=\"color: #999999\"><em>(pinche sobre el t\u00edtulo para obtener m\u00e1s informaci\u00f3n acerca de los principales procesos de la biolog\u00eda molecular)<\/em><\/span><\/p>\n<p><a href=\"https:\/\/blogs.smbosque.es\/amaya\/files\/2015\/01\/Captura-de-pantalla-2015-01-11-a-las-18.52.53.png\"><img loading=\"lazy\" decoding=\"async\" class=\"alignnone  wp-image-318\" src=\"https:\/\/blogs.smbosque.es\/amaya\/files\/2015\/01\/Captura-de-pantalla-2015-01-11-a-las-18.52.53-300x86.png\" alt=\"Captura de pantalla 2015-01-11 a la(s) 18.52.53\" width=\"387\" height=\"111\" srcset=\"https:\/\/blogs.smbosque.es\/amaya\/files\/2015\/01\/Captura-de-pantalla-2015-01-11-a-las-18.52.53-300x86.png 300w, https:\/\/blogs.smbosque.es\/amaya\/files\/2015\/01\/Captura-de-pantalla-2015-01-11-a-las-18.52.53.png 695w\" sizes=\"auto, (max-width: 387px) 100vw, 387px\" \/><\/a><\/p>\n<ul>\n<li>Replicaci\u00f3n<\/li>\n<\/ul>\n<p><a href=\"https:\/\/blogs.smbosque.es\/amaya\/files\/2015\/01\/ch8f10.gif\"><img loading=\"lazy\" decoding=\"async\" class=\" wp-image-325 size-medium aligncenter\" src=\"https:\/\/blogs.smbosque.es\/amaya\/files\/2015\/01\/ch8f10-207x300.gif\" alt=\"ch8f10\" width=\"207\" height=\"300\" \/><\/a>\u00a0Transcripci\u00f3n<\/p>\n<p><a href=\"https:\/\/blogs.smbosque.es\/amaya\/files\/2015\/01\/startrans.gif\"><img loading=\"lazy\" decoding=\"async\" class=\"alignnone size-medium wp-image-327\" src=\"https:\/\/blogs.smbosque.es\/amaya\/files\/2015\/01\/startrans-300x133.gif\" alt=\"startrans\" width=\"300\" height=\"133\" \/><\/a><\/p>\n<ul>\n<li>Traducci\u00f3n (S\u00edntesis de prote\u00ednas)<\/li>\n<\/ul>\n<p><img loading=\"lazy\" decoding=\"async\" class=\"alignnone size-medium wp-image-326\" src=\"https:\/\/blogs.smbosque.es\/amaya\/files\/2015\/01\/arnm.jpg-300x230.png\" alt=\"arnm.jpg\" width=\"300\" height=\"230\" srcset=\"https:\/\/blogs.smbosque.es\/amaya\/files\/2015\/01\/arnm.jpg-300x230.png 300w, https:\/\/blogs.smbosque.es\/amaya\/files\/2015\/01\/arnm.jpg.png 401w\" sizes=\"auto, (max-width: 300px) 100vw, 300px\" \/><\/p>\n<p>&#8211; Material Audiovisual<\/p>\n<p>https:\/\/www.youtube.com\/watch?v=a1AVSCopIUo<\/p>\n<p>https:\/\/www.youtube.com\/watch?v=naKy7ubwCJM<\/p>\n<p><iframe loading=\"lazy\" title=\"Traduccion de proteinas\" width=\"474\" height=\"267\" src=\"https:\/\/www.youtube.com\/embed\/-pB70QITK9A?feature=oembed\" frameborder=\"0\" allow=\"accelerometer; autoplay; clipboard-write; encrypted-media; gyroscope; picture-in-picture; web-share\" referrerpolicy=\"strict-origin-when-cross-origin\" allowfullscreen><\/iframe><\/p>\n","protected":false},"excerpt":{"rendered":"<p>&#8211; LOS \u00c1CIDOS NUCLEICOS: ADN y ARN (al pinchar sobre las im\u00e1genes podr\u00e1s ampliarlas) &nbsp; &#8211; DOGMA CENTRAL DE LA BIOLOG\u00cdA MOLECULAR\u00a0(pinche sobre el t\u00edtulo para obtener m\u00e1s informaci\u00f3n acerca de los principales procesos de la biolog\u00eda molecular) Replicaci\u00f3n \u00a0Transcripci\u00f3n Traducci\u00f3n (S\u00edntesis de prote\u00ednas) &#8211; Material Audiovisual https:\/\/www.youtube.com\/watch?v=a1AVSCopIUo https:\/\/www.youtube.com\/watch?v=naKy7ubwCJM<\/p>\n","protected":false},"author":45,"featured_media":0,"parent":143,"menu_order":0,"comment_status":"open","ping_status":"open","template":"page-templates\/full-width.php","meta":{"footnotes":""},"class_list":["post-184","page","type-page","status-publish","hentry"],"_links":{"self":[{"href":"https:\/\/blogs.smbosque.es\/amaya\/wp-json\/wp\/v2\/pages\/184","targetHints":{"allow":["GET"]}}],"collection":[{"href":"https:\/\/blogs.smbosque.es\/amaya\/wp-json\/wp\/v2\/pages"}],"about":[{"href":"https:\/\/blogs.smbosque.es\/amaya\/wp-json\/wp\/v2\/types\/page"}],"author":[{"embeddable":true,"href":"https:\/\/blogs.smbosque.es\/amaya\/wp-json\/wp\/v2\/users\/45"}],"replies":[{"embeddable":true,"href":"https:\/\/blogs.smbosque.es\/amaya\/wp-json\/wp\/v2\/comments?post=184"}],"version-history":[{"count":12,"href":"https:\/\/blogs.smbosque.es\/amaya\/wp-json\/wp\/v2\/pages\/184\/revisions"}],"predecessor-version":[{"id":338,"href":"https:\/\/blogs.smbosque.es\/amaya\/wp-json\/wp\/v2\/pages\/184\/revisions\/338"}],"up":[{"embeddable":true,"href":"https:\/\/blogs.smbosque.es\/amaya\/wp-json\/wp\/v2\/pages\/143"}],"wp:attachment":[{"href":"https:\/\/blogs.smbosque.es\/amaya\/wp-json\/wp\/v2\/media?parent=184"}],"curies":[{"name":"wp","href":"https:\/\/api.w.org\/{rel}","templated":true}]}}