{"id":186,"date":"2015-01-08T20:48:42","date_gmt":"2015-01-08T19:48:42","guid":{"rendered":"http:\/\/blogs.smbosque.es\/amaya\/?page_id=186"},"modified":"2015-01-10T22:58:07","modified_gmt":"2015-01-10T21:58:07","slug":"3-herencia-y-transmision-de-caracteres","status":"publish","type":"page","link":"https:\/\/blogs.smbosque.es\/amaya\/biologia-4oeso\/143-2\/3-herencia-y-transmision-de-caracteres\/","title":{"rendered":"3. Herencia y transmisi\u00f3n de caracteres."},"content":{"rendered":"<p><img loading=\"lazy\" decoding=\"async\" class=\"  aligncenter wp-image-302\" src=\"https:\/\/blogs.smbosque.es\/amaya\/files\/2015\/01\/Johann_Gregor_Mendel-296x300.jpg\" alt=\"Johann_Gregor_Mendel\" width=\"188\" height=\"190\" srcset=\"https:\/\/blogs.smbosque.es\/amaya\/files\/2015\/01\/Johann_Gregor_Mendel-296x300.jpg 296w, https:\/\/blogs.smbosque.es\/amaya\/files\/2015\/01\/Johann_Gregor_Mendel.jpg 493w\" sizes=\"auto, (max-width: 188px) 100vw, 188px\" \/><\/p>\n<p>Consulta los enunciados de todos los problemas de gen\u00e9tica que hemos realizado en clase.<\/p>\n<p style=\"text-align: center\"><a href=\"https:\/\/blogs.smbosque.es\/amaya\/files\/2015\/01\/PROBLEMAS-DE-GEN\u00c9TICA-I-4\u00baESO.pdf\" target=\"_blank\">PROBLEMAS GEN\u00c9TICA I 4\u00baESO<\/a><\/p>\n<p style=\"text-align: center\"><a href=\"https:\/\/blogs.smbosque.es\/amaya\/files\/2015\/01\/PROBLEMAS-DE-GEN\u00c9TICA-II-4\u00baESO.pdf\" target=\"_blank\">PROBLEMAS GEN\u00c9TICA II 4\u00baESO<\/a><\/p>\n<p style=\"text-align: center\"><a href=\"https:\/\/blogs.smbosque.es\/amaya\/files\/2015\/01\/PROBLEMAS-GEN\u00c9TICA-III-4\u00baESO.pdf\" target=\"_blank\">PROBLEMAS GEN\u00c9TICA III 4\u00baESO<\/a><\/p>\n<p>Si necesitas ayuda, aqu\u00ed puedes consultar ejercicios resuelto de gen\u00e9tica.<\/p>\n<p style=\"text-align: center\"><a href=\"https:\/\/blogs.smbosque.es\/amaya\/files\/2015\/01\/problemas_genetica_resueltosII.pdf\" target=\"_blank\">PROBLEMAS_GEN\u00c9TICA_RESUELTOS<\/a><\/p>\n<p style=\"text-align: center\"><a href=\"https:\/\/docs.google.com\/a\/smbosque.es\/file\/d\/0Bw97S9SBhrWLYmFhNmQ4ZGEtYjUwZS00MzJlLTgzMzYtODJlMWE2ZWU4Mzhk\/edit?hl=en\">PROBLEMAS_GEN\u00c9TICA_ RESUELTOS II<\/a><\/p>\n<p>&nbsp;<\/p>\n<p>&nbsp;<\/p>\n<p>&nbsp;<\/p>\n<p>&nbsp;<\/p>\n<p>&nbsp;<\/p>\n","protected":false},"excerpt":{"rendered":"<p>Consulta los enunciados de todos los problemas de gen\u00e9tica que hemos realizado en clase. PROBLEMAS GEN\u00c9TICA I 4\u00baESO PROBLEMAS GEN\u00c9TICA II 4\u00baESO PROBLEMAS GEN\u00c9TICA III 4\u00baESO Si necesitas ayuda, aqu\u00ed puedes consultar ejercicios resuelto de gen\u00e9tica. PROBLEMAS_GEN\u00c9TICA_RESUELTOS PROBLEMAS_GEN\u00c9TICA_ RESUELTOS II &nbsp; &nbsp; &nbsp; &nbsp; &nbsp;<\/p>\n","protected":false},"author":45,"featured_media":0,"parent":143,"menu_order":0,"comment_status":"open","ping_status":"open","template":"","meta":{"footnotes":""},"class_list":["post-186","page","type-page","status-publish","hentry"],"_links":{"self":[{"href":"https:\/\/blogs.smbosque.es\/amaya\/wp-json\/wp\/v2\/pages\/186","targetHints":{"allow":["GET"]}}],"collection":[{"href":"https:\/\/blogs.smbosque.es\/amaya\/wp-json\/wp\/v2\/pages"}],"about":[{"href":"https:\/\/blogs.smbosque.es\/amaya\/wp-json\/wp\/v2\/types\/page"}],"author":[{"embeddable":true,"href":"https:\/\/blogs.smbosque.es\/amaya\/wp-json\/wp\/v2\/users\/45"}],"replies":[{"embeddable":true,"href":"https:\/\/blogs.smbosque.es\/amaya\/wp-json\/wp\/v2\/comments?post=186"}],"version-history":[{"count":22,"href":"https:\/\/blogs.smbosque.es\/amaya\/wp-json\/wp\/v2\/pages\/186\/revisions"}],"predecessor-version":[{"id":311,"href":"https:\/\/blogs.smbosque.es\/amaya\/wp-json\/wp\/v2\/pages\/186\/revisions\/311"}],"up":[{"embeddable":true,"href":"https:\/\/blogs.smbosque.es\/amaya\/wp-json\/wp\/v2\/pages\/143"}],"wp:attachment":[{"href":"https:\/\/blogs.smbosque.es\/amaya\/wp-json\/wp\/v2\/media?parent=186"}],"curies":[{"name":"wp","href":"https:\/\/api.w.org\/{rel}","templated":true}]}}