{"id":360,"date":"2015-01-11T20:28:27","date_gmt":"2015-01-11T19:28:27","guid":{"rendered":"http:\/\/blogs.smbosque.es\/amaya\/?page_id=360"},"modified":"2015-01-12T00:17:14","modified_gmt":"2015-01-11T23:17:14","slug":"visitas-y-charlas","status":"publish","type":"page","link":"https:\/\/blogs.smbosque.es\/amaya\/visitas-y-charlas\/","title":{"rendered":"Visitas y Charlas"},"content":{"rendered":"<p><strong>Visita al \u00a0invernadero del Palacio de Cristal de la Arganzuela.<\/strong><\/p>\n<p><a href=\"https:\/\/blogs.smbosque.es\/amaya\/files\/2015\/01\/invernadero-arganzuela.jpg\"><img loading=\"lazy\" decoding=\"async\" class=\" size-medium wp-image-361 aligncenter\" src=\"https:\/\/blogs.smbosque.es\/amaya\/files\/2015\/01\/invernadero-arganzuela-300x199.jpg\" alt=\"invernadero-arganzuela\" width=\"300\" height=\"199\" srcset=\"https:\/\/blogs.smbosque.es\/amaya\/files\/2015\/01\/invernadero-arganzuela-300x199.jpg 300w, https:\/\/blogs.smbosque.es\/amaya\/files\/2015\/01\/invernadero-arganzuela.jpg 768w\" sizes=\"auto, (max-width: 300px) 100vw, 300px\" \/><\/a><\/p>\n<p>\u21d2 Fecha: 22 y 29 de Octubre 2014<\/p>\n<p>\u21d2\u00a0Objetivos: \u00a0 \u00a0\u00a0<img loading=\"lazy\" decoding=\"async\" class=\"alignnone  wp-image-362\" src=\"https:\/\/blogs.smbosque.es\/amaya\/files\/2015\/01\/800px-Invernadero_de_Atocha_Madrid_-_view_1-300x225.jpg\" alt=\"800px-Invernadero_de_Atocha,_Madrid_-_view_1\" width=\"157\" height=\"118\" srcset=\"https:\/\/blogs.smbosque.es\/amaya\/files\/2015\/01\/800px-Invernadero_de_Atocha_Madrid_-_view_1-300x225.jpg 300w, https:\/\/blogs.smbosque.es\/amaya\/files\/2015\/01\/800px-Invernadero_de_Atocha_Madrid_-_view_1.jpg 800w\" sizes=\"auto, (max-width: 157px) 100vw, 157px\" \/><\/p>\n<ul>\n<li style=\"text-align: justify\">Apreciar la diversidad biol\u00f3gica para el fomento de su conservaci\u00f3n.<\/li>\n<li style=\"text-align: justify\">Capacitar al alumno con t\u00e9cnicas de observaci\u00f3n, indagaci\u00f3n, recogida de datos, formulaci\u00f3n\u00a0de hip\u00f3tesis.<\/li>\n<li style=\"text-align: justify\">Diferenciar los diferentes tipos de climas asociados a la variaci\u00f3n de tres factores clim\u00e1ticos como son la luz, la humedad y la temperatura.<\/li>\n<li style=\"text-align: justify\">Identificar mediante la observaci\u00f3n las distintas adaptaciones que presentan las plantas a los factores, tanto bi\u00f3ticos como abi\u00f3ticos, para sobrevivir en el medio<\/li>\n<\/ul>\n","protected":false},"excerpt":{"rendered":"<p>Visita al \u00a0invernadero del Palacio de Cristal de la Arganzuela. \u21d2 Fecha: 22 y 29 de Octubre 2014 \u21d2\u00a0Objetivos: \u00a0 \u00a0\u00a0 Apreciar la diversidad biol\u00f3gica para el fomento de su conservaci\u00f3n. Capacitar al alumno con t\u00e9cnicas de observaci\u00f3n, indagaci\u00f3n, recogida de datos, formulaci\u00f3n\u00a0de hip\u00f3tesis. Diferenciar los diferentes tipos de climas asociados a la variaci\u00f3n de &hellip; <a href=\"https:\/\/blogs.smbosque.es\/amaya\/visitas-y-charlas\/\" class=\"more-link\">Seguir leyendo <span class=\"screen-reader-text\">Visitas y Charlas<\/span> <span class=\"meta-nav\">&rarr;<\/span><\/a><\/p>\n","protected":false},"author":45,"featured_media":0,"parent":0,"menu_order":0,"comment_status":"open","ping_status":"open","template":"","meta":{"footnotes":""},"class_list":["post-360","page","type-page","status-publish","hentry"],"_links":{"self":[{"href":"https:\/\/blogs.smbosque.es\/amaya\/wp-json\/wp\/v2\/pages\/360","targetHints":{"allow":["GET"]}}],"collection":[{"href":"https:\/\/blogs.smbosque.es\/amaya\/wp-json\/wp\/v2\/pages"}],"about":[{"href":"https:\/\/blogs.smbosque.es\/amaya\/wp-json\/wp\/v2\/types\/page"}],"author":[{"embeddable":true,"href":"https:\/\/blogs.smbosque.es\/amaya\/wp-json\/wp\/v2\/users\/45"}],"replies":[{"embeddable":true,"href":"https:\/\/blogs.smbosque.es\/amaya\/wp-json\/wp\/v2\/comments?post=360"}],"version-history":[{"count":5,"href":"https:\/\/blogs.smbosque.es\/amaya\/wp-json\/wp\/v2\/pages\/360\/revisions"}],"predecessor-version":[{"id":415,"href":"https:\/\/blogs.smbosque.es\/amaya\/wp-json\/wp\/v2\/pages\/360\/revisions\/415"}],"wp:attachment":[{"href":"https:\/\/blogs.smbosque.es\/amaya\/wp-json\/wp\/v2\/media?parent=360"}],"curies":[{"name":"wp","href":"https:\/\/api.w.org\/{rel}","templated":true}]}}