{"id":42,"date":"2014-12-29T19:04:39","date_gmt":"2014-12-29T18:04:39","guid":{"rendered":"http:\/\/blogs.smbosque.es\/amaya\/?page_id=42"},"modified":"2015-01-07T19:36:22","modified_gmt":"2015-01-07T18:36:22","slug":"temario","status":"publish","type":"page","link":"https:\/\/blogs.smbosque.es\/amaya\/biologia-3oeso\/temario\/","title":{"rendered":"TEMARIO 3\u00baeso"},"content":{"rendered":"<p><a title=\"1. La salud humana.\" href=\"https:\/\/blogs.smbosque.es\/amaya\/biologia-3oeso\/temario\/1-la-salud-humana\/\">1. La salud humana.<\/a><\/p>\n<p><a title=\"2. La alimentaci\u00f3n humana\" href=\"https:\/\/blogs.smbosque.es\/amaya\/biologia-3oeso\/temario\/2-la-alimentacion-humana\/\">2. La alimentaci\u00f3n humana.<\/a><\/p>\n<p><a title=\"3. La organizaci\u00f3n del cuerpo humano.\" href=\"https:\/\/blogs.smbosque.es\/amaya\/3-la-organizacion-del-cuerpo-humano\/\">3. La organizaci\u00f3n del cuerpo humano<\/a>.<\/p>\n<p><a title=\"4. La nutrici\u00f3n humana I: Aparatos digestivo y respiratorio.\" href=\"https:\/\/blogs.smbosque.es\/amaya\/4-la-nutricion-humana-i-aparatos-digestivo-y-respiratorio\/\">4. La nutrici\u00f3n humana I: Aparatos digestivo y respiratorio.<\/a><\/p>\n<p><a title=\"5. La nutrici\u00f3n humana II: Aparatos circulatorio y excretor.\" href=\"https:\/\/blogs.smbosque.es\/amaya\/5-la-nutricion-humana-ii-aparatos-circulatorio-y-excretor\/\">5.\u00a0La nutrici\u00f3n humana II: Aparatos circulatorio y excretor.<\/a><\/p>\n<p><a title=\"6. Relaci\u00f3n y coordinaci\u00f3n humana I: Sistema Nervioso y hormonal.\" href=\"https:\/\/blogs.smbosque.es\/amaya\/6-relacion-y-coordinacion-humana-i-sistema-nervioso-y-hormonal\/\">6. Relaci\u00f3n y coordinaci\u00f3n humana I: Sistema Nervioso y hormonal.<\/a><\/p>\n<p style=\"text-align: left\"><a title=\"7. Relaci\u00f3n y coordinaci\u00f3n humana II: Los sentidos y el Aparato   locomotor.\" href=\"https:\/\/blogs.smbosque.es\/amaya\/7-relacion-y-coordinacion-humana-ii-los-sentidos-y-el-aparato-locomotor\/\">7.\u00a0Relaci\u00f3n y coordinaci\u00f3n humana II: Los sentidos y el Aparato \u00a0 locomotor.<\/a><\/p>\n<p style=\"text-align: left\"><a title=\"8. La reproducci\u00f3n humana. Aparato reproductor.\" href=\"https:\/\/blogs.smbosque.es\/amaya\/8-la-reproduccion-humana-aparato-reproductor\/\">8. La reproducci\u00f3n humana. Aparato reproductor.<\/a><\/p>\n<p style=\"text-align: left\"><a title=\"9. Paisaje y relieve. Geolog\u00eda externa.\" href=\"https:\/\/blogs.smbosque.es\/amaya\/9-paisaje-y-relieve-geologia-externa\/\">9. Paisaje y relieve. Geolog\u00eda externa.<\/a><\/p>\n<p style=\"text-align: left\"><a title=\"10. Los minerales y las rocas.\" href=\"https:\/\/blogs.smbosque.es\/amaya\/10-los-minerales-y-las-rocas\/\">10. Los minerales y las rocas.<\/a><\/p>\n<p style=\"text-align: left\"><a title=\"11. Los recursos naturales.\" href=\"https:\/\/blogs.smbosque.es\/amaya\/11-los-recursos-naturales\/\">11. Los recursos naturales.<\/a><\/p>\n<p style=\"text-align: left\"><a title=\"12. Los impactos ambientales.\" href=\"https:\/\/blogs.smbosque.es\/amaya\/12-los-impactos-ambientales\/\">12. Los impactos ambientales.<\/a><\/p>\n","protected":false},"excerpt":{"rendered":"<p>1. La salud humana. 2. La alimentaci\u00f3n humana. 3. La organizaci\u00f3n del cuerpo humano. 4. La nutrici\u00f3n humana I: Aparatos digestivo y respiratorio. 5.\u00a0La nutrici\u00f3n humana II: Aparatos circulatorio y excretor. 6. Relaci\u00f3n y coordinaci\u00f3n humana I: Sistema Nervioso y hormonal. 7.\u00a0Relaci\u00f3n y coordinaci\u00f3n humana II: Los sentidos y el Aparato \u00a0 locomotor. 8. La &hellip; <a href=\"https:\/\/blogs.smbosque.es\/amaya\/biologia-3oeso\/temario\/\" class=\"more-link\">Seguir leyendo <span class=\"screen-reader-text\">TEMARIO 3\u00baeso<\/span> <span class=\"meta-nav\">&rarr;<\/span><\/a><\/p>\n","protected":false},"author":45,"featured_media":0,"parent":40,"menu_order":0,"comment_status":"open","ping_status":"open","template":"","meta":{"footnotes":""},"class_list":["post-42","page","type-page","status-publish","hentry"],"_links":{"self":[{"href":"https:\/\/blogs.smbosque.es\/amaya\/wp-json\/wp\/v2\/pages\/42","targetHints":{"allow":["GET"]}}],"collection":[{"href":"https:\/\/blogs.smbosque.es\/amaya\/wp-json\/wp\/v2\/pages"}],"about":[{"href":"https:\/\/blogs.smbosque.es\/amaya\/wp-json\/wp\/v2\/types\/page"}],"author":[{"embeddable":true,"href":"https:\/\/blogs.smbosque.es\/amaya\/wp-json\/wp\/v2\/users\/45"}],"replies":[{"embeddable":true,"href":"https:\/\/blogs.smbosque.es\/amaya\/wp-json\/wp\/v2\/comments?post=42"}],"version-history":[{"count":10,"href":"https:\/\/blogs.smbosque.es\/amaya\/wp-json\/wp\/v2\/pages\/42\/revisions"}],"predecessor-version":[{"id":150,"href":"https:\/\/blogs.smbosque.es\/amaya\/wp-json\/wp\/v2\/pages\/42\/revisions\/150"}],"up":[{"embeddable":true,"href":"https:\/\/blogs.smbosque.es\/amaya\/wp-json\/wp\/v2\/pages\/40"}],"wp:attachment":[{"href":"https:\/\/blogs.smbosque.es\/amaya\/wp-json\/wp\/v2\/media?parent=42"}],"curies":[{"name":"wp","href":"https:\/\/api.w.org\/{rel}","templated":true}]}}