{"id":469,"date":"2016-01-31T23:18:10","date_gmt":"2016-01-31T22:18:10","guid":{"rendered":"http:\/\/blogs.smbosque.es\/amaya\/?page_id=469"},"modified":"2016-01-31T23:18:10","modified_gmt":"2016-01-31T22:18:10","slug":"glucidos","status":"publish","type":"page","link":"https:\/\/blogs.smbosque.es\/amaya\/glucidos\/","title":{"rendered":"GL\u00daCIDOS"},"content":{"rendered":"<p>Isomer\u00edas. Mol\u00e9culas lineales y disac\u00e1ridos<\/p>\n<p><a href=\"https:\/\/blogs.smbosque.es\/amaya\/glucidos\/presentacion1\/\" rel=\"attachment wp-att-470\">Presentaci\u00f3n1<\/a><\/p>\n","protected":false},"excerpt":{"rendered":"<p>Isomer\u00edas. Mol\u00e9culas lineales y disac\u00e1ridos Presentaci\u00f3n1<\/p>\n","protected":false},"author":45,"featured_media":0,"parent":0,"menu_order":0,"comment_status":"closed","ping_status":"closed","template":"","meta":{"footnotes":""},"class_list":["post-469","page","type-page","status-publish","hentry"],"_links":{"self":[{"href":"https:\/\/blogs.smbosque.es\/amaya\/wp-json\/wp\/v2\/pages\/469","targetHints":{"allow":["GET"]}}],"collection":[{"href":"https:\/\/blogs.smbosque.es\/amaya\/wp-json\/wp\/v2\/pages"}],"about":[{"href":"https:\/\/blogs.smbosque.es\/amaya\/wp-json\/wp\/v2\/types\/page"}],"author":[{"embeddable":true,"href":"https:\/\/blogs.smbosque.es\/amaya\/wp-json\/wp\/v2\/users\/45"}],"replies":[{"embeddable":true,"href":"https:\/\/blogs.smbosque.es\/amaya\/wp-json\/wp\/v2\/comments?post=469"}],"version-history":[{"count":2,"href":"https:\/\/blogs.smbosque.es\/amaya\/wp-json\/wp\/v2\/pages\/469\/revisions"}],"predecessor-version":[{"id":472,"href":"https:\/\/blogs.smbosque.es\/amaya\/wp-json\/wp\/v2\/pages\/469\/revisions\/472"}],"wp:attachment":[{"href":"https:\/\/blogs.smbosque.es\/amaya\/wp-json\/wp\/v2\/media?parent=469"}],"curies":[{"name":"wp","href":"https:\/\/api.w.org\/{rel}","templated":true}]}}