{"id":505,"date":"2016-02-07T22:16:40","date_gmt":"2016-02-07T21:16:40","guid":{"rendered":"http:\/\/blogs.smbosque.es\/amaya\/?page_id=505"},"modified":"2016-02-07T22:59:01","modified_gmt":"2016-02-07T21:59:01","slug":"apuntes-y-esquemas","status":"publish","type":"page","link":"https:\/\/blogs.smbosque.es\/amaya\/apuntes-y-esquemas\/","title":{"rendered":"APUNTES Y ESQUEMAS"},"content":{"rendered":"<p><span style=\"color: #000000\">Pincha sobre cada imagen para verlas a mayor tama\u00f1o<\/span><\/p>\n<p><strong><span style=\"color: #800080\">Imagen Mitosis<\/span><\/strong><\/p>\n<p><a href=\"https:\/\/blogs.smbosque.es\/amaya\/biologia-4oeso\/143-2\/1-la-celula-unidad-de-vida\/mitosis\/\" rel=\"attachment wp-att-165\"><img loading=\"lazy\" decoding=\"async\" class=\"alignnone size-medium wp-image-165\" src=\"https:\/\/blogs.smbosque.es\/amaya\/files\/2015\/01\/mitosis-159x300.png\" alt=\"mitosis\" width=\"159\" height=\"300\" srcset=\"https:\/\/blogs.smbosque.es\/amaya\/files\/2015\/01\/mitosis-159x300.png 159w, https:\/\/blogs.smbosque.es\/amaya\/files\/2015\/01\/mitosis.png 337w\" sizes=\"auto, (max-width: 159px) 100vw, 159px\" \/><\/a><\/p>\n<p><strong><span style=\"color: #800080\">Imagen Meiosis<\/span><\/strong><\/p>\n<p><a href=\"https:\/\/blogs.smbosque.es\/amaya\/biologia-4oeso\/143-2\/1-la-celula-unidad-de-vida\/captura-de-pantalla-2015-01-07-a-las-20-32-59\/\" rel=\"attachment wp-att-171\"><img loading=\"lazy\" decoding=\"async\" class=\"alignnone size-medium wp-image-171\" src=\"https:\/\/blogs.smbosque.es\/amaya\/files\/2015\/01\/Captura-de-pantalla-2015-01-07-a-las-20.32.59-300x190.png\" alt=\"Captura de pantalla 2015-01-07 a la(s) 20.32.59\" width=\"300\" height=\"190\" srcset=\"https:\/\/blogs.smbosque.es\/amaya\/files\/2015\/01\/Captura-de-pantalla-2015-01-07-a-las-20.32.59-300x190.png 300w, https:\/\/blogs.smbosque.es\/amaya\/files\/2015\/01\/Captura-de-pantalla-2015-01-07-a-las-20.32.59.png 594w\" sizes=\"auto, (max-width: 300px) 100vw, 300px\" \/><\/a><\/p>\n<p><strong><span style=\"color: #800080\">Comparaci\u00f3n entre Mitosis y Meiosis<\/span><\/strong><\/p>\n<p><a href=\"https:\/\/blogs.smbosque.es\/amaya\/biologia-4oeso\/143-2\/1-la-celula-unidad-de-vida\/comparacion-mitosis-meiosis\/\" rel=\"attachment wp-att-176\"><img loading=\"lazy\" decoding=\"async\" class=\"alignnone size-medium wp-image-176\" src=\"https:\/\/blogs.smbosque.es\/amaya\/files\/2015\/01\/Comparacion-MITOSIS-MEIOSIS-300x185.jpg\" alt=\"Comparacion MITOSIS-MEIOSIS\" width=\"300\" height=\"185\" srcset=\"https:\/\/blogs.smbosque.es\/amaya\/files\/2015\/01\/Comparacion-MITOSIS-MEIOSIS-300x185.jpg 300w, https:\/\/blogs.smbosque.es\/amaya\/files\/2015\/01\/Comparacion-MITOSIS-MEIOSIS-1024x630.jpg 1024w, https:\/\/blogs.smbosque.es\/amaya\/files\/2015\/01\/Comparacion-MITOSIS-MEIOSIS.jpg 1280w\" sizes=\"auto, (max-width: 300px) 100vw, 300px\" \/><\/a><\/p>\n<p><span style=\"color: #800080\"><strong>Funciones Biol\u00f3gicas de la Mitosis<\/strong><\/span><\/p>\n<p><a href=\"https:\/\/blogs.smbosque.es\/amaya\/biologia-4oeso\/143-2\/1-la-celula-unidad-de-vida\/genes-y-comportamiento-1-32-638\/\" rel=\"attachment wp-att-178\"><img loading=\"lazy\" decoding=\"async\" class=\"alignnone size-medium wp-image-178\" src=\"https:\/\/blogs.smbosque.es\/amaya\/files\/2015\/01\/genes-y-comportamiento-1-32-638-300x225.jpg\" alt=\"genes-y-comportamiento-1-32-638\" width=\"300\" height=\"225\" srcset=\"https:\/\/blogs.smbosque.es\/amaya\/files\/2015\/01\/genes-y-comportamiento-1-32-638-300x225.jpg 300w, https:\/\/blogs.smbosque.es\/amaya\/files\/2015\/01\/genes-y-comportamiento-1-32-638.jpg 638w\" sizes=\"auto, (max-width: 300px) 100vw, 300px\" \/><\/a><\/p>\n<p><span style=\"color: #800080\"><strong>Funciones Biol\u00f3gicas de la Meiosis<\/strong><\/span><\/p>\n<p><a href=\"https:\/\/blogs.smbosque.es\/amaya\/biologia-4oeso\/143-2\/1-la-celula-unidad-de-vida\/genes-y-comportamiento-1-41-638\/\" rel=\"attachment wp-att-177\"><img loading=\"lazy\" decoding=\"async\" class=\"alignnone size-medium wp-image-177\" src=\"https:\/\/blogs.smbosque.es\/amaya\/files\/2015\/01\/genes-y-comportamiento-1-41-638-300x225.jpg\" alt=\"genes-y-comportamiento-1-41-638\" width=\"300\" height=\"225\" srcset=\"https:\/\/blogs.smbosque.es\/amaya\/files\/2015\/01\/genes-y-comportamiento-1-41-638-300x225.jpg 300w, https:\/\/blogs.smbosque.es\/amaya\/files\/2015\/01\/genes-y-comportamiento-1-41-638.jpg 638w\" sizes=\"auto, (max-width: 300px) 100vw, 300px\" \/><\/a><\/p>\n<p>&nbsp;<\/p>\n","protected":false},"excerpt":{"rendered":"<p>Pincha sobre cada imagen para verlas a mayor tama\u00f1o Imagen Mitosis Imagen Meiosis Comparaci\u00f3n entre Mitosis y Meiosis Funciones Biol\u00f3gicas de la Mitosis Funciones Biol\u00f3gicas de la Meiosis &nbsp;<\/p>\n","protected":false},"author":45,"featured_media":0,"parent":0,"menu_order":0,"comment_status":"closed","ping_status":"closed","template":"","meta":{"footnotes":""},"class_list":["post-505","page","type-page","status-publish","hentry"],"_links":{"self":[{"href":"https:\/\/blogs.smbosque.es\/amaya\/wp-json\/wp\/v2\/pages\/505","targetHints":{"allow":["GET"]}}],"collection":[{"href":"https:\/\/blogs.smbosque.es\/amaya\/wp-json\/wp\/v2\/pages"}],"about":[{"href":"https:\/\/blogs.smbosque.es\/amaya\/wp-json\/wp\/v2\/types\/page"}],"author":[{"embeddable":true,"href":"https:\/\/blogs.smbosque.es\/amaya\/wp-json\/wp\/v2\/users\/45"}],"replies":[{"embeddable":true,"href":"https:\/\/blogs.smbosque.es\/amaya\/wp-json\/wp\/v2\/comments?post=505"}],"version-history":[{"count":3,"href":"https:\/\/blogs.smbosque.es\/amaya\/wp-json\/wp\/v2\/pages\/505\/revisions"}],"predecessor-version":[{"id":522,"href":"https:\/\/blogs.smbosque.es\/amaya\/wp-json\/wp\/v2\/pages\/505\/revisions\/522"}],"wp:attachment":[{"href":"https:\/\/blogs.smbosque.es\/amaya\/wp-json\/wp\/v2\/media?parent=505"}],"curies":[{"name":"wp","href":"https:\/\/api.w.org\/{rel}","templated":true}]}}