{"id":568,"date":"2016-02-19T12:50:28","date_gmt":"2016-02-19T11:50:28","guid":{"rendered":"http:\/\/blogs.smbosque.es\/amaya\/?page_id=568"},"modified":"2016-02-19T12:50:29","modified_gmt":"2016-02-19T11:50:29","slug":"fechas-examenes-bio3oeso","status":"publish","type":"page","link":"https:\/\/blogs.smbosque.es\/amaya\/fechas-examenes-bio3oeso\/","title":{"rendered":"FECHAS EX\u00c1MENES BIO3\u00baESO"},"content":{"rendered":"<p>A continuaci\u00f3n se mostrar\u00e1n las fechas de ex\u00e1menes previstas para el curso 2015-2016 (Biolog\u00eda y Geolog\u00eda 3\u00baESO). Estas fechas no podr\u00e1n modificarse salvo circunstancias excepcionales.<\/p>\n<p><a href=\"https:\/\/blogs.smbosque.es\/amaya\/fechas-examenes-bio3oeso\/captura-de-pantalla-2016-02-19-a-las-12-40-31\/\" rel=\"attachment wp-att-571\"><img loading=\"lazy\" decoding=\"async\" class=\"alignnone wp-image-571 \" src=\"https:\/\/blogs.smbosque.es\/amaya\/files\/2016\/02\/Captura-de-pantalla-2016-02-19-a-las-12.40.31.png\" alt=\"Captura de pantalla 2016-02-19 a la(s) 12.40.31\" width=\"542\" height=\"310\" srcset=\"https:\/\/blogs.smbosque.es\/amaya\/files\/2016\/02\/Captura-de-pantalla-2016-02-19-a-las-12.40.31.png 613w, https:\/\/blogs.smbosque.es\/amaya\/files\/2016\/02\/Captura-de-pantalla-2016-02-19-a-las-12.40.31-300x171.png 300w\" sizes=\"auto, (max-width: 542px) 100vw, 542px\" \/><\/a><\/p>\n<p>&nbsp;<\/p>\n<p>&nbsp;<\/p>\n<p>&nbsp;<\/p>\n<p>&nbsp;<\/p>\n<p>&nbsp;<\/p>\n<p>&nbsp;<\/p>\n","protected":false},"excerpt":{"rendered":"<p>A continuaci\u00f3n se mostrar\u00e1n las fechas de ex\u00e1menes previstas para el curso 2015-2016 (Biolog\u00eda y Geolog\u00eda 3\u00baESO). Estas fechas no podr\u00e1n modificarse salvo circunstancias excepcionales. &nbsp; &nbsp; &nbsp; &nbsp; &nbsp; &nbsp;<\/p>\n","protected":false},"author":45,"featured_media":0,"parent":0,"menu_order":0,"comment_status":"closed","ping_status":"closed","template":"","meta":{"footnotes":""},"class_list":["post-568","page","type-page","status-publish","hentry"],"_links":{"self":[{"href":"https:\/\/blogs.smbosque.es\/amaya\/wp-json\/wp\/v2\/pages\/568","targetHints":{"allow":["GET"]}}],"collection":[{"href":"https:\/\/blogs.smbosque.es\/amaya\/wp-json\/wp\/v2\/pages"}],"about":[{"href":"https:\/\/blogs.smbosque.es\/amaya\/wp-json\/wp\/v2\/types\/page"}],"author":[{"embeddable":true,"href":"https:\/\/blogs.smbosque.es\/amaya\/wp-json\/wp\/v2\/users\/45"}],"replies":[{"embeddable":true,"href":"https:\/\/blogs.smbosque.es\/amaya\/wp-json\/wp\/v2\/comments?post=568"}],"version-history":[{"count":2,"href":"https:\/\/blogs.smbosque.es\/amaya\/wp-json\/wp\/v2\/pages\/568\/revisions"}],"predecessor-version":[{"id":573,"href":"https:\/\/blogs.smbosque.es\/amaya\/wp-json\/wp\/v2\/pages\/568\/revisions\/573"}],"wp:attachment":[{"href":"https:\/\/blogs.smbosque.es\/amaya\/wp-json\/wp\/v2\/media?parent=568"}],"curies":[{"name":"wp","href":"https:\/\/api.w.org\/{rel}","templated":true}]}}