{"id":63,"date":"2014-12-29T19:41:06","date_gmt":"2014-12-29T18:41:06","guid":{"rendered":"http:\/\/blogs.smbosque.es\/amaya\/?page_id=63"},"modified":"2015-01-13T19:23:12","modified_gmt":"2015-01-13T18:23:12","slug":"6-relacion-y-coordinacion-humana-i-sistema-nervioso-y-hormonal","status":"publish","type":"page","link":"https:\/\/blogs.smbosque.es\/amaya\/biologia-3oeso\/temario\/6-relacion-y-coordinacion-humana-i-sistema-nervioso-y-hormonal\/","title":{"rendered":"6. Relaci\u00f3n y coordinaci\u00f3n humana I: Sistema Nervioso y hormonal."},"content":{"rendered":"<p><strong><span style=\"color: #000080\">1. Estructura de una neurona y transmisi\u00f3n del impulso nervioso<\/span><\/strong>\u00a0<span style=\"color: #999999\"><em>(al pinchar sobre las im\u00e1genes podr\u00e1s ampliarlas)<\/em><\/span><\/p>\n<p><img loading=\"lazy\" decoding=\"async\" class=\" wp-image-433 size-medium aligncenter\" src=\"https:\/\/blogs.smbosque.es\/amaya\/files\/2014\/12\/neurona-300x114.jpg\" alt=\"neurona\" width=\"300\" height=\"114\" srcset=\"https:\/\/blogs.smbosque.es\/amaya\/files\/2014\/12\/neurona-300x114.jpg 300w, https:\/\/blogs.smbosque.es\/amaya\/files\/2014\/12\/neurona.jpg 364w\" sizes=\"auto, (max-width: 300px) 100vw, 300px\" \/><\/p>\n<p><img loading=\"lazy\" decoding=\"async\" class=\" size-medium wp-image-432 aligncenter\" src=\"https:\/\/blogs.smbosque.es\/amaya\/files\/2014\/12\/F02_04-300x210.gif\" alt=\"F02_04\" width=\"300\" height=\"210\" \/><\/p>\n<p><img loading=\"lazy\" decoding=\"async\" class=\"  wp-image-431 aligncenter\" src=\"https:\/\/blogs.smbosque.es\/amaya\/files\/2014\/12\/celulas-en-neuronas-300x150.jpg\" alt=\"celulas-en-neuronas\" width=\"262\" height=\"131\" srcset=\"https:\/\/blogs.smbosque.es\/amaya\/files\/2014\/12\/celulas-en-neuronas-300x150.jpg 300w, https:\/\/blogs.smbosque.es\/amaya\/files\/2014\/12\/celulas-en-neuronas.jpg 879w\" sizes=\"auto, (max-width: 262px) 100vw, 262px\" \/><\/p>\n<p><strong><span style=\"color: #000080\">2. Estructura del sistema nervioso<\/span><\/strong><\/p>\n<figure id=\"attachment_429\" aria-describedby=\"caption-attachment-429\" style=\"width: 300px\" class=\"wp-caption aligncenter\"><img loading=\"lazy\" decoding=\"async\" class=\"wp-image-429 size-medium\" src=\"https:\/\/blogs.smbosque.es\/amaya\/files\/2014\/12\/snc-300x166.gif\" alt=\"snc\" width=\"300\" height=\"166\" srcset=\"https:\/\/blogs.smbosque.es\/amaya\/files\/2014\/12\/snc-300x166.gif 300w, https:\/\/blogs.smbosque.es\/amaya\/files\/2014\/12\/snc-672x372.gif 672w\" sizes=\"auto, (max-width: 300px) 100vw, 300px\" \/><figcaption id=\"caption-attachment-429\" class=\"wp-caption-text\">Sistema nervioso central<\/figcaption><\/figure>\n<p>&nbsp;<\/p>\n<figure id=\"attachment_430\" aria-describedby=\"caption-attachment-430\" style=\"width: 178px\" class=\"wp-caption aligncenter\"><a href=\"https:\/\/blogs.smbosque.es\/amaya\/files\/2014\/12\/nerviosEspinales.jpg\"><img loading=\"lazy\" decoding=\"async\" class=\"wp-image-430 size-medium\" src=\"https:\/\/blogs.smbosque.es\/amaya\/files\/2014\/12\/nerviosEspinales-178x300.jpg\" alt=\"nerviosEspinales\" width=\"178\" height=\"300\" srcset=\"https:\/\/blogs.smbosque.es\/amaya\/files\/2014\/12\/nerviosEspinales-178x300.jpg 178w, https:\/\/blogs.smbosque.es\/amaya\/files\/2014\/12\/nerviosEspinales.jpg 327w\" sizes=\"auto, (max-width: 178px) 100vw, 178px\" \/><\/a><figcaption id=\"caption-attachment-430\" class=\"wp-caption-text\">Sistema nervioso perif\u00e9rico<\/figcaption><\/figure>\n<p><span style=\"color: #000080\"><strong>3. Funcionamiento del Sistema Nervioso<\/strong><\/span><\/p>\n<figure id=\"attachment_438\" aria-describedby=\"caption-attachment-438\" style=\"width: 300px\" class=\"wp-caption aligncenter\"><img loading=\"lazy\" decoding=\"async\" class=\"wp-image-438 size-medium\" src=\"https:\/\/blogs.smbosque.es\/amaya\/files\/2014\/12\/1061_MUJER-LLAVE-300x193.jpg\" alt=\"1061_MUJER LLAVE\" width=\"300\" height=\"193\" srcset=\"https:\/\/blogs.smbosque.es\/amaya\/files\/2014\/12\/1061_MUJER-LLAVE-300x193.jpg 300w, https:\/\/blogs.smbosque.es\/amaya\/files\/2014\/12\/1061_MUJER-LLAVE.jpg 355w\" sizes=\"auto, (max-width: 300px) 100vw, 300px\" \/><figcaption id=\"caption-attachment-438\" class=\"wp-caption-text\">Acto Volentario<\/figcaption><\/figure>\n<figure id=\"attachment_436\" aria-describedby=\"caption-attachment-436\" style=\"width: 300px\" class=\"wp-caption aligncenter\"><img loading=\"lazy\" decoding=\"async\" class=\"wp-image-436 size-medium\" src=\"https:\/\/blogs.smbosque.es\/amaya\/files\/2014\/12\/arco-300x221.jpg\" alt=\"arco\" width=\"300\" height=\"221\" srcset=\"https:\/\/blogs.smbosque.es\/amaya\/files\/2014\/12\/arco-300x221.jpg 300w, https:\/\/blogs.smbosque.es\/amaya\/files\/2014\/12\/arco.jpg 485w\" sizes=\"auto, (max-width: 300px) 100vw, 300px\" \/><figcaption id=\"caption-attachment-436\" class=\"wp-caption-text\">Arco reflejo<\/figcaption><\/figure>\n<p><strong><span style=\"color: #000080\">4. Funcionamiento del sistema endocrino<\/span><\/strong><\/p>\n<figure id=\"attachment_437\" aria-describedby=\"caption-attachment-437\" style=\"width: 300px\" class=\"wp-caption aligncenter\"><img loading=\"lazy\" decoding=\"async\" class=\"wp-image-437 size-medium\" src=\"https:\/\/blogs.smbosque.es\/amaya\/files\/2014\/12\/000249931-300x154.png\" alt=\"000249931\" width=\"300\" height=\"154\" srcset=\"https:\/\/blogs.smbosque.es\/amaya\/files\/2014\/12\/000249931-300x154.png 300w, https:\/\/blogs.smbosque.es\/amaya\/files\/2014\/12\/000249931.png 530w\" sizes=\"auto, (max-width: 300px) 100vw, 300px\" \/><figcaption id=\"caption-attachment-437\" class=\"wp-caption-text\">Esquema general del funcionamiento del Sistema Endocrino. C\u00e9lula endocrina=Gl\u00e1ndula endocrina C\u00e9lula Blanco=C\u00e9lula\/\u00d3rgano diana<\/figcaption><\/figure>\n<figure id=\"attachment_435\" aria-describedby=\"caption-attachment-435\" style=\"width: 300px\" class=\"wp-caption aligncenter\"><a href=\"https:\/\/blogs.smbosque.es\/amaya\/files\/2014\/12\/GLUCOSA-EN-LA-SANGRE.jpg\"><img loading=\"lazy\" decoding=\"async\" class=\"wp-image-435 size-medium\" src=\"https:\/\/blogs.smbosque.es\/amaya\/files\/2014\/12\/GLUCOSA-EN-LA-SANGRE-300x269.jpg\" alt=\"GLUCOSA EN LA SANGRE\" width=\"300\" height=\"269\" srcset=\"https:\/\/blogs.smbosque.es\/amaya\/files\/2014\/12\/GLUCOSA-EN-LA-SANGRE-300x269.jpg 300w, https:\/\/blogs.smbosque.es\/amaya\/files\/2014\/12\/GLUCOSA-EN-LA-SANGRE.jpg 528w\" sizes=\"auto, (max-width: 300px) 100vw, 300px\" \/><\/a><figcaption id=\"caption-attachment-435\" class=\"wp-caption-text\">Esquema de la regulaci\u00f3n de insulina en sangre<\/figcaption><\/figure>\n<ul>\n<li><strong>\u00a0<span style=\"text-decoration: underline;color: #800080\">Material Audiovisual<\/span><\/strong><\/li>\n<\/ul>\n<p>https:\/\/www.youtube.com\/watch?v=OZtbKrdNQGo<\/p>\n<p>&nbsp;<\/p>\n","protected":false},"excerpt":{"rendered":"<p>1. Estructura de una neurona y transmisi\u00f3n del impulso nervioso\u00a0(al pinchar sobre las im\u00e1genes podr\u00e1s ampliarlas) 2. Estructura del sistema nervioso &nbsp; 3. Funcionamiento del Sistema Nervioso 4. Funcionamiento del sistema endocrino \u00a0Material Audiovisual https:\/\/www.youtube.com\/watch?v=OZtbKrdNQGo &nbsp;<\/p>\n","protected":false},"author":45,"featured_media":0,"parent":42,"menu_order":0,"comment_status":"open","ping_status":"open","template":"","meta":{"footnotes":""},"class_list":["post-63","page","type-page","status-publish","hentry"],"_links":{"self":[{"href":"https:\/\/blogs.smbosque.es\/amaya\/wp-json\/wp\/v2\/pages\/63","targetHints":{"allow":["GET"]}}],"collection":[{"href":"https:\/\/blogs.smbosque.es\/amaya\/wp-json\/wp\/v2\/pages"}],"about":[{"href":"https:\/\/blogs.smbosque.es\/amaya\/wp-json\/wp\/v2\/types\/page"}],"author":[{"embeddable":true,"href":"https:\/\/blogs.smbosque.es\/amaya\/wp-json\/wp\/v2\/users\/45"}],"replies":[{"embeddable":true,"href":"https:\/\/blogs.smbosque.es\/amaya\/wp-json\/wp\/v2\/comments?post=63"}],"version-history":[{"count":5,"href":"https:\/\/blogs.smbosque.es\/amaya\/wp-json\/wp\/v2\/pages\/63\/revisions"}],"predecessor-version":[{"id":440,"href":"https:\/\/blogs.smbosque.es\/amaya\/wp-json\/wp\/v2\/pages\/63\/revisions\/440"}],"up":[{"embeddable":true,"href":"https:\/\/blogs.smbosque.es\/amaya\/wp-json\/wp\/v2\/pages\/42"}],"wp:attachment":[{"href":"https:\/\/blogs.smbosque.es\/amaya\/wp-json\/wp\/v2\/media?parent=63"}],"curies":[{"name":"wp","href":"https:\/\/api.w.org\/{rel}","templated":true}]}}