{"id":740,"date":"2020-04-14T18:19:38","date_gmt":"2020-04-14T17:19:38","guid":{"rendered":"http:\/\/blogs.smbosque.es\/amaya\/?page_id=740"},"modified":"2020-05-12T19:53:55","modified_gmt":"2020-05-12T18:53:55","slug":"matematicas","status":"publish","type":"page","link":"https:\/\/blogs.smbosque.es\/amaya\/matematicas\/","title":{"rendered":"MATEM\u00c1TICAS"},"content":{"rendered":"\n<div class=\"wp-block-file\"><a href=\"https:\/\/blogs.smbosque.es\/amaya\/files\/2020\/04\/EJERCICIOS-REPRESENTACION-PUNTOS-IIPMAR-2.docx\"><span style=\"color:#a30000\" class=\"has-inline-color\">1\u00ba REPRESENTACI\u00d3N PUNTOS<\/span><br>&#8211;&gt;  EJERCICIOS-REPRESENTACION-PUNTOS-IIPMAR<br>FECHA L\u00cdMITE ENTREGA 17 ABRIL<\/a><a href=\"https:\/\/blogs.smbosque.es\/amaya\/files\/2020\/04\/EJERCICIOS-REPRESENTACION-PUNTOS-IIPMAR-2.docx\" class=\"wp-block-file__button\" download>Descarga<\/a><\/div>\n\n\n\n<div class=\"wp-block-file\"><a href=\"https:\/\/blogs.smbosque.es\/amaya\/files\/2020\/04\/LISTADO-V\u00cdDEOS-MATEM\u00c1TICAS-II-PMAR-2.docx\">Listado v\u00eddeos representaci\u00f3n gr\u00e1fica<\/a><a href=\"https:\/\/blogs.smbosque.es\/amaya\/files\/2020\/04\/LISTADO-V\u00cdDEOS-MATEM\u00c1TICAS-II-PMAR-2.docx\" class=\"wp-block-file__button\" download>Descarga<\/a><\/div>\n\n\n\n<p><span style=\"color:#a30000\" class=\"has-inline-color\">2\u00ba REPRESENTACI\u00d3N GR\u00c1FICA DE FUNCIONES<\/span><\/p>\n\n\n\n<div class=\"wp-block-file\"><a href=\"https:\/\/blogs.smbosque.es\/amaya\/files\/2020\/04\/EJERCICIOS-REPRESENTACION-FUNCIONES-IIPMAR.docx\">&#8211;&gt; EJERCICIOS-REPRESENTACION-FUNCIONES-IIPMAR<br>FECHA L\u00cdMITE DE ENTREGA 30 ABRIL<\/a><a href=\"https:\/\/blogs.smbosque.es\/amaya\/files\/2020\/04\/EJERCICIOS-REPRESENTACION-FUNCIONES-IIPMAR.docx\" class=\"wp-block-file__button\" download>Descarga<\/a><\/div>\n\n\n\n<p><span style=\"color:#a30000\" class=\"has-inline-color\">3\u00ba ESTAD\u00cdSTICA<\/span><\/p>\n\n\n\n<div class=\"wp-block-file\"><a href=\"https:\/\/blogs.smbosque.es\/amaya\/files\/2020\/05\/LISTADO-V\u00cdDEOS-ESTAD\u00cdSTICA.docx\">Listado v\u00eddeos estad\u00edstica<\/a><a href=\"https:\/\/blogs.smbosque.es\/amaya\/files\/2020\/05\/LISTADO-V\u00cdDEOS-ESTAD\u00cdSTICA.docx\" class=\"wp-block-file__button\" download>Descarga<\/a><\/div>\n\n\n\n<div class=\"wp-block-file\"><a href=\"https:\/\/blogs.smbosque.es\/amaya\/files\/2020\/05\/EJERCICIOS-ESTAD\u00cdSTICA.-PARTE-I.docx\">EJERCICIOS-ESTAD\u00cdSTICA.-PARTE-I<br>FECHA L\u00cdMITE DE ENTREGA 7 MAYO<\/a><a href=\"https:\/\/blogs.smbosque.es\/amaya\/files\/2020\/05\/EJERCICIOS-ESTAD\u00cdSTICA.-PARTE-I.docx\" class=\"wp-block-file__button\" download>Descarga<\/a><\/div>\n\n\n\n<p><\/p>\n\n\n\n<div class=\"wp-block-file\"><a href=\"https:\/\/blogs.smbosque.es\/amaya\/files\/2020\/05\/EJERCICIOS-ESTAD\u00cdSTICA.-PARTE-II.docx\">EJERCICIOS-ESTAD\u00cdSTICA.-PARTE-II. FECHA L\u00cdMITE ENTREGA 19 MAYO<\/a><a href=\"https:\/\/blogs.smbosque.es\/amaya\/files\/2020\/05\/EJERCICIOS-ESTAD\u00cdSTICA.-PARTE-II.docx\" class=\"wp-block-file__button\" download>Descarga<\/a><\/div>\n\n\n\n<p><\/p>\n","protected":false},"excerpt":{"rendered":"<p>2\u00ba REPRESENTACI\u00d3N GR\u00c1FICA DE FUNCIONES 3\u00ba ESTAD\u00cdSTICA<\/p>\n","protected":false},"author":45,"featured_media":0,"parent":0,"menu_order":0,"comment_status":"closed","ping_status":"closed","template":"","meta":{"footnotes":""},"class_list":["post-740","page","type-page","status-publish","hentry"],"_links":{"self":[{"href":"https:\/\/blogs.smbosque.es\/amaya\/wp-json\/wp\/v2\/pages\/740","targetHints":{"allow":["GET"]}}],"collection":[{"href":"https:\/\/blogs.smbosque.es\/amaya\/wp-json\/wp\/v2\/pages"}],"about":[{"href":"https:\/\/blogs.smbosque.es\/amaya\/wp-json\/wp\/v2\/types\/page"}],"author":[{"embeddable":true,"href":"https:\/\/blogs.smbosque.es\/amaya\/wp-json\/wp\/v2\/users\/45"}],"replies":[{"embeddable":true,"href":"https:\/\/blogs.smbosque.es\/amaya\/wp-json\/wp\/v2\/comments?post=740"}],"version-history":[{"count":5,"href":"https:\/\/blogs.smbosque.es\/amaya\/wp-json\/wp\/v2\/pages\/740\/revisions"}],"predecessor-version":[{"id":838,"href":"https:\/\/blogs.smbosque.es\/amaya\/wp-json\/wp\/v2\/pages\/740\/revisions\/838"}],"wp:attachment":[{"href":"https:\/\/blogs.smbosque.es\/amaya\/wp-json\/wp\/v2\/media?parent=740"}],"curies":[{"name":"wp","href":"https:\/\/api.w.org\/{rel}","templated":true}]}}