{"id":742,"date":"2020-04-14T18:19:56","date_gmt":"2020-04-14T17:19:56","guid":{"rendered":"http:\/\/blogs.smbosque.es\/amaya\/?page_id=742"},"modified":"2020-05-03T08:02:37","modified_gmt":"2020-05-03T07:02:37","slug":"biologia","status":"publish","type":"page","link":"https:\/\/blogs.smbosque.es\/amaya\/biologia\/","title":{"rendered":"BIOLOG\u00cdA"},"content":{"rendered":"\n<p>SISTEMA INMUNOL\u00d3GICO<\/p>\n\n\n\n<p>En este documento ten\u00e9is el listado de v\u00eddeos necesarios para trabajar el tema del sistema inmunitario.<\/p>\n\n\n\n<p>Adem\u00e1s os indico las actividades que ten\u00e9is que ir haciendo cada semana, de momento ten\u00e9is la que ten\u00e9is que hacer esta semana<\/p>\n\n\n\n<div class=\"wp-block-file\"><a href=\"https:\/\/blogs.smbosque.es\/amaya\/files\/2020\/05\/TRABAJOS-BIOLOG\u00cdA.docx\">TRABAJOS-BIOLOG\u00cdA<\/a><a href=\"https:\/\/blogs.smbosque.es\/amaya\/files\/2020\/05\/TRABAJOS-BIOLOG\u00cdA.docx\" class=\"wp-block-file__button\" download>Descarga<\/a><\/div>\n\n\n\n<p>ACTIVIDAD 1&#8211;&gt; ENTREGA 4 MAYO<\/p>\n\n\n\n<p>ACTIVIDAD 2 &#8211;&gt; ENTREGA 11 MAYO<\/p>\n","protected":false},"excerpt":{"rendered":"<p>SISTEMA INMUNOL\u00d3GICO En este documento ten\u00e9is el listado de v\u00eddeos necesarios para trabajar el tema del sistema inmunitario. Adem\u00e1s os indico las actividades que ten\u00e9is que ir haciendo cada semana, de momento ten\u00e9is la que ten\u00e9is que hacer esta semana ACTIVIDAD 1&#8211;&gt; ENTREGA 4 MAYO ACTIVIDAD 2 &#8211;&gt; ENTREGA 11 MAYO<\/p>\n","protected":false},"author":45,"featured_media":0,"parent":0,"menu_order":0,"comment_status":"closed","ping_status":"closed","template":"","meta":{"footnotes":""},"class_list":["post-742","page","type-page","status-publish","hentry"],"_links":{"self":[{"href":"https:\/\/blogs.smbosque.es\/amaya\/wp-json\/wp\/v2\/pages\/742","targetHints":{"allow":["GET"]}}],"collection":[{"href":"https:\/\/blogs.smbosque.es\/amaya\/wp-json\/wp\/v2\/pages"}],"about":[{"href":"https:\/\/blogs.smbosque.es\/amaya\/wp-json\/wp\/v2\/types\/page"}],"author":[{"embeddable":true,"href":"https:\/\/blogs.smbosque.es\/amaya\/wp-json\/wp\/v2\/users\/45"}],"replies":[{"embeddable":true,"href":"https:\/\/blogs.smbosque.es\/amaya\/wp-json\/wp\/v2\/comments?post=742"}],"version-history":[{"count":4,"href":"https:\/\/blogs.smbosque.es\/amaya\/wp-json\/wp\/v2\/pages\/742\/revisions"}],"predecessor-version":[{"id":827,"href":"https:\/\/blogs.smbosque.es\/amaya\/wp-json\/wp\/v2\/pages\/742\/revisions\/827"}],"wp:attachment":[{"href":"https:\/\/blogs.smbosque.es\/amaya\/wp-json\/wp\/v2\/media?parent=742"}],"curies":[{"name":"wp","href":"https:\/\/api.w.org\/{rel}","templated":true}]}}