{"id":806,"date":"2020-04-22T08:16:18","date_gmt":"2020-04-22T07:16:18","guid":{"rendered":"http:\/\/blogs.smbosque.es\/amaya\/?page_id=806"},"modified":"2020-04-22T08:16:18","modified_gmt":"2020-04-22T07:16:18","slug":"recuperaciones-19-20","status":"publish","type":"page","link":"https:\/\/blogs.smbosque.es\/amaya\/recuperaciones-19-20\/","title":{"rendered":"RECUPERACIONES 19\/20"},"content":{"rendered":"\n<p>2\u00baEVALUACI\u00d3N<\/p>\n\n\n\n<p>MATEM\u00c1TICAS: FECHA ENTREGA VIERNES 8 MAYO<\/p>\n\n\n\n<div class=\"wp-block-file\"><a href=\"https:\/\/blogs.smbosque.es\/amaya\/files\/2020\/04\/ejercicios_rec_mat_2\u00baev.pdf\">ejercicios_rec_mat_2\u00baev<\/a><a href=\"https:\/\/blogs.smbosque.es\/amaya\/files\/2020\/04\/ejercicios_rec_mat_2\u00baev.pdf\" class=\"wp-block-file__button\" download>Descarga<\/a><\/div>\n\n\n\n<p>BIOLOG\u00cdA: FECHA ENTREGA LUNES 11 MAYO<\/p>\n\n\n\n<div class=\"wp-block-file\"><a href=\"https:\/\/blogs.smbosque.es\/amaya\/files\/2020\/04\/EJERCICIOS-REC-2\u00ba-EV-BIOLOG\u00cdA-IIPMAR.pdf\">EJERCICIOS-REC-2\u00ba-EV-BIOLOG\u00cdA-IIPMAR<\/a><a href=\"https:\/\/blogs.smbosque.es\/amaya\/files\/2020\/04\/EJERCICIOS-REC-2\u00ba-EV-BIOLOG\u00cdA-IIPMAR.pdf\" class=\"wp-block-file__button\" download>Descarga<\/a><\/div>\n\n\n\n<p><\/p>\n","protected":false},"excerpt":{"rendered":"<p>2\u00baEVALUACI\u00d3N MATEM\u00c1TICAS: FECHA ENTREGA VIERNES 8 MAYO BIOLOG\u00cdA: FECHA ENTREGA LUNES 11 MAYO<\/p>\n","protected":false},"author":45,"featured_media":0,"parent":0,"menu_order":0,"comment_status":"closed","ping_status":"closed","template":"","meta":{"footnotes":""},"class_list":["post-806","page","type-page","status-publish","hentry"],"_links":{"self":[{"href":"https:\/\/blogs.smbosque.es\/amaya\/wp-json\/wp\/v2\/pages\/806","targetHints":{"allow":["GET"]}}],"collection":[{"href":"https:\/\/blogs.smbosque.es\/amaya\/wp-json\/wp\/v2\/pages"}],"about":[{"href":"https:\/\/blogs.smbosque.es\/amaya\/wp-json\/wp\/v2\/types\/page"}],"author":[{"embeddable":true,"href":"https:\/\/blogs.smbosque.es\/amaya\/wp-json\/wp\/v2\/users\/45"}],"replies":[{"embeddable":true,"href":"https:\/\/blogs.smbosque.es\/amaya\/wp-json\/wp\/v2\/comments?post=806"}],"version-history":[{"count":1,"href":"https:\/\/blogs.smbosque.es\/amaya\/wp-json\/wp\/v2\/pages\/806\/revisions"}],"predecessor-version":[{"id":809,"href":"https:\/\/blogs.smbosque.es\/amaya\/wp-json\/wp\/v2\/pages\/806\/revisions\/809"}],"wp:attachment":[{"href":"https:\/\/blogs.smbosque.es\/amaya\/wp-json\/wp\/v2\/media?parent=806"}],"curies":[{"name":"wp","href":"https:\/\/api.w.org\/{rel}","templated":true}]}}