{"id":1175,"date":"2024-11-03T10:45:53","date_gmt":"2024-11-03T09:45:53","guid":{"rendered":"https:\/\/blogs.smbosque.es\/carlosgutierrez\/?page_id=1175"},"modified":"2025-03-11T07:19:27","modified_gmt":"2025-03-11T06:19:27","slug":"tecnicas-de-estudio","status":"publish","type":"page","link":"https:\/\/blogs.smbosque.es\/carlosgutierrez\/tecnicas-de-estudio\/","title":{"rendered":"T\u00e9cnicas de Estudio"},"content":{"rendered":"\n<p class=\"has-background\" style=\"background-color:#99ede8\"><a href=\"https:\/\/www.digipuzzle.net\/es\/juegoseducativos\/juegos\/index.htm\" target=\"_blank\" rel=\"noreferrer noopener\">Digipuzzle<\/a><\/p>\n\n\n\n<div class=\"wp-block-columns is-layout-flex wp-container-core-columns-is-layout-1 wp-block-columns-is-layout-flex\">\n<div class=\"wp-block-column is-vertically-aligned-center is-layout-flow wp-block-column-is-layout-flow\" style=\"flex-basis:100%\">\n<div class=\"wp-block-buttons has-custom-font-size has-background has-medium-font-size is-vertical is-content-justification-right is-layout-flex wp-container-core-buttons-is-layout-1 wp-block-buttons-is-layout-flex\" style=\"background-color:#2fe595\">\n<div class=\"wp-block-button has-custom-width wp-block-button__width-100 is-style-outline is-style-outline--1\"><a class=\"wp-block-button__link has-text-align-left wp-element-button\" href=\"https:\/\/toytheater.com\/category\/puzzles\/\" target=\"_blank\" rel=\"noreferrer noopener\">Rompecabezas <\/a><\/div>\n<\/div>\n<\/div>\n<\/div>\n\n\n\n<p><\/p>\n\n\n\n<div class=\"wp-block-columns is-layout-flex wp-container-core-columns-is-layout-4 wp-block-columns-is-layout-flex\">\n<div class=\"wp-block-column is-vertically-aligned-top has-text-color has-background has-link-color wp-elements-dea131b407cb9aac36bb661e5658471f is-layout-flow wp-block-column-is-layout-flow\" style=\"color:#23f30c;background-color:#306f28;flex-basis:100%\">\n<div class=\"wp-block-group\"><div class=\"wp-block-group__inner-container is-layout-constrained wp-block-group-is-layout-constrained\">\n<p class=\"has-text-align-center has-black-color has-very-light-gray-to-cyan-bluish-gray-gradient-background has-text-color has-background has-link-color has-medium-font-size wp-elements-0def2402d640e5f54660c7e1afbecfc7\" style=\"font-style:italic;font-weight:800;text-transform:none\"><strong><em>Juegos de Memoria y Atenci\u00f3n<\/em><\/strong><\/p>\n\n\n\n<p><a href=\"https:\/\/wordwall.net\/resource\/21121970\/atenci%c3%b3n\/mira-estos-n%c3%bameros-y-recuerda\" target=\"_blank\" rel=\"noreferrer noopener\">Juego de memoria (n\u00fameros)<\/a><\/p>\n<\/div><\/div>\n\n\n\n<div class=\"wp-block-group is-vertical is-content-justification-left is-layout-flex wp-container-core-group-is-layout-3 wp-block-group-is-layout-flex\">\n<div class=\"wp-block-columns is-layout-flex wp-container-core-columns-is-layout-3 wp-block-columns-is-layout-flex\">\n<div class=\"wp-block-column is-layout-flow wp-block-column-is-layout-flow\" style=\"flex-basis:100%\">\n<p><a href=\"https:\/\/wordwall.net\/resource\/24732157\/atenci%c3%b3n\/atenci%c3%b3n\" target=\"_blank\" rel=\"noreferrer noopener\">Juego de Atenci\u00f3n<\/a><\/p>\n\n\n\n<div class=\"wp-block-columns is-layout-flex wp-container-core-columns-is-layout-2 wp-block-columns-is-layout-flex\">\n<div class=\"wp-block-column is-vertically-aligned-center is-layout-flow wp-block-column-is-layout-flow\" style=\"flex-basis:100%\">\n<p><a href=\"https:\/\/wordwall.net\/resource\/31794609\/atenci%c3%b3n\/atenci%c3%b3n-y-memoria-animales\" target=\"_blank\" rel=\"noreferrer noopener\">Juego de memoria (animales)<\/a><\/p>\n\n\n\n<div class=\"wp-block-group\"><div class=\"wp-block-group__inner-container is-layout-constrained wp-block-group-is-layout-constrained\">\n<p><a href=\"https:\/\/wordwall.net\/resource\/35744078\/atenci%c3%b3n\/ojo-de-lince\" target=\"_blank\" rel=\"noreferrer noopener\">Ojo de lince<\/a><\/p>\n<\/div><\/div>\n\n\n\n<p><a href=\"https:\/\/www.educima.com\/game.php\" target=\"_blank\" rel=\"noreferrer noopener\">Puzzles<\/a><\/p>\n<\/div>\n<\/div>\n<\/div>\n<\/div>\n<\/div>\n<\/div>\n<\/div>\n\n\n\n<div class=\"wp-block-group is-vertical is-layout-flex wp-container-core-group-is-layout-4 wp-block-group-is-layout-flex\">\n<div class=\"wp-block-columns is-layout-flex wp-container-core-columns-is-layout-6 wp-block-columns-is-layout-flex\">\n<div class=\"wp-block-column is-layout-flow wp-block-column-is-layout-flow\" style=\"flex-basis:100%\">\n<div class=\"wp-block-columns is-layout-flex wp-container-core-columns-is-layout-5 wp-block-columns-is-layout-flex\">\n<div class=\"wp-block-column is-layout-flow wp-block-column-is-layout-flow\" style=\"flex-basis:100%\"><\/div>\n<\/div>\n<\/div>\n<\/div>\n<\/div>\n","protected":false},"excerpt":{"rendered":"<p>Digipuzzle Juegos de Memoria y Atenci\u00f3n Juego de memoria (n\u00fameros) Juego de Atenci\u00f3n Juego de memoria (animales) Ojo de lince Puzzles<\/p>\n","protected":false},"author":75,"featured_media":0,"parent":0,"menu_order":0,"comment_status":"closed","ping_status":"closed","template":"","meta":{"footnotes":""},"class_list":["post-1175","page","type-page","status-publish","hentry"],"_links":{"self":[{"href":"https:\/\/blogs.smbosque.es\/carlosgutierrez\/wp-json\/wp\/v2\/pages\/1175","targetHints":{"allow":["GET"]}}],"collection":[{"href":"https:\/\/blogs.smbosque.es\/carlosgutierrez\/wp-json\/wp\/v2\/pages"}],"about":[{"href":"https:\/\/blogs.smbosque.es\/carlosgutierrez\/wp-json\/wp\/v2\/types\/page"}],"author":[{"embeddable":true,"href":"https:\/\/blogs.smbosque.es\/carlosgutierrez\/wp-json\/wp\/v2\/users\/75"}],"replies":[{"embeddable":true,"href":"https:\/\/blogs.smbosque.es\/carlosgutierrez\/wp-json\/wp\/v2\/comments?post=1175"}],"version-history":[{"count":29,"href":"https:\/\/blogs.smbosque.es\/carlosgutierrez\/wp-json\/wp\/v2\/pages\/1175\/revisions"}],"predecessor-version":[{"id":1270,"href":"https:\/\/blogs.smbosque.es\/carlosgutierrez\/wp-json\/wp\/v2\/pages\/1175\/revisions\/1270"}],"wp:attachment":[{"href":"https:\/\/blogs.smbosque.es\/carlosgutierrez\/wp-json\/wp\/v2\/media?parent=1175"}],"curies":[{"name":"wp","href":"https:\/\/api.w.org\/{rel}","templated":true}]}}