{"id":1219,"date":"2024-11-20T11:37:03","date_gmt":"2024-11-20T10:37:03","guid":{"rendered":"https:\/\/blogs.smbosque.es\/carlosgutierrez\/?page_id=1219"},"modified":"2026-03-02T13:10:40","modified_gmt":"2026-03-02T12:10:40","slug":"matematicas-2","status":"publish","type":"page","link":"https:\/\/blogs.smbosque.es\/carlosgutierrez\/matematicas-2\/","title":{"rendered":"Matem\u00e1ticas"},"content":{"rendered":"\n<p class=\"has-background has-medium-font-size\" style=\"background-color:#c3faf8\"><a href=\"https:\/\/toytheater.com\/category\/math-games\/\" target=\"_blank\" rel=\"noreferrer noopener\">Juegos matem\u00e1ticos<\/a><\/p>\n\n\n\n<div class=\"wp-block-group\"><div class=\"wp-block-group__inner-container is-layout-constrained wp-block-group-is-layout-constrained\">\n<div class=\"wp-block-group has-light-gray-background-color has-background\"><div class=\"wp-block-group__inner-container is-layout-constrained wp-block-group-is-layout-constrained\">\n<p class=\"has-blue-color has-light-gray-background-color has-text-color has-background has-link-color has-medium-font-size wp-elements-799897f0ac70657aedb1528d00084b50\">Divisiones<\/p>\n\n\n\n<p><a href=\"https:\/\/wordwall.net\/resource\/24379676\" data-type=\"link\" data-id=\"https:\/\/wordwall.net\/resource\/24379676\" target=\"_blank\" rel=\"noreferrer noopener\">Comecocos <\/a><\/p>\n\n\n\n<p><a href=\"https:\/\/wordwall.net\/resource\/14539036\" target=\"_blank\" rel=\"noreferrer noopener\">Quiz Show<\/a><\/p>\n\n\n\n<p><a href=\"https:\/\/wordwall.net\/resource\/18275622\" target=\"_blank\" rel=\"noreferrer noopener\">Test<\/a><\/p>\n\n\n\n<p><a href=\"https:\/\/www.cokitos.com\/tag\/juegos-de-divisiones\" target=\"_blank\" rel=\"noreferrer noopener\">Enlace cokitos (varios juegos)<\/a><\/p>\n<\/div><\/div>\n<\/div><\/div>\n\n\n\n<div class=\"wp-block-group has-background\" style=\"background:linear-gradient(135deg,rgb(255,245,203) 0%,rgb(182,227,212) 73%,rgb(51,167,181) 100%)\"><div class=\"wp-block-group__inner-container is-layout-constrained wp-block-group-is-layout-constrained\">\n<h2 class=\"wp-block-heading has-large-font-size\" style=\"font-style:italic;font-weight:700;text-transform:uppercase\"><strong>Rectas, \u00e1ngulos, simetr\u00eda y traslaci\u00f3n<\/strong><\/h2>\n\n\n\n<p><a href=\"https:\/\/wordwall.net\/resource\/27915526\" target=\"_blank\" rel=\"noreferrer noopener\">Tipos de rectas<\/a><\/p>\n\n\n\n<p><a href=\"https:\/\/wordwall.net\/resource\/28183091\" target=\"_blank\" rel=\"noreferrer noopener\">\u00c1ngulos<\/a><\/p>\n\n\n\n<p><a href=\"https:\/\/wordwall.net\/resource\/37209621\" target=\"_blank\" rel=\"noreferrer noopener\">Simetr\u00eda y traslaci\u00f3n<\/a><\/p>\n\n\n\n<p><a href=\"https:\/\/wordwall.net\/resource\/38692474\/%c3%a1ngulos\" target=\"_blank\" rel=\"noreferrer noopener\">\u00c1ngulos y rectas<\/a><\/p>\n<\/div><\/div>\n\n\n\n<p class=\"has-large-font-size\"><a href=\"https:\/\/www.liveworksheets.com\" target=\"_blank\" rel=\"noreferrer noopener\">Liveworksheets<\/a> (Enlace)<\/p>\n\n\n\n<div class=\"wp-block-group has-background has-large-font-size\" style=\"background-color:#e3d1e3\"><div class=\"wp-block-group__inner-container is-layout-constrained wp-block-group-is-layout-constrained\">\n<h3 class=\"wp-block-heading has-text-align-center has-blush-light-purple-gradient-background has-background has-medium-font-size\" style=\"font-style:italic;font-weight:300\">Juegos de las tablas de multiplicar<\/h3>\n\n\n\n<p class=\"has-small-font-size\"><a href=\"https:\/\/wordwall.net\/resource\/39107067\" target=\"_blank\" rel=\"noreferrer noopener\">Tabla del 2 (Aplastatopos)<\/a><\/p>\n\n\n\n<p class=\"has-small-font-size\"><a href=\"https:\/\/wordwall.net\/resource\/37209806\" target=\"_blank\" rel=\"noreferrer noopener\">Tabla del 3 (Correcto o incorrecto)<\/a><\/p>\n\n\n\n<p class=\"has-small-font-size\"><a href=\"https:\/\/wordwall.net\/resource\/39106512\" target=\"_blank\" rel=\"noreferrer noopener\">Tabla del 3 (aplastatopos)<\/a><\/p>\n\n\n\n<p class=\"has-small-font-size\"><a href=\"https:\/\/wordwall.net\/resource\/37231395\" target=\"_blank\" rel=\"noreferrer noopener\">Tabla del 4 (detective)<\/a><\/p>\n\n\n\n<p class=\"has-small-font-size\"><a href=\"https:\/\/wordwall.net\/resource\/38692345\" target=\"_blank\" rel=\"noreferrer noopener\">Tabla del 5 (aplastatopos)<\/a><\/p>\n\n\n\n<p class=\"has-small-font-size\"><a href=\"https:\/\/wordwall.net\/resource\/62912498\" target=\"_blank\" rel=\"noreferrer noopener\">Tabla del 6 (Quiz Show)<\/a><\/p>\n\n\n\n<p class=\"has-small-font-size\"><a href=\"https:\/\/wordwall.net\/resource\/38692423\" target=\"_blank\" rel=\"noreferrer noopener\">Tabla del 7 (abrecajas)<\/a><\/p>\n\n\n\n<p class=\"has-small-font-size\"><a href=\"https:\/\/wordwall.net\/resource\/38692361\" target=\"_blank\" rel=\"noreferrer noopener\">Tabla del 8 (Rompeglobo)<\/a><\/p>\n\n\n\n<p class=\"has-small-font-size\"><a href=\"https:\/\/wordwall.net\/resource\/38735980\" target=\"_blank\" rel=\"noreferrer noopener\">Tabla del 9 (Coloca en su lugar correcto)<\/a><\/p>\n<\/div><\/div>\n\n\n\n<p class=\"has-medium-font-size\">Fracciones<\/p>\n\n\n\n<pre class=\"wp-block-code\"><code><\/code><\/pre>\n","protected":false},"excerpt":{"rendered":"<p>Juegos matem\u00e1ticos Divisiones Comecocos Quiz Show Test Enlace cokitos (varios juegos) Rectas, \u00e1ngulos, simetr\u00eda y traslaci\u00f3n Tipos de rectas \u00c1ngulos Simetr\u00eda y traslaci\u00f3n \u00c1ngulos y rectas Liveworksheets (Enlace) Juegos de las tablas de multiplicar Tabla del 2 (Aplastatopos) Tabla del &hellip; <a href=\"https:\/\/blogs.smbosque.es\/carlosgutierrez\/matematicas-2\/\">Sigue leyendo <span class=\"meta-nav\">&rarr;<\/span><\/a><\/p>\n","protected":false},"author":75,"featured_media":0,"parent":0,"menu_order":0,"comment_status":"closed","ping_status":"closed","template":"","meta":{"footnotes":""},"class_list":["post-1219","page","type-page","status-publish","hentry"],"_links":{"self":[{"href":"https:\/\/blogs.smbosque.es\/carlosgutierrez\/wp-json\/wp\/v2\/pages\/1219","targetHints":{"allow":["GET"]}}],"collection":[{"href":"https:\/\/blogs.smbosque.es\/carlosgutierrez\/wp-json\/wp\/v2\/pages"}],"about":[{"href":"https:\/\/blogs.smbosque.es\/carlosgutierrez\/wp-json\/wp\/v2\/types\/page"}],"author":[{"embeddable":true,"href":"https:\/\/blogs.smbosque.es\/carlosgutierrez\/wp-json\/wp\/v2\/users\/75"}],"replies":[{"embeddable":true,"href":"https:\/\/blogs.smbosque.es\/carlosgutierrez\/wp-json\/wp\/v2\/comments?post=1219"}],"version-history":[{"count":37,"href":"https:\/\/blogs.smbosque.es\/carlosgutierrez\/wp-json\/wp\/v2\/pages\/1219\/revisions"}],"predecessor-version":[{"id":1310,"href":"https:\/\/blogs.smbosque.es\/carlosgutierrez\/wp-json\/wp\/v2\/pages\/1219\/revisions\/1310"}],"wp:attachment":[{"href":"https:\/\/blogs.smbosque.es\/carlosgutierrez\/wp-json\/wp\/v2\/media?parent=1219"}],"curies":[{"name":"wp","href":"https:\/\/api.w.org\/{rel}","templated":true}]}}