{"id":2,"date":"2014-12-15T17:55:38","date_gmt":"2014-12-15T17:55:38","guid":{"rendered":"http:\/\/blogs.smbosque.es\/cienciasnaturales\/?page_id=2"},"modified":"2020-05-27T18:44:58","modified_gmt":"2020-05-27T16:44:58","slug":"pagina-ejemplo","status":"publish","type":"page","link":"https:\/\/blogs.smbosque.es\/cienciasnaturales\/pagina-ejemplo\/","title":{"rendered":"1\u00ba B ESO."},"content":{"rendered":"\n<p><strong>Primero Ense\u00f1anza Secundaria Obligatoria. Biolog\u00eda y Geologia<\/strong>.<\/p>\n\n\n\n<p class=\"has-text-color has-background has-vivid-red-color has-luminous-vivid-orange-background-color\"><strong>BIOLOG\u00cdA Y GEOLOG\u00cdA 1\u00ba ESO B: <strong>CONVOCATORIA ORDINARIA<\/strong>. <\/strong><em>Mi\u00e9rcoles 27 de Mayo (09:40 hr)<\/em><strong>.<\/strong> <em><strong>FINALIZADO<\/strong><\/em><\/p>\n\n\n\n<p><strong>PRIMERA EVALUACI\u00d3N: Temas 1, 5 y 6<\/strong><\/p>\n\n\n\n<p><strong>SEGUNDA EVALUACI\u00d3N: <strong>Temas<\/strong> 7, 8, 9 y 10.<\/strong><\/p>\n\n\n\n<p><strong>TERCERA EVALUACI\u00d3N: <strong>Temas<\/strong><\/strong> <strong>2, 11 y 12.<\/strong><\/p>\n\n\n\n<p class=\"has-text-color has-background has-vivid-red-color has-cyan-bluish-gray-background-color\"><strong><em>VALORACION DE TERCERA EVALUACI\u00d3N.<\/em><\/strong><\/p>\n\n\n\n<p>Recordaros que del valor del <strong>20%, que <u>comunic\u00f3 el Centro para la tercera evaluaci\u00f3n sobre la nota final<\/u>,<\/strong> en Biolog\u00eda y Geolog\u00eda un <strong>10% vendr\u00e1 representado por los <u>Controles<\/u><\/strong> que se realicen y el otro <strong>10% estar\u00e1 representado por la valoraci\u00f3n de la <u>realizaci\u00f3n<\/u> y <u>entrega de tareas<\/u> <\/strong>de las sesiones semanales.<\/p>\n\n\n\n<p class=\"has-text-color has-background has-vivid-red-color has-light-green-cyan-background-color\"><strong><em>IMPORTANTE: COMUNICACI\u00d3N DE TAREAS Y EJERCICIOS: <\/em>HASTA EL 17 DE MAYO SE PODR\u00c1N MANDAR LAS REALIZADAS EN LAS SESIONES ANTERIORES, <em><u>SIENDO ESTA LA FECHA TOPE DE ENTREGA PARA TODOS LOS GRUPOS.<\/u><\/em><\/strong><strong><em>Las sucesivas tareas que se soliciten, despu\u00e9s del 17 de Mayo, deber\u00e1n de entregarse en plazo de 1 o 2 d\u00edas en todos los grupos, dada la proximidad del periodo de evaluaci\u00f3n.<\/em><\/strong><\/p>\n\n\n\n<p class=\"has-text-color has-background has-vivid-red-color has-very-light-gray-background-color\"><strong>BIOLOG\u00cdA Y GEOLOG\u00cdA 1\u00ba ESO B:  EJERCICIO DE TERCERA EVALUACI\u00d3N. <\/strong>Viernes 8 de Mayo (15:00 hr)<strong>.<\/strong><em><strong> FINALIZADO<\/strong><\/em><\/p>\n\n\n\n<p><strong>Tema que entran en el examen: 2, 11 y 12.<\/strong><\/p>\n\n\n\n<p>Examen de 20 preguntas test: cada error descuenta \u00bc de una pregunta correcta.<\/p>\n\n\n\n<p>Por correo electr\u00f3nico se <strong>recibir\u00e1 el examen (15:00 hr.),<\/strong> en formato Word, se realizar\u00e1 en el ordenador y <strong>se devolver\u00e1 el archivo&nbsp; al correo del profesor, antes de las (15:55 hr.), <\/strong>tiempo consensuado con los alumnos como suficiente. El alumno estar\u00e1 conectado por videoconferencia. NO SE ADMITEN FOTOGRAFIAS salvo imposibilidad t\u00e9cnica para enviar el archivo.<\/p>\n\n\n\n<p>Se identificar\u00e1 el alumno con nombre y apellidos.<\/p>\n\n\n\n<p>Al <strong>final de cada pregunta<\/strong> el alumno indicar\u00e1 la \u00fanica respuesta que considera v\u00e1lida: <strong>A, B, C, o D<\/strong>. En ning\u00fan caso tachar\u00e1, redactar\u00e1, ni modificar\u00e1 el formato del examen, salvo nombre y opci\u00f3n correcta.<\/p>\n\n\n\n<p>Correo de consultas, emisi\u00f3n y devoluci\u00f3n del Ejercicio.<\/p>\n\n\n\n<p>Alejandro L\u00f3pez Mart\u00edn<\/p>\n\n\n\n<p><a rel=\"noreferrer noopener\" href=\"mailto:alejandro.lopez.online@smbosque.es\" target=\"_blank\">alejandro.lopez.online@smbosque.es<\/a><\/p>\n\n\n\n<p>&#8230;&#8230;&#8230;&#8230;&#8230;&#8230;&#8230;&#8230;&#8230;&#8230;&#8230;&#8230;&#8230;&#8230;&#8230;&#8230;&#8230;&#8230;&#8230;&#8230;&#8230;&#8230;&#8230;&#8230;&#8230;&#8230;&#8230;&#8230;&#8230;&#8230;&#8230;&#8230;&#8230;&#8230;&#8230;&#8230;&#8230;&#8230;&#8230;&#8230;&#8230;&#8230;&#8230;&#8230;&#8230;&#8230;&#8230;<\/p>\n\n\n\n<p class=\"has-text-color has-background has-vivid-red-color has-pale-cyan-blue-background-color\"><strong>RECUPERACION DE LA 2\u00aa EVALUACI\u00d3N. 1\u00aa ESO BIOLOG\u00cdA Y GEOLOGIA<\/strong>. Miercoles 29 de Abril.      <strong>  <em>FINALIZADO<\/em><\/strong><\/p>\n\n\n\n<p><strong>Tema que entran en el examen:<\/strong> <strong>7, 8, 9  y 10.<\/strong><\/p>\n\n\n\n<p>Examen de 20 preguntas test: cada error descuenta \u00bc de una\npregunta correcta.<\/p>\n\n\n\n<p>Por correo electr\u00f3nico se <strong>recibir\u00e1 el examen (09:45 hr.),<\/strong> en formato Word, se realizar\u00e1 en el ordenador y <strong>se devolver\u00e1 el archivo&nbsp; al correo del profesor, antes de las (10:45 hr.), <\/strong>tiempo consensuado con los alumnos como suficiente. El alumno estar\u00e1 conectado por videoconferencia. NO SE ADMITEN FOTOGRAFIAS.<\/p>\n\n\n\n<p>Se identificar\u00e1 el alumno con nombre y apellidos. <\/p>\n\n\n\n<p>Al <strong>final de cada\npregunta<\/strong> el alumno indicar\u00e1 la \u00fanica respuesta que considera v\u00e1lida: <strong>A, B, C, o D<\/strong>. En ning\u00fan caso tachar\u00e1,\nredactar\u00e1, ni modificar\u00e1 el formato del examen, salvo nombre y opci\u00f3n correcta.<\/p>\n\n\n\n<p>Correo\nde consultas, emisi\u00f3n y devoluci\u00f3n del Ejercicio.<\/p>\n\n\n\n<p>Alejandro L\u00f3pez Mart\u00edn <\/p>\n\n\n\n<p><a href=\"mailto:alejandro.lopez.online@smbosque.es\" target=\"_blank\" rel=\"noreferrer noopener\">alejandro.lopez.online@smbosque.es<\/a> <\/p>\n\n\n\n<p class=\"has-text-color has-vivid-red-color\">&#8230;&#8230;&#8230;&#8230;&#8230;&#8230;&#8230;&#8230;&#8230;&#8230;&#8230;&#8230;&#8230;&#8230;&#8230;&#8230;&#8230;&#8230;&#8230;&#8230;&#8230;&#8230;&#8230;&#8230;&#8230;&#8230;&#8230;&#8230;&#8230;&#8230;&#8230;&#8230;&#8230;&#8230;&#8230;&#8230;&#8230;&#8230;&#8230;&#8230;&#8230;&#8230;&#8230;&#8230;&#8230;&#8230;&#8230;&#8230;.<\/p>\n\n\n\n<p><strong>IMPORTANTE: COMUNICACI\u00d3N DE TAREAS Y EJERCICIOS.<\/strong><\/p>\n\n\n\n<p>Los\ncomunicados de los contenidos de las sesiones ir\u00e1n apareciendo en el <strong>orden temporal que tendr\u00edan en un horario\nlectivo normal<\/strong>.<\/p>\n\n\n\n<p>Las\ndudas o distintas cuestiones que se planteen se solucionar\u00e1n, de forma general,\nen el desarrollo de las entradas del blog o en las p\u00e1ginas respectivas de cada\nnivel (zona superior del blog) o en correo personal si fuera necesario y\nposible.<\/p>\n\n\n\n<p><strong>Las tareas y ejercicios las pod\u00e9is mandar con fotograf\u00edas del trabajo realizado al correo:<\/strong><\/p>\n\n\n\n<figure class=\"wp-block-table\"><table><tbody><tr><td>\n  &nbsp;\n  Alejandro L\u00f3pez<br>\n  alejandro.lopez.online@smbosque.es\n  <\/td><\/tr><\/tbody><\/table><\/figure>\n\n\n\n<p><strong>Las\ndudas: Blog: (Mediante los comentarios) o a la direcci\u00f3n de correos:<\/strong><\/p>\n\n\n\n<figure class=\"wp-block-table\"><table><tbody><tr><td>\n  <a href=\"https:\/\/blogs.smbosque.es\/cienciasnaturales\/\">https:\/\/blogs.smbosque.es\/cienciasnaturales\/<\/a>\n  <\/td><\/tr><tr><td>\n  &nbsp;\n  Alejandro\n  L\u00f3pez<br>\n  alejandro.lopez.online@smbosque.es\n  <\/td><\/tr><\/tbody><\/table><\/figure>\n\n\n\n<p>Cualquier\nmodificaci\u00f3n del modo de comunicarnos se os trasladar\u00e1 por el blog o de forma\ngeneral por la p\u00e1gina del colegio, as\u00ed como cualquier modificaci\u00f3n de correos\nelectr\u00f3nicos.<\/p>\n\n\n\n<p>Contin\u00faa\ntotalmente vigente el sistema de realizaci\u00f3n de tareas para su control y\naclaraciones en el transcurso de la publicaci\u00f3n de las sesiones en el blog.<\/p>\n\n\n\n<p>Os\nsolicito la m\u00e1xima difusi\u00f3n a todos los compa\u00f1eros, para facilitar que todos\ncontinuemos avanzando.<\/p>\n\n\n\n<p><em><strong>Proyecto Aves del Retiro.<\/strong><\/em><\/p>\n\n\n\n<p>El Proyecto en grupo sobre las aves del Retiro, cuya entrega inicialmente era para hoy, dada la situaci\u00f3n, queda anulado. <\/p>\n\n\n\n<p>Pero os pido por favor que los que tienen material trabajado o ha finalizado el trabajo o la parte que le corresponde, la guarde para cuando nos incorporemos.<\/p>\n\n\n\n<p>Gracias.<\/p>\n","protected":false},"excerpt":{"rendered":"<p>Primero Ense\u00f1anza Secundaria Obligatoria. Biolog\u00eda y Geologia. BIOLOG\u00cdA Y GEOLOG\u00cdA 1\u00ba ESO B: CONVOCATORIA ORDINARIA. Mi\u00e9rcoles 27 de Mayo (09:40 hr). FINALIZADO PRIMERA EVALUACI\u00d3N: Temas 1, 5 y 6 SEGUNDA EVALUACI\u00d3N: Temas 7, 8, 9 y 10. TERCERA EVALUACI\u00d3N: Temas &hellip; <a href=\"https:\/\/blogs.smbosque.es\/cienciasnaturales\/pagina-ejemplo\/\">Sigue leyendo <span class=\"meta-nav\">&rarr;<\/span><\/a><\/p>\n","protected":false},"author":33,"featured_media":0,"parent":0,"menu_order":0,"comment_status":"open","ping_status":"open","template":"","meta":{"footnotes":""},"class_list":["post-2","page","type-page","status-publish","hentry"],"_links":{"self":[{"href":"https:\/\/blogs.smbosque.es\/cienciasnaturales\/wp-json\/wp\/v2\/pages\/2","targetHints":{"allow":["GET"]}}],"collection":[{"href":"https:\/\/blogs.smbosque.es\/cienciasnaturales\/wp-json\/wp\/v2\/pages"}],"about":[{"href":"https:\/\/blogs.smbosque.es\/cienciasnaturales\/wp-json\/wp\/v2\/types\/page"}],"author":[{"embeddable":true,"href":"https:\/\/blogs.smbosque.es\/cienciasnaturales\/wp-json\/wp\/v2\/users\/33"}],"replies":[{"embeddable":true,"href":"https:\/\/blogs.smbosque.es\/cienciasnaturales\/wp-json\/wp\/v2\/comments?post=2"}],"version-history":[{"count":15,"href":"https:\/\/blogs.smbosque.es\/cienciasnaturales\/wp-json\/wp\/v2\/pages\/2\/revisions"}],"predecessor-version":[{"id":1481,"href":"https:\/\/blogs.smbosque.es\/cienciasnaturales\/wp-json\/wp\/v2\/pages\/2\/revisions\/1481"}],"wp:attachment":[{"href":"https:\/\/blogs.smbosque.es\/cienciasnaturales\/wp-json\/wp\/v2\/media?parent=2"}],"curies":[{"name":"wp","href":"https:\/\/api.w.org\/{rel}","templated":true}]}}