{"id":209,"date":"2015-02-13T09:47:04","date_gmt":"2015-02-13T09:47:04","guid":{"rendered":"http:\/\/blogs.smbosque.es\/cienciasnaturales\/?page_id=209"},"modified":"2020-05-27T18:47:15","modified_gmt":"2020-05-27T16:47:15","slug":"actualidad","status":"publish","type":"page","link":"https:\/\/blogs.smbosque.es\/cienciasnaturales\/actualidad\/","title":{"rendered":"3\u00ba ESO"},"content":{"rendered":"<p><em><strong>Tercero Ense\u00f1anza Secundaria Obligatoria<\/strong><\/em><\/p>\n\n\n<p class=\"has-text-color has-background has-vivid-red-color has-pale-pink-background-color\"><strong>BIOLOG\u00cdA Y GEOLOG\u00cdA 3\u00ba ESO: <strong>CONVOC<\/strong>ATORIA ORDINARIA. <\/strong>Mi\u00e9rcoles 27 de Mayo (12:00 hr). <strong><em>FINALIZADO.<\/em><\/strong><\/p>\n\n\n\n<p><strong>PRIMERA EVALUACI\u00d3N: Temas 1, 2, 3 y 4.<\/strong><\/p>\n\n\n\n<p><strong>SEGUNDA EVALUACI\u00d3N: Temas 5, 6, 7 y 8.<\/strong><\/p>\n\n\n\n<p><strong>TERCERA EVALUACI\u00d3N: Temas<\/strong> <strong> 10, 11 y 12.<\/strong><\/p>\n\n\n\n<p class=\"has-text-color has-background has-vivid-red-color has-cyan-bluish-gray-background-color\"><strong><em>VALORACION DE TERCERA EVALUACI\u00d3N.<\/em><\/strong><\/p>\n\n\n\n<p>Recordaros que del valor del <strong>20%, que comunic\u00f3 el Centro para la tercera evaluaci\u00f3n sobre la nota final,<\/strong> en Biolog\u00eda y Geolog\u00eda un <strong>10% vendr\u00e1 representado por los Controles<\/strong> que se realicen y el otro <strong>10% estar\u00e1 representado por la valoraci\u00f3n de la realizaci\u00f3n y entrega de tareas <\/strong>de las sesiones semanales.<\/p>\n\n\n\n<p class=\"has-text-color has-background has-vivid-red-color has-light-green-cyan-background-color\"><strong><em>IMPORTANTE: COMUNICACI\u00d3N DE TAREAS Y EJERCICIOS: <\/em><u>HASTA EL 17 DE MAYO<\/u> SE PODR\u00c1N MANDAR LAS REALIZADAS EN LAS SESIONES ANTERIORES, <em><u>SIENDO ESTA LA FECHA TOPE DE ENTREGA PARA TODOS LOS GRUPOS.<\/u><\/em> <em>Las sucesivas tareas que se soliciten, despu\u00e9s del 17 de Mayo, deber\u00e1n de entregarse en plazo de 1 o 2 d\u00edas en todos los grupos, dada la proximidad del periodo de evaluaci\u00f3n.<\/em><\/strong><\/p>\n\n\n\n<p class=\"has-text-color has-background has-vivid-red-color has-vivid-green-cyan-background-color\"><strong>BIOLOG\u00cdA Y GEOLOG\u00cdA 3\u00ba ESO A, B y C: EJERCICIO DE TERCERA EVALUACI\u00d3N. Jueves 14 de Mayo <\/strong>(En horario de clase)<strong>.<\/strong> <em>FINALIZADO<\/em>.<\/p>\n\n\n\n<p><strong>Temas que entran en el ejercicio: 10, 11 y 12<\/strong><\/p>\n\n\n\n<p>Ejercicio de 20 preguntas test: cada error descuenta \u00bc de una pregunta correcta.<\/p>\n\n\n\n<p>Por correo electr\u00f3nico <strong>se recibir\u00e1 el examen a las<\/strong> (hora en la zona inferior)<strong>,<\/strong> en formato Word, se realizar\u00e1 en el ordenador y <strong>se devolver\u00e1 el archivo&nbsp; al correo del profesor, antes de las (hora de entrega de ejercicio.) <\/strong>tiempo consensuado con los alumnos como suficiente. El alumno estar\u00e1 conectado por videoconferencia. NO SE ADMITEN FOTOGRAFIAS, salvo imposibilidad t\u00e9cnica para enviar el archivo y siempre debidamente identificadas y legibles.<\/p>\n\n\n\n<p>3\u00ba A: <strong>Inicio<\/strong> ejercicio <strong>08:45 h<\/strong>. finalizaci\u00f3n y <strong>entrega <em>antes<\/em> de las 09:40 h<\/strong>.<\/p>\n\n\n\n<p class=\"has-text-color has-very-dark-gray-color\">3\u00ba B: <strong>Inicio<\/strong> ejercicio <strong>10:00 h<\/strong>. finalizaci\u00f3n y <strong>entrega <em>antes<\/em> de las 10:55 h <\/strong><\/p>\n\n\n\n<p>3\u00ba C:<strong> Inicio<\/strong>  ejercicio<strong> 12:00 h<\/strong> finalizaci\u00f3n y<strong> entrega <em>antes<\/em> de las 12:55 h.<\/strong><\/p>\n\n\n\n<p>Se identificar\u00e1 el alumno con nombre y apellidos.<\/p>\n\n\n\n<p>Al <strong>final de cada pregunta<\/strong> el alumno indicar\u00e1 la \u00fanica respuesta que considera v\u00e1lida: <strong>A, B, C, o D<\/strong>. En ning\u00fan caso tachar\u00e1, redactar\u00e1, ni modificar\u00e1 el formato del examen, salvo nombre y opci\u00f3n correcta.<\/p>\n\n\n\n<p>Correo de consultas, emisi\u00f3n y devoluci\u00f3n del Ejercicio.<\/p>\n\n\n\n<p>Alejandro L\u00f3pez Mart\u00edn.<\/p>\n\n\n\n<p><a rel=\"noreferrer noopener\" href=\"mailto:alejandro.lopez.online@smbosque.es\" target=\"_blank\">alejandro.lopez.online@smbosque.es<\/a><\/p>\n\n\n\n<p class=\"has-text-color has-vivid-red-color\">&#8230;&#8230;&#8230;&#8230;&#8230;&#8230;&#8230;&#8230;&#8230;&#8230;&#8230;&#8230;&#8230;&#8230;&#8230;&#8230;&#8230;&#8230;&#8230;&#8230;&#8230;&#8230;&#8230;&#8230;&#8230;&#8230;&#8230;&#8230;&#8230;&#8230;&#8230;&#8230;&#8230;&#8230;&#8230;&#8230;&#8230;&#8230;&#8230;&#8230;&#8230;&#8230;&#8230;&#8230;&#8230;&#8230;..<\/p>\n\n\n\n<p class=\"has-text-color has-background has-vivid-red-color has-pale-cyan-blue-background-color\"><strong>RECUPERACION DE LA 2\u00aa EVALUACI\u00d3N. 3\u00aa ESO BIOLOG\u00cdA Y GEOLOGIA<\/strong>.                         <strong><em>FINALIZADO<\/em><\/strong><\/p>\n\n\n\n<p><strong>Tema que entran en el\nexamen: 5, 6, 7 y 8.<\/strong><\/p>\n\n\n\n<p>Examen de 20 preguntas test: cada error descuenta \u00bc de una\npregunta correcta.<\/p>\n\n\n\n<p>Por correo electr\u00f3nico <strong>se recibir\u00e1 el examen (11:30 hr.),<\/strong> en formato Word, se realizar\u00e1 en el ordenador y <strong>se devolver\u00e1 el archivo&nbsp; al correo del profesor, antes de las (12:30 hr.) <\/strong>tiempo consensuado con los alumnos como suficiente. NO SE ADMITEN FOTOGRAFIAS.<\/p>\n\n\n\n<p>Se identificar\u00e1 el alumno con nombre y apellidos. <\/p>\n\n\n\n<p>Al <strong>final de cada\npregunta<\/strong> el alumno indicar\u00e1 la \u00fanica respuesta que considera v\u00e1lida: <strong>A, B, C, o D<\/strong>. En ning\u00fan caso tachar\u00e1,\nredactar\u00e1, ni modificar\u00e1 el formato del examen, salvo nombre y opci\u00f3n correcta.<\/p>\n\n\n\n<p>Correo\nde consultas, emisi\u00f3n y devoluci\u00f3n del Ejercicio.<\/p>\n\n\n\n<p>Alejandro\nL\u00f3pez Martin <\/p>\n\n\n\n<p><a href=\"mailto:alejandro.lopez.online@smbosque.es\" target=\"_blank\" rel=\"noreferrer noopener\">alejandro.lopez.online@smbosque.es<\/a> <\/p>\n\n\n\n<p class=\"has-text-color has-vivid-red-color\">&#8230;&#8230;&#8230;&#8230;&#8230;&#8230;&#8230;&#8230;&#8230;&#8230;&#8230;&#8230;&#8230;&#8230;&#8230;&#8230;&#8230;&#8230;&#8230;&#8230;&#8230;&#8230;&#8230;&#8230;&#8230;&#8230;&#8230;&#8230;&#8230;&#8230;&#8230;&#8230;&#8230;&#8230;&#8230;&#8230;&#8230;&#8230;&#8230;&#8230;&#8230;&#8230;&#8230;&#8230;&#8230;&#8230;&#8230;&#8230;.<\/p>\n\n\n\n<p><\/p>\n\n\n\n<p><strong>IMPORTANTE: COMUNICACI\u00d3N DE TAREAS Y EJERCICIOS.<\/strong><\/p>\n\n\n\n<p>Los\ncomunicados de los contenidos de las sesiones ir\u00e1n apareciendo en el <strong>orden temporal que tendr\u00edan en un horario\nlectivo normal<\/strong>.<\/p>\n\n\n\n<p>Las\ndudas o distintas cuestiones que se planteen se solucionar\u00e1n, de forma general,\nen el desarrollo de las entradas del blog o en las p\u00e1ginas respectivas de cada\nnivel (zona superior del blog) o en correo personal si fuera necesario y\nposible.<\/p>\n\n\n\n<p><strong>Las\ntareas y ejercicios las pod\u00e9is mandar con fotograf\u00edas del trabajo realizado al\ncorreo:<\/strong><\/p>\n\n\n\n<figure class=\"wp-block-table\"><table><tbody><tr><td>\n  &nbsp;\n  Alejandro L\u00f3pez<br>\n  alejandro.lopez.online@smbosque.es\n  <\/td><\/tr><\/tbody><\/table><\/figure>\n\n\n\n<p><strong>Las\ndudas: Blog: (Mediante los comentarios) o a la direcci\u00f3n de correos:<\/strong><\/p>\n\n\n\n<figure class=\"wp-block-table\"><table><tbody><tr><td>\n  <a href=\"https:\/\/blogs.smbosque.es\/cienciasnaturales\/\">https:\/\/blogs.smbosque.es\/cienciasnaturales\/<\/a>\n  <\/td><\/tr><tr><td>\n  &nbsp;\n  Alejandro\n  L\u00f3pez<br>\n  alejandro.lopez.online@smbosque.es\n  <\/td><\/tr><\/tbody><\/table><\/figure>\n\n\n\n<p>Cualquier\nmodificaci\u00f3n del modo de comunicarnos se os trasladar\u00e1 por el blog o de forma\ngeneral por la p\u00e1gina del colegio, as\u00ed como cualquier modificaci\u00f3n de correos\nelectr\u00f3nicos.<\/p>\n\n\n\n<p>Contin\u00faa\ntotalmente vigente el sistema de realizaci\u00f3n de tareas para su control y\naclaraciones en el transcurso de la publicaci\u00f3n de las sesiones en el blog.<\/p>\n\n\n\n<p>Os\nsolicito la m\u00e1xima difusi\u00f3n a todos los compa\u00f1eros, para facilitar que todos\ncontinuemos avanzando.<\/p>\n\n\n\n<p><strong><em>Proyecto \u00abConfeccionar un peri\u00f3dico\u00bb<\/em><\/strong><\/p>\n\n\n\n<p>La participaci\u00f3n en el Periodico que se confecciona en la asignatura de Lengua queda temporalmente detenida.<\/p>\n\n\n\n<p>Os pido que si alg\u00fan grupo recopil\u00f3 los inventos que quer\u00edan trabajar, no elimine el material, para cuando volvamos a las aulas.<\/p>\n\n\n\n<p>Gracias.<\/p>\n","protected":false},"excerpt":{"rendered":"<p>Tercero Ense\u00f1anza Secundaria Obligatoria BIOLOG\u00cdA Y GEOLOG\u00cdA 3\u00ba ESO: CONVOCATORIA ORDINARIA. Mi\u00e9rcoles 27 de Mayo (12:00 hr). FINALIZADO. PRIMERA EVALUACI\u00d3N: Temas 1, 2, 3 y 4. SEGUNDA EVALUACI\u00d3N: Temas 5, 6, 7 y 8. TERCERA EVALUACI\u00d3N: Temas 10, 11 y &hellip; <a href=\"https:\/\/blogs.smbosque.es\/cienciasnaturales\/actualidad\/\">Sigue leyendo <span class=\"meta-nav\">&rarr;<\/span><\/a><\/p>\n","protected":false},"author":33,"featured_media":0,"parent":0,"menu_order":0,"comment_status":"open","ping_status":"open","template":"","meta":{"footnotes":""},"class_list":["post-209","page","type-page","status-publish","hentry"],"_links":{"self":[{"href":"https:\/\/blogs.smbosque.es\/cienciasnaturales\/wp-json\/wp\/v2\/pages\/209","targetHints":{"allow":["GET"]}}],"collection":[{"href":"https:\/\/blogs.smbosque.es\/cienciasnaturales\/wp-json\/wp\/v2\/pages"}],"about":[{"href":"https:\/\/blogs.smbosque.es\/cienciasnaturales\/wp-json\/wp\/v2\/types\/page"}],"author":[{"embeddable":true,"href":"https:\/\/blogs.smbosque.es\/cienciasnaturales\/wp-json\/wp\/v2\/users\/33"}],"replies":[{"embeddable":true,"href":"https:\/\/blogs.smbosque.es\/cienciasnaturales\/wp-json\/wp\/v2\/comments?post=209"}],"version-history":[{"count":23,"href":"https:\/\/blogs.smbosque.es\/cienciasnaturales\/wp-json\/wp\/v2\/pages\/209\/revisions"}],"predecessor-version":[{"id":1483,"href":"https:\/\/blogs.smbosque.es\/cienciasnaturales\/wp-json\/wp\/v2\/pages\/209\/revisions\/1483"}],"wp:attachment":[{"href":"https:\/\/blogs.smbosque.es\/cienciasnaturales\/wp-json\/wp\/v2\/media?parent=209"}],"curies":[{"name":"wp","href":"https:\/\/api.w.org\/{rel}","templated":true}]}}