{"id":904,"date":"2020-03-14T10:43:17","date_gmt":"2020-03-14T10:43:17","guid":{"rendered":"http:\/\/blogs.smbosque.es\/cienciasnaturales\/?page_id=904"},"modified":"2020-06-04T12:03:35","modified_gmt":"2020-06-04T10:03:35","slug":"1o-pmar","status":"publish","type":"page","link":"https:\/\/blogs.smbosque.es\/cienciasnaturales\/1o-pmar\/","title":{"rendered":"1\u00ba PMAR"},"content":{"rendered":"\n<p><strong>\u00c1mbito Cient\u00edfico Matem\u00e1tico.<\/strong><\/p>\n\n\n\n<p class=\"has-text-color has-background has-vivid-red-color has-cyan-bluish-gray-background-color\"><strong>\u00c1MBITO CIENT\u00cdFICO-MATEM\u00c1TICO. BIOLOG\u00cdA, QU\u00cdMICA y <em>F\u00cdSICA 1\u00ba PMAR:<\/em> <strong>CONVOCATORIA ORDINARIA<\/strong>. <\/strong>Miercoles 28 de Mayo (16:00 hr). <strong><em>FINALIZADO.<\/em><\/strong><\/p>\n\n\n\n<p><strong>PRIMERA EVALUACI\u00d3N: Tema<\/strong> 9<\/p>\n\n\n\n<p><strong>SEGUNDA EVALUACI\u00d3N: Temas 6 y 10.<\/strong><\/p>\n\n\n\n<p><strong>TERCERA EVALUACI\u00d3N: Temas<\/strong> <strong>7 y 8.<\/strong><\/p>\n\n\n\n<p class=\"has-text-color has-background has-vivid-red-color has-pale-cyan-blue-background-color\"><strong>\u00c1MBITO CIENT\u00cdFICO-MATEM\u00c1TICO.<\/strong> <em><strong>MATEM\u00c1TICAS 1<\/strong><\/em><strong>\u00ba PMAR: CONVOCATORIA ORDINARIA. <\/strong>Martes 26 de Mayo (16:00 hr). <strong><em>FINALIZADO.<\/em><\/strong><\/p>\n\n\n\n<p><strong>PRIMERA EVALUACI\u00d3N: Temas 1 y 2, hasta la p\u00e1gina 49, ejercicios incluidos.<\/strong><\/p>\n\n\n\n<p><strong>SEGUNDA EVALUACI\u00d3N: Temas 2, desde la p\u00e1gina 50, hasta el Tema 3, p\u00e1gina 99, ejercicios incluidos<\/strong><\/p>\n\n\n\n<p><strong>TERCERA EVALUACI\u00d3N: Temas<\/strong> <strong>3 desde la p\u00e1gina 100, hasta el tema 4, p\u00e1gina 127, ejercicios incluidos.<\/strong><\/p>\n\n\n\n<p class=\"has-text-color has-background has-vivid-red-color has-cyan-bluish-gray-background-color\"><strong><em>VALORACION DE TERCERA EVALUACI\u00d3N.<\/em><\/strong><\/p>\n\n\n\n<p>Recordaros que del valor del <strong>20%, que comunic\u00f3 el Centro para la tercera evaluaci\u00f3n sobre la nota final,<\/strong> en el Ambito Cient\u00edfico Matem\u00e1tico, un <strong>10% vendr\u00e1 representado por los Controles<\/strong> que se realicen y el otro <strong>10% estar\u00e1 representado por la valoraci\u00f3n de la realizaci\u00f3n y entrega de tareas <\/strong>de las sesiones semanales.<\/p>\n\n\n\n<p class=\"has-text-color has-background has-vivid-red-color has-light-green-cyan-background-color\"><strong><em>IMPORTANTE: COMUNICACI\u00d3N DE TAREAS Y EJERCICIOS: <\/em>HASTA EL 17 DE MAYO SE PODR\u00c1N MANDAR LAS REALIZADAS EN LAS SESIONES ANTERIORES, <em><u>SIENDO ESTA LA FECHA TOPE DE ENTREGA PARA TODOS LOS GRUPOS.<\/u><\/em><\/strong><strong><em>Las sucesivas tareas que se soliciten, despu\u00e9s del 17 de Mayo, deber\u00e1n de entregarse en plazo de 1 o 2 d\u00edas en todos los grupos, dada la proximidad del periodo de evaluaci\u00f3n.<\/em><\/strong><\/p>\n\n\n\n<p class=\"has-text-color has-background has-vivid-red-color has-cyan-bluish-gray-background-color\"><strong>\u00c1MBITO CIENT\u00cdFICO-MATEM\u00c1TICO. <em>F\u00cdSICA 1\u00aa PMAR:<\/em> TERCERA EVALUACI\u00d3N.<\/strong> Lunes 18 de Mayo (15:00 hr). <strong><em>FINALIZADO<\/em>.<\/strong><\/p>\n\n\n\n<p><strong>Temas que entran en el examen: 7 y 8.<\/strong><\/p>\n\n\n\n<p>Examen de <strong>15 preguntas test<\/strong>: cada error descuenta \u00bc de una pregunta correcta.<\/p>\n\n\n\n<p>Por correo electr\u00f3nico <strong>se recibir\u00e1 el examen (15 hr.),<\/strong> en <strong>formato Word, se realizar\u00e1 en el ordenador y se devolver\u00e1 el archivo&nbsp; al correo del profesor, antes de las (15:55 hr.) <\/strong>tiempo consensuado con los alumnos como suficiente. <strong><em><u>El alumno estar\u00e1 conectado por videoconferencia.<\/u><\/em><\/strong> <\/p>\n\n\n\n<p>En el <strong>caso de disponer solo de fotograf\u00edas, se fotografiar\u00e1 una plantilla del 1 al 15 con las opciones elegidas y los <em>c\u00e1lculos matem\u00e1ticos necesarios,<\/em> de forma clara y legible, y se enviar\u00e1<\/strong> <strong>al correo mencionado.<\/strong><\/p>\n\n\n\n<p>Se identificar\u00e1 el alumno con nombre y apellidos y el ejercicio.<\/p>\n\n\n\n<p>Al <strong>final de cada pregunta<\/strong> el alumno indicar\u00e1 la \u00fanica respuesta que considera v\u00e1lida: <strong>A, B, C, o D<\/strong>. En ning\u00fan caso tachar\u00e1, redactar\u00e1, ni modificar\u00e1 el formato del examen, salvo nombre y opci\u00f3n correcta.<\/p>\n\n\n\n<p>Correo de consultas, emisi\u00f3n y devoluci\u00f3n del Ejercicio.<\/p>\n\n\n\n<p>Alejandro L\u00f3pez Martin<\/p>\n\n\n\n<p><a href=\"mailto:alejandro.lopez.online@smbosque.es\" target=\"_blank\" rel=\"noreferrer noopener\">alejandro.lopez.online@smbosque.es<\/a><\/p>\n\n\n\n<p class=\"has-text-color has-background has-vivid-red-color has-vivid-cyan-blue-background-color\"><strong>\u00c1MBITO CIENT\u00cdFICO-MATEM\u00c1TICO.<\/strong> <em><strong>MATEM\u00c1TICAS 1\u00aa<\/strong><\/em><strong> PMAR: TERCERA EVALUACI\u00d3N.<\/strong> Mi\u00e9rcoles 13 de Mayo (15:00 hr). <em><strong>FINALIZADO<\/strong><\/em><\/p>\n\n\n\n<p>Contenidos que entran en el Ejercicio de Tercera Evaluaci\u00f3n: Desde la <strong>p\u00e1gina 100<\/strong>, en el <strong>punto 11 de Escalas,<\/strong> hasta la&nbsp; <strong>p\u00e1gina 125 en el punto 4 de Sistemas de Ecuaciones, incluida.: (Mirar sesiones en el Blog).<\/strong><\/p>\n\n\n\n<p><strong>&#8211;<\/strong><strong> P\u00e1gina 100: Escalas y sus ejercicios.<\/strong><\/p>\n\n\n\n<p><strong>&#8211; P\u00e1ginas 112 y 113: Polinomios y sus ejercicios.<\/strong><\/p>\n\n\n\n<p><strong>&#8211; P\u00e1ginas 116 y 117: Ecuaciones de primer grado y sus ejercicios.<\/strong><\/p>\n\n\n\n<p><strong>&#8211; P\u00e1ginas 120 y 121: Ecuaciones de segundo grado y sus ejercicios.<\/strong><\/p>\n\n\n\n<p><strong>&#8211; P\u00e1ginas 124 y 125: Sistemas de Ecuaciones y sus ejercicios.<\/strong><\/p>\n\n\n\n<p>Examen de <strong>10 Ejercicios,<\/strong> durante el cual, <strong>el alumno deber\u00e1 estar conectado por VIDEOCONFERENCIA CON EL PROFESOR.<\/strong><\/p>\n\n\n\n<p>Por correo electr\u00f3nico se <strong>recibir\u00e1 el examen (15 hr.)<\/strong> en formato Word, se realizar\u00e1n las soluciones a los ejercicios en folio en blanco, <strong>indicando de forma clara y legible <\/strong>el <strong><em><u>ejercicio de tercera evaluaci\u00f3n, la fecha, el nombre del alumno y los ejercicios, con los procesos matem\u00e1ticos para su resoluci\u00f3n.<\/u><\/em><\/strong><\/p>\n\n\n\n<p><strong>S<\/strong><strong>e devolver\u00e1n las respuestas, bien de forma escaneada o por fotograf\u00edas de los folios, debidamente identificados y de forma legible, utilizados para las soluciones, antes de las (16:15 hr.)<\/strong>.<\/p>\n\n\n\n<p><strong>Se identificar\u00e1 el alumno con nombre y apellidos y los ejercicios con sus soluciones de forma legible.<\/strong><\/p>\n\n\n\n<p>Correo de consultas, emisi\u00f3n y devoluci\u00f3n del Ejercicio.<\/p>\n\n\n\n<p>Alejandro L\u00f3pez Martin<\/p>\n\n\n\n<p><a href=\"mailto:alejandro.lopez.online@smbosque.es\" target=\"_blank\" rel=\"noreferrer noopener\">alejandro.lopez.online@smbosque.es<\/a><\/p>\n\n\n\n<p class=\"has-text-color has-background has-vivid-red-color has-pale-cyan-blue-background-color\"><strong>RECUPERACION DE LA 2\u00aa EVALUACI\u00d3N 1\u00ba DE PMAR. \u00c1MBITO CIENT\u00cdFICO MATEM\u00c1TICO.          <em>FINALIZADO<\/em><\/strong><\/p>\n\n\n\n<p class=\"has-text-color has-background has-vivid-red-color has-light-green-cyan-background-color\"><strong>&nbsp;1.1&nbsp; Matem\u00e1ticas:<\/strong> Lunes 27.     <strong><em>FINALIZADO<\/em><\/strong><\/p>\n\n\n\n<p>Contenidos que entran en el examen: Desde la <strong>p\u00e1gina 50<\/strong>, en el <strong>punto 4 de N\u00fameros decimales<\/strong> hasta la&nbsp; <strong>p\u00e1gina\n98 en el punto 10 de semejanza, incluida.<\/strong><\/p>\n\n\n\n<p>Examen de <strong>10 preguntas test<\/strong>: cada error descuenta \u00bc de una pregunta correcta.<\/p>\n\n\n\n<p>Por correo electr\u00f3nico se <strong>recibir\u00e1 el examen (15 hr.),<\/strong> en formato Word, se realizar\u00e1 en el ordenador y <strong>se devolver\u00e1 el archivo&nbsp; al correo del profesor, antes de las (16:15 hr.)<\/strong> tiempo consensuado con los alumnos como suficiente. Se admitir\u00e1n fotograf\u00edas de los procesos matem\u00e1ticos debidamente identificados y legibles. El examen que debe de enviarse como se indica,  en el caso de disponer solo de fotografias, se fotografiar\u00e1 tambien una plantilla del 1 al 10 con las opciones elegidas y se enviar\u00e1 al correo mencionado.<\/p>\n\n\n\n<p>Se identificar\u00e1 el alumno con nombre y apellidos. <\/p>\n\n\n\n<p>Al <strong>final de cada\npregunta<\/strong> el alumno indicar\u00e1 la \u00fanica respuesta que considera v\u00e1lida: <strong>A, B, C, o D<\/strong>. En ning\u00fan caso tachar\u00e1,\nredactar\u00e1, ni modificar\u00e1 el formato del examen, salvo nombre y opci\u00f3n correcta.<\/p>\n\n\n\n<p>Correo\nde consultas, emisi\u00f3n y devoluci\u00f3n del Ejercicio.<\/p>\n\n\n\n<p>Alejandro\nL\u00f3pez Martin <\/p>\n\n\n\n<p><a href=\"mailto:alejandro.lopez.online@smbosque.es\" target=\"_blank\" rel=\"noreferrer noopener\">alejandro.lopez.online@smbosque.es<\/a> <\/p>\n\n\n\n<p class=\"has-text-color has-background has-vivid-red-color has-light-green-cyan-background-color\"><strong>1.2 &nbsp;Biolog\u00eda y F\u00edsica:<\/strong> el Mi\u00e9rcoles 29.    <strong><em>FINALIZADO<\/em><\/strong><\/p>\n\n\n\n<p><strong>Tema que entran en el\nexamen: 6 y 10.<\/strong><\/p>\n\n\n\n<p>Examen de <strong>15 preguntas test<\/strong>: cada error descuenta \u00bc de una pregunta correcta.<\/p>\n\n\n\n<p>Por correo electr\u00f3nico <strong>se recibir\u00e1 el examen (15 hr.),<\/strong> en <strong>formato Word, se realizar\u00e1 en el ordenador y se devolver\u00e1 el archivo&nbsp; al correo del profesor, antes de las (16 hr.) <\/strong>tiempo consensuado con los alumnos como suficiente. El examen que debe de enviarse como se indica, en el caso de disponer solo de fotografias, se fotografiar\u00e1 una plantilla del 1 al 15 con las opciones elegidas y se enviar\u00e1 al correo mencionado.<\/p>\n\n\n\n<p>Se identificar\u00e1 el alumno con nombre y apellidos. <\/p>\n\n\n\n<p>Al <strong>final de cada\npregunta<\/strong> el alumno indicar\u00e1 la \u00fanica respuesta que considera v\u00e1lida: <strong>A, B, C, o D<\/strong>. En ning\u00fan caso tachar\u00e1,\nredactar\u00e1, ni modificar\u00e1 el formato del examen, salvo nombre y opci\u00f3n correcta.<\/p>\n\n\n\n<p>Correo\nde consultas, emisi\u00f3n y devoluci\u00f3n del Ejercicio.<\/p>\n\n\n\n<p>Alejandro\nL\u00f3pez Martin <\/p>\n\n\n\n<p><a href=\"mailto:alejandro.lopez.online@smbosque.es\" target=\"_blank\" rel=\"noreferrer noopener\">alejandro.lopez.online@smbosque.es<\/a> <\/p>\n\n\n\n<p class=\"has-text-color has-vivid-red-color\">&#8212;&#8212;&#8212;&#8212;&#8212;&#8212;&#8212;&#8212;&#8212;&#8212;&#8212;&#8212;&#8212;&#8212;&#8212;&#8212;&#8212;&#8212;&#8212;&#8212;&#8212;&#8212;&#8212;&#8212;&#8212;&#8212;&#8212;&#8212;&#8212;&#8212;&#8212;&#8212;&#8212;&#8212;&#8212;&#8212;&#8212;&#8212;&#8211;<\/p>\n\n\n\n<p><strong>IMPORTANTE: COMUNICACI\u00d3N DE TAREAS Y EJERCICIOS.<\/strong><\/p>\n\n\n\n<p>Los\ncomunicados de los contenidos de las sesiones ir\u00e1n apareciendo en el <strong>orden temporal que tendr\u00edan en un horario\nlectivo normal<\/strong>.<\/p>\n\n\n\n<p>Las\ndudas o distintas cuestiones que se planteen se solucionar\u00e1n, de forma general,\nen el desarrollo de las entradas del blog o en las p\u00e1ginas respectivas de cada\nnivel (zona superior del blog) o en correo personal si fuera necesario y\nposible.<\/p>\n\n\n\n<p><strong>Las\ntareas y ejercicios las pod\u00e9is mandar con fotograf\u00edas del trabajo realizado al\ncorreo:<\/strong><\/p>\n\n\n\n<figure class=\"wp-block-table\"><table><tbody><tr><td>\n  &nbsp;\n  Alejandro L\u00f3pez<br>\n  alejandro.lopez.online@smbosque.es\n  <\/td><\/tr><\/tbody><\/table><\/figure>\n\n\n\n<p><strong>Las\ndudas: Blog: (Mediante los comentarios) o a la direcci\u00f3n de correos:<\/strong><\/p>\n\n\n\n<figure class=\"wp-block-table\"><table><tbody><tr><td>\n  <a href=\"https:\/\/blogs.smbosque.es\/cienciasnaturales\/\">https:\/\/blogs.smbosque.es\/cienciasnaturales\/<\/a>\n  <\/td><\/tr><tr><td>\n  &nbsp;\n  Alejandro\n  L\u00f3pez<br>\n  alejandro.lopez.online@smbosque.es\n  <\/td><\/tr><\/tbody><\/table><\/figure>\n\n\n\n<p>Cualquier\nmodificaci\u00f3n del modo de comunicarnos se os trasladar\u00e1 por el blog o de forma\ngeneral por la p\u00e1gina del colegio, as\u00ed como cualquier modificaci\u00f3n de correos\nelectr\u00f3nicos.<\/p>\n\n\n\n<p>Contin\u00faa\ntotalmente vigente el sistema de realizaci\u00f3n de tareas para su control y\naclaraciones en el transcurso de la publicaci\u00f3n de las sesiones en el blog.<\/p>\n\n\n\n<p>Os\nsolicito la m\u00e1xima difusi\u00f3n a todos los compa\u00f1eros, para facilitar que todos\ncontinuemos avanzando.<\/p>\n","protected":false},"excerpt":{"rendered":"<p>\u00c1mbito Cient\u00edfico Matem\u00e1tico. \u00c1MBITO CIENT\u00cdFICO-MATEM\u00c1TICO. BIOLOG\u00cdA, QU\u00cdMICA y F\u00cdSICA 1\u00ba PMAR: CONVOCATORIA ORDINARIA. Miercoles 28 de Mayo (16:00 hr). FINALIZADO. PRIMERA EVALUACI\u00d3N: Tema 9 SEGUNDA EVALUACI\u00d3N: Temas 6 y 10. TERCERA EVALUACI\u00d3N: Temas 7 y 8. \u00c1MBITO CIENT\u00cdFICO-MATEM\u00c1TICO. MATEM\u00c1TICAS 1\u00ba &hellip; <a href=\"https:\/\/blogs.smbosque.es\/cienciasnaturales\/1o-pmar\/\">Sigue leyendo <span class=\"meta-nav\">&rarr;<\/span><\/a><\/p>\n","protected":false},"author":33,"featured_media":0,"parent":0,"menu_order":0,"comment_status":"closed","ping_status":"closed","template":"","meta":{"footnotes":""},"class_list":["post-904","page","type-page","status-publish","hentry"],"_links":{"self":[{"href":"https:\/\/blogs.smbosque.es\/cienciasnaturales\/wp-json\/wp\/v2\/pages\/904","targetHints":{"allow":["GET"]}}],"collection":[{"href":"https:\/\/blogs.smbosque.es\/cienciasnaturales\/wp-json\/wp\/v2\/pages"}],"about":[{"href":"https:\/\/blogs.smbosque.es\/cienciasnaturales\/wp-json\/wp\/v2\/types\/page"}],"author":[{"embeddable":true,"href":"https:\/\/blogs.smbosque.es\/cienciasnaturales\/wp-json\/wp\/v2\/users\/33"}],"replies":[{"embeddable":true,"href":"https:\/\/blogs.smbosque.es\/cienciasnaturales\/wp-json\/wp\/v2\/comments?post=904"}],"version-history":[{"count":23,"href":"https:\/\/blogs.smbosque.es\/cienciasnaturales\/wp-json\/wp\/v2\/pages\/904\/revisions"}],"predecessor-version":[{"id":1486,"href":"https:\/\/blogs.smbosque.es\/cienciasnaturales\/wp-json\/wp\/v2\/pages\/904\/revisions\/1486"}],"wp:attachment":[{"href":"https:\/\/blogs.smbosque.es\/cienciasnaturales\/wp-json\/wp\/v2\/media?parent=904"}],"curies":[{"name":"wp","href":"https:\/\/api.w.org\/{rel}","templated":true}]}}