{"id":1207,"date":"2022-11-11T12:56:42","date_gmt":"2022-11-11T11:56:42","guid":{"rendered":"https:\/\/blogs.smbosque.es\/fidelsmb\/?page_id=1207"},"modified":"2022-11-11T12:56:42","modified_gmt":"2022-11-11T11:56:42","slug":"libre-cad","status":"publish","type":"page","link":"https:\/\/blogs.smbosque.es\/fidelsmb\/libre-cad\/","title":{"rendered":"Libre CAD"},"content":{"rendered":"\n<p>LibreCAD es una aplicaci\u00f3n inform\u00e1tica de c\u00f3digo libre de dise\u00f1o asistido por computadora para dise\u00f1o 2D. Funciona en los sistemas operativos Microsoft Windows, MacOS, GNU\/Linux, y Solaris. LibreCAD fue desarrollado a partir de un fork de QCad Community Edition.<\/p>\n\n\n\n<p><a href=\"https:\/\/librecad.org\/\">https:\/\/librecad.org\/<\/a><\/p>\n\n\n\n<p><\/p>\n\n\n\n<p>Manual Libre CAD:<\/p>\n\n\n\n<p><a href=\"https:\/\/arquirequisitoeninformatica.files.wordpress.com\/2018\/02\/u2-area.pdf\">https:\/\/arquirequisitoeninformatica.files.wordpress.com\/2018\/02\/u2-area.pdf<\/a><\/p>\n","protected":false},"excerpt":{"rendered":"<p>LibreCAD es una aplicaci\u00f3n inform\u00e1tica de c\u00f3digo libre de dise\u00f1o asistido por computadora para dise\u00f1o 2D. Funciona en los sistemas operativos Microsoft Windows, MacOS, GNU\/Linux, y Solaris. LibreCAD fue desarrollado a partir de un fork de QCad Community Edition. https:\/\/librecad.org\/ &hellip; <a href=\"https:\/\/blogs.smbosque.es\/fidelsmb\/libre-cad\/\">Sigue leyendo <span class=\"meta-nav\">&rarr;<\/span><\/a><\/p>\n","protected":false},"author":40,"featured_media":0,"parent":0,"menu_order":0,"comment_status":"closed","ping_status":"closed","template":"","meta":{"footnotes":""},"class_list":["post-1207","page","type-page","status-publish","hentry"],"_links":{"self":[{"href":"https:\/\/blogs.smbosque.es\/fidelsmb\/wp-json\/wp\/v2\/pages\/1207","targetHints":{"allow":["GET"]}}],"collection":[{"href":"https:\/\/blogs.smbosque.es\/fidelsmb\/wp-json\/wp\/v2\/pages"}],"about":[{"href":"https:\/\/blogs.smbosque.es\/fidelsmb\/wp-json\/wp\/v2\/types\/page"}],"author":[{"embeddable":true,"href":"https:\/\/blogs.smbosque.es\/fidelsmb\/wp-json\/wp\/v2\/users\/40"}],"replies":[{"embeddable":true,"href":"https:\/\/blogs.smbosque.es\/fidelsmb\/wp-json\/wp\/v2\/comments?post=1207"}],"version-history":[{"count":1,"href":"https:\/\/blogs.smbosque.es\/fidelsmb\/wp-json\/wp\/v2\/pages\/1207\/revisions"}],"predecessor-version":[{"id":1209,"href":"https:\/\/blogs.smbosque.es\/fidelsmb\/wp-json\/wp\/v2\/pages\/1207\/revisions\/1209"}],"wp:attachment":[{"href":"https:\/\/blogs.smbosque.es\/fidelsmb\/wp-json\/wp\/v2\/media?parent=1207"}],"curies":[{"name":"wp","href":"https:\/\/api.w.org\/{rel}","templated":true}]}}