{"id":317,"date":"2016-09-12T19:29:44","date_gmt":"2016-09-12T17:29:44","guid":{"rendered":"http:\/\/blogs.smbosque.es\/fidelsmb\/?page_id=317"},"modified":"2020-03-19T13:52:02","modified_gmt":"2020-03-19T12:52:02","slug":"resumen-programacion-2o-eso","status":"publish","type":"page","link":"https:\/\/blogs.smbosque.es\/fidelsmb\/resumen-programacion-2o-eso\/","title":{"rendered":"Resumen programaci\u00f3n 2\u00ba ESO"},"content":{"rendered":"\n<p>Anexo 2\u00ba ESO<\/p>\n\n\n\n<p>En cumplimiento de la ORDEN 338\/2020, de 9 de marzo, de la\nConsejer\u00eda de Sanidad, por la que se adoptan medidas preventivas y\nrecomendaciones de salud p\u00fablica en la Comunidad de Madrid como consecuencia de\nla situaci\u00f3n y evoluci\u00f3n del coronavirus (COVID-19).<\/p>\n\n\n\n<figure class=\"wp-block-table\"><table class=\"\"><tbody><tr><td>\n  Curso\n  <\/td><td>\n  2\u00ba ESO. Grupos A, B y C y 1\u00ba PMAR\n  <\/td><\/tr><tr><td>\n  Periodo de actuaci\u00f3n\n  <\/td><td>\n  del 16 al 27 de Marzo.\n  <\/td><\/tr><\/tbody><\/table><\/figure>\n\n\n\n<p>Durante\nel periodo de actuaci\u00f3n el presente documento complementa y en su caso,\nmodifica la programaci\u00f3n para el curso de 1\u00ba ESO 2019\/2020, en los siguientes\napartados: <\/p>\n\n\n\n<p>M\u00e9todos\nde evaluaci\u00f3n: <\/p>\n\n\n\n<ul class=\"wp-block-list\"><li>Lectura del libro de texto: Se dar\u00e1 a conocer a\nlos alumnos y a sus familias mediante email y entradas en el blog de la\nmateria, los temas o p\u00e1ginas del libro de texto de la asignatura que los\nalumnos deben leer y comprender. Se evaluar\u00e1 dicha lectura mediante un\ncuestionario online de Google.<\/li><li>Actividades pr\u00e1cticas: Se dar\u00e1 a conocer a los\nalumnos y a sus familias mediante email y entradas en el blog de la materia,\nlos ejercicios pr\u00e1cticos que los alumnos deben realizar y enviar por email al\nprofesor.<\/li><li>Actividades voluntarias:&nbsp; Se dar\u00e1 a conocer a los alumnos y a sus\nfamilias mediante email y entradas en el blog de la materia, los ejercicios de\ncar\u00e1cter voluntario para complementar la nota de valuaci\u00f3n<\/li><\/ul>\n\n\n\n<p>Criterios\nde calificaci\u00f3n<\/p>\n\n\n\n<ul class=\"wp-block-list\"><li>Lecturas del libro de texto: se otorga un 30%\ndel total de la nota de evaluaci\u00f3n.<\/li><li>Actividades pr\u00e1cticas: se otorga un 60% del\ntotal de la nota de evaluaci\u00f3n.<\/li><li>Actividades voluntarias: pueden subir hasta un\npunto la nota total de evaluaci\u00f3n. <\/li><\/ul>\n\n\n\n<p>Metodolog\u00eda<\/p>\n\n\n\n<p>Debido al car\u00e1cter excepcional del estado de reclusi\u00f3n, los\nmedios utilizados para la comunicaci\u00f3n alumno\/profesor ser\u00e1n los siguientes:<\/p>\n\n\n\n<ul class=\"wp-block-list\"><li>Correo electr\u00f3nico: El profesor, los alumnos y\nsus familias podr\u00e1n ponerse en contacto con el profesor en la siguiente\ndirecci\u00f3n de email: <a href=\"mailto:fidel.garcia.online@smbosque.es\">fidel.garcia.online@smbosque.es<\/a>\n<\/li><li>Blog de la asignatura: con direcci\u00f3n blogs.smbosque.es\/fidelsmb\nse usar\u00e1 para dar las instrucciones y los recursos did\u00e1cticos que el alumno\nnecesite para la realizaci\u00f3n de las actividades.<\/li><\/ul>\n\n\n\n<p>Debido a la incertidumbre en la duraci\u00f3n de las clases no\npresenciales durante el periodo de cuarentena, esta modificaci\u00f3n podr\u00e1 verse\nprorrogada y actualizada durante el resto del curso escolar. &nbsp;<\/p>\n","protected":false},"excerpt":{"rendered":"<p>Anexo 2\u00ba ESO En cumplimiento de la ORDEN 338\/2020, de 9 de marzo, de la Consejer\u00eda de Sanidad, por la que se adoptan medidas preventivas y recomendaciones de salud p\u00fablica en la Comunidad de Madrid como consecuencia de la situaci\u00f3n &hellip; <a href=\"https:\/\/blogs.smbosque.es\/fidelsmb\/resumen-programacion-2o-eso\/\">Sigue leyendo <span class=\"meta-nav\">&rarr;<\/span><\/a><\/p>\n","protected":false},"author":40,"featured_media":0,"parent":0,"menu_order":0,"comment_status":"closed","ping_status":"closed","template":"","meta":{"footnotes":""},"class_list":["post-317","page","type-page","status-publish","hentry"],"_links":{"self":[{"href":"https:\/\/blogs.smbosque.es\/fidelsmb\/wp-json\/wp\/v2\/pages\/317","targetHints":{"allow":["GET"]}}],"collection":[{"href":"https:\/\/blogs.smbosque.es\/fidelsmb\/wp-json\/wp\/v2\/pages"}],"about":[{"href":"https:\/\/blogs.smbosque.es\/fidelsmb\/wp-json\/wp\/v2\/types\/page"}],"author":[{"embeddable":true,"href":"https:\/\/blogs.smbosque.es\/fidelsmb\/wp-json\/wp\/v2\/users\/40"}],"replies":[{"embeddable":true,"href":"https:\/\/blogs.smbosque.es\/fidelsmb\/wp-json\/wp\/v2\/comments?post=317"}],"version-history":[{"count":2,"href":"https:\/\/blogs.smbosque.es\/fidelsmb\/wp-json\/wp\/v2\/pages\/317\/revisions"}],"predecessor-version":[{"id":663,"href":"https:\/\/blogs.smbosque.es\/fidelsmb\/wp-json\/wp\/v2\/pages\/317\/revisions\/663"}],"wp:attachment":[{"href":"https:\/\/blogs.smbosque.es\/fidelsmb\/wp-json\/wp\/v2\/media?parent=317"}],"curies":[{"name":"wp","href":"https:\/\/api.w.org\/{rel}","templated":true}]}}