{"id":572,"date":"2019-09-26T13:39:20","date_gmt":"2019-09-26T11:39:20","guid":{"rendered":"http:\/\/blogs.smbosque.es\/fidelsmb\/?page_id=572"},"modified":"2023-05-18T19:59:45","modified_gmt":"2023-05-18T17:59:45","slug":"hojas-ejercicios-dibujo-tecnico-1","status":"publish","type":"page","link":"https:\/\/blogs.smbosque.es\/fidelsmb\/hojas-ejercicios-dibujo-tecnico-1\/","title":{"rendered":"Hojas ejercicios dibujo t\u00e9cnico 1"},"content":{"rendered":"\n<p><a href=\"https:\/\/drive.google.com\/file\/d\/0B29qV_VYGMnSM2YyNDQ3NzItNTI2Mi00NWM0LTk5NWEtYWQ5ZDhlYjkyNjFj\/view?usp=sharing\">1.12 Trazado de paralelas y perpendiculares.<\/a><\/p>\n\n\n\n<p><a href=\"https:\/\/drive.google.com\/file\/d\/0B29qV_VYGMnSYmJlMTNiNWEtZTdhYS00NTNmLTk5OGMtYTViOGY1YmYwMTFk\/view?usp=sharing\">1.21 Teorema de Thales.<\/a><\/p>\n\n\n\n<p><a href=\"https:\/\/drive.google.com\/file\/d\/0B29qV_VYGMnSYTg1YWU1ZTQtYWRlMy00MGFmLWJlZGItMDVjODAxYmU4ODQ1\/view?usp=sharing\">1.15 Lugares geom\u00e9tricos.<\/a><\/p>\n\n\n\n<p><a href=\"https:\/\/drive.google.com\/file\/d\/15G6iLrN6Mk7F_e7hOJpc6CdAR1R5ThTO\/view?usp=sharing\">Tri\u00e1ngulos<\/a><\/p>\n\n\n\n<p><a href=\"https:\/\/drive.google.com\/file\/d\/1jJITCFYnu0U3HgmBzSZQlNqU-ooxHiet\/view?usp=sharing\">Cuadril\u00e1teros<\/a><\/p>\n\n\n\n<p><a href=\"https:\/\/drive.google.com\/file\/d\/1zv50ZnauCt7vSGEpUdG-lO_DR9fPVu2k\/view?usp=sharing\">Pol\u00edgonos regulares.<\/a><\/p>\n\n\n\n<p><a href=\"https:\/\/drive.google.com\/file\/d\/11pvPvr_q7DpdmHtHu0_8CiupiM6Mu5O5\/view?usp=sharing\">Transformaciones.<\/a><\/p>\n\n\n\n<p><a href=\"https:\/\/drive.google.com\/file\/d\/1mbr8Ow5yrOpbARftr3AmelrbC0ObCTS1\/view?usp=sharing\">Tangencias<\/a><\/p>\n\n\n\n<p><a href=\"https:\/\/drive.google.com\/file\/d\/1STuwLHd86qwv8AilcseeeS3D_pTv6oBl\/view?usp=sharing\">Curvas c\u00f3nicas<\/a><\/p>\n\n\n\n<p><a href=\"https:\/\/drive.google.com\/file\/d\/0B29qV_VYGMnSZDAzY2VjMzMtYWRhOC00OTI4LWI4MDEtNDQyZGVkODdhMDM5\/view?usp=sharing&amp;resourcekey=0-arP4LPuLoAji3MoxPH3aew\">di\u00e9drico: punto y recta<\/a><\/p>\n\n\n\n<p><a href=\"https:\/\/drive.google.com\/file\/d\/0B29qV_VYGMnSNDc4N2U1YWEtZDczZS00NDg4LWJkMWYtMmQ2NzQzZTM5NzY0\/view?usp=sharing&amp;resourcekey=0-2OEEas_LXrX3KCUo4KHBJQ\">di\u00e9drico: el plano (l\u00e1mina n\u00ba4)<\/a><\/p>\n\n\n\n<p><a href=\"https:\/\/drive.google.com\/file\/d\/0B29qV_VYGMnSYjNhODg4YmQtYTgxNC00YTZiLWE3OGMtMWFkZjFlYjQxMjA2\/view?usp=sharing&amp;resourcekey=0-zLjRJ-9SEbUI8RGYFk6Vtg\">di\u00e9drico: el plano (l\u00e1mina n\u00ba5)<\/a><\/p>\n\n\n\n<p><a href=\"https:\/\/drive.google.com\/file\/d\/1KCnvLSnzK71YXzgTSRR49Tyqgx827G5g\/view?usp=sharing\">Isom\u00e9trica_01<\/a><\/p>\n\n\n\n<p><a href=\"https:\/\/drive.google.com\/open?id=1S4ePFStAtK8jUfPPDEDWUUOMsXsHTypf\">Isom\u00e9trica y Caballera<\/a><\/p>\n\n\n\n<p><a href=\"https:\/\/drive.google.com\/file\/d\/1kcQq1RXc5umHk5rtT8aD4NITTA4nP04D\/view?usp=sharing\">Acotaci\u00f3n_01<\/a><\/p>\n\n\n\n<p><a href=\"https:\/\/drive.google.com\/file\/d\/1NR6uAH3dU_x1A-stg1dbUfvQtZVrNqVi\/view?usp=sharing\">Acotaci\u00f3n_02<\/a><\/p>\n\n\n\n<p><a rel=\"noreferrer noopener\" href=\"https:\/\/drive.google.com\/file\/d\/1BNsb1D9mamMbN86Ql9E1ioHq5fgEziP8\/view?usp=sharing\" target=\"_blank\">Ejercicios <\/a><a href=\"https:\/\/docs.google.com\/document\/d\/1BNsb1D9mamMbN86Ql9E1ioHq5fgEziP8\/edit?usp=sharing&amp;ouid=103726344382177992063&amp;rtpof=true&amp;sd=true\" target=\"_blank\" rel=\"noreferrer noopener\">repaso <\/a><a rel=\"noreferrer noopener\" href=\"https:\/\/drive.google.com\/file\/d\/1BNsb1D9mamMbN86Ql9E1ioHq5fgEziP8\/view?usp=sharing\" target=\"_blank\">DT 1<\/a><\/p>\n","protected":false},"excerpt":{"rendered":"<p>1.12 Trazado de paralelas y perpendiculares. 1.21 Teorema de Thales. 1.15 Lugares geom\u00e9tricos. Tri\u00e1ngulos Cuadril\u00e1teros Pol\u00edgonos regulares. Transformaciones. Tangencias Curvas c\u00f3nicas di\u00e9drico: punto y recta di\u00e9drico: el plano (l\u00e1mina n\u00ba4) di\u00e9drico: el plano (l\u00e1mina n\u00ba5) Isom\u00e9trica_01 Isom\u00e9trica y Caballera Acotaci\u00f3n_01 &hellip; <a href=\"https:\/\/blogs.smbosque.es\/fidelsmb\/hojas-ejercicios-dibujo-tecnico-1\/\">Sigue leyendo <span class=\"meta-nav\">&rarr;<\/span><\/a><\/p>\n","protected":false},"author":40,"featured_media":0,"parent":0,"menu_order":0,"comment_status":"closed","ping_status":"closed","template":"","meta":{"footnotes":""},"class_list":["post-572","page","type-page","status-publish","hentry"],"_links":{"self":[{"href":"https:\/\/blogs.smbosque.es\/fidelsmb\/wp-json\/wp\/v2\/pages\/572","targetHints":{"allow":["GET"]}}],"collection":[{"href":"https:\/\/blogs.smbosque.es\/fidelsmb\/wp-json\/wp\/v2\/pages"}],"about":[{"href":"https:\/\/blogs.smbosque.es\/fidelsmb\/wp-json\/wp\/v2\/types\/page"}],"author":[{"embeddable":true,"href":"https:\/\/blogs.smbosque.es\/fidelsmb\/wp-json\/wp\/v2\/users\/40"}],"replies":[{"embeddable":true,"href":"https:\/\/blogs.smbosque.es\/fidelsmb\/wp-json\/wp\/v2\/comments?post=572"}],"version-history":[{"count":15,"href":"https:\/\/blogs.smbosque.es\/fidelsmb\/wp-json\/wp\/v2\/pages\/572\/revisions"}],"predecessor-version":[{"id":1265,"href":"https:\/\/blogs.smbosque.es\/fidelsmb\/wp-json\/wp\/v2\/pages\/572\/revisions\/1265"}],"wp:attachment":[{"href":"https:\/\/blogs.smbosque.es\/fidelsmb\/wp-json\/wp\/v2\/media?parent=572"}],"curies":[{"name":"wp","href":"https:\/\/api.w.org\/{rel}","templated":true}]}}