{"id":619,"date":"2020-03-16T23:27:08","date_gmt":"2020-03-16T22:27:08","guid":{"rendered":"http:\/\/blogs.smbosque.es\/fidelsmb\/?page_id=619"},"modified":"2020-03-16T23:31:58","modified_gmt":"2020-03-16T22:31:58","slug":"programas","status":"publish","type":"page","link":"https:\/\/blogs.smbosque.es\/fidelsmb\/programas\/","title":{"rendered":"Sketchup"},"content":{"rendered":"\n<p><strong>SketchUp<\/strong> (anteriormente <strong>Google SketchUp<\/strong>) es un programa de  dise\u00f1o gr\u00e1fico y modelado en tres dimensiones (3D) basado en caras. Es  utilizado para el modelado de entornos de planificaci\u00f3n urbana, <a href=\"https:\/\/es.wikipedia.org\/wiki\/Arquitectura\">arquitectura<\/a>, <a href=\"https:\/\/es.wikipedia.org\/wiki\/Ingenier%C3%ADa_civil\">ingenier\u00eda civil<\/a>, <a href=\"https:\/\/es.wikipedia.org\/wiki\/Dise%C3%B1o_industrial\">dise\u00f1o industrial<\/a>, <a href=\"https:\/\/es.wikipedia.org\/wiki\/Escenograf%C3%ADa\">dise\u00f1o esc\u00e9nico<\/a>, <a href=\"https:\/\/es.wikipedia.org\/wiki\/Sistema_de_informaci%C3%B3n_geogr%C3%A1fica\">GIS<\/a>, <a href=\"https:\/\/es.wikipedia.org\/wiki\/Videojuego\">videojuegos<\/a> o <a href=\"https:\/\/es.wikipedia.org\/wiki\/Pel%C3%ADculas\">pel\u00edculas<\/a>. Es un programa desarrollado por Last Software, empresa adquirida por <a href=\"https:\/\/es.wikipedia.org\/wiki\/Google\">Google<\/a> en 2006 y posteriormente vendida a <strong>Trimble<\/strong> en 2012. (Wiki)<\/p>\n\n\n\n<p><a href=\"https:\/\/drive.google.com\/open?id=1ePmENu8B8xR1HFrUvIzXdOuxQ_5iJipb\">sketchup make 2017 64 bits <\/a><\/p>\n","protected":false},"excerpt":{"rendered":"<p>SketchUp (anteriormente Google SketchUp) es un programa de dise\u00f1o gr\u00e1fico y modelado en tres dimensiones (3D) basado en caras. Es utilizado para el modelado de entornos de planificaci\u00f3n urbana, arquitectura, ingenier\u00eda civil, dise\u00f1o industrial, dise\u00f1o esc\u00e9nico, GIS, videojuegos o pel\u00edculas. &hellip; <a href=\"https:\/\/blogs.smbosque.es\/fidelsmb\/programas\/\">Sigue leyendo <span class=\"meta-nav\">&rarr;<\/span><\/a><\/p>\n","protected":false},"author":40,"featured_media":0,"parent":0,"menu_order":0,"comment_status":"closed","ping_status":"closed","template":"","meta":{"footnotes":""},"class_list":["post-619","page","type-page","status-publish","hentry"],"_links":{"self":[{"href":"https:\/\/blogs.smbosque.es\/fidelsmb\/wp-json\/wp\/v2\/pages\/619","targetHints":{"allow":["GET"]}}],"collection":[{"href":"https:\/\/blogs.smbosque.es\/fidelsmb\/wp-json\/wp\/v2\/pages"}],"about":[{"href":"https:\/\/blogs.smbosque.es\/fidelsmb\/wp-json\/wp\/v2\/types\/page"}],"author":[{"embeddable":true,"href":"https:\/\/blogs.smbosque.es\/fidelsmb\/wp-json\/wp\/v2\/users\/40"}],"replies":[{"embeddable":true,"href":"https:\/\/blogs.smbosque.es\/fidelsmb\/wp-json\/wp\/v2\/comments?post=619"}],"version-history":[{"count":2,"href":"https:\/\/blogs.smbosque.es\/fidelsmb\/wp-json\/wp\/v2\/pages\/619\/revisions"}],"predecessor-version":[{"id":622,"href":"https:\/\/blogs.smbosque.es\/fidelsmb\/wp-json\/wp\/v2\/pages\/619\/revisions\/622"}],"wp:attachment":[{"href":"https:\/\/blogs.smbosque.es\/fidelsmb\/wp-json\/wp\/v2\/media?parent=619"}],"curies":[{"name":"wp","href":"https:\/\/api.w.org\/{rel}","templated":true}]}}