{"id":633,"date":"2020-03-18T11:34:14","date_gmt":"2020-03-18T10:34:14","guid":{"rendered":"http:\/\/blogs.smbosque.es\/fidelsmb\/?page_id=633"},"modified":"2020-04-15T18:18:04","modified_gmt":"2020-04-15T16:18:04","slug":"diario-grafico-de-la-cuarentena","status":"publish","type":"page","link":"https:\/\/blogs.smbosque.es\/fidelsmb\/diario-grafico-de-la-cuarentena\/","title":{"rendered":"Diario gr\u00e1fico de la Cuarentena del Profesor."},"content":{"rendered":"\n<p>Hola chicos en esta p\u00e1gina voy a ir colocando los dibujos que van a ir componiendo mi Diario Gr\u00e1fico de la Cuarentena. Son dibujos que voy haciendo en estos d\u00edas de reclusi\u00f3n. <\/p>\n\n\n\n<p><\/p>\n\n\n\n<figure class=\"wp-block-image size-large\"><img loading=\"lazy\" decoding=\"async\" width=\"977\" height=\"708\" src=\"https:\/\/blogs.smbosque.es\/fidelsmb\/files\/2020\/03\/17-3-2020.jpg\" alt=\"\" class=\"wp-image-634\" srcset=\"https:\/\/blogs.smbosque.es\/fidelsmb\/files\/2020\/03\/17-3-2020.jpg 977w, https:\/\/blogs.smbosque.es\/fidelsmb\/files\/2020\/03\/17-3-2020-300x217.jpg 300w, https:\/\/blogs.smbosque.es\/fidelsmb\/files\/2020\/03\/17-3-2020-768x557.jpg 768w\" sizes=\"auto, (max-width: 977px) 100vw, 977px\" \/><figcaption>Azotea y chimeneas. 17-3-2020<br><br><\/figcaption><\/figure>\n\n\n\n<figure class=\"wp-block-image size-large\"><img loading=\"lazy\" decoding=\"async\" width=\"1024\" height=\"717\" src=\"https:\/\/blogs.smbosque.es\/fidelsmb\/files\/2020\/03\/img019-1024x717.jpg\" alt=\"\" class=\"wp-image-647\" srcset=\"https:\/\/blogs.smbosque.es\/fidelsmb\/files\/2020\/03\/img019-1024x717.jpg 1024w, https:\/\/blogs.smbosque.es\/fidelsmb\/files\/2020\/03\/img019-300x210.jpg 300w, https:\/\/blogs.smbosque.es\/fidelsmb\/files\/2020\/03\/img019-768x538.jpg 768w, https:\/\/blogs.smbosque.es\/fidelsmb\/files\/2020\/03\/img019.jpg 1232w\" sizes=\"auto, (max-width: 1024px) 100vw, 1024px\" \/><figcaption>Madrid desde la azotea. 18-3-2020<\/figcaption><\/figure>\n\n\n\n<figure class=\"wp-block-image size-large\"><img loading=\"lazy\" decoding=\"async\" width=\"712\" height=\"1024\" src=\"https:\/\/blogs.smbosque.es\/fidelsmb\/files\/2020\/03\/19-3-2020-712x1024.jpg\" alt=\"\" class=\"wp-image-667\" srcset=\"https:\/\/blogs.smbosque.es\/fidelsmb\/files\/2020\/03\/19-3-2020-712x1024.jpg 712w, https:\/\/blogs.smbosque.es\/fidelsmb\/files\/2020\/03\/19-3-2020-208x300.jpg 208w, https:\/\/blogs.smbosque.es\/fidelsmb\/files\/2020\/03\/19-3-2020-768x1105.jpg 768w, https:\/\/blogs.smbosque.es\/fidelsmb\/files\/2020\/03\/19-3-2020.jpg 854w\" sizes=\"auto, (max-width: 712px) 100vw, 712px\" \/><figcaption>Anturio. 19-3-2020<\/figcaption><\/figure>\n\n\n\n<figure class=\"wp-block-image size-large\"><img loading=\"lazy\" decoding=\"async\" width=\"1024\" height=\"708\" src=\"https:\/\/blogs.smbosque.es\/fidelsmb\/files\/2020\/03\/21-3-2020-1024x708.jpg\" alt=\"\" class=\"wp-image-670\" srcset=\"https:\/\/blogs.smbosque.es\/fidelsmb\/files\/2020\/03\/21-3-2020-1024x708.jpg 1024w, https:\/\/blogs.smbosque.es\/fidelsmb\/files\/2020\/03\/21-3-2020-300x207.jpg 300w, https:\/\/blogs.smbosque.es\/fidelsmb\/files\/2020\/03\/21-3-2020-768x531.jpg 768w, https:\/\/blogs.smbosque.es\/fidelsmb\/files\/2020\/03\/21-3-2020.jpg 1267w\" sizes=\"auto, (max-width: 1024px) 100vw, 1024px\" \/><figcaption>HiFi. 21-3-2020<\/figcaption><\/figure>\n\n\n\n<figure class=\"wp-block-image size-large\"><img loading=\"lazy\" decoding=\"async\" width=\"779\" height=\"1024\" src=\"https:\/\/blogs.smbosque.es\/fidelsmb\/files\/2020\/03\/22-3-2020-779x1024.jpg\" alt=\"\" class=\"wp-image-673\" srcset=\"https:\/\/blogs.smbosque.es\/fidelsmb\/files\/2020\/03\/22-3-2020-779x1024.jpg 779w, https:\/\/blogs.smbosque.es\/fidelsmb\/files\/2020\/03\/22-3-2020-228x300.jpg 228w, https:\/\/blogs.smbosque.es\/fidelsmb\/files\/2020\/03\/22-3-2020-768x1010.jpg 768w, https:\/\/blogs.smbosque.es\/fidelsmb\/files\/2020\/03\/22-3-2020.jpg 870w\" sizes=\"auto, (max-width: 779px) 100vw, 779px\" \/><figcaption>Ventanas. 22-3-2020<\/figcaption><\/figure>\n\n\n\n<figure class=\"wp-block-image size-large\"><img loading=\"lazy\" decoding=\"async\" width=\"720\" height=\"1024\" src=\"https:\/\/blogs.smbosque.es\/fidelsmb\/files\/2020\/03\/24-3-2020-1-720x1024.jpg\" alt=\"\" class=\"wp-image-692\" srcset=\"https:\/\/blogs.smbosque.es\/fidelsmb\/files\/2020\/03\/24-3-2020-1-720x1024.jpg 720w, https:\/\/blogs.smbosque.es\/fidelsmb\/files\/2020\/03\/24-3-2020-1-211x300.jpg 211w, https:\/\/blogs.smbosque.es\/fidelsmb\/files\/2020\/03\/24-3-2020-1-768x1092.jpg 768w, https:\/\/blogs.smbosque.es\/fidelsmb\/files\/2020\/03\/24-3-2020-1.jpg 872w\" sizes=\"auto, (max-width: 720px) 100vw, 720px\" \/><figcaption>Callej\u00f3n y ropa tendida. 24-3-2020<\/figcaption><\/figure>\n\n\n\n<figure class=\"wp-block-image size-large\"><img loading=\"lazy\" decoding=\"async\" width=\"718\" height=\"1024\" src=\"https:\/\/blogs.smbosque.es\/fidelsmb\/files\/2020\/03\/25-3-2020-718x1024.jpg\" alt=\"\" class=\"wp-image-697\" srcset=\"https:\/\/blogs.smbosque.es\/fidelsmb\/files\/2020\/03\/25-3-2020-718x1024.jpg 718w, https:\/\/blogs.smbosque.es\/fidelsmb\/files\/2020\/03\/25-3-2020-210x300.jpg 210w, https:\/\/blogs.smbosque.es\/fidelsmb\/files\/2020\/03\/25-3-2020-768x1095.jpg 768w, https:\/\/blogs.smbosque.es\/fidelsmb\/files\/2020\/03\/25-3-2020.jpg 867w\" sizes=\"auto, (max-width: 718px) 100vw, 718px\" \/><figcaption>\u00c1rbol solitario. 25-3-2020<\/figcaption><\/figure>\n\n\n\n<figure class=\"wp-block-image size-large\"><img loading=\"lazy\" decoding=\"async\" width=\"718\" height=\"1024\" src=\"https:\/\/blogs.smbosque.es\/fidelsmb\/files\/2020\/03\/26-3-2020-718x1024.jpg\" alt=\"\" class=\"wp-image-699\" srcset=\"https:\/\/blogs.smbosque.es\/fidelsmb\/files\/2020\/03\/26-3-2020-718x1024.jpg 718w, https:\/\/blogs.smbosque.es\/fidelsmb\/files\/2020\/03\/26-3-2020-210x300.jpg 210w, https:\/\/blogs.smbosque.es\/fidelsmb\/files\/2020\/03\/26-3-2020-768x1095.jpg 768w, https:\/\/blogs.smbosque.es\/fidelsmb\/files\/2020\/03\/26-3-2020.jpg 867w\" sizes=\"auto, (max-width: 718px) 100vw, 718px\" \/><figcaption>While my guitar gently weeps. 26-3-2020<\/figcaption><\/figure>\n\n\n\n<figure class=\"wp-block-image size-large\"><img loading=\"lazy\" decoding=\"async\" width=\"1024\" height=\"726\" src=\"https:\/\/blogs.smbosque.es\/fidelsmb\/files\/2020\/03\/28-3-2020-1024x726.jpg\" alt=\"\" class=\"wp-image-716\" srcset=\"https:\/\/blogs.smbosque.es\/fidelsmb\/files\/2020\/03\/28-3-2020-1024x726.jpg 1024w, https:\/\/blogs.smbosque.es\/fidelsmb\/files\/2020\/03\/28-3-2020-300x213.jpg 300w, https:\/\/blogs.smbosque.es\/fidelsmb\/files\/2020\/03\/28-3-2020-768x544.jpg 768w, https:\/\/blogs.smbosque.es\/fidelsmb\/files\/2020\/03\/28-3-2020.jpg 1229w\" sizes=\"auto, (max-width: 1024px) 100vw, 1024px\" \/><figcaption> Madrid desde la azotea 2. 28-3-2020 <\/figcaption><\/figure>\n\n\n\n<figure class=\"wp-block-image size-large\"><img loading=\"lazy\" decoding=\"async\" width=\"712\" height=\"1024\" src=\"https:\/\/blogs.smbosque.es\/fidelsmb\/files\/2020\/04\/6-4-2020-712x1024.jpg\" alt=\"\" class=\"wp-image-733\" srcset=\"https:\/\/blogs.smbosque.es\/fidelsmb\/files\/2020\/04\/6-4-2020-712x1024.jpg 712w, https:\/\/blogs.smbosque.es\/fidelsmb\/files\/2020\/04\/6-4-2020-209x300.jpg 209w, https:\/\/blogs.smbosque.es\/fidelsmb\/files\/2020\/04\/6-4-2020-768x1104.jpg 768w, https:\/\/blogs.smbosque.es\/fidelsmb\/files\/2020\/04\/6-4-2020.jpg 860w\" sizes=\"auto, (max-width: 712px) 100vw, 712px\" \/><figcaption>El Barrio. 6-4-2020<\/figcaption><\/figure>\n\n\n\n<figure class=\"wp-block-image size-large\"><img loading=\"lazy\" decoding=\"async\" width=\"1024\" height=\"722\" src=\"https:\/\/blogs.smbosque.es\/fidelsmb\/files\/2020\/04\/14-4-2020-1024x722.jpg\" alt=\"\" class=\"wp-image-760\" srcset=\"https:\/\/blogs.smbosque.es\/fidelsmb\/files\/2020\/04\/14-4-2020-1024x722.jpg 1024w, https:\/\/blogs.smbosque.es\/fidelsmb\/files\/2020\/04\/14-4-2020-300x212.jpg 300w, https:\/\/blogs.smbosque.es\/fidelsmb\/files\/2020\/04\/14-4-2020-768x542.jpg 768w, https:\/\/blogs.smbosque.es\/fidelsmb\/files\/2020\/04\/14-4-2020.jpg 1242w\" sizes=\"auto, (max-width: 1024px) 100vw, 1024px\" \/><figcaption>Madrid desde la azotea 3. 14-4-2020<\/figcaption><\/figure>\n","protected":false},"excerpt":{"rendered":"<p>Hola chicos en esta p\u00e1gina voy a ir colocando los dibujos que van a ir componiendo mi Diario Gr\u00e1fico de la Cuarentena. Son dibujos que voy haciendo en estos d\u00edas de reclusi\u00f3n.<\/p>\n","protected":false},"author":40,"featured_media":0,"parent":0,"menu_order":0,"comment_status":"closed","ping_status":"closed","template":"","meta":{"footnotes":""},"class_list":["post-633","page","type-page","status-publish","hentry"],"_links":{"self":[{"href":"https:\/\/blogs.smbosque.es\/fidelsmb\/wp-json\/wp\/v2\/pages\/633","targetHints":{"allow":["GET"]}}],"collection":[{"href":"https:\/\/blogs.smbosque.es\/fidelsmb\/wp-json\/wp\/v2\/pages"}],"about":[{"href":"https:\/\/blogs.smbosque.es\/fidelsmb\/wp-json\/wp\/v2\/types\/page"}],"author":[{"embeddable":true,"href":"https:\/\/blogs.smbosque.es\/fidelsmb\/wp-json\/wp\/v2\/users\/40"}],"replies":[{"embeddable":true,"href":"https:\/\/blogs.smbosque.es\/fidelsmb\/wp-json\/wp\/v2\/comments?post=633"}],"version-history":[{"count":13,"href":"https:\/\/blogs.smbosque.es\/fidelsmb\/wp-json\/wp\/v2\/pages\/633\/revisions"}],"predecessor-version":[{"id":762,"href":"https:\/\/blogs.smbosque.es\/fidelsmb\/wp-json\/wp\/v2\/pages\/633\/revisions\/762"}],"wp:attachment":[{"href":"https:\/\/blogs.smbosque.es\/fidelsmb\/wp-json\/wp\/v2\/media?parent=633"}],"curies":[{"name":"wp","href":"https:\/\/api.w.org\/{rel}","templated":true}]}}