{"id":649,"date":"2020-03-18T20:14:58","date_gmt":"2020-03-18T19:14:58","guid":{"rendered":"http:\/\/blogs.smbosque.es\/fidelsmb\/?page_id=649"},"modified":"2020-03-18T20:14:58","modified_gmt":"2020-03-18T19:14:58","slug":"cabri-geometre-ii-plus","status":"publish","type":"page","link":"https:\/\/blogs.smbosque.es\/fidelsmb\/cabri-geometre-ii-plus\/","title":{"rendered":"Cabri Geometre II plus"},"content":{"rendered":"\n<p><strong>Cabri Geometry<\/strong> es un <a href=\"https:\/\/translate.googleusercontent.com\/translate_c?depth=1&amp;hl=es&amp;prev=search&amp;rurl=translate.google.com&amp;sl=en&amp;sp=nmt4&amp;u=https:\/\/en.m.wikipedia.org\/wiki\/Interactive_geometry_software&amp;usg=ALkJrhhorH5-8Y9cVnycB7l0PFB6X3ZEqQ\">software<\/a> comercial de <a href=\"https:\/\/translate.googleusercontent.com\/translate_c?depth=1&amp;hl=es&amp;prev=search&amp;rurl=translate.google.com&amp;sl=en&amp;sp=nmt4&amp;u=https:\/\/en.m.wikipedia.org\/wiki\/Interactive_geometry_software&amp;usg=ALkJrhhorH5-8Y9cVnycB7l0PFB6X3ZEqQ\">geometr\u00eda interactiva<\/a> producido por la compa\u00f1\u00eda francesa Cabrilog para ense\u00f1ar y aprender geometr\u00eda y <a href=\"https:\/\/translate.googleusercontent.com\/translate_c?depth=1&amp;hl=es&amp;prev=search&amp;rurl=translate.google.com&amp;sl=en&amp;sp=nmt4&amp;u=https:\/\/en.m.wikipedia.org\/wiki\/Trigonometry&amp;usg=ALkJrhjxRUa-uWBZrsqlAuP3th-gqtldWA\">trigonometr\u00eda<\/a> .  <sup><a href=\"https:\/\/translate.googleusercontent.com\/translate_c?depth=1&amp;hl=es&amp;prev=search&amp;rurl=translate.google.com&amp;sl=en&amp;sp=nmt4&amp;u=https:\/\/en.m.wikipedia.org\/wiki\/Cabri_Geometry&amp;usg=ALkJrhigWGGDKhTcU9KI_tDkKMPp_yKhTg#cite_note-1\">[1]<\/a><a href=\"https:\/\/translate.googleusercontent.com\/translate_c?depth=1&amp;hl=es&amp;prev=search&amp;rurl=translate.google.com&amp;sl=en&amp;sp=nmt4&amp;u=https:\/\/en.m.wikipedia.org\/wiki\/Cabri_Geometry&amp;usg=ALkJrhigWGGDKhTcU9KI_tDkKMPp_yKhTg#cite_note-2\">[2]<\/a><\/sup> Fue dise\u00f1ado teniendo en cuenta la facilidad de uso.   El programa permite al usuario animar figuras geom\u00e9tricas, demostrando  una ventaja significativa sobre las dibujadas en una pizarra.   Las relaciones entre puntos en un objeto geom\u00e9trico pueden demostrarse  f\u00e1cilmente, lo que puede ser \u00fatil en el proceso de aprendizaje.  Tambi\u00e9n hay funciones gr\u00e1ficas y de visualizaci\u00f3n que permiten explorar las conexiones entre la geometr\u00eda y el \u00e1lgebra.  El programa se puede ejecutar en <a href=\"https:\/\/translate.googleusercontent.com\/translate_c?depth=1&amp;hl=es&amp;prev=search&amp;rurl=translate.google.com&amp;sl=en&amp;sp=nmt4&amp;u=https:\/\/en.m.wikipedia.org\/wiki\/Microsoft_Windows&amp;usg=ALkJrhj5OVl8Q9KrD8PAkG-NrPUzk2uCIg\">Windows<\/a> o <a href=\"https:\/\/translate.googleusercontent.com\/translate_c?depth=1&amp;hl=es&amp;prev=search&amp;rurl=translate.google.com&amp;sl=en&amp;sp=nmt4&amp;u=https:\/\/en.m.wikipedia.org\/wiki\/Mac_OS&amp;usg=ALkJrhhOBTiKoViz7ImPla6tMhQSUolH5A\">Mac OS<\/a> .  (Wiki)<\/p>\n\n\n\n<p><a href=\"https:\/\/drive.google.com\/file\/d\/1bXgs2p_rZA-5oeu9ihVLzA5Kw8wnORpu\/view?usp=sharing\">https:\/\/drive.google.com\/file\/d\/1bXgs2p_rZA-5oeu9ihVLzA5Kw8wnORpu\/view?usp=sharing<\/a><\/p>\n\n\n\n<p>ejecutar el archivo cabri2plus_plugin_win<\/p>\n","protected":false},"excerpt":{"rendered":"<p>Cabri Geometry es un software comercial de geometr\u00eda interactiva producido por la compa\u00f1\u00eda francesa Cabrilog para ense\u00f1ar y aprender geometr\u00eda y trigonometr\u00eda . [1][2] Fue dise\u00f1ado teniendo en cuenta la facilidad de uso. El programa permite al usuario animar figuras &hellip; <a href=\"https:\/\/blogs.smbosque.es\/fidelsmb\/cabri-geometre-ii-plus\/\">Sigue leyendo <span class=\"meta-nav\">&rarr;<\/span><\/a><\/p>\n","protected":false},"author":40,"featured_media":0,"parent":0,"menu_order":0,"comment_status":"closed","ping_status":"closed","template":"","meta":{"footnotes":""},"class_list":["post-649","page","type-page","status-publish","hentry"],"_links":{"self":[{"href":"https:\/\/blogs.smbosque.es\/fidelsmb\/wp-json\/wp\/v2\/pages\/649","targetHints":{"allow":["GET"]}}],"collection":[{"href":"https:\/\/blogs.smbosque.es\/fidelsmb\/wp-json\/wp\/v2\/pages"}],"about":[{"href":"https:\/\/blogs.smbosque.es\/fidelsmb\/wp-json\/wp\/v2\/types\/page"}],"author":[{"embeddable":true,"href":"https:\/\/blogs.smbosque.es\/fidelsmb\/wp-json\/wp\/v2\/users\/40"}],"replies":[{"embeddable":true,"href":"https:\/\/blogs.smbosque.es\/fidelsmb\/wp-json\/wp\/v2\/comments?post=649"}],"version-history":[{"count":1,"href":"https:\/\/blogs.smbosque.es\/fidelsmb\/wp-json\/wp\/v2\/pages\/649\/revisions"}],"predecessor-version":[{"id":651,"href":"https:\/\/blogs.smbosque.es\/fidelsmb\/wp-json\/wp\/v2\/pages\/649\/revisions\/651"}],"wp:attachment":[{"href":"https:\/\/blogs.smbosque.es\/fidelsmb\/wp-json\/wp\/v2\/media?parent=649"}],"curies":[{"name":"wp","href":"https:\/\/api.w.org\/{rel}","templated":true}]}}