{"id":656,"date":"2020-03-19T12:45:46","date_gmt":"2020-03-19T11:45:46","guid":{"rendered":"http:\/\/blogs.smbosque.es\/fidelsmb\/?page_id=656"},"modified":"2023-05-01T13:15:54","modified_gmt":"2023-05-01T11:15:54","slug":"videos-de-dibujo-tecnico","status":"publish","type":"page","link":"https:\/\/blogs.smbosque.es\/fidelsmb\/videos-de-dibujo-tecnico\/","title":{"rendered":"V\u00eddeos de dibujo t\u00e9cnico."},"content":{"rendered":"\n<p>V\u00eddeo de Acotaci\u00f3n normalizada. Cambios y novedades (2020)<\/p>\n\n\n\n<figure class=\"wp-block-embed is-type-video is-provider-youtube wp-block-embed-youtube wp-embed-aspect-16-9 wp-has-aspect-ratio\"><div class=\"wp-block-embed__wrapper\">\n<iframe loading=\"lazy\" title=\"Acotaci\u00f3n industrial, nueva normativa (UNE-EN ISO 129-1:2019)\" width=\"640\" height=\"360\" src=\"https:\/\/www.youtube.com\/embed\/9g8MBWDX7Bg?feature=oembed\" frameborder=\"0\" allow=\"accelerometer; autoplay; clipboard-write; encrypted-media; gyroscope; picture-in-picture; web-share\" referrerpolicy=\"strict-origin-when-cross-origin\" allowfullscreen><\/iframe>\n<\/div><\/figure>\n\n\n\n<p>Primer v\u00eddeo donde se muestra c\u00f3mo hacer una perspectiva isom\u00e9trica sin coeficiente de reducci\u00f3n.<\/p>\n\n\n\n<figure class=\"wp-block-embed is-type-video is-provider-youtube wp-block-embed-youtube wp-embed-aspect-4-3 wp-has-aspect-ratio\"><div class=\"wp-block-embed__wrapper\">\n<iframe loading=\"lazy\" title=\"Pieza Isometrica sin coeficiente\" width=\"640\" height=\"480\" src=\"https:\/\/www.youtube.com\/embed\/BzOhz0wQ8ig?feature=oembed\" frameborder=\"0\" allow=\"accelerometer; autoplay; clipboard-write; encrypted-media; gyroscope; picture-in-picture; web-share\" referrerpolicy=\"strict-origin-when-cross-origin\" allowfullscreen><\/iframe>\n<\/div><figcaption class=\"wp-element-caption\"> V\u00eddeo para 1\u00ba y 2\u00ba bachillerato <\/figcaption><\/figure>\n\n\n\n<p>Segundo v\u00eddeo donde se muestra como hacer una perspectiva isom\u00e9trica, esta vez aplicando el coeficiente del sistema, de forma gr\u00e1fica.<\/p>\n\n\n\n<figure class=\"wp-block-embed is-type-video is-provider-youtube wp-block-embed-youtube wp-embed-aspect-4-3 wp-has-aspect-ratio\"><div class=\"wp-block-embed__wrapper\">\n<iframe loading=\"lazy\" title=\"pieza isom\u00e9trica con coeficiente de reducci\u00f3n\" width=\"640\" height=\"480\" src=\"https:\/\/www.youtube.com\/embed\/xAAIx3b2P_c?feature=oembed\" frameborder=\"0\" allow=\"accelerometer; autoplay; clipboard-write; encrypted-media; gyroscope; picture-in-picture; web-share\" referrerpolicy=\"strict-origin-when-cross-origin\" allowfullscreen><\/iframe>\n<\/div><figcaption class=\"wp-element-caption\">V\u00eddeo para 1\u00ba y 2\u00ba bachillerato<\/figcaption><\/figure>\n\n\n\n<p>En este v\u00eddeo os muestro como aplicar un coeficiente en Perspectiva caballera.<\/p>\n\n\n\n<figure class=\"wp-block-embed is-type-video is-provider-youtube wp-block-embed-youtube wp-embed-aspect-16-9 wp-has-aspect-ratio\"><div class=\"wp-block-embed__wrapper\">\n<iframe loading=\"lazy\" title=\"Coeficiente en perspectiva caballera\" width=\"640\" height=\"360\" src=\"https:\/\/www.youtube.com\/embed\/ppIiVoIrDhE?feature=oembed\" frameborder=\"0\" allow=\"accelerometer; autoplay; clipboard-write; encrypted-media; gyroscope; picture-in-picture; web-share\" referrerpolicy=\"strict-origin-when-cross-origin\" allowfullscreen><\/iframe>\n<\/div><figcaption class=\"wp-element-caption\"> V\u00eddeo para 1\u00ba y 2\u00ba bachillerato <\/figcaption><\/figure>\n\n\n\n<p>Otro V\u00eddeo m\u00e1s, en este caso s\u00f3lo para los alumnos de 2\u00ba Bachillerato, donde os ense\u00f1o como seccionar un prisma por un plano dado por tres puntos, en axonom\u00e9trico.<\/p>\n\n\n\n<figure class=\"wp-block-embed is-type-video is-provider-youtube wp-block-embed-youtube wp-embed-aspect-16-9 wp-has-aspect-ratio\"><div class=\"wp-block-embed__wrapper\">\n<iframe loading=\"lazy\" title=\"secci\u00f3n de un prisma por un plano dado por tres puntos no alineados\" width=\"640\" height=\"360\" src=\"https:\/\/www.youtube.com\/embed\/VY2gYczLIQI?feature=oembed\" frameborder=\"0\" allow=\"accelerometer; autoplay; clipboard-write; encrypted-media; gyroscope; picture-in-picture; web-share\" referrerpolicy=\"strict-origin-when-cross-origin\" allowfullscreen><\/iframe>\n<\/div><figcaption class=\"wp-element-caption\">V\u00eddeo para 2\u00ba Bachillerato<\/figcaption><\/figure>\n\n\n\n<figure class=\"wp-block-embed is-type-video is-provider-youtube wp-block-embed-youtube wp-embed-aspect-4-3 wp-has-aspect-ratio\"><div class=\"wp-block-embed__wrapper\">\n<iframe loading=\"lazy\" title=\"El Punto en Sistema axonom\u00e9trico\" width=\"640\" height=\"480\" src=\"https:\/\/www.youtube.com\/embed\/IXamp-K7DlU?feature=oembed\" frameborder=\"0\" allow=\"accelerometer; autoplay; clipboard-write; encrypted-media; gyroscope; picture-in-picture; web-share\" referrerpolicy=\"strict-origin-when-cross-origin\" allowfullscreen><\/iframe>\n<\/div><figcaption class=\"wp-element-caption\">V\u00eddeo para 1\u00ba y 2\u00ba Bachillerato<\/figcaption><\/figure>\n\n\n\n<figure class=\"wp-block-embed is-type-video is-provider-youtube wp-block-embed-youtube wp-embed-aspect-16-9 wp-has-aspect-ratio\"><div class=\"wp-block-embed__wrapper\">\n<iframe loading=\"lazy\" title=\"1\u00ba Bach La recta y el plano\" width=\"640\" height=\"360\" src=\"https:\/\/www.youtube.com\/embed\/wypxgYDb6u4?feature=oembed\" frameborder=\"0\" allow=\"accelerometer; autoplay; clipboard-write; encrypted-media; gyroscope; picture-in-picture; web-share\" referrerpolicy=\"strict-origin-when-cross-origin\" allowfullscreen><\/iframe>\n<\/div><figcaption class=\"wp-element-caption\">V\u00eddeo para 1\u00ba Bachillerato<\/figcaption><\/figure>\n","protected":false},"excerpt":{"rendered":"<p>V\u00eddeo de Acotaci\u00f3n normalizada. Cambios y novedades (2020) Primer v\u00eddeo donde se muestra c\u00f3mo hacer una perspectiva isom\u00e9trica sin coeficiente de reducci\u00f3n. Segundo v\u00eddeo donde se muestra como hacer una perspectiva isom\u00e9trica, esta vez aplicando el coeficiente del sistema, de &hellip; <a href=\"https:\/\/blogs.smbosque.es\/fidelsmb\/videos-de-dibujo-tecnico\/\">Sigue leyendo <span class=\"meta-nav\">&rarr;<\/span><\/a><\/p>\n","protected":false},"author":40,"featured_media":0,"parent":0,"menu_order":0,"comment_status":"closed","ping_status":"closed","template":"","meta":{"footnotes":""},"class_list":["post-656","page","type-page","status-publish","hentry"],"_links":{"self":[{"href":"https:\/\/blogs.smbosque.es\/fidelsmb\/wp-json\/wp\/v2\/pages\/656","targetHints":{"allow":["GET"]}}],"collection":[{"href":"https:\/\/blogs.smbosque.es\/fidelsmb\/wp-json\/wp\/v2\/pages"}],"about":[{"href":"https:\/\/blogs.smbosque.es\/fidelsmb\/wp-json\/wp\/v2\/types\/page"}],"author":[{"embeddable":true,"href":"https:\/\/blogs.smbosque.es\/fidelsmb\/wp-json\/wp\/v2\/users\/40"}],"replies":[{"embeddable":true,"href":"https:\/\/blogs.smbosque.es\/fidelsmb\/wp-json\/wp\/v2\/comments?post=656"}],"version-history":[{"count":11,"href":"https:\/\/blogs.smbosque.es\/fidelsmb\/wp-json\/wp\/v2\/pages\/656\/revisions"}],"predecessor-version":[{"id":1262,"href":"https:\/\/blogs.smbosque.es\/fidelsmb\/wp-json\/wp\/v2\/pages\/656\/revisions\/1262"}],"wp:attachment":[{"href":"https:\/\/blogs.smbosque.es\/fidelsmb\/wp-json\/wp\/v2\/media?parent=656"}],"curies":[{"name":"wp","href":"https:\/\/api.w.org\/{rel}","templated":true}]}}