{"id":726,"date":"2020-03-30T19:36:20","date_gmt":"2020-03-30T17:36:20","guid":{"rendered":"http:\/\/blogs.smbosque.es\/fidelsmb\/?page_id=726"},"modified":"2020-04-19T23:22:14","modified_gmt":"2020-04-19T21:22:14","slug":"videos-de-plastica","status":"publish","type":"page","link":"https:\/\/blogs.smbosque.es\/fidelsmb\/videos-de-plastica\/","title":{"rendered":"V\u00eddeos de Pl\u00e1stica"},"content":{"rendered":"\n<p>En esta p\u00e1gina ir\u00e9 colgando v\u00eddeos para realizar las actividades propuestas de Educaci\u00f3n Pl\u00e1stica, Visual y Audio Visual I y II.<\/p>\n\n\n\n<figure class=\"wp-block-embed-youtube wp-block-embed is-type-video is-provider-youtube wp-embed-aspect-16-9 wp-has-aspect-ratio\"><div class=\"wp-block-embed__wrapper\">\n<iframe loading=\"lazy\" title=\"1\u00ba ESO Tu nombre en 3D\" width=\"640\" height=\"360\" src=\"https:\/\/www.youtube.com\/embed\/1-8jd8nSsNw?feature=oembed\" frameborder=\"0\" allow=\"accelerometer; autoplay; clipboard-write; encrypted-media; gyroscope; picture-in-picture; web-share\" referrerpolicy=\"strict-origin-when-cross-origin\" allowfullscreen><\/iframe>\n<\/div><\/figure>\n\n\n\n<figure class=\"wp-block-embed-youtube wp-block-embed is-type-video is-provider-youtube wp-embed-aspect-16-9 wp-has-aspect-ratio\"><div class=\"wp-block-embed__wrapper\">\n<iframe loading=\"lazy\" title=\"1\u00ba ESO cilindros\" width=\"640\" height=\"360\" src=\"https:\/\/www.youtube.com\/embed\/CkfHRXlXklI?feature=oembed\" frameborder=\"0\" allow=\"accelerometer; autoplay; clipboard-write; encrypted-media; gyroscope; picture-in-picture; web-share\" referrerpolicy=\"strict-origin-when-cross-origin\" allowfullscreen><\/iframe>\n<\/div><\/figure>\n\n\n\n<figure class=\"wp-block-embed-youtube wp-block-embed is-type-video is-provider-youtube wp-embed-aspect-16-9 wp-has-aspect-ratio\"><div class=\"wp-block-embed__wrapper\">\nhttps:\/\/www.youtube.com\/watch?v=ECU3AtmYruI\n<\/div><figcaption>Tetraedro paso a paso. 2\u00ba ESO<\/figcaption><\/figure>\n\n\n\n<figure class=\"wp-block-embed-youtube wp-block-embed is-type-video is-provider-youtube wp-embed-aspect-16-9 wp-has-aspect-ratio\"><div class=\"wp-block-embed__wrapper\">\nhttps:\/\/www.youtube.com\/watch?v=EJHS13GmuBU\n<\/div><figcaption>Hexaedro o Cubo paso a paso. 2\u00baESO<\/figcaption><\/figure>\n\n\n\n<figure class=\"wp-block-embed-youtube wp-block-embed is-type-video is-provider-youtube wp-embed-aspect-16-9 wp-has-aspect-ratio\"><div class=\"wp-block-embed__wrapper\">\n<iframe loading=\"lazy\" title=\"Como hacer un Octaedro, paso a paso (simple y f\u00e1cil)\" width=\"640\" height=\"360\" src=\"https:\/\/www.youtube.com\/embed\/6uG4lVGyvC8?feature=oembed\" frameborder=\"0\" allow=\"accelerometer; autoplay; clipboard-write; encrypted-media; gyroscope; picture-in-picture; web-share\" referrerpolicy=\"strict-origin-when-cross-origin\" allowfullscreen><\/iframe>\n<\/div><figcaption>Octaedro paso a paso. 2\u00baESO<\/figcaption><\/figure>\n\n\n\n<figure class=\"wp-block-embed-youtube wp-block-embed is-type-video is-provider-youtube wp-embed-aspect-16-9 wp-has-aspect-ratio\"><div class=\"wp-block-embed__wrapper\">\n<iframe loading=\"lazy\" title=\"Como hacer un dodecaedro, paso a paso\" width=\"640\" height=\"360\" src=\"https:\/\/www.youtube.com\/embed\/J-YxZNiKMy4?feature=oembed\" frameborder=\"0\" allow=\"accelerometer; autoplay; clipboard-write; encrypted-media; gyroscope; picture-in-picture; web-share\" referrerpolicy=\"strict-origin-when-cross-origin\" allowfullscreen><\/iframe>\n<\/div><figcaption>Dodecaedro paso a paso.2\u00baESO<\/figcaption><\/figure>\n\n\n\n<figure class=\"wp-block-embed-youtube wp-block-embed is-type-video is-provider-youtube wp-embed-aspect-16-9 wp-has-aspect-ratio\"><div class=\"wp-block-embed__wrapper\">\n<iframe loading=\"lazy\" title=\"Como hacer un Icosaedro, paso a paso (simple y f\u00e1cil)\" width=\"640\" height=\"360\" src=\"https:\/\/www.youtube.com\/embed\/vxcf_ObKDyU?feature=oembed\" frameborder=\"0\" allow=\"accelerometer; autoplay; clipboard-write; encrypted-media; gyroscope; picture-in-picture; web-share\" referrerpolicy=\"strict-origin-when-cross-origin\" allowfullscreen><\/iframe>\n<\/div><figcaption>Icosaedro paso a paso.2\u00baESO<\/figcaption><\/figure>\n","protected":false},"excerpt":{"rendered":"<p>En esta p\u00e1gina ir\u00e9 colgando v\u00eddeos para realizar las actividades propuestas de Educaci\u00f3n Pl\u00e1stica, Visual y Audio Visual I y II.<\/p>\n","protected":false},"author":40,"featured_media":0,"parent":0,"menu_order":0,"comment_status":"closed","ping_status":"closed","template":"","meta":{"footnotes":""},"class_list":["post-726","page","type-page","status-publish","hentry"],"_links":{"self":[{"href":"https:\/\/blogs.smbosque.es\/fidelsmb\/wp-json\/wp\/v2\/pages\/726","targetHints":{"allow":["GET"]}}],"collection":[{"href":"https:\/\/blogs.smbosque.es\/fidelsmb\/wp-json\/wp\/v2\/pages"}],"about":[{"href":"https:\/\/blogs.smbosque.es\/fidelsmb\/wp-json\/wp\/v2\/types\/page"}],"author":[{"embeddable":true,"href":"https:\/\/blogs.smbosque.es\/fidelsmb\/wp-json\/wp\/v2\/users\/40"}],"replies":[{"embeddable":true,"href":"https:\/\/blogs.smbosque.es\/fidelsmb\/wp-json\/wp\/v2\/comments?post=726"}],"version-history":[{"count":4,"href":"https:\/\/blogs.smbosque.es\/fidelsmb\/wp-json\/wp\/v2\/pages\/726\/revisions"}],"predecessor-version":[{"id":770,"href":"https:\/\/blogs.smbosque.es\/fidelsmb\/wp-json\/wp\/v2\/pages\/726\/revisions\/770"}],"wp:attachment":[{"href":"https:\/\/blogs.smbosque.es\/fidelsmb\/wp-json\/wp\/v2\/media?parent=726"}],"curies":[{"name":"wp","href":"https:\/\/api.w.org\/{rel}","templated":true}]}}