{"id":739,"date":"2020-04-07T13:05:35","date_gmt":"2020-04-07T11:05:35","guid":{"rendered":"http:\/\/blogs.smbosque.es\/fidelsmb\/?page_id=739"},"modified":"2020-06-02T11:14:01","modified_gmt":"2020-06-02T09:14:01","slug":"diario-grafico-de-la-cuarentena-de-los-alumnos","status":"publish","type":"page","link":"https:\/\/blogs.smbosque.es\/fidelsmb\/diario-grafico-de-la-cuarentena-de-los-alumnos\/","title":{"rendered":"Diario Gr\u00e1fico de la cuarentena de los alumnos"},"content":{"rendered":"\n<p>Aqu\u00ed voy subiendo los dibujos que los alumnos me van enviando como diario visual de la cuarentena.<\/p>\n\n\n\n<p>Ya sab\u00e9is que pod\u00e9is enviar vuestros dibujos a <a href=\"mailto:fidel.garcia.online@smbosque.es\">fidel.garcia.online@smbosque.es<\/a><\/p>\n\n\n\n<p>Estos trabajos puden subir vuestra nota de evaluaci\u00f3n hasta 1 punto.<\/p>\n\n\n\n<figure class=\"wp-block-image size-large\"><img loading=\"lazy\" decoding=\"async\" width=\"1024\" height=\"768\" src=\"https:\/\/blogs.smbosque.es\/fidelsmb\/files\/2020\/04\/Irene-Huertas-Garc\u00eda-1\u00b0-eso-C-1-1024x768.jpg\" alt=\"\" class=\"wp-image-740\" srcset=\"https:\/\/blogs.smbosque.es\/fidelsmb\/files\/2020\/04\/Irene-Huertas-Garc\u00eda-1\u00b0-eso-C-1-1024x768.jpg 1024w, https:\/\/blogs.smbosque.es\/fidelsmb\/files\/2020\/04\/Irene-Huertas-Garc\u00eda-1\u00b0-eso-C-1-300x225.jpg 300w, https:\/\/blogs.smbosque.es\/fidelsmb\/files\/2020\/04\/Irene-Huertas-Garc\u00eda-1\u00b0-eso-C-1-768x576.jpg 768w, https:\/\/blogs.smbosque.es\/fidelsmb\/files\/2020\/04\/Irene-Huertas-Garc\u00eda-1\u00b0-eso-C-1-1536x1152.jpg 1536w, https:\/\/blogs.smbosque.es\/fidelsmb\/files\/2020\/04\/Irene-Huertas-Garc\u00eda-1\u00b0-eso-C-1-2048x1536.jpg 2048w\" sizes=\"auto, (max-width: 1024px) 100vw, 1024px\" \/><figcaption>Irene Huertas 1\u00baESOC<\/figcaption><\/figure>\n\n\n\n<figure class=\"wp-block-image size-large\"><img loading=\"lazy\" decoding=\"async\" width=\"768\" height=\"1024\" src=\"https:\/\/blogs.smbosque.es\/fidelsmb\/files\/2020\/04\/Ileana-Turcin_1\u00baESOB-768x1024.jpg\" alt=\"\" class=\"wp-image-737\" srcset=\"https:\/\/blogs.smbosque.es\/fidelsmb\/files\/2020\/04\/Ileana-Turcin_1\u00baESOB-768x1024.jpg 768w, https:\/\/blogs.smbosque.es\/fidelsmb\/files\/2020\/04\/Ileana-Turcin_1\u00baESOB-225x300.jpg 225w, https:\/\/blogs.smbosque.es\/fidelsmb\/files\/2020\/04\/Ileana-Turcin_1\u00baESOB-1152x1536.jpg 1152w, https:\/\/blogs.smbosque.es\/fidelsmb\/files\/2020\/04\/Ileana-Turcin_1\u00baESOB-1536x2048.jpg 1536w, https:\/\/blogs.smbosque.es\/fidelsmb\/files\/2020\/04\/Ileana-Turcin_1\u00baESOB-scaled.jpg 1920w\" sizes=\"auto, (max-width: 768px) 100vw, 768px\" \/><figcaption>Ileana Turcin 1\u00baESOB<\/figcaption><\/figure>\n\n\n\n<figure class=\"wp-block-image size-large\"><img loading=\"lazy\" decoding=\"async\" width=\"768\" height=\"1024\" src=\"https:\/\/blogs.smbosque.es\/fidelsmb\/files\/2020\/04\/Irene-Tavira_2\u00baESOA-768x1024.jpg\" alt=\"\" class=\"wp-image-741\" srcset=\"https:\/\/blogs.smbosque.es\/fidelsmb\/files\/2020\/04\/Irene-Tavira_2\u00baESOA-768x1024.jpg 768w, https:\/\/blogs.smbosque.es\/fidelsmb\/files\/2020\/04\/Irene-Tavira_2\u00baESOA-225x300.jpg 225w, https:\/\/blogs.smbosque.es\/fidelsmb\/files\/2020\/04\/Irene-Tavira_2\u00baESOA-1152x1536.jpg 1152w, https:\/\/blogs.smbosque.es\/fidelsmb\/files\/2020\/04\/Irene-Tavira_2\u00baESOA-1536x2048.jpg 1536w, https:\/\/blogs.smbosque.es\/fidelsmb\/files\/2020\/04\/Irene-Tavira_2\u00baESOA-scaled.jpg 1920w\" sizes=\"auto, (max-width: 768px) 100vw, 768px\" \/><figcaption>Irene Tavira_2\u00baESOA<\/figcaption><\/figure>\n\n\n\n<figure class=\"wp-block-image size-large\"><img loading=\"lazy\" decoding=\"async\" width=\"768\" height=\"1024\" src=\"https:\/\/blogs.smbosque.es\/fidelsmb\/files\/2020\/04\/dibujo-pl\u00e1stica-4-768x1024.jpg\" alt=\"\" class=\"wp-image-742\" srcset=\"https:\/\/blogs.smbosque.es\/fidelsmb\/files\/2020\/04\/dibujo-pl\u00e1stica-4-768x1024.jpg 768w, https:\/\/blogs.smbosque.es\/fidelsmb\/files\/2020\/04\/dibujo-pl\u00e1stica-4-225x300.jpg 225w, https:\/\/blogs.smbosque.es\/fidelsmb\/files\/2020\/04\/dibujo-pl\u00e1stica-4-1152x1536.jpg 1152w, https:\/\/blogs.smbosque.es\/fidelsmb\/files\/2020\/04\/dibujo-pl\u00e1stica-4-1536x2048.jpg 1536w, https:\/\/blogs.smbosque.es\/fidelsmb\/files\/2020\/04\/dibujo-pl\u00e1stica-4-scaled.jpg 1920w\" sizes=\"auto, (max-width: 768px) 100vw, 768px\" \/><figcaption>Irene Tavira 2\u00baESOA<\/figcaption><\/figure>\n\n\n\n<div class=\"wp-block-image\"><figure class=\"aligncenter size-large\"><img loading=\"lazy\" decoding=\"async\" width=\"580\" height=\"589\" src=\"https:\/\/blogs.smbosque.es\/fidelsmb\/files\/2020\/04\/GEMA-MART\u00cdNEZ-GARC\u00cdA-1\u00ba-B-ESO.jpg\" alt=\"\" class=\"wp-image-783\" srcset=\"https:\/\/blogs.smbosque.es\/fidelsmb\/files\/2020\/04\/GEMA-MART\u00cdNEZ-GARC\u00cdA-1\u00ba-B-ESO.jpg 580w, https:\/\/blogs.smbosque.es\/fidelsmb\/files\/2020\/04\/GEMA-MART\u00cdNEZ-GARC\u00cdA-1\u00ba-B-ESO-295x300.jpg 295w\" sizes=\"auto, (max-width: 580px) 100vw, 580px\" \/><figcaption>Gema Mart\u00ednez 1\u00baESO B<\/figcaption><\/figure><\/div>\n\n\n\n<figure class=\"wp-block-image size-large\"><img loading=\"lazy\" decoding=\"async\" width=\"706\" height=\"1024\" src=\"https:\/\/blogs.smbosque.es\/fidelsmb\/files\/2020\/04\/Sara-S\u00e1nchez-D\u00edaz-de-1\u00baC-706x1024.jpg\" alt=\"\" class=\"wp-image-785\" srcset=\"https:\/\/blogs.smbosque.es\/fidelsmb\/files\/2020\/04\/Sara-S\u00e1nchez-D\u00edaz-de-1\u00baC-706x1024.jpg 706w, https:\/\/blogs.smbosque.es\/fidelsmb\/files\/2020\/04\/Sara-S\u00e1nchez-D\u00edaz-de-1\u00baC-207x300.jpg 207w, https:\/\/blogs.smbosque.es\/fidelsmb\/files\/2020\/04\/Sara-S\u00e1nchez-D\u00edaz-de-1\u00baC-768x1114.jpg 768w, https:\/\/blogs.smbosque.es\/fidelsmb\/files\/2020\/04\/Sara-S\u00e1nchez-D\u00edaz-de-1\u00baC-1059x1536.jpg 1059w, https:\/\/blogs.smbosque.es\/fidelsmb\/files\/2020\/04\/Sara-S\u00e1nchez-D\u00edaz-de-1\u00baC.jpg 1332w\" sizes=\"auto, (max-width: 706px) 100vw, 706px\" \/><figcaption>Sara S\u00e1nchez 1\u00ba ESO C<\/figcaption><\/figure>\n\n\n\n<figure class=\"wp-block-image size-large\"><img loading=\"lazy\" decoding=\"async\" width=\"782\" height=\"1024\" src=\"https:\/\/blogs.smbosque.es\/fidelsmb\/files\/2020\/04\/Irene-Tavira_2\u00baESOA-3-782x1024.jpg\" alt=\"\" class=\"wp-image-786\" srcset=\"https:\/\/blogs.smbosque.es\/fidelsmb\/files\/2020\/04\/Irene-Tavira_2\u00baESOA-3-782x1024.jpg 782w, https:\/\/blogs.smbosque.es\/fidelsmb\/files\/2020\/04\/Irene-Tavira_2\u00baESOA-3-229x300.jpg 229w, https:\/\/blogs.smbosque.es\/fidelsmb\/files\/2020\/04\/Irene-Tavira_2\u00baESOA-3-768x1005.jpg 768w, https:\/\/blogs.smbosque.es\/fidelsmb\/files\/2020\/04\/Irene-Tavira_2\u00baESOA-3-1173x1536.jpg 1173w, https:\/\/blogs.smbosque.es\/fidelsmb\/files\/2020\/04\/Irene-Tavira_2\u00baESOA-3-1564x2048.jpg 1564w, https:\/\/blogs.smbosque.es\/fidelsmb\/files\/2020\/04\/Irene-Tavira_2\u00baESOA-3-scaled.jpg 1956w\" sizes=\"auto, (max-width: 782px) 100vw, 782px\" \/><figcaption>Irene Tavira 2\u00ba ESO A<\/figcaption><\/figure>\n\n\n\n<figure class=\"wp-block-image size-large\"><img loading=\"lazy\" decoding=\"async\" width=\"1024\" height=\"646\" src=\"https:\/\/blogs.smbosque.es\/fidelsmb\/files\/2020\/04\/Daniel-Pe\u00f1a_2\u00baESOC-1024x646.jpg\" alt=\"\" class=\"wp-image-787\" srcset=\"https:\/\/blogs.smbosque.es\/fidelsmb\/files\/2020\/04\/Daniel-Pe\u00f1a_2\u00baESOC-1024x646.jpg 1024w, https:\/\/blogs.smbosque.es\/fidelsmb\/files\/2020\/04\/Daniel-Pe\u00f1a_2\u00baESOC-300x189.jpg 300w, https:\/\/blogs.smbosque.es\/fidelsmb\/files\/2020\/04\/Daniel-Pe\u00f1a_2\u00baESOC-768x484.jpg 768w, https:\/\/blogs.smbosque.es\/fidelsmb\/files\/2020\/04\/Daniel-Pe\u00f1a_2\u00baESOC-1536x969.jpg 1536w, https:\/\/blogs.smbosque.es\/fidelsmb\/files\/2020\/04\/Daniel-Pe\u00f1a_2\u00baESOC-2048x1292.jpg 2048w\" sizes=\"auto, (max-width: 1024px) 100vw, 1024px\" \/><figcaption>Daniel Pe\u00f1a 2\u00ba ESO C<\/figcaption><\/figure>\n\n\n\n<p> <\/p>\n\n\n\n<figure class=\"wp-block-image size-large\"><img loading=\"lazy\" decoding=\"async\" width=\"1024\" height=\"747\" src=\"https:\/\/blogs.smbosque.es\/fidelsmb\/files\/2020\/04\/Andres-Onrubia_2\u00baESOC-1024x747.jpg\" alt=\"\" class=\"wp-image-788\" srcset=\"https:\/\/blogs.smbosque.es\/fidelsmb\/files\/2020\/04\/Andres-Onrubia_2\u00baESOC-1024x747.jpg 1024w, https:\/\/blogs.smbosque.es\/fidelsmb\/files\/2020\/04\/Andres-Onrubia_2\u00baESOC-300x219.jpg 300w, https:\/\/blogs.smbosque.es\/fidelsmb\/files\/2020\/04\/Andres-Onrubia_2\u00baESOC-768x560.jpg 768w, https:\/\/blogs.smbosque.es\/fidelsmb\/files\/2020\/04\/Andres-Onrubia_2\u00baESOC-1536x1120.jpg 1536w, https:\/\/blogs.smbosque.es\/fidelsmb\/files\/2020\/04\/Andres-Onrubia_2\u00baESOC-2048x1493.jpg 2048w\" sizes=\"auto, (max-width: 1024px) 100vw, 1024px\" \/><figcaption>Andres Onrubia 2\u00ba ESO C<\/figcaption><\/figure>\n\n\n\n<figure class=\"wp-block-image size-large\"><img loading=\"lazy\" decoding=\"async\" width=\"986\" height=\"1024\" src=\"https:\/\/blogs.smbosque.es\/fidelsmb\/files\/2020\/04\/Ileana-Turcin-1ESO-B-986x1024.jpg\" alt=\"\" class=\"wp-image-811\" srcset=\"https:\/\/blogs.smbosque.es\/fidelsmb\/files\/2020\/04\/Ileana-Turcin-1ESO-B-986x1024.jpg 986w, https:\/\/blogs.smbosque.es\/fidelsmb\/files\/2020\/04\/Ileana-Turcin-1ESO-B-289x300.jpg 289w, https:\/\/blogs.smbosque.es\/fidelsmb\/files\/2020\/04\/Ileana-Turcin-1ESO-B-768x797.jpg 768w, https:\/\/blogs.smbosque.es\/fidelsmb\/files\/2020\/04\/Ileana-Turcin-1ESO-B-1480x1536.jpg 1480w, https:\/\/blogs.smbosque.es\/fidelsmb\/files\/2020\/04\/Ileana-Turcin-1ESO-B-1973x2048.jpg 1973w\" sizes=\"auto, (max-width: 986px) 100vw, 986px\" \/><figcaption>Illeana Turcin_1\u00baESOB<\/figcaption><\/figure>\n\n\n\n<figure class=\"wp-block-image size-large\"><img loading=\"lazy\" decoding=\"async\" width=\"1024\" height=\"701\" src=\"https:\/\/blogs.smbosque.es\/fidelsmb\/files\/2020\/04\/Adriana-S\u00e1nchez-P\u00e9rez-de-1\u00b0ESOB-1024x701.jpg\" alt=\"\" class=\"wp-image-812\" srcset=\"https:\/\/blogs.smbosque.es\/fidelsmb\/files\/2020\/04\/Adriana-S\u00e1nchez-P\u00e9rez-de-1\u00b0ESOB-1024x701.jpg 1024w, https:\/\/blogs.smbosque.es\/fidelsmb\/files\/2020\/04\/Adriana-S\u00e1nchez-P\u00e9rez-de-1\u00b0ESOB-300x205.jpg 300w, https:\/\/blogs.smbosque.es\/fidelsmb\/files\/2020\/04\/Adriana-S\u00e1nchez-P\u00e9rez-de-1\u00b0ESOB-768x525.jpg 768w, https:\/\/blogs.smbosque.es\/fidelsmb\/files\/2020\/04\/Adriana-S\u00e1nchez-P\u00e9rez-de-1\u00b0ESOB-1536x1051.jpg 1536w, https:\/\/blogs.smbosque.es\/fidelsmb\/files\/2020\/04\/Adriana-S\u00e1nchez-P\u00e9rez-de-1\u00b0ESOB-2048x1401.jpg 2048w\" sizes=\"auto, (max-width: 1024px) 100vw, 1024px\" \/><figcaption>Adriana S\u00e1nchez_1\u00baESOB<\/figcaption><\/figure>\n\n\n\n<figure class=\"wp-block-image size-large\"><img loading=\"lazy\" decoding=\"async\" width=\"1024\" height=\"761\" src=\"https:\/\/blogs.smbosque.es\/fidelsmb\/files\/2020\/04\/Jennifer-Trujillo-2o-ESO-B-1024x761.jpeg\" alt=\"\" class=\"wp-image-813\" srcset=\"https:\/\/blogs.smbosque.es\/fidelsmb\/files\/2020\/04\/Jennifer-Trujillo-2o-ESO-B-1024x761.jpeg 1024w, https:\/\/blogs.smbosque.es\/fidelsmb\/files\/2020\/04\/Jennifer-Trujillo-2o-ESO-B-300x223.jpeg 300w, https:\/\/blogs.smbosque.es\/fidelsmb\/files\/2020\/04\/Jennifer-Trujillo-2o-ESO-B-768x571.jpeg 768w, https:\/\/blogs.smbosque.es\/fidelsmb\/files\/2020\/04\/Jennifer-Trujillo-2o-ESO-B-1536x1141.jpeg 1536w, https:\/\/blogs.smbosque.es\/fidelsmb\/files\/2020\/04\/Jennifer-Trujillo-2o-ESO-B-2048x1522.jpeg 2048w\" sizes=\"auto, (max-width: 1024px) 100vw, 1024px\" \/><figcaption>Jennifer Trujillo_2\u00baESOB<\/figcaption><\/figure>\n\n\n\n<div class=\"wp-block-image\"><figure class=\"aligncenter size-large\"><img loading=\"lazy\" decoding=\"async\" width=\"576\" height=\"1024\" src=\"https:\/\/blogs.smbosque.es\/fidelsmb\/files\/2020\/04\/Snapchat-385718881-576x1024.jpg\" alt=\"\" class=\"wp-image-814\" srcset=\"https:\/\/blogs.smbosque.es\/fidelsmb\/files\/2020\/04\/Snapchat-385718881-576x1024.jpg 576w, https:\/\/blogs.smbosque.es\/fidelsmb\/files\/2020\/04\/Snapchat-385718881-169x300.jpg 169w, https:\/\/blogs.smbosque.es\/fidelsmb\/files\/2020\/04\/Snapchat-385718881-768x1365.jpg 768w, https:\/\/blogs.smbosque.es\/fidelsmb\/files\/2020\/04\/Snapchat-385718881-864x1536.jpg 864w, https:\/\/blogs.smbosque.es\/fidelsmb\/files\/2020\/04\/Snapchat-385718881.jpg 1080w\" sizes=\"auto, (max-width: 576px) 100vw, 576px\" \/><figcaption>Covadonga Blanco_2\u00baESOC<\/figcaption><\/figure><\/div>\n\n\n\n<figure class=\"wp-block-image size-large\"><img loading=\"lazy\" decoding=\"async\" width=\"705\" height=\"1024\" src=\"https:\/\/blogs.smbosque.es\/fidelsmb\/files\/2020\/06\/Luc\u00eda-Bravo-Canseco-1-ESO-A-705x1024.jpg\" alt=\"\" class=\"wp-image-844\" srcset=\"https:\/\/blogs.smbosque.es\/fidelsmb\/files\/2020\/06\/Luc\u00eda-Bravo-Canseco-1-ESO-A-705x1024.jpg 705w, https:\/\/blogs.smbosque.es\/fidelsmb\/files\/2020\/06\/Luc\u00eda-Bravo-Canseco-1-ESO-A-206x300.jpg 206w, https:\/\/blogs.smbosque.es\/fidelsmb\/files\/2020\/06\/Luc\u00eda-Bravo-Canseco-1-ESO-A-768x1116.jpg 768w, https:\/\/blogs.smbosque.es\/fidelsmb\/files\/2020\/06\/Luc\u00eda-Bravo-Canseco-1-ESO-A-1057x1536.jpg 1057w, https:\/\/blogs.smbosque.es\/fidelsmb\/files\/2020\/06\/Luc\u00eda-Bravo-Canseco-1-ESO-A-1409x2048.jpg 1409w, https:\/\/blogs.smbosque.es\/fidelsmb\/files\/2020\/06\/Luc\u00eda-Bravo-Canseco-1-ESO-A.jpg 1469w\" sizes=\"auto, (max-width: 705px) 100vw, 705px\" \/><figcaption>Luc\u00eda Bravo_1\u00baESOA<\/figcaption><\/figure>\n\n\n\n<figure class=\"wp-block-image size-large\"><img loading=\"lazy\" decoding=\"async\" width=\"770\" height=\"1024\" src=\"https:\/\/blogs.smbosque.es\/fidelsmb\/files\/2020\/06\/Eva-Escolar-Rodr\u00edguez-1\u00b0ESO-B-770x1024.jpg\" alt=\"\" class=\"wp-image-845\" srcset=\"https:\/\/blogs.smbosque.es\/fidelsmb\/files\/2020\/06\/Eva-Escolar-Rodr\u00edguez-1\u00b0ESO-B-770x1024.jpg 770w, https:\/\/blogs.smbosque.es\/fidelsmb\/files\/2020\/06\/Eva-Escolar-Rodr\u00edguez-1\u00b0ESO-B-226x300.jpg 226w, https:\/\/blogs.smbosque.es\/fidelsmb\/files\/2020\/06\/Eva-Escolar-Rodr\u00edguez-1\u00b0ESO-B-768x1022.jpg 768w, https:\/\/blogs.smbosque.es\/fidelsmb\/files\/2020\/06\/Eva-Escolar-Rodr\u00edguez-1\u00b0ESO-B-1155x1536.jpg 1155w, https:\/\/blogs.smbosque.es\/fidelsmb\/files\/2020\/06\/Eva-Escolar-Rodr\u00edguez-1\u00b0ESO-B-1540x2048.jpg 1540w, https:\/\/blogs.smbosque.es\/fidelsmb\/files\/2020\/06\/Eva-Escolar-Rodr\u00edguez-1\u00b0ESO-B-scaled.jpg 1924w\" sizes=\"auto, (max-width: 770px) 100vw, 770px\" \/><figcaption>Eva Escolar_1\u00baESOB<\/figcaption><\/figure>\n\n\n\n<figure class=\"wp-block-image size-large\"><img loading=\"lazy\" decoding=\"async\" width=\"1024\" height=\"954\" src=\"https:\/\/blogs.smbosque.es\/fidelsmb\/files\/2020\/06\/Paula-Mart\u00edn-\u00c1lvarez-1\u00baESOB-2-1024x954.jpg\" alt=\"\" class=\"wp-image-846\" srcset=\"https:\/\/blogs.smbosque.es\/fidelsmb\/files\/2020\/06\/Paula-Mart\u00edn-\u00c1lvarez-1\u00baESOB-2-1024x954.jpg 1024w, https:\/\/blogs.smbosque.es\/fidelsmb\/files\/2020\/06\/Paula-Mart\u00edn-\u00c1lvarez-1\u00baESOB-2-300x279.jpg 300w, https:\/\/blogs.smbosque.es\/fidelsmb\/files\/2020\/06\/Paula-Mart\u00edn-\u00c1lvarez-1\u00baESOB-2-768x715.jpg 768w, https:\/\/blogs.smbosque.es\/fidelsmb\/files\/2020\/06\/Paula-Mart\u00edn-\u00c1lvarez-1\u00baESOB-2-1536x1431.jpg 1536w, https:\/\/blogs.smbosque.es\/fidelsmb\/files\/2020\/06\/Paula-Mart\u00edn-\u00c1lvarez-1\u00baESOB-2.jpg 1608w\" sizes=\"auto, (max-width: 1024px) 100vw, 1024px\" \/><figcaption>Paula Mart\u00edn_1\u00baESOB<\/figcaption><\/figure>\n\n\n\n<figure class=\"wp-block-image size-large\"><img loading=\"lazy\" decoding=\"async\" width=\"620\" height=\"1024\" src=\"https:\/\/blogs.smbosque.es\/fidelsmb\/files\/2020\/06\/Luc\u00eda-Cancela-1-\u00b0-ESO-C-2-1-620x1024.jpg\" alt=\"\" class=\"wp-image-849\" srcset=\"https:\/\/blogs.smbosque.es\/fidelsmb\/files\/2020\/06\/Luc\u00eda-Cancela-1-\u00b0-ESO-C-2-1-620x1024.jpg 620w, https:\/\/blogs.smbosque.es\/fidelsmb\/files\/2020\/06\/Luc\u00eda-Cancela-1-\u00b0-ESO-C-2-1-182x300.jpg 182w, https:\/\/blogs.smbosque.es\/fidelsmb\/files\/2020\/06\/Luc\u00eda-Cancela-1-\u00b0-ESO-C-2-1-768x1268.jpg 768w, https:\/\/blogs.smbosque.es\/fidelsmb\/files\/2020\/06\/Luc\u00eda-Cancela-1-\u00b0-ESO-C-2-1-930x1536.jpg 930w, https:\/\/blogs.smbosque.es\/fidelsmb\/files\/2020\/06\/Luc\u00eda-Cancela-1-\u00b0-ESO-C-2-1-1240x2048.jpg 1240w, https:\/\/blogs.smbosque.es\/fidelsmb\/files\/2020\/06\/Luc\u00eda-Cancela-1-\u00b0-ESO-C-2-1-scaled.jpg 1550w\" sizes=\"auto, (max-width: 620px) 100vw, 620px\" \/><figcaption>Luc\u00eda Cancela_1\u00baESOC<\/figcaption><\/figure>\n\n\n\n<figure class=\"wp-block-image size-large\"><img loading=\"lazy\" decoding=\"async\" width=\"862\" height=\"1024\" src=\"https:\/\/blogs.smbosque.es\/fidelsmb\/files\/2020\/06\/Isabel-Diaz_2\u00baESOA-862x1024.jpg\" alt=\"\" class=\"wp-image-850\" srcset=\"https:\/\/blogs.smbosque.es\/fidelsmb\/files\/2020\/06\/Isabel-Diaz_2\u00baESOA-862x1024.jpg 862w, https:\/\/blogs.smbosque.es\/fidelsmb\/files\/2020\/06\/Isabel-Diaz_2\u00baESOA-253x300.jpg 253w, https:\/\/blogs.smbosque.es\/fidelsmb\/files\/2020\/06\/Isabel-Diaz_2\u00baESOA-768x912.jpg 768w, https:\/\/blogs.smbosque.es\/fidelsmb\/files\/2020\/06\/Isabel-Diaz_2\u00baESOA-1294x1536.jpg 1294w, https:\/\/blogs.smbosque.es\/fidelsmb\/files\/2020\/06\/Isabel-Diaz_2\u00baESOA-1725x2048.jpg 1725w, https:\/\/blogs.smbosque.es\/fidelsmb\/files\/2020\/06\/Isabel-Diaz_2\u00baESOA.jpg 1836w\" sizes=\"auto, (max-width: 862px) 100vw, 862px\" \/><figcaption>Isabel D\u00edaz_2\u00baESOA<\/figcaption><\/figure>\n","protected":false},"excerpt":{"rendered":"<p>Aqu\u00ed voy subiendo los dibujos que los alumnos me van enviando como diario visual de la cuarentena. Ya sab\u00e9is que pod\u00e9is enviar vuestros dibujos a fidel.garcia.online@smbosque.es Estos trabajos puden subir vuestra nota de evaluaci\u00f3n hasta 1 punto.<\/p>\n","protected":false},"author":40,"featured_media":0,"parent":0,"menu_order":0,"comment_status":"closed","ping_status":"closed","template":"","meta":{"footnotes":""},"class_list":["post-739","page","type-page","status-publish","hentry"],"_links":{"self":[{"href":"https:\/\/blogs.smbosque.es\/fidelsmb\/wp-json\/wp\/v2\/pages\/739","targetHints":{"allow":["GET"]}}],"collection":[{"href":"https:\/\/blogs.smbosque.es\/fidelsmb\/wp-json\/wp\/v2\/pages"}],"about":[{"href":"https:\/\/blogs.smbosque.es\/fidelsmb\/wp-json\/wp\/v2\/types\/page"}],"author":[{"embeddable":true,"href":"https:\/\/blogs.smbosque.es\/fidelsmb\/wp-json\/wp\/v2\/users\/40"}],"replies":[{"embeddable":true,"href":"https:\/\/blogs.smbosque.es\/fidelsmb\/wp-json\/wp\/v2\/comments?post=739"}],"version-history":[{"count":5,"href":"https:\/\/blogs.smbosque.es\/fidelsmb\/wp-json\/wp\/v2\/pages\/739\/revisions"}],"predecessor-version":[{"id":852,"href":"https:\/\/blogs.smbosque.es\/fidelsmb\/wp-json\/wp\/v2\/pages\/739\/revisions\/852"}],"wp:attachment":[{"href":"https:\/\/blogs.smbosque.es\/fidelsmb\/wp-json\/wp\/v2\/media?parent=739"}],"curies":[{"name":"wp","href":"https:\/\/api.w.org\/{rel}","templated":true}]}}