{"id":864,"date":"2020-06-15T09:21:13","date_gmt":"2020-06-15T07:21:13","guid":{"rendered":"http:\/\/blogs.smbosque.es\/fidelsmb\/?page_id=864"},"modified":"2020-06-15T09:21:13","modified_gmt":"2020-06-15T07:21:13","slug":"autodesk-sketchbook","status":"publish","type":"page","link":"https:\/\/blogs.smbosque.es\/fidelsmb\/autodesk-sketchbook\/","title":{"rendered":"Autodesk Sketchbook"},"content":{"rendered":"\n<p>En Autodesk, creemos que la creatividad comienza con una idea. La creaci\u00f3n de bocetos es una pieza clave del proceso creativo, tanto para los r\u00e1pidos bocetos conceptuales como para las ilustraciones completamente acabadas. Nunca se sabe en qu\u00e9 momento surgir\u00e1 una gran idea, de modo que el acceso a herramientas creativas r\u00e1pidas y potentes para la creaci\u00f3n de bocetos es una parte muy valiosa de cualquier proceso creativo.<br><br>Por este motivo, nos complace anunciar que ahora la versi\u00f3n completa de SketchBook es GRATUITA para todo el mundo.<\/p>\n\n\n\n<p><\/p>\n\n\n\n<p><a href=\"https:\/\/sketchbook.com\/\">https:\/\/sketchbook.com\/<\/a><\/p>\n\n\n\n<p><a href=\"https:\/\/play.google.com\/store\/apps\/details?id=com.adsk.sketchbook&amp;hl=es\">https:\/\/play.google.com\/store\/apps\/details?id=com.adsk.sketchbook&amp;hl=es<\/a><\/p>\n\n\n\n<p><a href=\"https:\/\/apps.apple.com\/es\/app\/autodesk-sketchbook\/id883738213\">https:\/\/apps.apple.com\/es\/app\/autodesk-sketchbook\/id883738213<\/a><\/p>\n","protected":false},"excerpt":{"rendered":"<p>En Autodesk, creemos que la creatividad comienza con una idea. La creaci\u00f3n de bocetos es una pieza clave del proceso creativo, tanto para los r\u00e1pidos bocetos conceptuales como para las ilustraciones completamente acabadas. Nunca se sabe en qu\u00e9 momento surgir\u00e1 &hellip; <a href=\"https:\/\/blogs.smbosque.es\/fidelsmb\/autodesk-sketchbook\/\">Sigue leyendo <span class=\"meta-nav\">&rarr;<\/span><\/a><\/p>\n","protected":false},"author":40,"featured_media":0,"parent":0,"menu_order":0,"comment_status":"closed","ping_status":"closed","template":"","meta":{"footnotes":""},"class_list":["post-864","page","type-page","status-publish","hentry"],"_links":{"self":[{"href":"https:\/\/blogs.smbosque.es\/fidelsmb\/wp-json\/wp\/v2\/pages\/864","targetHints":{"allow":["GET"]}}],"collection":[{"href":"https:\/\/blogs.smbosque.es\/fidelsmb\/wp-json\/wp\/v2\/pages"}],"about":[{"href":"https:\/\/blogs.smbosque.es\/fidelsmb\/wp-json\/wp\/v2\/types\/page"}],"author":[{"embeddable":true,"href":"https:\/\/blogs.smbosque.es\/fidelsmb\/wp-json\/wp\/v2\/users\/40"}],"replies":[{"embeddable":true,"href":"https:\/\/blogs.smbosque.es\/fidelsmb\/wp-json\/wp\/v2\/comments?post=864"}],"version-history":[{"count":1,"href":"https:\/\/blogs.smbosque.es\/fidelsmb\/wp-json\/wp\/v2\/pages\/864\/revisions"}],"predecessor-version":[{"id":866,"href":"https:\/\/blogs.smbosque.es\/fidelsmb\/wp-json\/wp\/v2\/pages\/864\/revisions\/866"}],"wp:attachment":[{"href":"https:\/\/blogs.smbosque.es\/fidelsmb\/wp-json\/wp\/v2\/media?parent=864"}],"curies":[{"name":"wp","href":"https:\/\/api.w.org\/{rel}","templated":true}]}}