{"id":48,"date":"2015-01-08T17:36:54","date_gmt":"2015-01-08T17:36:54","guid":{"rendered":"http:\/\/blogs.smbosque.es\/manolo-efisica\/?page_id=48"},"modified":"2019-09-22T18:49:28","modified_gmt":"2019-09-22T18:49:28","slug":"pagina-de-textos-basicos","status":"publish","type":"page","link":"https:\/\/blogs.smbosque.es\/manolo-efisica\/pagina-de-textos-basicos\/","title":{"rendered":"PAGINA DE TEXTOS B\u00c1SICOS"},"content":{"rendered":"<p>EN ESTA P\u00c1GINA EST\u00c1N A VUESTRA DISPOSICI\u00d3N TEXTOS B\u00c1SICOS PARA NUESTRA ASIGNATURA<\/p>\n\n\n<p>Esto es una prueba<\/p>\n","protected":false},"excerpt":{"rendered":"<p>EN ESTA P\u00c1GINA EST\u00c1N A VUESTRA DISPOSICI\u00d3N TEXTOS B\u00c1SICOS PARA NUESTRA ASIGNATURA Esto es una prueba<\/p>\n","protected":false},"author":23,"featured_media":0,"parent":0,"menu_order":0,"comment_status":"open","ping_status":"open","template":"","meta":{"footnotes":""},"class_list":["post-48","page","type-page","status-publish","hentry"],"_links":{"self":[{"href":"https:\/\/blogs.smbosque.es\/manolo-efisica\/wp-json\/wp\/v2\/pages\/48","targetHints":{"allow":["GET"]}}],"collection":[{"href":"https:\/\/blogs.smbosque.es\/manolo-efisica\/wp-json\/wp\/v2\/pages"}],"about":[{"href":"https:\/\/blogs.smbosque.es\/manolo-efisica\/wp-json\/wp\/v2\/types\/page"}],"author":[{"embeddable":true,"href":"https:\/\/blogs.smbosque.es\/manolo-efisica\/wp-json\/wp\/v2\/users\/23"}],"replies":[{"embeddable":true,"href":"https:\/\/blogs.smbosque.es\/manolo-efisica\/wp-json\/wp\/v2\/comments?post=48"}],"version-history":[{"count":2,"href":"https:\/\/blogs.smbosque.es\/manolo-efisica\/wp-json\/wp\/v2\/pages\/48\/revisions"}],"predecessor-version":[{"id":145,"href":"https:\/\/blogs.smbosque.es\/manolo-efisica\/wp-json\/wp\/v2\/pages\/48\/revisions\/145"}],"wp:attachment":[{"href":"https:\/\/blogs.smbosque.es\/manolo-efisica\/wp-json\/wp\/v2\/media?parent=48"}],"curies":[{"name":"wp","href":"https:\/\/api.w.org\/{rel}","templated":true}]}}