{"id":139,"date":"2020-03-19T13:38:02","date_gmt":"2020-03-19T12:38:02","guid":{"rendered":"http:\/\/blogs.smbosque.es\/mariagarcia\/?page_id=139"},"modified":"2020-04-03T20:11:31","modified_gmt":"2020-04-03T18:11:31","slug":"educacion-fisica","status":"publish","type":"page","link":"https:\/\/blogs.smbosque.es\/mariagarcia\/educacion-fisica\/","title":{"rendered":"Educaci\u00f3n F\u00edsica"},"content":{"rendered":"\n<p>Ah\u00ed van otras propuestas. \u00a1\u00a1\u00a1Mucho \u00e1nimo y a seguir adelante!!!<\/p>\n\n\n\n<p>A moverse un poco con \u201c<em>La oca de la Educaci\u00f3n F\u00edsica<\/em>\u201d. \u00bfQui\u00e9n llegar\u00e1 primero al final?<\/p>\n\n\n\n<figure class=\"wp-block-image\"><img decoding=\"async\" src=\"https:\/\/blogs.smbosque.es\/carlosgutierrez\/files\/2020\/03\/9F87DD62-FFE4-4AE2-8D48-36256BE642AA-1024x766.jpeg\" alt=\"\" class=\"wp-image-250\" \/><\/figure>\n\n\n\n<figure class=\"wp-block-image\"><img decoding=\"async\" src=\"https:\/\/blogs.smbosque.es\/carlosgutierrez\/files\/2020\/03\/071311BF-0C0C-45C5-A769-7ED11A32B2DD-1024x746.jpeg\" alt=\"\" class=\"wp-image-251\" \/><\/figure>\n\n\n\n<p><strong>\u00bfUn poco de yoga? Aqu\u00ed os dejo unos enlaces de v\u00eddeos de YOGA PARA NI\u00d1OS DE \u201cSMILE AND LEARN.<\/strong><\/p>\n\n\n\n<p><a href=\"https:\/\/www.youtube.com\/watch?v=t8748OWc1nQ.\">https:\/\/www.youtube.com\/watch?v=t8748OWc1nQ.<\/a><\/p>\n\n\n\n<p><a href=\"https:\/\/www.youtube.com\/watch?v=LOYxOzMUgAY.\">https:\/\/www.youtube.com\/watch?v=LOYxOzMUgAY.<\/a><\/p>\n\n\n\n<p><a href=\"https:\/\/www.youtube.com\/watch?v=iKfYvENTi40.\">https:\/\/www.youtube.com\/watch?v=iKfYvENTi40.<\/a><\/p>\n\n\n\n<p><a href=\"https:\/\/www.youtube.com\/watch?v=Dwt0qeBj85I.\">https:\/\/www.youtube.com\/watch?v=Dwt0qeBj85I.<\/a><\/p>\n\n\n\n<p><strong>\u00a1\u00a1Hay que seguir movi\u00e9ndose!!<\/strong><\/p>\n\n\n\n<p>S\u00ed, sabemos que es dif\u00edcil estar activo f\u00edsicamente en esta situaci\u00f3n, pero hay que tratar de sacar el lado positivo, poner en marcha nuestra imaginaci\u00f3n y realizar juegos y actividades que requieran moverse. \u00a1<strong>Mucho \u00e1nimo, seguro que ten\u00e9is un mont\u00f3n de ideas!<\/strong><\/p>\n\n\n\n<p>Seguro que os han llegado miles de tareas, actividades, ejercicios,\u2026a trav\u00e9s de whattsapp, redes sociales, internet, televisi\u00f3n\u2026para que realic\u00e9is durante este \u201cencierro\u201d y ocup\u00e9is el tiempo y se haga todo m\u00e1s llevadero. Mi consejo es que&nbsp;<em>no os agobi\u00e9is, no hace falta hacer miles de tareas en el d\u00eda<\/em>, organizaos a vuestra manera y acordad con vuestras familias unos horarios para realizar vuestras actividades: hay tiempo para hacer un mont\u00f3n de cosas, en la variedad creo que est\u00e1 la clave.<\/p>\n\n\n\n<p>Bailar, estudiar, leer, jugar, hacer ejercicio, hablar entre nosotros, jugar a la consola, ver la tele, escuchar m\u00fasica, cocinar, limpiar,\u2026son unos ejemplos de cosas que se pueden hacer, pero como he dicho anteriormente, \u00a1no es necesario hacerlo todo, todos los d\u00edas!!!<\/p>\n\n\n\n<p>Lo dicho, mucho \u00e1nimo y\u2026\u00a1A seguir activos!<\/p>\n\n\n\n<p>En el siguiente enlace pod\u00e9is ver varios ejemplos de juegos\/actividades que van a poner a prueba vuestra concentraci\u00f3n, agilidad, coordinaci\u00f3n, habilidad,\u2026\u00a1Pod\u00e9is probar toda la familia!!<a href=\"https:\/\/cralosbanales.wordpress.com\/2016\/01\/28\/pruebas-de-uno-para-ganar-en-educacion-fisica\/\">Pruebas de \u201cUno para ganar\u201d en educaci\u00f3n&nbsp;f\u00edsica<\/a><\/p>\n\n\n\n<p>Otro v\u00eddeo m\u00e1s:<\/p>\n\n\n\n<p><\/p>\n\n\n\n<p>Y el \u00faltimo por hoy:<\/p>\n\n\n\n<figure class=\"wp-block-embed-youtube wp-block-embed is-type-video is-provider-youtube wp-embed-aspect-16-9 wp-has-aspect-ratio\"><div class=\"wp-block-embed__wrapper\">\n<iframe loading=\"lazy\" title=\"7 JUEGOS DIVERTIDOS para NO ABURRIRSE en CASA | IDEAS para NI\u00d1OS\" width=\"640\" height=\"360\" src=\"https:\/\/www.youtube.com\/embed\/2_RIsnpq0gY?start=2&#038;feature=oembed\" frameborder=\"0\" allow=\"accelerometer; autoplay; clipboard-write; encrypted-media; gyroscope; picture-in-picture; web-share\" referrerpolicy=\"strict-origin-when-cross-origin\" allowfullscreen><\/iframe>\n<\/div><\/figure>\n\n\n\n<p>M\u00e1s adelante seguiremos colgando ideas para crear y preparar nuestras propias actividades para realizar en casa, para que sig\u00e1is activos y pas\u00e9is adem\u00e1s ratitos entretenidos.<\/p>\n","protected":false},"excerpt":{"rendered":"<p>Ah\u00ed van otras propuestas. \u00a1\u00a1\u00a1Mucho \u00e1nimo y a seguir adelante!!! A moverse un poco con \u201cLa oca de la Educaci\u00f3n F\u00edsica\u201d. \u00bfQui\u00e9n llegar\u00e1 primero al final? \u00bfUn poco de yoga? Aqu\u00ed os dejo unos enlaces de v\u00eddeos de YOGA PARA &hellip; <a href=\"https:\/\/blogs.smbosque.es\/mariagarcia\/educacion-fisica\/\">Sigue leyendo <span class=\"meta-nav\">&rarr;<\/span><\/a><\/p>\n","protected":false},"author":74,"featured_media":0,"parent":0,"menu_order":10,"comment_status":"closed","ping_status":"closed","template":"","meta":{"footnotes":""},"class_list":["post-139","page","type-page","status-publish","hentry"],"_links":{"self":[{"href":"https:\/\/blogs.smbosque.es\/mariagarcia\/wp-json\/wp\/v2\/pages\/139","targetHints":{"allow":["GET"]}}],"collection":[{"href":"https:\/\/blogs.smbosque.es\/mariagarcia\/wp-json\/wp\/v2\/pages"}],"about":[{"href":"https:\/\/blogs.smbosque.es\/mariagarcia\/wp-json\/wp\/v2\/types\/page"}],"author":[{"embeddable":true,"href":"https:\/\/blogs.smbosque.es\/mariagarcia\/wp-json\/wp\/v2\/users\/74"}],"replies":[{"embeddable":true,"href":"https:\/\/blogs.smbosque.es\/mariagarcia\/wp-json\/wp\/v2\/comments?post=139"}],"version-history":[{"count":8,"href":"https:\/\/blogs.smbosque.es\/mariagarcia\/wp-json\/wp\/v2\/pages\/139\/revisions"}],"predecessor-version":[{"id":186,"href":"https:\/\/blogs.smbosque.es\/mariagarcia\/wp-json\/wp\/v2\/pages\/139\/revisions\/186"}],"wp:attachment":[{"href":"https:\/\/blogs.smbosque.es\/mariagarcia\/wp-json\/wp\/v2\/media?parent=139"}],"curies":[{"name":"wp","href":"https:\/\/api.w.org\/{rel}","templated":true}]}}