{"id":172,"date":"2020-03-24T19:43:58","date_gmt":"2020-03-24T18:43:58","guid":{"rendered":"http:\/\/blogs.smbosque.es\/mariagarcia\/?page_id=172"},"modified":"2020-05-29T14:39:52","modified_gmt":"2020-05-29T12:39:52","slug":"nos-entretenemos","status":"publish","type":"page","link":"https:\/\/blogs.smbosque.es\/mariagarcia\/nos-entretenemos\/","title":{"rendered":"\u00a1Nos entretenemos!"},"content":{"rendered":"\n<p style=\"background-color:#22cc6c\" class=\"has-background\"><strong>Hoy os traigo algunos experimentos que pod\u00e9is hacer en casa, \u00bfest\u00e1is listos y listas? Pues echadle un vistazo a los v\u00eddeos.<\/strong> ??\u263a<\/p>\n\n\n\n<figure class=\"wp-block-embed-youtube wp-block-embed is-type-video is-provider-youtube wp-embed-aspect-16-9 wp-has-aspect-ratio\"><div class=\"wp-block-embed__wrapper\">\n<iframe loading=\"lazy\" title=\"Volc\u00e1n de lava || Nat Geo Lab || Experimentos caseros\" width=\"640\" height=\"360\" src=\"https:\/\/www.youtube.com\/embed\/Tsc2OuwXSGA?feature=oembed\" frameborder=\"0\" allow=\"accelerometer; autoplay; clipboard-write; encrypted-media; gyroscope; picture-in-picture; web-share\" referrerpolicy=\"strict-origin-when-cross-origin\" allowfullscreen><\/iframe>\n<\/div><\/figure>\n\n\n\n<figure class=\"wp-block-embed-youtube wp-block-embed is-type-video is-provider-youtube wp-embed-aspect-16-9 wp-has-aspect-ratio\"><div class=\"wp-block-embed__wrapper\">\n<iframe loading=\"lazy\" title=\"La Erupci\u00f3n de 5 Volcanes de Colores\" width=\"640\" height=\"360\" src=\"https:\/\/www.youtube.com\/embed\/fi_t4rPM7RQ?feature=oembed\" frameborder=\"0\" allow=\"accelerometer; autoplay; clipboard-write; encrypted-media; gyroscope; picture-in-picture; web-share\" referrerpolicy=\"strict-origin-when-cross-origin\" allowfullscreen><\/iframe>\n<\/div><\/figure>\n\n\n\n<figure class=\"wp-block-embed-youtube wp-block-embed is-type-video is-provider-youtube wp-embed-aspect-16-9 wp-has-aspect-ratio\"><div class=\"wp-block-embed__wrapper\">\n<iframe loading=\"lazy\" title=\"EL INCRE\u00cdBLE EXPERIMENTO SENCILLO QUE PUEDES HACER EN CASA\" width=\"640\" height=\"360\" src=\"https:\/\/www.youtube.com\/embed\/53pVk-4TT5k?feature=oembed\" frameborder=\"0\" allow=\"accelerometer; autoplay; clipboard-write; encrypted-media; gyroscope; picture-in-picture; web-share\" referrerpolicy=\"strict-origin-when-cross-origin\" allowfullscreen><\/iframe>\n<\/div><\/figure>\n\n\n\n<p style=\"background-color:#86c4f7\" class=\"has-background\">\u00bfOs gustan los puzzles? Os dejo un enlace en el que pod\u00e9is hacer unos cuantos. Adem\u00e1s, hay de diferentes niveles. <strong>\u00a1Disfrutadlos!<\/strong><br><a href=\"https:\/\/www.mundoprimaria.com\/juegos-educativos\/juegos-puzzles-gratis\">https:\/\/www.mundoprimaria.com\/juegos-educativos\/juegos-puzzles-gratis<\/a><\/p>\n\n\n\n<figure class=\"wp-block-gallery columns-3 is-cropped wp-block-gallery-1 is-layout-flex wp-block-gallery-is-layout-flex\"><ul class=\"blocks-gallery-grid\"><li class=\"blocks-gallery-item\"><figure><img loading=\"lazy\" decoding=\"async\" width=\"768\" height=\"1024\" src=\"https:\/\/blogs.smbosque.es\/mariagarcia\/files\/2020\/05\/259f55f179e5fdfe49c74f07c8badde9.jpg\" alt=\"\" data-id=\"767\" data-full-url=\"https:\/\/blogs.smbosque.es\/mariagarcia\/files\/2020\/05\/259f55f179e5fdfe49c74f07c8badde9.jpg\" data-link=\"https:\/\/blogs.smbosque.es\/mariagarcia\/nos-entretenemos\/259f55f179e5fdfe49c74f07c8badde9\/\" class=\"wp-image-767\" srcset=\"https:\/\/blogs.smbosque.es\/mariagarcia\/files\/2020\/05\/259f55f179e5fdfe49c74f07c8badde9.jpg 768w, https:\/\/blogs.smbosque.es\/mariagarcia\/files\/2020\/05\/259f55f179e5fdfe49c74f07c8badde9-225x300.jpg 225w\" sizes=\"auto, (max-width: 768px) 100vw, 768px\" \/><\/figure><\/li><li class=\"blocks-gallery-item\"><figure><img loading=\"lazy\" decoding=\"async\" width=\"600\" height=\"592\" src=\"https:\/\/blogs.smbosque.es\/mariagarcia\/files\/2020\/05\/coloriage-mandala-stitch-inspiration-zentangle-simba-coloriage-motif-de-coloriage-mandala-stitch.jpg\" alt=\"\" data-id=\"768\" data-full-url=\"https:\/\/blogs.smbosque.es\/mariagarcia\/files\/2020\/05\/coloriage-mandala-stitch-inspiration-zentangle-simba-coloriage-motif-de-coloriage-mandala-stitch.jpg\" data-link=\"https:\/\/blogs.smbosque.es\/mariagarcia\/nos-entretenemos\/coloriage-mandala-stitch-inspiration-zentangle-simba-coloriage-motif\/\" class=\"wp-image-768\" srcset=\"https:\/\/blogs.smbosque.es\/mariagarcia\/files\/2020\/05\/coloriage-mandala-stitch-inspiration-zentangle-simba-coloriage-motif-de-coloriage-mandala-stitch.jpg 600w, https:\/\/blogs.smbosque.es\/mariagarcia\/files\/2020\/05\/coloriage-mandala-stitch-inspiration-zentangle-simba-coloriage-motif-de-coloriage-mandala-stitch-300x296.jpg 300w\" sizes=\"auto, (max-width: 600px) 100vw, 600px\" \/><\/figure><\/li><li class=\"blocks-gallery-item\"><figure><img loading=\"lazy\" decoding=\"async\" width=\"340\" height=\"270\" src=\"https:\/\/blogs.smbosque.es\/mariagarcia\/files\/2020\/05\/coloriage-mandala-stitch-luxe-les-25-meilleures-idees-de-la-categorie-coloriage-de-coloriage-mandala-stitch.jpg\" alt=\"\" data-id=\"769\" data-full-url=\"https:\/\/blogs.smbosque.es\/mariagarcia\/files\/2020\/05\/coloriage-mandala-stitch-luxe-les-25-meilleures-idees-de-la-categorie-coloriage-de-coloriage-mandala-stitch.jpg\" data-link=\"https:\/\/blogs.smbosque.es\/mariagarcia\/nos-entretenemos\/coloriage-mandala-stitch-luxe-les-25-meilleures-idees-de-la-categorie-coloriage\/\" class=\"wp-image-769\" srcset=\"https:\/\/blogs.smbosque.es\/mariagarcia\/files\/2020\/05\/coloriage-mandala-stitch-luxe-les-25-meilleures-idees-de-la-categorie-coloriage-de-coloriage-mandala-stitch.jpg 340w, https:\/\/blogs.smbosque.es\/mariagarcia\/files\/2020\/05\/coloriage-mandala-stitch-luxe-les-25-meilleures-idees-de-la-categorie-coloriage-de-coloriage-mandala-stitch-300x238.jpg 300w\" sizes=\"auto, (max-width: 340px) 100vw, 340px\" \/><\/figure><\/li><li class=\"blocks-gallery-item\"><figure><img loading=\"lazy\" decoding=\"async\" width=\"570\" height=\"713\" src=\"https:\/\/blogs.smbosque.es\/mariagarcia\/files\/2020\/05\/coloriage-mandala-stitch-nouveau-each-piece-is-one-of-a-kind-drawn-by-me-with-nothing-but-de-coloriage-mandala-stitch.jpg\" alt=\"\" data-id=\"770\" data-full-url=\"https:\/\/blogs.smbosque.es\/mariagarcia\/files\/2020\/05\/coloriage-mandala-stitch-nouveau-each-piece-is-one-of-a-kind-drawn-by-me-with-nothing-but-de-coloriage-mandala-stitch.jpg\" data-link=\"https:\/\/blogs.smbosque.es\/mariagarcia\/nos-entretenemos\/coloriage-mandala-stitch-nouveau-each-piece-is-one-of-a-kind-drawn-by-me-with-nothing-but\/\" class=\"wp-image-770\" srcset=\"https:\/\/blogs.smbosque.es\/mariagarcia\/files\/2020\/05\/coloriage-mandala-stitch-nouveau-each-piece-is-one-of-a-kind-drawn-by-me-with-nothing-but-de-coloriage-mandala-stitch.jpg 570w, https:\/\/blogs.smbosque.es\/mariagarcia\/files\/2020\/05\/coloriage-mandala-stitch-nouveau-each-piece-is-one-of-a-kind-drawn-by-me-with-nothing-but-de-coloriage-mandala-stitch-240x300.jpg 240w\" sizes=\"auto, (max-width: 570px) 100vw, 570px\" \/><\/figure><\/li><li class=\"blocks-gallery-item\"><figure><img loading=\"lazy\" decoding=\"async\" width=\"819\" height=\"1024\" src=\"https:\/\/blogs.smbosque.es\/mariagarcia\/files\/2020\/05\/stitch-coloriage-luxe-lilo-and-stitch-floral-design-de-stitch-coloriage-1-819x1024.jpg\" alt=\"\" data-id=\"771\" data-full-url=\"https:\/\/blogs.smbosque.es\/mariagarcia\/files\/2020\/05\/stitch-coloriage-luxe-lilo-and-stitch-floral-design-de-stitch-coloriage-1.jpg\" data-link=\"https:\/\/blogs.smbosque.es\/mariagarcia\/nos-entretenemos\/stitch-coloriage-luxe-lilo-and-stitch-floral-design\/\" class=\"wp-image-771\" srcset=\"https:\/\/blogs.smbosque.es\/mariagarcia\/files\/2020\/05\/stitch-coloriage-luxe-lilo-and-stitch-floral-design-de-stitch-coloriage-1-819x1024.jpg 819w, https:\/\/blogs.smbosque.es\/mariagarcia\/files\/2020\/05\/stitch-coloriage-luxe-lilo-and-stitch-floral-design-de-stitch-coloriage-1-240x300.jpg 240w, https:\/\/blogs.smbosque.es\/mariagarcia\/files\/2020\/05\/stitch-coloriage-luxe-lilo-and-stitch-floral-design-de-stitch-coloriage-1-768x960.jpg 768w, https:\/\/blogs.smbosque.es\/mariagarcia\/files\/2020\/05\/stitch-coloriage-luxe-lilo-and-stitch-floral-design-de-stitch-coloriage-1.jpg 1200w\" sizes=\"auto, (max-width: 819px) 100vw, 819px\" \/><\/figure><\/li><\/ul><figcaption class=\"blocks-gallery-caption\"><span style=\"color:#9b35c0\" class=\"has-inline-color\"><strong>Aqu\u00ed ten\u00e9is unos mandalas por si os apetece colorear<\/strong>.       <img decoding=\"async\" src=\"\/\/ssl.gstatic.com\/mail\/emoji\/v7\/png48\/emoji_u1f58c.png\" alt=\"\uf58c\"><\/span><\/figcaption><\/figure>\n\n\n\n<div class=\"wp-block-columns is-layout-flex wp-container-core-columns-is-layout-1 wp-block-columns-is-layout-flex\">\n<div class=\"wp-block-column is-layout-flow wp-block-column-is-layout-flow\">\n<div class=\"wp-block-group\"><div class=\"wp-block-group__inner-container is-layout-flow wp-block-group-is-layout-flow\">\n<figure class=\"wp-block-image size-large\"><img loading=\"lazy\" decoding=\"async\" width=\"564\" height=\"564\" src=\"https:\/\/blogs.smbosque.es\/mariagarcia\/files\/2020\/05\/IMG_36865711.jpg\" alt=\"\" class=\"wp-image-610\" srcset=\"https:\/\/blogs.smbosque.es\/mariagarcia\/files\/2020\/05\/IMG_36865711.jpg 564w, https:\/\/blogs.smbosque.es\/mariagarcia\/files\/2020\/05\/IMG_36865711-300x300.jpg 300w, https:\/\/blogs.smbosque.es\/mariagarcia\/files\/2020\/05\/IMG_36865711-150x150.jpg 150w\" sizes=\"auto, (max-width: 564px) 100vw, 564px\" \/><\/figure>\n<\/div><\/div>\n\n\n\n<figure class=\"wp-block-image size-large\"><img loading=\"lazy\" decoding=\"async\" width=\"564\" height=\"396\" src=\"https:\/\/blogs.smbosque.es\/mariagarcia\/files\/2020\/05\/IMG_36895717.jpg\" alt=\"\" class=\"wp-image-613\" srcset=\"https:\/\/blogs.smbosque.es\/mariagarcia\/files\/2020\/05\/IMG_36895717.jpg 564w, https:\/\/blogs.smbosque.es\/mariagarcia\/files\/2020\/05\/IMG_36895717-300x211.jpg 300w\" sizes=\"auto, (max-width: 564px) 100vw, 564px\" \/><\/figure>\n<\/div>\n\n\n\n<div class=\"wp-block-column is-layout-flow wp-block-column-is-layout-flow\">\n<figure class=\"wp-block-image size-large\"><img loading=\"lazy\" decoding=\"async\" width=\"570\" height=\"385\" src=\"https:\/\/blogs.smbosque.es\/mariagarcia\/files\/2020\/05\/IMG_36905719.jpg\" alt=\"\" class=\"wp-image-611\" srcset=\"https:\/\/blogs.smbosque.es\/mariagarcia\/files\/2020\/05\/IMG_36905719.jpg 570w, https:\/\/blogs.smbosque.es\/mariagarcia\/files\/2020\/05\/IMG_36905719-300x203.jpg 300w\" sizes=\"auto, (max-width: 570px) 100vw, 570px\" \/><\/figure>\n\n\n\n<figure class=\"wp-block-image size-large\"><img loading=\"lazy\" decoding=\"async\" width=\"825\" height=\"638\" src=\"https:\/\/blogs.smbosque.es\/mariagarcia\/files\/2020\/05\/IMG_36915721.jpg\" alt=\"\" class=\"wp-image-614\" srcset=\"https:\/\/blogs.smbosque.es\/mariagarcia\/files\/2020\/05\/IMG_36915721.jpg 825w, https:\/\/blogs.smbosque.es\/mariagarcia\/files\/2020\/05\/IMG_36915721-300x232.jpg 300w, https:\/\/blogs.smbosque.es\/mariagarcia\/files\/2020\/05\/IMG_36915721-768x594.jpg 768w\" sizes=\"auto, (max-width: 825px) 100vw, 825px\" \/><\/figure>\n<\/div>\n\n\n\n<div class=\"wp-block-column is-layout-flow wp-block-column-is-layout-flow\">\n<figure class=\"wp-block-image size-large\"><img loading=\"lazy\" decoding=\"async\" width=\"600\" height=\"451\" src=\"https:\/\/blogs.smbosque.es\/mariagarcia\/files\/2020\/05\/IMG_36925723.png\" alt=\"\" class=\"wp-image-612\" srcset=\"https:\/\/blogs.smbosque.es\/mariagarcia\/files\/2020\/05\/IMG_36925723.png 600w, https:\/\/blogs.smbosque.es\/mariagarcia\/files\/2020\/05\/IMG_36925723-300x226.png 300w\" sizes=\"auto, (max-width: 600px) 100vw, 600px\" \/><\/figure>\n<\/div>\n<\/div>\n\n\n\n<p style=\"background-color:#2cc3de\" class=\"has-background\">Aqu\u00ed ten\u00e9is varias webs en que aparecen  ideas que pod\u00e9is hacer?.<\/p>\n\n\n\n<p><a href=\"https:\/\/www.pequeocio.com\/manualidades-infantiles\/manualidades-recicladas\/\">https:\/\/www.pequeocio.com\/manualidades-infantiles\/manualidades-recicladas\/<\/a><\/p>\n\n\n\n<p><a href=\"https:\/\/www.pequeocio.com\/manualidades-infantiles\/manualidades-con-papel\/\">https:\/\/www.pequeocio.com\/manualidades-infantiles\/manualidades-con-papel\/<\/a><\/p>\n\n\n\n<p><a href=\"https:\/\/www.pequeocio.com\/manualidades-infantiles\/manualidades-con-pinzas\/\">https:\/\/www.pequeocio.com\/manualidades-infantiles\/manualidades-con-pinzas\/<\/a><\/p>\n\n\n\n<p><a href=\"https:\/\/www.pequeocio.com\/manualidades-infantiles\/manualidades-con-rollos-de-papel\/\">https:\/\/www.pequeocio.com\/manualidades-infantiles\/manualidades-con-rollos-de-papel\/<\/a><\/p>\n\n\n\n<div class=\"wp-block-file\"><a href=\"https:\/\/blogs.smbosque.es\/mariagarcia\/files\/2020\/04\/CHULI\u0301SIMO-Opciones-Cuarentena-2020-1.pdf-1.pdf\">CHULI\u0301SIMO-Opciones-Cuarentena-2020-1.pdf-1<\/a><a href=\"https:\/\/blogs.smbosque.es\/mariagarcia\/files\/2020\/04\/CHULI\u0301SIMO-Opciones-Cuarentena-2020-1.pdf-1.pdf\" class=\"wp-block-file__button\" download>Descarga<\/a><\/div>\n\n\n\n<p style=\"background-color:#e44e4e\" class=\"has-background\"><strong>Los alumnos de la facultad de Salamanca han hecho este cuaderno  de experimentos.  Si os anim\u00e1is me pod\u00e9is mandar alguna fotillo o grabaros haciendo alguno de ellos, siempre con supervisi\u00f3n de un adulto, claro.<\/strong><\/p>\n\n\n\n<p><\/p>\n\n\n\n<p><a href=\"https:\/\/alumni.usal.es\/estudiantes-la-usal-crean-libro-experimentos-digital-los-mas-pequenos-se-acerquen-la-ciencia\/\">https:\/\/alumni.usal.es\/estudiantes-la-usal-crean-libro-experimentos-digital-los-mas-pequenos-se-acerquen-la-ciencia\/<\/a><\/p>\n\n\n\n<figure class=\"wp-block-embed-youtube wp-block-embed is-type-video is-provider-youtube wp-embed-aspect-16-9 wp-has-aspect-ratio\"><div class=\"wp-block-embed__wrapper\">\n<iframe loading=\"lazy\" title=\"Experimentos para los d\u00edas de cole a distancia USAL\" width=\"640\" height=\"360\" src=\"https:\/\/www.youtube.com\/embed\/videoseries?list=PLOO67cvfgYOGT1dx1cITDAfruW5rdnzYV\" frameborder=\"0\" allow=\"accelerometer; autoplay; clipboard-write; encrypted-media; gyroscope; picture-in-picture; web-share\" referrerpolicy=\"strict-origin-when-cross-origin\" allowfullscreen><\/iframe>\n<\/div><\/figure>\n\n\n\n<p><a href=\"https:\/\/www.pequeocio.com\/7-marcapaginas-papel-vuelta-al-cole\/\">https:\/\/www.pequeocio.com\/7-marcapaginas-papel-vuelta-al-cole\/<\/a><\/p>\n\n\n\n<p>Sopa de letras<\/p>\n\n\n\n<figure class=\"wp-block-image size-large\"><img loading=\"lazy\" decoding=\"async\" width=\"425\" height=\"598\" src=\"https:\/\/blogs.smbosque.es\/mariagarcia\/files\/2020\/03\/9a5665d03023171606fab6a79141e472.jpg\" alt=\"\" class=\"wp-image-248\" srcset=\"https:\/\/blogs.smbosque.es\/mariagarcia\/files\/2020\/03\/9a5665d03023171606fab6a79141e472.jpg 425w, https:\/\/blogs.smbosque.es\/mariagarcia\/files\/2020\/03\/9a5665d03023171606fab6a79141e472-213x300.jpg 213w\" sizes=\"auto, (max-width: 425px) 100vw, 425px\" \/><\/figure>\n\n\n\n<p>Fichas para trabajar la atenci\u00f3n <\/p>\n\n\n\n<figure class=\"wp-block-embed-wordpress wp-block-embed is-type-wp-embed is-provider-imagenes-educativas\"><div class=\"wp-block-embed__wrapper\">\n<blockquote class=\"wp-embedded-content\" data-secret=\"GUIMcuZsZD\"><a href=\"https:\/\/www.imageneseducativas.com\/fichas-para-la-mejora-de-la-atencion-mosaicos-para-discriminacion-visual\/\">Fichas para la mejora de la atenci\u00f3n: Mosaicos para discriminaci\u00f3n visual<\/a><\/blockquote><iframe loading=\"lazy\" class=\"wp-embedded-content\" sandbox=\"allow-scripts\" security=\"restricted\" style=\"position: absolute; clip: rect(1px, 1px, 1px, 1px);\" title=\"\u00abFichas para la mejora de la atenci\u00f3n: Mosaicos para discriminaci\u00f3n visual\u00bb \u2014 Imagenes Educativas\" src=\"https:\/\/www.imageneseducativas.com\/fichas-para-la-mejora-de-la-atencion-mosaicos-para-discriminacion-visual\/embed\/#?secret=WLVlQIhkMq#?secret=GUIMcuZsZD\" data-secret=\"GUIMcuZsZD\" width=\"600\" height=\"338\" frameborder=\"0\" marginwidth=\"0\" marginheight=\"0\" scrolling=\"no\"><\/iframe>\n<\/div><\/figure>\n\n\n\n<p>Imprimir fichas de memory<\/p>\n\n\n\n<figure class=\"wp-block-image size-large\"><img loading=\"lazy\" decoding=\"async\" width=\"724\" height=\"1024\" src=\"https:\/\/blogs.smbosque.es\/mariagarcia\/files\/2020\/03\/imprimir-desenho.jpg2_.jpg1_-724x1024.jpg\" alt=\"\" class=\"wp-image-243\" srcset=\"https:\/\/blogs.smbosque.es\/mariagarcia\/files\/2020\/03\/imprimir-desenho.jpg2_.jpg1_-724x1024.jpg 724w, https:\/\/blogs.smbosque.es\/mariagarcia\/files\/2020\/03\/imprimir-desenho.jpg2_.jpg1_-212x300.jpg 212w, https:\/\/blogs.smbosque.es\/mariagarcia\/files\/2020\/03\/imprimir-desenho.jpg2_.jpg1_-768x1086.jpg 768w, https:\/\/blogs.smbosque.es\/mariagarcia\/files\/2020\/03\/imprimir-desenho.jpg2_.jpg1_-1087x1536.jpg 1087w, https:\/\/blogs.smbosque.es\/mariagarcia\/files\/2020\/03\/imprimir-desenho.jpg2_.jpg1_.jpg 1132w\" sizes=\"auto, (max-width: 724px) 100vw, 724px\" \/><\/figure>\n\n\n\n<figure class=\"wp-block-image size-large\"><img loading=\"lazy\" decoding=\"async\" width=\"724\" height=\"1024\" src=\"https:\/\/blogs.smbosque.es\/mariagarcia\/files\/2020\/03\/imprimir-desenho.jpg2_.jpggg_-724x1024.png\" alt=\"\" class=\"wp-image-244\" srcset=\"https:\/\/blogs.smbosque.es\/mariagarcia\/files\/2020\/03\/imprimir-desenho.jpg2_.jpggg_-724x1024.png 724w, https:\/\/blogs.smbosque.es\/mariagarcia\/files\/2020\/03\/imprimir-desenho.jpg2_.jpggg_-212x300.png 212w, https:\/\/blogs.smbosque.es\/mariagarcia\/files\/2020\/03\/imprimir-desenho.jpg2_.jpggg_-768x1086.png 768w, https:\/\/blogs.smbosque.es\/mariagarcia\/files\/2020\/03\/imprimir-desenho.jpg2_.jpggg_-1086x1536.png 1086w, https:\/\/blogs.smbosque.es\/mariagarcia\/files\/2020\/03\/imprimir-desenho.jpg2_.jpggg_.png 1131w\" sizes=\"auto, (max-width: 724px) 100vw, 724px\" \/><\/figure>\n\n\n\n<figure class=\"wp-block-image size-large\"><img loading=\"lazy\" decoding=\"async\" width=\"563\" height=\"797\" src=\"https:\/\/blogs.smbosque.es\/mariagarcia\/files\/2020\/03\/f0dc3dfaa1cb706989ce438ae229fd98.jpg\" alt=\"\" class=\"wp-image-245\" srcset=\"https:\/\/blogs.smbosque.es\/mariagarcia\/files\/2020\/03\/f0dc3dfaa1cb706989ce438ae229fd98.jpg 563w, https:\/\/blogs.smbosque.es\/mariagarcia\/files\/2020\/03\/f0dc3dfaa1cb706989ce438ae229fd98-212x300.jpg 212w\" sizes=\"auto, (max-width: 563px) 100vw, 563px\" \/><\/figure>\n\n\n\n<p>Fichas para trabajar la simetr\u00eda. ?<\/p>\n\n\n\n<p><a href=\"http:\/\/fichaslomahermosa.blogspot.com\/2016\/06\/simetria.html\">http:\/\/fichaslomahermosa.blogspot.com\/2016\/06\/simetria.html<\/a><\/p>\n\n\n\n<p><\/p>\n\n\n\n<figure class=\"wp-block-image size-large\"><img loading=\"lazy\" decoding=\"async\" width=\"992\" height=\"1024\" src=\"https:\/\/blogs.smbosque.es\/mariagarcia\/files\/2020\/03\/PHOTO-2020-03-22-17-52-04-992x1024.jpg\" alt=\"\" class=\"wp-image-238\" srcset=\"https:\/\/blogs.smbosque.es\/mariagarcia\/files\/2020\/03\/PHOTO-2020-03-22-17-52-04-992x1024.jpg 992w, https:\/\/blogs.smbosque.es\/mariagarcia\/files\/2020\/03\/PHOTO-2020-03-22-17-52-04-291x300.jpg 291w, https:\/\/blogs.smbosque.es\/mariagarcia\/files\/2020\/03\/PHOTO-2020-03-22-17-52-04-768x793.jpg 768w, https:\/\/blogs.smbosque.es\/mariagarcia\/files\/2020\/03\/PHOTO-2020-03-22-17-52-04-1488x1536.jpg 1488w, https:\/\/blogs.smbosque.es\/mariagarcia\/files\/2020\/03\/PHOTO-2020-03-22-17-52-04.jpg 1550w\" sizes=\"auto, (max-width: 992px) 100vw, 992px\" \/><figcaption>Inventa un juego<\/figcaption><\/figure>\n\n\n\n<figure class=\"wp-block-image size-large\"><img loading=\"lazy\" decoding=\"async\" width=\"700\" height=\"450\" src=\"https:\/\/blogs.smbosque.es\/mariagarcia\/files\/2020\/03\/PHOTO-2020-03-22-17-52-08-1.jpg\" alt=\"\" class=\"wp-image-237\" srcset=\"https:\/\/blogs.smbosque.es\/mariagarcia\/files\/2020\/03\/PHOTO-2020-03-22-17-52-08-1.jpg 700w, https:\/\/blogs.smbosque.es\/mariagarcia\/files\/2020\/03\/PHOTO-2020-03-22-17-52-08-1-300x193.jpg 300w\" sizes=\"auto, (max-width: 700px) 100vw, 700px\" \/><figcaption>Jugar al STOP<\/figcaption><\/figure>\n\n\n\n<p>P\u00e1ginas por si quer\u00e9is pintar alg\u00fan mandala <\/p>\n\n\n\n<figure class=\"wp-block-image size-large\"><img decoding=\"async\" src=\"https:\/\/blogs.smbosque.es\/ab37625d-61c2-4e90-852c-f37c3b79c6db\" alt=\"\" \/><\/figure>\n\n\n\n<figure class=\"wp-block-embed-wordpress wp-block-embed is-type-wp-embed is-provider-mundo-primaria\"><div class=\"wp-block-embed__wrapper\">\n<blockquote class=\"wp-embedded-content\" data-secret=\"cBQ8FttFRu\"><a href=\"https:\/\/www.mundoprimaria.com\/dibujos-para-colorear\/mandalas-para-ninos\">Dibujos de mandalas para colorear<\/a><\/blockquote><iframe loading=\"lazy\" class=\"wp-embedded-content\" sandbox=\"allow-scripts\" security=\"restricted\" style=\"position: absolute; clip: rect(1px, 1px, 1px, 1px);\" title=\"\u00abDibujos de mandalas para colorear\u00bb \u2014 Mundo Primaria\" src=\"https:\/\/www.mundoprimaria.com\/dibujos-para-colorear\/mandalas-para-ninos\/embed#?secret=5NInwvRIrP#?secret=cBQ8FttFRu\" data-secret=\"cBQ8FttFRu\" width=\"600\" height=\"338\" frameborder=\"0\" marginwidth=\"0\" marginheight=\"0\" scrolling=\"no\"><\/iframe>\n<\/div><\/figure>\n\n\n\n<p>Para practicar la papiroflexia   <\/p>\n\n\n\n<figure class=\"wp-block-embed-wordpress wp-block-embed is-type-wp-embed is-provider-etapa-infantil\"><div class=\"wp-block-embed__wrapper\">\nhttps:\/\/www.etapainfantil.com\/papiroflexia-ninos-videos\n<\/div><\/figure>\n\n\n\n<p>Para imprimir un domin\u00f3, o \u00abel qui\u00e9n es qui\u00e9n\u00bb.<\/p>\n\n\n\n<figure class=\"wp-block-image size-large\"><img loading=\"lazy\" decoding=\"async\" width=\"498\" height=\"705\" src=\"https:\/\/blogs.smbosque.es\/mariagarcia\/files\/2020\/03\/PHOTO-2020-03-22-17-52-30-2.jpg\" alt=\"\" class=\"wp-image-210\" srcset=\"https:\/\/blogs.smbosque.es\/mariagarcia\/files\/2020\/03\/PHOTO-2020-03-22-17-52-30-2.jpg 498w, https:\/\/blogs.smbosque.es\/mariagarcia\/files\/2020\/03\/PHOTO-2020-03-22-17-52-30-2-212x300.jpg 212w\" sizes=\"auto, (max-width: 498px) 100vw, 498px\" \/><\/figure>\n\n\n\n<figure class=\"wp-block-image size-large\"><img loading=\"lazy\" decoding=\"async\" width=\"800\" height=\"935\" src=\"https:\/\/blogs.smbosque.es\/mariagarcia\/files\/2020\/03\/PHOTO-2020-03-22-17-52-07.jpg\" alt=\"\" class=\"wp-image-211\" srcset=\"https:\/\/blogs.smbosque.es\/mariagarcia\/files\/2020\/03\/PHOTO-2020-03-22-17-52-07.jpg 800w, https:\/\/blogs.smbosque.es\/mariagarcia\/files\/2020\/03\/PHOTO-2020-03-22-17-52-07-257x300.jpg 257w, https:\/\/blogs.smbosque.es\/mariagarcia\/files\/2020\/03\/PHOTO-2020-03-22-17-52-07-768x898.jpg 768w\" sizes=\"auto, (max-width: 800px) 100vw, 800px\" \/><\/figure>\n\n\n\n<figure class=\"wp-block-image size-large\"><img loading=\"lazy\" decoding=\"async\" width=\"777\" height=\"591\" src=\"https:\/\/blogs.smbosque.es\/mariagarcia\/files\/2020\/03\/PHOTO-2020-03-22-17-52-05.jpg\" alt=\"\" class=\"wp-image-212\" srcset=\"https:\/\/blogs.smbosque.es\/mariagarcia\/files\/2020\/03\/PHOTO-2020-03-22-17-52-05.jpg 777w, https:\/\/blogs.smbosque.es\/mariagarcia\/files\/2020\/03\/PHOTO-2020-03-22-17-52-05-300x228.jpg 300w, https:\/\/blogs.smbosque.es\/mariagarcia\/files\/2020\/03\/PHOTO-2020-03-22-17-52-05-768x584.jpg 768w\" sizes=\"auto, (max-width: 777px) 100vw, 777px\" \/><\/figure>\n","protected":false},"excerpt":{"rendered":"<p>Hoy os traigo algunos experimentos que pod\u00e9is hacer en casa, \u00bfest\u00e1is listos y listas? Pues echadle un vistazo a los v\u00eddeos. ??\u263a \u00bfOs gustan los puzzles? Os dejo un enlace en el que pod\u00e9is hacer unos cuantos. Adem\u00e1s, hay de &hellip; <a href=\"https:\/\/blogs.smbosque.es\/mariagarcia\/nos-entretenemos\/\">Sigue leyendo <span class=\"meta-nav\">&rarr;<\/span><\/a><\/p>\n","protected":false},"author":74,"featured_media":0,"parent":0,"menu_order":0,"comment_status":"closed","ping_status":"closed","template":"","meta":{"footnotes":""},"class_list":["post-172","page","type-page","status-publish","hentry"],"_links":{"self":[{"href":"https:\/\/blogs.smbosque.es\/mariagarcia\/wp-json\/wp\/v2\/pages\/172","targetHints":{"allow":["GET"]}}],"collection":[{"href":"https:\/\/blogs.smbosque.es\/mariagarcia\/wp-json\/wp\/v2\/pages"}],"about":[{"href":"https:\/\/blogs.smbosque.es\/mariagarcia\/wp-json\/wp\/v2\/types\/page"}],"author":[{"embeddable":true,"href":"https:\/\/blogs.smbosque.es\/mariagarcia\/wp-json\/wp\/v2\/users\/74"}],"replies":[{"embeddable":true,"href":"https:\/\/blogs.smbosque.es\/mariagarcia\/wp-json\/wp\/v2\/comments?post=172"}],"version-history":[{"count":26,"href":"https:\/\/blogs.smbosque.es\/mariagarcia\/wp-json\/wp\/v2\/pages\/172\/revisions"}],"predecessor-version":[{"id":908,"href":"https:\/\/blogs.smbosque.es\/mariagarcia\/wp-json\/wp\/v2\/pages\/172\/revisions\/908"}],"wp:attachment":[{"href":"https:\/\/blogs.smbosque.es\/mariagarcia\/wp-json\/wp\/v2\/media?parent=172"}],"curies":[{"name":"wp","href":"https:\/\/api.w.org\/{rel}","templated":true}]}}