{"id":2,"date":"2020-03-11T08:49:27","date_gmt":"2020-03-11T08:49:27","guid":{"rendered":"http:\/\/blogs.smbosque.es\/mariagarcia\/?page_id=2"},"modified":"2020-03-15T11:23:35","modified_gmt":"2020-03-15T11:23:35","slug":"pagina-ejemplo","status":"publish","type":"page","link":"https:\/\/blogs.smbosque.es\/mariagarcia\/pagina-ejemplo\/","title":{"rendered":"\u00a1Bienvenidos!"},"content":{"rendered":"\n<h1 class=\"wp-block-heading\"><strong>\u00a1Bienvenidos!<\/strong><\/h1>\n\n\n\n<p>De todos es conocida la situaci\u00f3n an\u00f3mala que nos est\u00e1 tocando vivir en estos momentos que est\u00e1 afectando a numerosos \u00e1mbitos de nuestras vidas.<\/p>\n\n\n\n<p>Como sab\u00e9is, la actividad acad\u00e9mica va a seguir adelante (dentro de las limitaciones existentes) y por este medio seguiremos trabajando.<\/p>\n\n\n\n<p>En el art\u00edculo posterior, la direcci\u00f3n del colegio nos da una serie de directrices y orientaciones para que los alumnos sigan trabajando y que estemos en contacto entre nosotros. (<strong>OJO: algunos de los puntos no ser\u00e1n necesarios realizarlos en nuestro curso, en otra entrada explicaremos m\u00e1s detalladamente como vamos a trabajar espec\u00edficamente en 4\u00ba de E.P.<\/strong>).<\/p>\n\n\n\n<p>Es fundamental que pongamos todos de nuestra parte y hagamos un ejercicio de responsabilidad para que sigamos avanzando en todo el proceso de ense\u00f1anza y aprendizaje.<\/p>\n\n\n\n<h1 class=\"wp-block-heading\"><a href=\"https:\/\/blogs.smbosque.es\/carlosgutierrez\/2020\/03\/10\/informacion-de-la-direccion-del-centro\/\">Informaci\u00f3n de la direcci\u00f3n del centro.<\/a><\/h1>\n\n\n\n<p><em>Estimadas familias, debido a la suspensi\u00f3n temporal de la actividad escolar desde el d\u00eda 11 de marzo al 25, ambos incluidos, se recomienda que los alumnos trabajen desde casa, para que estos d\u00edas sean de provecho para vuestros hijos y no se interrumpa su formaci\u00f3n acad\u00e9mica.<\/em><\/p>\n\n\n\n<p><em>Deb\u00e9is saber, que aunque sean nuevos contenidos, debemos avanzar en el temario, una vez se regrese al colegio de forma habitual, se revisar\u00e1n y se resolver\u00e1n las dudas que hayan podido surgir.<\/em><\/p>\n\n\n\n<p><em>El procedimiento ser\u00e1 el siguiente:<\/em><\/p>\n\n\n\n<p><em>* Se publicar\u00e1n en el blog, las tareas correspondientes a las materias que se dan cada d\u00eda, seg\u00fan el horario.<\/em><\/p>\n\n\n\n<p><em>* Los alumnos deber\u00e1n trabajarlas diariamente, y para facilitar su realizaci\u00f3n, se publicar\u00e1n en el blog, explicaciones, im\u00e1genes o v\u00eddeos que ayuden a su mejor comprensi\u00f3n.<\/em><\/p>\n\n\n\n<p><em>* Posteriormente, deber\u00e1n enviar una foto al profesor con la tarea terminada, con una presentaci\u00f3n, y una ortograf\u00eda y caligraf\u00eda adecuadas, al siguiente correo electr\u00f3nico:&nbsp;<\/em>&nbsp;<em><strong><a href=\"mailto:nombre.apellido.online@smbosque.es\">maria.garcia.online@smbosque.es<\/a>&nbsp;<\/strong><\/em><em><\/em><\/p>\n\n\n\n<p><em>* El env\u00edo de las tareas se deber\u00e1 hacer diariamente o como muy tarde, al d\u00eda siguiente para que puedan ser valoradas.<\/em><\/p>\n\n\n\n<p><em>* En caso de que las tareas no se hayan realizado correctamente, se enviar\u00e1n las correcciones o respuestas adecuadas para que puedan ser corregidas en casa y comprobar d\u00f3nde se encuentran los fallos.<\/em><\/p>\n\n\n\n<p><em>* Se mantendr\u00e1 una comunicaci\u00f3n diaria con los alumnos\/padres por correo electr\u00f3nico.<br><\/em><\/p>\n\n\n\n<p><em>* Por \u00faltimo, agradecer la colaboraci\u00f3n de las familias y recordar que, los alumnos necesitan de su apoyo, lo que no implica que se les d\u00e9 las respuestas, sino darles pistas que les ayude.&nbsp;<\/em><\/p>\n\n\n\n<p><strong>\u00bfC\u00f3mo vamos a trabajar en 4\u00ba de Educaci\u00f3n Primaria?<\/strong><\/p>\n\n\n\n<p>Ante esta nueva situaci\u00f3n vamos a estar en contacto a trav\u00e9s de este Blog. Intentaremos que sea lo m\u00e1s din\u00e1mico posible.<\/p>\n\n\n\n<p>A continuaci\u00f3n, os explicamos c\u00f3mo vamos a proceder.<\/p>\n\n\n\n<p>Todos los d\u00edas se subir\u00e1 una nueva entrada con las actividades a realizar, por norma general se os enlazar\u00e1 a una p\u00e1gina llamada iDoceo (que explicaremos m\u00e1s adelante).<\/p>\n\n\n\n<p>De lunes a viernes tendr\u00e9is tarea de matem\u00e1ticas y de lengua. Mientras que naturales y sociales se har\u00e1n en d\u00edas alternos.Lunes y mi\u00e9rcoles naturales. Martes y jueves sociales. En el \u00e1rea de ingl\u00e9s deber\u00e9is de ir al blog de:&nbsp;<strong>teresa.sanchez.online@smbosque.es<\/strong><\/p>\n\n\n\n<p>La p\u00e1gina a la que acceder\u00e9is nos enviar\u00e1 vuestras respuestas una vez que acab\u00e9is, pero vosotros deb\u00e9is tambi\u00e9n responder en vuestros<em>&nbsp;cuadernos<\/em>&nbsp;para as\u00ed poder comprobar vuestras respuestas y tambi\u00e9n lo revisaremos a la vuelta a las clases normales.<\/p>\n\n\n\n<p>Por esto, insistimos que deb\u00e9is realizar las tareas tambi\u00e9n en&nbsp;<em>vuestro cuaderno de clase<\/em>.<\/p>\n\n\n\n<p><em><strong>ACLARACI\u00d3N: En relaci\u00f3n a este punto del art\u00edculo anterior&nbsp; &nbsp; &nbsp; &nbsp; &nbsp; &nbsp; &nbsp; &nbsp; &nbsp; &nbsp;<\/strong><\/em><em><strong>* Posteriormente, deber\u00e1n enviar una foto al profesor con la tarea terminada, con una presentaci\u00f3n, y una ortograf\u00eda y caligraf\u00eda adecuadas, al siguiente correo electr\u00f3nico: raul.lopez<a href=\"mailto:raul.lopez.online@smbosque.es\">.online@smbosque.es<\/a>&nbsp;<br>NO SER\u00c1 NECESARIO QUE LO HAG\u00c1IS, PORQUE YA NOS LLEGAR\u00c1N VUESTRAS TAREAS, ACTIVIDADES, EJERCICIOS,\u2026MEDIANTE LA PLATAFORMA IDOCEO<\/strong><\/em><\/p>\n\n\n\n<p>Pero volvemos a insistir en que deb\u00e9is realizar las tareas tambi\u00e9n en vuestro cuaderno de clase.<\/p>\n\n\n\n<p>En iDoceo se realizar\u00e1n dos tipos de preguntas:<\/p>\n\n\n\n<ul class=\"wp-block-list\"><li>De tipo cerrado o test: las cuales en cuanto envi\u00e9is todo el formulario os dir\u00e1 las preguntas acertadas y las falladas.<\/li><li>De tipo abierto: las cuales colgaremos en un PDF en el blog, para que vosotros mismos pod\u00e1is ver en que hab\u00e9is fallado.&nbsp;<\/li><\/ul>\n\n\n\n<p><strong>GU\u00cdA PARA ACCEDER A LOS ENLACES DE IDOCEO:<\/strong><\/p>\n\n\n\n<ol class=\"wp-block-list\"><li>En el Blog, vais a la entrada del d\u00eda y pinch\u00e1is en el enlace a:&nbsp;<a href=\"https:\/\/connect.idoceo.net\/\" target=\"_blank\" rel=\"noreferrer noopener\">https:\/\/connect.idoceo.net\/<\/a><\/li><\/ol>\n\n\n\n<figure class=\"wp-block-image\"><img decoding=\"async\" src=\"https:\/\/blogs.smbosque.es\/raullopez\/files\/2020\/03\/2020-03-13-1-2-300x169.png\" alt=\"\" class=\"wp-image-59\" \/><\/figure>\n\n\n\n<p>2. Una vez dentro donde pone PIN, introduc\u00eds el que os hemos dado para ese d\u00eda y puls\u00e1is en Entrar.<\/p>\n\n\n\n<figure class=\"wp-block-image\"><img decoding=\"async\" src=\"https:\/\/blogs.smbosque.es\/raullopez\/files\/2020\/03\/2020-03-13-2-1-300x169.png\" alt=\"\" class=\"wp-image-61\" \/><\/figure>\n\n\n\n<p>3. Una vez dentro os saldr\u00e1n las preguntas a realizar, las cuales las deb\u00e9is hacer con la ayuda del libro si fuera necesario.<\/p>\n\n\n\n<figure class=\"wp-block-image\"><img decoding=\"async\" src=\"https:\/\/blogs.smbosque.es\/raullopez\/files\/2020\/03\/2020-03-13-3-1-300x169.png\" alt=\"\" class=\"wp-image-62\" \/><\/figure>\n\n\n\n<p>4. Se contesta en la casilla donde pone Answer y arriba a la derecha puls\u00e1is en Siguiente para ir a la pregunta posterior.<\/p>\n\n\n\n<figure class=\"wp-block-image\"><img decoding=\"async\" src=\"https:\/\/blogs.smbosque.es\/raullopez\/files\/2020\/03\/2020-03-13-4-1-300x169.png\" alt=\"\" class=\"wp-image-63\" \/><\/figure>\n\n\n\n<p>5. En las preguntas sucesivas deb\u00e9is actuar de igual modo. Hasta la \u00faltima pregunta que os pondr\u00e1 Entregar (donde deb\u00e9is pulsar).<\/p>\n\n\n\n<figure class=\"wp-block-image\"><img decoding=\"async\" src=\"https:\/\/blogs.smbosque.es\/raullopez\/files\/2020\/03\/2020-03-13-6-1-300x169.png\" alt=\"\" class=\"wp-image-64\" \/><\/figure>\n\n\n\n<p>6. Una vez enviado el formulario os saldr\u00e1 una pantalla donde deb\u00e9is indicar vuestro nombre real (nada de alias, motes o sobrenombres).<\/p>\n\n\n\n<figure class=\"wp-block-image\"><img decoding=\"async\" src=\"https:\/\/blogs.smbosque.es\/raullopez\/files\/2020\/03\/2020-03-13-8-1-300x169.png\" alt=\"\" class=\"wp-image-65\" \/><\/figure>\n\n\n\n<p>7. Una vez enviado os saldr\u00e1 una pantalla. Dependiendo si son preguntas con respuesta cerrada (test) o son respuestas abiertas, os saldr\u00e1 con correcciones o sin ellas.<\/p>\n\n\n\n<p>Tipo test: con correcciones.<\/p>\n\n\n\n<p>Tipo abierto: sin soluciones (se colgar\u00e1n dos d\u00edas despu\u00e9s en el blog)<\/p>\n\n\n\n<p>C\u00f3mo este ejemplo de formulario es tipo abierto, nos saldr\u00eda esto:<\/p>\n\n\n\n<figure class=\"wp-block-image\"><img decoding=\"async\" src=\"https:\/\/blogs.smbosque.es\/raullopez\/files\/2020\/03\/2020-03-13-9-1-300x169.png\" alt=\"\" class=\"wp-image-66\" \/><\/figure>\n\n\n\n<p><em><strong>Cada tarea estar\u00e1 disponible (abierta en iDoceo) para su realizaci\u00f3n desde las 9:00 hasta las 20:00 del mismo d\u00eda que se ha mandado. Os pedimos responsabilidad y agilidad a la hora de realizar dichas actividades para facilitarnos la revisi\u00f3n.<\/strong><\/em><\/p>\n\n\n\n<p><em>Al d\u00eda siguiente se pondr\u00e1 la tarea correspondiente y las actividades resueltas del d\u00eda anterior para que pod\u00e1is revisarlas.<\/em><\/p>\n\n\n\n<p>Deb\u00e9is tener paciencia y estar predispuestos a todo.<\/p>\n","protected":false},"excerpt":{"rendered":"<p>\u00a1Bienvenidos! De todos es conocida la situaci\u00f3n an\u00f3mala que nos est\u00e1 tocando vivir en estos momentos que est\u00e1 afectando a numerosos \u00e1mbitos de nuestras vidas. Como sab\u00e9is, la actividad acad\u00e9mica va a seguir adelante (dentro de las limitaciones existentes) y &hellip; <a href=\"https:\/\/blogs.smbosque.es\/mariagarcia\/pagina-ejemplo\/\">Sigue leyendo <span class=\"meta-nav\">&rarr;<\/span><\/a><\/p>\n","protected":false},"author":74,"featured_media":0,"parent":0,"menu_order":0,"comment_status":"closed","ping_status":"open","template":"","meta":{"footnotes":""},"class_list":["post-2","page","type-page","status-publish","hentry"],"_links":{"self":[{"href":"https:\/\/blogs.smbosque.es\/mariagarcia\/wp-json\/wp\/v2\/pages\/2","targetHints":{"allow":["GET"]}}],"collection":[{"href":"https:\/\/blogs.smbosque.es\/mariagarcia\/wp-json\/wp\/v2\/pages"}],"about":[{"href":"https:\/\/blogs.smbosque.es\/mariagarcia\/wp-json\/wp\/v2\/types\/page"}],"author":[{"embeddable":true,"href":"https:\/\/blogs.smbosque.es\/mariagarcia\/wp-json\/wp\/v2\/users\/74"}],"replies":[{"embeddable":true,"href":"https:\/\/blogs.smbosque.es\/mariagarcia\/wp-json\/wp\/v2\/comments?post=2"}],"version-history":[{"count":1,"href":"https:\/\/blogs.smbosque.es\/mariagarcia\/wp-json\/wp\/v2\/pages\/2\/revisions"}],"predecessor-version":[{"id":71,"href":"https:\/\/blogs.smbosque.es\/mariagarcia\/wp-json\/wp\/v2\/pages\/2\/revisions\/71"}],"wp:attachment":[{"href":"https:\/\/blogs.smbosque.es\/mariagarcia\/wp-json\/wp\/v2\/media?parent=2"}],"curies":[{"name":"wp","href":"https:\/\/api.w.org\/{rel}","templated":true}]}}