{"id":250,"date":"2020-03-30T20:34:55","date_gmt":"2020-03-30T18:34:55","guid":{"rendered":"http:\/\/blogs.smbosque.es\/mariagarcia\/?page_id=250"},"modified":"2020-05-22T15:28:36","modified_gmt":"2020-05-22T13:28:36","slug":"plastica-6oc","status":"publish","type":"page","link":"https:\/\/blogs.smbosque.es\/mariagarcia\/plastica-6oc\/","title":{"rendered":"Pl\u00e1stica 6\u00baC"},"content":{"rendered":"\n<p style=\"background-color:#d09da6\" class=\"has-background has-medium-font-size\"><strong>CORREO: maria.garcia.online@smbosque.es<\/strong><\/p>\n\n\n\n<p style=\"background-color:#d7171b\" class=\"has-background has-medium-font-size\"><strong>LIBRO DE PL\u00c1STICA. Ficha 19(p\u00e1gina 47)<\/strong><\/p>\n\n\n\n<p style=\"background-color:#d7171b\" class=\"has-background has-medium-font-size\"><strong> Ficha 20(p\u00e1gina 49)<\/strong>.<\/p>\n\n\n\n<p style=\"background-color:#8cb8e4\" class=\"has-background\">Buenas a tod@s!!! Espero que est\u00e9is tod@s bien. En este apartado ir\u00e9 subiendo cuadros, t\u00e9cnicas, manualidades. Tambi\u00e9n me pod\u00e9is enviar alg\u00fan dibujo para publicarlo?<\/p>\n\n\n\n<figure class=\"wp-block-gallery columns-2 is-cropped wp-block-gallery-1 is-layout-flex wp-block-gallery-is-layout-flex\"><ul class=\"blocks-gallery-grid\"><li class=\"blocks-gallery-item\"><figure><img loading=\"lazy\" decoding=\"async\" width=\"768\" height=\"1024\" src=\"https:\/\/blogs.smbosque.es\/mariagarcia\/files\/2020\/05\/IMG_20200522_141701-768x1024.jpg\" alt=\"\" data-id=\"810\" data-full-url=\"https:\/\/blogs.smbosque.es\/mariagarcia\/files\/2020\/05\/IMG_20200522_141701-scaled.jpg\" data-link=\"https:\/\/blogs.smbosque.es\/mariagarcia\/plastica-6oc\/img_20200522_141701\/\" class=\"wp-image-810\" srcset=\"https:\/\/blogs.smbosque.es\/mariagarcia\/files\/2020\/05\/IMG_20200522_141701-768x1024.jpg 768w, https:\/\/blogs.smbosque.es\/mariagarcia\/files\/2020\/05\/IMG_20200522_141701-225x300.jpg 225w, https:\/\/blogs.smbosque.es\/mariagarcia\/files\/2020\/05\/IMG_20200522_141701-1152x1536.jpg 1152w, https:\/\/blogs.smbosque.es\/mariagarcia\/files\/2020\/05\/IMG_20200522_141701-1536x2048.jpg 1536w, https:\/\/blogs.smbosque.es\/mariagarcia\/files\/2020\/05\/IMG_20200522_141701-scaled.jpg 1920w\" sizes=\"auto, (max-width: 768px) 100vw, 768px\" \/><\/figure><\/li><li class=\"blocks-gallery-item\"><figure><img loading=\"lazy\" decoding=\"async\" width=\"768\" height=\"1024\" src=\"https:\/\/blogs.smbosque.es\/mariagarcia\/files\/2020\/05\/IMG_20200522_141719-768x1024.jpg\" alt=\"\" data-id=\"811\" data-full-url=\"https:\/\/blogs.smbosque.es\/mariagarcia\/files\/2020\/05\/IMG_20200522_141719-scaled.jpg\" data-link=\"https:\/\/blogs.smbosque.es\/mariagarcia\/plastica-6oc\/img_20200522_141719\/\" class=\"wp-image-811\" srcset=\"https:\/\/blogs.smbosque.es\/mariagarcia\/files\/2020\/05\/IMG_20200522_141719-768x1024.jpg 768w, https:\/\/blogs.smbosque.es\/mariagarcia\/files\/2020\/05\/IMG_20200522_141719-225x300.jpg 225w, https:\/\/blogs.smbosque.es\/mariagarcia\/files\/2020\/05\/IMG_20200522_141719-1152x1536.jpg 1152w, https:\/\/blogs.smbosque.es\/mariagarcia\/files\/2020\/05\/IMG_20200522_141719-1536x2048.jpg 1536w, https:\/\/blogs.smbosque.es\/mariagarcia\/files\/2020\/05\/IMG_20200522_141719-scaled.jpg 1920w\" sizes=\"auto, (max-width: 768px) 100vw, 768px\" \/><\/figure><\/li><\/ul><figcaption class=\"blocks-gallery-caption\"><strong>Vuestra compa\u00f1era Celia ha hecho esta ducha con medio brick de leche. \u00a1Es chul\u00edsimo!<\/strong><\/figcaption><\/figure>\n\n\n\n<figure class=\"wp-block-embed-youtube wp-block-embed is-type-video is-provider-youtube wp-embed-aspect-16-9 wp-has-aspect-ratio\"><div class=\"wp-block-embed__wrapper\">\n<iframe loading=\"lazy\" title=\"Clases de sombreado: c\u00f3mo dibujar sombras -  Arte Divierte\" width=\"640\" height=\"360\" src=\"https:\/\/www.youtube.com\/embed\/6-nSriC6Arw?feature=oembed\" frameborder=\"0\" allow=\"accelerometer; autoplay; clipboard-write; encrypted-media; gyroscope; picture-in-picture; web-share\" referrerpolicy=\"strict-origin-when-cross-origin\" allowfullscreen><\/iframe>\n<\/div><\/figure>\n\n\n\n<p style=\"background-color:#b4c9d2\" class=\"has-background\">VISITA INTERACTIVA POR EL MUSEO DEL PRADO<\/p>\n\n\n\n<p><a href=\"https:\/\/www.museodelprado.es\/busqueda-multimedia?search=audiogu%C3%ADa%20infantil&amp;gnoss:type=efrbrer:Video\">https:\/\/www.museodelprado.es\/busqueda-multimedia?search=audiogu%C3%ADa%20infantil&amp;gnoss:type=efrbrer:Video<\/a>El disco de Newton<\/p>\n\n\n\n<p style=\"background-color:#00a377\" class=\"has-background\">El disco de Newton. \u00bfOs anim\u00e1is a hacerlo??<\/p>\n\n\n\n<figure class=\"wp-block-embed-youtube wp-block-embed is-type-video is-provider-youtube wp-embed-aspect-16-9 wp-has-aspect-ratio\"><div class=\"wp-block-embed__wrapper\">\n<iframe loading=\"lazy\" title=\"El disco de Newton \u00b7 USAL\" width=\"640\" height=\"360\" src=\"https:\/\/www.youtube.com\/embed\/Pdey1u-N2Wo?feature=oembed\" frameborder=\"0\" allow=\"accelerometer; autoplay; clipboard-write; encrypted-media; gyroscope; picture-in-picture; web-share\" referrerpolicy=\"strict-origin-when-cross-origin\" allowfullscreen><\/iframe>\n<\/div><\/figure>\n\n\n\n<figure class=\"wp-block-embed-wordpress wp-block-embed is-type-wp-embed is-provider-mundo-primaria\"><div class=\"wp-block-embed__wrapper\">\n<blockquote class=\"wp-embedded-content\" data-secret=\"94oCOrMG6G\"><a href=\"https:\/\/www.mundoprimaria.com\/dibujos-para-colorear\/mandalas-para-ninos\">Dibujos de mandalas para colorear<\/a><\/blockquote><iframe loading=\"lazy\" class=\"wp-embedded-content\" sandbox=\"allow-scripts\" security=\"restricted\" style=\"position: absolute; clip: rect(1px, 1px, 1px, 1px);\" title=\"\u00abDibujos de mandalas para colorear\u00bb \u2014 Mundo Primaria\" src=\"https:\/\/www.mundoprimaria.com\/dibujos-para-colorear\/mandalas-para-ninos\/embed#?secret=j0VTwtkwL3#?secret=94oCOrMG6G\" data-secret=\"94oCOrMG6G\" width=\"600\" height=\"338\" frameborder=\"0\" marginwidth=\"0\" marginheight=\"0\" scrolling=\"no\"><\/iframe>\n<\/div><\/figure>\n\n\n\n<p style=\"background-color:#eb8d8d\" class=\"has-background\"><strong>Marcap\u00e1ginas<\/strong><\/p>\n\n\n\n<p><a href=\"https:\/\/www.pinterest.ph\/pin\/457959855843776603\/\">https:\/\/www.pinterest.ph\/pin\/457959855843776603\/<\/a> <\/p>\n\n\n\n<figure class=\"wp-block-embed-youtube wp-block-embed is-type-video is-provider-youtube wp-embed-aspect-16-9 wp-has-aspect-ratio\"><div class=\"wp-block-embed__wrapper\">\n<iframe loading=\"lazy\" title=\"6 figuras de origami geniales para hacer en casa | Origami f\u00e1cil para ni\u00f1os\" width=\"640\" height=\"360\" src=\"https:\/\/www.youtube.com\/embed\/m6O7BwcncbU?feature=oembed\" frameborder=\"0\" allow=\"accelerometer; autoplay; clipboard-write; encrypted-media; gyroscope; picture-in-picture; web-share\" referrerpolicy=\"strict-origin-when-cross-origin\" allowfullscreen><\/iframe>\n<\/div><\/figure>\n\n\n\n<figure class=\"wp-block-embed-youtube wp-block-embed is-type-video is-provider-youtube wp-embed-aspect-16-9 wp-has-aspect-ratio\"><div class=\"wp-block-embed__wrapper\">\n<iframe loading=\"lazy\" title=\"FONDOS Y TEXTURAS con ACUARELA!! \u2704 Barbs Arenas Art!\" width=\"640\" height=\"360\" src=\"https:\/\/www.youtube.com\/embed\/i11XMhuizdA?feature=oembed\" frameborder=\"0\" allow=\"accelerometer; autoplay; clipboard-write; encrypted-media; gyroscope; picture-in-picture; web-share\" referrerpolicy=\"strict-origin-when-cross-origin\" allowfullscreen><\/iframe>\n<\/div><\/figure>\n\n\n\n<p style=\"background-color:#e71111\" class=\"has-background\"><strong>T\u00e9cnica del puntillismo<\/strong><\/p>\n\n\n\n<figure class=\"wp-block-embed-wordpress wp-block-embed is-type-wp-embed is-provider-celina-emborg\"><div class=\"wp-block-embed__wrapper\">\n <blockquote class=\"wp-embedded-content\" data-secret=\"lzjNubPjSM\"><a href=\"https:\/\/emborg.com.ar\/sin-categoria\/en-que-consiste-la-tecnica-del-puntillismo\/\">\u00bfEn qu\u00e9 consiste la t\u00e9cnica del puntillismo?<\/a><\/blockquote><iframe loading=\"lazy\" class=\"wp-embedded-content\" sandbox=\"allow-scripts\" security=\"restricted\" style=\"position: absolute; clip: rect(1px, 1px, 1px, 1px);\" title=\"\u00ab\u00bfEn qu\u00e9 consiste la t\u00e9cnica del puntillismo?\u00bb \u2014 Celina Emborg\" src=\"https:\/\/emborg.com.ar\/sin-categoria\/en-que-consiste-la-tecnica-del-puntillismo\/embed\/#?secret=ksxcOfesII#?secret=lzjNubPjSM\" data-secret=\"lzjNubPjSM\" width=\"600\" height=\"338\" frameborder=\"0\" marginwidth=\"0\" marginheight=\"0\" scrolling=\"no\"><\/iframe>\n<\/div><\/figure>\n\n\n\n<figure class=\"wp-block-embed-youtube wp-block-embed is-type-video is-provider-youtube wp-embed-aspect-4-3 wp-has-aspect-ratio\"><div class=\"wp-block-embed__wrapper\">\n<iframe loading=\"lazy\" title=\"\u00bfC\u00f3mo explicar el puntillismo?\" width=\"640\" height=\"480\" src=\"https:\/\/www.youtube.com\/embed\/RGz7YGixe3w?feature=oembed\" frameborder=\"0\" allow=\"accelerometer; autoplay; clipboard-write; encrypted-media; gyroscope; picture-in-picture; web-share\" referrerpolicy=\"strict-origin-when-cross-origin\" allowfullscreen><\/iframe>\n<\/div><\/figure>\n\n\n\n<p><a href=\"https:\/\/www.salirconarte.com\/magazine\/10-cuadros-puntillistas-que-te-sorprenderan\/\">https:\/\/www.salirconarte.com\/magazine\/10-cuadros-puntillistas-que-te-sorprenderan\/<\/a><\/p>\n\n\n\n<p style=\"background-color:#9c3886;color:#45b906\" class=\"has-text-color has-background has-medium-font-size\"><strong>T\u00e9cnica del estarcido<\/strong><\/p>\n\n\n\n<figure class=\"wp-block-embed-youtube wp-block-embed is-type-video is-provider-youtube wp-embed-aspect-16-9 wp-has-aspect-ratio\"><div class=\"wp-block-embed__wrapper\">\n<iframe loading=\"lazy\" title=\"5 \u0438\u043d\u0442\u0435\u0440\u0435\u0441\u043d\u044b\u0445 \u0441\u043f\u043e\u0441\u043e\u0431\u043e\u0432 \u0440\u0438\u0441\u043e\u0432\u0430\u043d\u0438\u044f \u0434\u043b\u044f \u0434\u0435\u0442\u0435\u0439 \u043d\u0430 \u0442\u0435\u043c\u0443 \u043e\u0441\u0435\u043d\u0438!\" width=\"640\" height=\"360\" src=\"https:\/\/www.youtube.com\/embed\/mYlCnULOhYQ?feature=oembed\" frameborder=\"0\" allow=\"accelerometer; autoplay; clipboard-write; encrypted-media; gyroscope; picture-in-picture; web-share\" referrerpolicy=\"strict-origin-when-cross-origin\" allowfullscreen><\/iframe>\n<\/div><figcaption><br><\/figcaption><\/figure>\n\n\n\n<p style=\"background-color:#62cc54\" class=\"has-background\">Trabajar la profundidad en los dibujos<\/p>\n\n\n\n<figure class=\"wp-block-embed-youtube wp-block-embed is-type-video is-provider-youtube wp-embed-aspect-4-3 wp-has-aspect-ratio\"><div class=\"wp-block-embed__wrapper\">\n<iframe loading=\"lazy\" title=\"Dibujar con profundidad. Art attack.\" width=\"640\" height=\"480\" src=\"https:\/\/www.youtube.com\/embed\/S8dWwEzts64?feature=oembed\" frameborder=\"0\" allow=\"accelerometer; autoplay; clipboard-write; encrypted-media; gyroscope; picture-in-picture; web-share\" referrerpolicy=\"strict-origin-when-cross-origin\" allowfullscreen><\/iframe>\n<\/div><\/figure>\n\n\n\n<p style=\"background-color:#2ac94c\" class=\"has-background\">Visita virtual al Museo Sorolla<\/p>\n\n\n\n<p><a href=\"http:\/\/www.culturaydeporte.gob.es\/msorolla\/exposicion\/exposicion-permanente.html\">http:\/\/www.culturaydeporte.gob.es\/msorolla\/exposicion\/exposicion-permanente.html<\/a><\/p>\n","protected":false},"excerpt":{"rendered":"<p>CORREO: maria.garcia.online@smbosque.es LIBRO DE PL\u00c1STICA. Ficha 19(p\u00e1gina 47) Ficha 20(p\u00e1gina 49). Buenas a tod@s!!! Espero que est\u00e9is tod@s bien. En este apartado ir\u00e9 subiendo cuadros, t\u00e9cnicas, manualidades. Tambi\u00e9n me pod\u00e9is enviar alg\u00fan dibujo para publicarlo? VISITA INTERACTIVA POR EL MUSEO &hellip; <a href=\"https:\/\/blogs.smbosque.es\/mariagarcia\/plastica-6oc\/\">Sigue leyendo <span class=\"meta-nav\">&rarr;<\/span><\/a><\/p>\n","protected":false},"author":74,"featured_media":0,"parent":0,"menu_order":8,"comment_status":"closed","ping_status":"closed","template":"","meta":{"footnotes":""},"class_list":["post-250","page","type-page","status-publish","hentry"],"_links":{"self":[{"href":"https:\/\/blogs.smbosque.es\/mariagarcia\/wp-json\/wp\/v2\/pages\/250","targetHints":{"allow":["GET"]}}],"collection":[{"href":"https:\/\/blogs.smbosque.es\/mariagarcia\/wp-json\/wp\/v2\/pages"}],"about":[{"href":"https:\/\/blogs.smbosque.es\/mariagarcia\/wp-json\/wp\/v2\/types\/page"}],"author":[{"embeddable":true,"href":"https:\/\/blogs.smbosque.es\/mariagarcia\/wp-json\/wp\/v2\/users\/74"}],"replies":[{"embeddable":true,"href":"https:\/\/blogs.smbosque.es\/mariagarcia\/wp-json\/wp\/v2\/comments?post=250"}],"version-history":[{"count":16,"href":"https:\/\/blogs.smbosque.es\/mariagarcia\/wp-json\/wp\/v2\/pages\/250\/revisions"}],"predecessor-version":[{"id":812,"href":"https:\/\/blogs.smbosque.es\/mariagarcia\/wp-json\/wp\/v2\/pages\/250\/revisions\/812"}],"wp:attachment":[{"href":"https:\/\/blogs.smbosque.es\/mariagarcia\/wp-json\/wp\/v2\/media?parent=250"}],"curies":[{"name":"wp","href":"https:\/\/api.w.org\/{rel}","templated":true}]}}