{"id":320,"date":"2020-04-03T20:07:00","date_gmt":"2020-04-03T18:07:00","guid":{"rendered":"http:\/\/blogs.smbosque.es\/mariagarcia\/?page_id=320"},"modified":"2020-06-01T14:08:54","modified_gmt":"2020-06-01T12:08:54","slug":"matematicas","status":"publish","type":"page","link":"https:\/\/blogs.smbosque.es\/mariagarcia\/materias\/matematicas\/","title":{"rendered":"Matem\u00e1ticas"},"content":{"rendered":"\n<p style=\"background-color:#40f84a\" class=\"has-background\"><strong>Vuestros poliedros con palillos y plastilina&#8230; \u00a1Qu\u00e9 artistas! <\/strong><\/p>\n\n\n\n<figure class=\"wp-block-gallery columns-3 is-cropped wp-block-gallery-1 is-layout-flex wp-block-gallery-is-layout-flex\"><ul class=\"blocks-gallery-grid\"><li class=\"blocks-gallery-item\"><figure><img loading=\"lazy\" decoding=\"async\" width=\"768\" height=\"1024\" src=\"https:\/\/blogs.smbosque.es\/mariagarcia\/files\/2020\/06\/Sara-2-768x1024.jpg\" alt=\"\" data-id=\"930\" data-full-url=\"https:\/\/blogs.smbosque.es\/mariagarcia\/files\/2020\/06\/Sara-2-scaled.jpg\" data-link=\"https:\/\/blogs.smbosque.es\/mariagarcia\/materias\/matematicas\/sara-2-2\/\" class=\"wp-image-930\" srcset=\"https:\/\/blogs.smbosque.es\/mariagarcia\/files\/2020\/06\/Sara-2-768x1024.jpg 768w, https:\/\/blogs.smbosque.es\/mariagarcia\/files\/2020\/06\/Sara-2-225x300.jpg 225w, https:\/\/blogs.smbosque.es\/mariagarcia\/files\/2020\/06\/Sara-2-1152x1536.jpg 1152w, https:\/\/blogs.smbosque.es\/mariagarcia\/files\/2020\/06\/Sara-2-1536x2048.jpg 1536w, https:\/\/blogs.smbosque.es\/mariagarcia\/files\/2020\/06\/Sara-2-scaled.jpg 1920w\" sizes=\"auto, (max-width: 768px) 100vw, 768px\" \/><figcaption class=\"blocks-gallery-item__caption\">Sara<\/figcaption><\/figure><\/li><li class=\"blocks-gallery-item\"><figure><img loading=\"lazy\" decoding=\"async\" width=\"768\" height=\"1024\" src=\"https:\/\/blogs.smbosque.es\/mariagarcia\/files\/2020\/06\/Aitana-2-768x1024.jpg\" alt=\"\" data-id=\"931\" data-full-url=\"https:\/\/blogs.smbosque.es\/mariagarcia\/files\/2020\/06\/Aitana-2-scaled.jpg\" data-link=\"https:\/\/blogs.smbosque.es\/mariagarcia\/materias\/matematicas\/aitana-2-2\/\" class=\"wp-image-931\" srcset=\"https:\/\/blogs.smbosque.es\/mariagarcia\/files\/2020\/06\/Aitana-2-768x1024.jpg 768w, https:\/\/blogs.smbosque.es\/mariagarcia\/files\/2020\/06\/Aitana-2-225x300.jpg 225w, https:\/\/blogs.smbosque.es\/mariagarcia\/files\/2020\/06\/Aitana-2-1152x1536.jpg 1152w, https:\/\/blogs.smbosque.es\/mariagarcia\/files\/2020\/06\/Aitana-2-1536x2048.jpg 1536w, https:\/\/blogs.smbosque.es\/mariagarcia\/files\/2020\/06\/Aitana-2-scaled.jpg 1920w\" sizes=\"auto, (max-width: 768px) 100vw, 768px\" \/><figcaption class=\"blocks-gallery-item__caption\">Aitana<\/figcaption><\/figure><\/li><li class=\"blocks-gallery-item\"><figure><img loading=\"lazy\" decoding=\"async\" width=\"1024\" height=\"700\" src=\"https:\/\/blogs.smbosque.es\/mariagarcia\/files\/2020\/06\/Sergio-2-1024x700.jpg\" alt=\"\" data-id=\"932\" data-full-url=\"https:\/\/blogs.smbosque.es\/mariagarcia\/files\/2020\/06\/Sergio-2-scaled.jpg\" data-link=\"https:\/\/blogs.smbosque.es\/mariagarcia\/materias\/matematicas\/sergio-2-2\/\" class=\"wp-image-932\" srcset=\"https:\/\/blogs.smbosque.es\/mariagarcia\/files\/2020\/06\/Sergio-2-1024x700.jpg 1024w, https:\/\/blogs.smbosque.es\/mariagarcia\/files\/2020\/06\/Sergio-2-300x205.jpg 300w, https:\/\/blogs.smbosque.es\/mariagarcia\/files\/2020\/06\/Sergio-2-768x525.jpg 768w, https:\/\/blogs.smbosque.es\/mariagarcia\/files\/2020\/06\/Sergio-2-1536x1050.jpg 1536w, https:\/\/blogs.smbosque.es\/mariagarcia\/files\/2020\/06\/Sergio-2-2048x1401.jpg 2048w\" sizes=\"auto, (max-width: 1024px) 100vw, 1024px\" \/><figcaption class=\"blocks-gallery-item__caption\">Sergio<\/figcaption><\/figure><\/li><li class=\"blocks-gallery-item\"><figure><img loading=\"lazy\" decoding=\"async\" width=\"1024\" height=\"1024\" src=\"https:\/\/blogs.smbosque.es\/mariagarcia\/files\/2020\/06\/Mart\u00edn-Blanco-1024x1024.jpg\" alt=\"\" data-id=\"933\" data-full-url=\"https:\/\/blogs.smbosque.es\/mariagarcia\/files\/2020\/06\/Mart\u00edn-Blanco-scaled.jpg\" data-link=\"https:\/\/blogs.smbosque.es\/mariagarcia\/materias\/matematicas\/btr-7\/\" class=\"wp-image-933\" srcset=\"https:\/\/blogs.smbosque.es\/mariagarcia\/files\/2020\/06\/Mart\u00edn-Blanco-1024x1024.jpg 1024w, https:\/\/blogs.smbosque.es\/mariagarcia\/files\/2020\/06\/Mart\u00edn-Blanco-300x300.jpg 300w, https:\/\/blogs.smbosque.es\/mariagarcia\/files\/2020\/06\/Mart\u00edn-Blanco-150x150.jpg 150w, https:\/\/blogs.smbosque.es\/mariagarcia\/files\/2020\/06\/Mart\u00edn-Blanco-768x768.jpg 768w, https:\/\/blogs.smbosque.es\/mariagarcia\/files\/2020\/06\/Mart\u00edn-Blanco-1536x1536.jpg 1536w, https:\/\/blogs.smbosque.es\/mariagarcia\/files\/2020\/06\/Mart\u00edn-Blanco-2048x2048.jpg 2048w\" sizes=\"auto, (max-width: 1024px) 100vw, 1024px\" \/><figcaption class=\"blocks-gallery-item__caption\">Mart\u00edn Blanco<\/figcaption><\/figure><\/li><li class=\"blocks-gallery-item\"><figure><img loading=\"lazy\" decoding=\"async\" width=\"768\" height=\"1024\" src=\"https:\/\/blogs.smbosque.es\/mariagarcia\/files\/2020\/06\/\u00c1lvaro-2-768x1024.jpeg\" alt=\"\" data-id=\"934\" data-full-url=\"https:\/\/blogs.smbosque.es\/mariagarcia\/files\/2020\/06\/\u00c1lvaro-2.jpeg\" data-link=\"https:\/\/blogs.smbosque.es\/mariagarcia\/materias\/matematicas\/alvaro-2\/\" class=\"wp-image-934\" srcset=\"https:\/\/blogs.smbosque.es\/mariagarcia\/files\/2020\/06\/\u00c1lvaro-2-768x1024.jpeg 768w, https:\/\/blogs.smbosque.es\/mariagarcia\/files\/2020\/06\/\u00c1lvaro-2-225x300.jpeg 225w, https:\/\/blogs.smbosque.es\/mariagarcia\/files\/2020\/06\/\u00c1lvaro-2-1152x1536.jpeg 1152w, https:\/\/blogs.smbosque.es\/mariagarcia\/files\/2020\/06\/\u00c1lvaro-2.jpeg 1368w\" sizes=\"auto, (max-width: 768px) 100vw, 768px\" \/><figcaption class=\"blocks-gallery-item__caption\">\u00c1lvaro<\/figcaption><\/figure><\/li><li class=\"blocks-gallery-item\"><figure><img loading=\"lazy\" decoding=\"async\" width=\"768\" height=\"1024\" src=\"https:\/\/blogs.smbosque.es\/mariagarcia\/files\/2020\/06\/Luis-Alberto-2-768x1024.jpg\" alt=\"\" data-id=\"935\" data-full-url=\"https:\/\/blogs.smbosque.es\/mariagarcia\/files\/2020\/06\/Luis-Alberto-2-scaled.jpg\" data-link=\"https:\/\/blogs.smbosque.es\/mariagarcia\/materias\/matematicas\/luis-alberto-2\/\" class=\"wp-image-935\" srcset=\"https:\/\/blogs.smbosque.es\/mariagarcia\/files\/2020\/06\/Luis-Alberto-2-768x1024.jpg 768w, https:\/\/blogs.smbosque.es\/mariagarcia\/files\/2020\/06\/Luis-Alberto-2-225x300.jpg 225w, https:\/\/blogs.smbosque.es\/mariagarcia\/files\/2020\/06\/Luis-Alberto-2-1152x1536.jpg 1152w, https:\/\/blogs.smbosque.es\/mariagarcia\/files\/2020\/06\/Luis-Alberto-2-1536x2048.jpg 1536w, https:\/\/blogs.smbosque.es\/mariagarcia\/files\/2020\/06\/Luis-Alberto-2-scaled.jpg 1920w\" sizes=\"auto, (max-width: 768px) 100vw, 768px\" \/><figcaption class=\"blocks-gallery-item__caption\">Luis Alberto<\/figcaption><\/figure><\/li><li class=\"blocks-gallery-item\"><figure><img loading=\"lazy\" decoding=\"async\" width=\"1024\" height=\"769\" src=\"https:\/\/blogs.smbosque.es\/mariagarcia\/files\/2020\/06\/Mathias-1024x769.jpg\" alt=\"\" data-id=\"936\" data-full-url=\"https:\/\/blogs.smbosque.es\/mariagarcia\/files\/2020\/06\/Mathias-scaled.jpg\" data-link=\"https:\/\/blogs.smbosque.es\/mariagarcia\/materias\/matematicas\/mathias-2\/\" class=\"wp-image-936\" srcset=\"https:\/\/blogs.smbosque.es\/mariagarcia\/files\/2020\/06\/Mathias-1024x769.jpg 1024w, https:\/\/blogs.smbosque.es\/mariagarcia\/files\/2020\/06\/Mathias-300x225.jpg 300w, https:\/\/blogs.smbosque.es\/mariagarcia\/files\/2020\/06\/Mathias-768x577.jpg 768w, https:\/\/blogs.smbosque.es\/mariagarcia\/files\/2020\/06\/Mathias-1536x1153.jpg 1536w, https:\/\/blogs.smbosque.es\/mariagarcia\/files\/2020\/06\/Mathias-2048x1538.jpg 2048w\" sizes=\"auto, (max-width: 1024px) 100vw, 1024px\" \/><figcaption class=\"blocks-gallery-item__caption\">Mathias<\/figcaption><\/figure><\/li><\/ul><\/figure>\n\n\n\n<p style=\"background-color:#fff747\" class=\"has-background\"><strong>Aqu\u00ed os dejo algunos de los cuerpos geom\u00e9tricos que hab\u00e9is hecho. \u00a1Os han quedado chul\u00edsimos! <\/strong><\/p>\n\n\n\n<figure class=\"wp-block-gallery columns-3 is-cropped wp-block-gallery-2 is-layout-flex wp-block-gallery-is-layout-flex\"><ul class=\"blocks-gallery-grid\"><li class=\"blocks-gallery-item\"><figure><img loading=\"lazy\" decoding=\"async\" width=\"576\" height=\"1024\" src=\"https:\/\/blogs.smbosque.es\/mariagarcia\/files\/2020\/05\/Celia-576x1024.jpeg\" alt=\"\" data-id=\"891\" data-full-url=\"https:\/\/blogs.smbosque.es\/mariagarcia\/files\/2020\/05\/Celia.jpeg\" data-link=\"https:\/\/blogs.smbosque.es\/mariagarcia\/materias\/matematicas\/celia\/\" class=\"wp-image-891\" srcset=\"https:\/\/blogs.smbosque.es\/mariagarcia\/files\/2020\/05\/Celia-576x1024.jpeg 576w, https:\/\/blogs.smbosque.es\/mariagarcia\/files\/2020\/05\/Celia-169x300.jpeg 169w, https:\/\/blogs.smbosque.es\/mariagarcia\/files\/2020\/05\/Celia-768x1365.jpeg 768w, https:\/\/blogs.smbosque.es\/mariagarcia\/files\/2020\/05\/Celia-864x1536.jpeg 864w, https:\/\/blogs.smbosque.es\/mariagarcia\/files\/2020\/05\/Celia.jpeg 1152w\" sizes=\"auto, (max-width: 576px) 100vw, 576px\" \/><figcaption class=\"blocks-gallery-item__caption\">Celia<\/figcaption><\/figure><\/li><li class=\"blocks-gallery-item\"><figure><img loading=\"lazy\" decoding=\"async\" width=\"1024\" height=\"1024\" src=\"https:\/\/blogs.smbosque.es\/mariagarcia\/files\/2020\/05\/Melani-1024x1024.jpg\" alt=\"\" data-id=\"892\" data-full-url=\"https:\/\/blogs.smbosque.es\/mariagarcia\/files\/2020\/05\/Melani-scaled.jpg\" data-link=\"https:\/\/blogs.smbosque.es\/mariagarcia\/materias\/matematicas\/melani\/\" class=\"wp-image-892\" srcset=\"https:\/\/blogs.smbosque.es\/mariagarcia\/files\/2020\/05\/Melani-1024x1024.jpg 1024w, https:\/\/blogs.smbosque.es\/mariagarcia\/files\/2020\/05\/Melani-300x300.jpg 300w, https:\/\/blogs.smbosque.es\/mariagarcia\/files\/2020\/05\/Melani-150x150.jpg 150w, https:\/\/blogs.smbosque.es\/mariagarcia\/files\/2020\/05\/Melani-768x768.jpg 768w, https:\/\/blogs.smbosque.es\/mariagarcia\/files\/2020\/05\/Melani-1536x1536.jpg 1536w, https:\/\/blogs.smbosque.es\/mariagarcia\/files\/2020\/05\/Melani-2048x2048.jpg 2048w\" sizes=\"auto, (max-width: 1024px) 100vw, 1024px\" \/><figcaption class=\"blocks-gallery-item__caption\">Melani<\/figcaption><\/figure><\/li><li class=\"blocks-gallery-item\"><figure><img loading=\"lazy\" decoding=\"async\" width=\"768\" height=\"1024\" src=\"https:\/\/blogs.smbosque.es\/mariagarcia\/files\/2020\/05\/\u00c1lvaro-768x1024.jpeg\" alt=\"\" data-id=\"893\" data-full-url=\"https:\/\/blogs.smbosque.es\/mariagarcia\/files\/2020\/05\/\u00c1lvaro.jpeg\" data-link=\"https:\/\/blogs.smbosque.es\/mariagarcia\/materias\/matematicas\/alvaro\/\" class=\"wp-image-893\" srcset=\"https:\/\/blogs.smbosque.es\/mariagarcia\/files\/2020\/05\/\u00c1lvaro-768x1024.jpeg 768w, https:\/\/blogs.smbosque.es\/mariagarcia\/files\/2020\/05\/\u00c1lvaro-225x300.jpeg 225w, https:\/\/blogs.smbosque.es\/mariagarcia\/files\/2020\/05\/\u00c1lvaro-1152x1536.jpeg 1152w, https:\/\/blogs.smbosque.es\/mariagarcia\/files\/2020\/05\/\u00c1lvaro.jpeg 1200w\" sizes=\"auto, (max-width: 768px) 100vw, 768px\" \/><figcaption class=\"blocks-gallery-item__caption\">\u00c1lvaro<\/figcaption><\/figure><\/li><li class=\"blocks-gallery-item\"><figure><img loading=\"lazy\" decoding=\"async\" width=\"1024\" height=\"847\" src=\"https:\/\/blogs.smbosque.es\/mariagarcia\/files\/2020\/05\/Alejandro-1024x847.jpg\" alt=\"\" data-id=\"894\" data-full-url=\"https:\/\/blogs.smbosque.es\/mariagarcia\/files\/2020\/05\/Alejandro.jpg\" data-link=\"https:\/\/blogs.smbosque.es\/mariagarcia\/materias\/matematicas\/dav\/\" class=\"wp-image-894\" srcset=\"https:\/\/blogs.smbosque.es\/mariagarcia\/files\/2020\/05\/Alejandro-1024x847.jpg 1024w, https:\/\/blogs.smbosque.es\/mariagarcia\/files\/2020\/05\/Alejandro-300x248.jpg 300w, https:\/\/blogs.smbosque.es\/mariagarcia\/files\/2020\/05\/Alejandro-768x636.jpg 768w, https:\/\/blogs.smbosque.es\/mariagarcia\/files\/2020\/05\/Alejandro.jpg 1316w\" sizes=\"auto, (max-width: 1024px) 100vw, 1024px\" \/><figcaption class=\"blocks-gallery-item__caption\">Alejandro<\/figcaption><\/figure><\/li><li class=\"blocks-gallery-item\"><figure><img loading=\"lazy\" decoding=\"async\" width=\"768\" height=\"1024\" src=\"https:\/\/blogs.smbosque.es\/mariagarcia\/files\/2020\/05\/Luis-Alberto-768x1024.jpg\" alt=\"\" data-id=\"895\" data-full-url=\"https:\/\/blogs.smbosque.es\/mariagarcia\/files\/2020\/05\/Luis-Alberto-scaled.jpg\" data-link=\"https:\/\/blogs.smbosque.es\/mariagarcia\/materias\/matematicas\/luis-alberto\/\" class=\"wp-image-895\" srcset=\"https:\/\/blogs.smbosque.es\/mariagarcia\/files\/2020\/05\/Luis-Alberto-768x1024.jpg 768w, https:\/\/blogs.smbosque.es\/mariagarcia\/files\/2020\/05\/Luis-Alberto-225x300.jpg 225w, https:\/\/blogs.smbosque.es\/mariagarcia\/files\/2020\/05\/Luis-Alberto-1152x1536.jpg 1152w, https:\/\/blogs.smbosque.es\/mariagarcia\/files\/2020\/05\/Luis-Alberto-1536x2048.jpg 1536w, https:\/\/blogs.smbosque.es\/mariagarcia\/files\/2020\/05\/Luis-Alberto-scaled.jpg 1920w\" sizes=\"auto, (max-width: 768px) 100vw, 768px\" \/><figcaption class=\"blocks-gallery-item__caption\">Luis Alberto<\/figcaption><\/figure><\/li><li class=\"blocks-gallery-item\"><figure><img loading=\"lazy\" decoding=\"async\" width=\"768\" height=\"1024\" src=\"https:\/\/blogs.smbosque.es\/mariagarcia\/files\/2020\/05\/Aitana-768x1024.jpg\" alt=\"\" data-id=\"896\" data-full-url=\"https:\/\/blogs.smbosque.es\/mariagarcia\/files\/2020\/05\/Aitana-scaled.jpg\" data-link=\"https:\/\/blogs.smbosque.es\/mariagarcia\/materias\/matematicas\/aitana-2\/\" class=\"wp-image-896\" srcset=\"https:\/\/blogs.smbosque.es\/mariagarcia\/files\/2020\/05\/Aitana-768x1024.jpg 768w, https:\/\/blogs.smbosque.es\/mariagarcia\/files\/2020\/05\/Aitana-225x300.jpg 225w, https:\/\/blogs.smbosque.es\/mariagarcia\/files\/2020\/05\/Aitana-1152x1536.jpg 1152w, https:\/\/blogs.smbosque.es\/mariagarcia\/files\/2020\/05\/Aitana-1536x2048.jpg 1536w, https:\/\/blogs.smbosque.es\/mariagarcia\/files\/2020\/05\/Aitana-scaled.jpg 1920w\" sizes=\"auto, (max-width: 768px) 100vw, 768px\" \/><figcaption class=\"blocks-gallery-item__caption\">Aitana<\/figcaption><\/figure><\/li><li class=\"blocks-gallery-item\"><figure><img loading=\"lazy\" decoding=\"async\" width=\"1024\" height=\"768\" src=\"https:\/\/blogs.smbosque.es\/mariagarcia\/files\/2020\/05\/Teresa-3-1024x768.jpg\" alt=\"\" data-id=\"897\" data-full-url=\"https:\/\/blogs.smbosque.es\/mariagarcia\/files\/2020\/05\/Teresa-3-scaled.jpg\" data-link=\"https:\/\/blogs.smbosque.es\/mariagarcia\/materias\/matematicas\/teresa-3\/\" class=\"wp-image-897\" srcset=\"https:\/\/blogs.smbosque.es\/mariagarcia\/files\/2020\/05\/Teresa-3-1024x768.jpg 1024w, https:\/\/blogs.smbosque.es\/mariagarcia\/files\/2020\/05\/Teresa-3-300x225.jpg 300w, https:\/\/blogs.smbosque.es\/mariagarcia\/files\/2020\/05\/Teresa-3-768x576.jpg 768w, https:\/\/blogs.smbosque.es\/mariagarcia\/files\/2020\/05\/Teresa-3-1536x1152.jpg 1536w, https:\/\/blogs.smbosque.es\/mariagarcia\/files\/2020\/05\/Teresa-3-2048x1536.jpg 2048w\" sizes=\"auto, (max-width: 1024px) 100vw, 1024px\" \/><figcaption class=\"blocks-gallery-item__caption\">Teresa<\/figcaption><\/figure><\/li><li class=\"blocks-gallery-item\"><figure><img loading=\"lazy\" decoding=\"async\" width=\"768\" height=\"1024\" src=\"https:\/\/blogs.smbosque.es\/mariagarcia\/files\/2020\/05\/Rodrigo-768x1024.jpg\" alt=\"\" data-id=\"899\" data-full-url=\"https:\/\/blogs.smbosque.es\/mariagarcia\/files\/2020\/05\/Rodrigo-scaled.jpg\" data-link=\"https:\/\/blogs.smbosque.es\/mariagarcia\/materias\/matematicas\/rodrigo\/\" class=\"wp-image-899\" srcset=\"https:\/\/blogs.smbosque.es\/mariagarcia\/files\/2020\/05\/Rodrigo-768x1024.jpg 768w, https:\/\/blogs.smbosque.es\/mariagarcia\/files\/2020\/05\/Rodrigo-225x300.jpg 225w, https:\/\/blogs.smbosque.es\/mariagarcia\/files\/2020\/05\/Rodrigo-1152x1536.jpg 1152w, https:\/\/blogs.smbosque.es\/mariagarcia\/files\/2020\/05\/Rodrigo-1536x2048.jpg 1536w, https:\/\/blogs.smbosque.es\/mariagarcia\/files\/2020\/05\/Rodrigo-scaled.jpg 1920w\" sizes=\"auto, (max-width: 768px) 100vw, 768px\" \/><figcaption class=\"blocks-gallery-item__caption\">Rodrigo<\/figcaption><\/figure><\/li><li class=\"blocks-gallery-item\"><figure><img loading=\"lazy\" decoding=\"async\" width=\"1024\" height=\"765\" src=\"https:\/\/blogs.smbosque.es\/mariagarcia\/files\/2020\/05\/IMG-2215-1024x765.jpg\" alt=\"\" data-id=\"900\" data-full-url=\"https:\/\/blogs.smbosque.es\/mariagarcia\/files\/2020\/05\/IMG-2215-scaled.jpg\" data-link=\"https:\/\/blogs.smbosque.es\/mariagarcia\/materias\/matematicas\/img-2215\/\" class=\"wp-image-900\" srcset=\"https:\/\/blogs.smbosque.es\/mariagarcia\/files\/2020\/05\/IMG-2215-1024x765.jpg 1024w, https:\/\/blogs.smbosque.es\/mariagarcia\/files\/2020\/05\/IMG-2215-300x224.jpg 300w, https:\/\/blogs.smbosque.es\/mariagarcia\/files\/2020\/05\/IMG-2215-768x574.jpg 768w, https:\/\/blogs.smbosque.es\/mariagarcia\/files\/2020\/05\/IMG-2215-1536x1147.jpg 1536w, https:\/\/blogs.smbosque.es\/mariagarcia\/files\/2020\/05\/IMG-2215-2048x1530.jpg 2048w\" sizes=\"auto, (max-width: 1024px) 100vw, 1024px\" \/><\/figure><\/li><li class=\"blocks-gallery-item\"><figure><img loading=\"lazy\" decoding=\"async\" width=\"1024\" height=\"765\" src=\"https:\/\/blogs.smbosque.es\/mariagarcia\/files\/2020\/05\/IMG-2217-1024x765.jpg\" alt=\"\" data-id=\"901\" data-full-url=\"https:\/\/blogs.smbosque.es\/mariagarcia\/files\/2020\/05\/IMG-2217-scaled.jpg\" data-link=\"https:\/\/blogs.smbosque.es\/mariagarcia\/materias\/matematicas\/img-2217\/\" class=\"wp-image-901\" srcset=\"https:\/\/blogs.smbosque.es\/mariagarcia\/files\/2020\/05\/IMG-2217-1024x765.jpg 1024w, https:\/\/blogs.smbosque.es\/mariagarcia\/files\/2020\/05\/IMG-2217-300x224.jpg 300w, https:\/\/blogs.smbosque.es\/mariagarcia\/files\/2020\/05\/IMG-2217-768x574.jpg 768w, https:\/\/blogs.smbosque.es\/mariagarcia\/files\/2020\/05\/IMG-2217-1536x1147.jpg 1536w, https:\/\/blogs.smbosque.es\/mariagarcia\/files\/2020\/05\/IMG-2217-2048x1530.jpg 2048w\" sizes=\"auto, (max-width: 1024px) 100vw, 1024px\" \/><figcaption class=\"blocks-gallery-item__caption\">In\u00e9s<\/figcaption><\/figure><\/li><li class=\"blocks-gallery-item\"><figure><img loading=\"lazy\" decoding=\"async\" width=\"768\" height=\"1024\" src=\"https:\/\/blogs.smbosque.es\/mariagarcia\/files\/2020\/05\/Sara-768x1024.jpg\" alt=\"\" data-id=\"902\" data-full-url=\"https:\/\/blogs.smbosque.es\/mariagarcia\/files\/2020\/05\/Sara-scaled.jpg\" data-link=\"https:\/\/blogs.smbosque.es\/mariagarcia\/materias\/matematicas\/sara-3\/\" class=\"wp-image-902\" srcset=\"https:\/\/blogs.smbosque.es\/mariagarcia\/files\/2020\/05\/Sara-768x1024.jpg 768w, https:\/\/blogs.smbosque.es\/mariagarcia\/files\/2020\/05\/Sara-225x300.jpg 225w, https:\/\/blogs.smbosque.es\/mariagarcia\/files\/2020\/05\/Sara-1152x1536.jpg 1152w, https:\/\/blogs.smbosque.es\/mariagarcia\/files\/2020\/05\/Sara-1536x2048.jpg 1536w, https:\/\/blogs.smbosque.es\/mariagarcia\/files\/2020\/05\/Sara-scaled.jpg 1920w\" sizes=\"auto, (max-width: 768px) 100vw, 768px\" \/><figcaption class=\"blocks-gallery-item__caption\">Sara<\/figcaption><\/figure><\/li><li class=\"blocks-gallery-item\"><figure><img loading=\"lazy\" decoding=\"async\" width=\"768\" height=\"1024\" src=\"https:\/\/blogs.smbosque.es\/mariagarcia\/files\/2020\/05\/Mart\u00edn-D\u00edaz-768x1024.jpg\" alt=\"\" data-id=\"903\" data-full-url=\"https:\/\/blogs.smbosque.es\/mariagarcia\/files\/2020\/05\/Mart\u00edn-D\u00edaz-scaled.jpg\" data-link=\"https:\/\/blogs.smbosque.es\/mariagarcia\/materias\/matematicas\/martin-diaz\/\" class=\"wp-image-903\" srcset=\"https:\/\/blogs.smbosque.es\/mariagarcia\/files\/2020\/05\/Mart\u00edn-D\u00edaz-768x1024.jpg 768w, https:\/\/blogs.smbosque.es\/mariagarcia\/files\/2020\/05\/Mart\u00edn-D\u00edaz-225x300.jpg 225w, https:\/\/blogs.smbosque.es\/mariagarcia\/files\/2020\/05\/Mart\u00edn-D\u00edaz-1152x1536.jpg 1152w, https:\/\/blogs.smbosque.es\/mariagarcia\/files\/2020\/05\/Mart\u00edn-D\u00edaz-1536x2048.jpg 1536w, https:\/\/blogs.smbosque.es\/mariagarcia\/files\/2020\/05\/Mart\u00edn-D\u00edaz-scaled.jpg 1920w\" sizes=\"auto, (max-width: 768px) 100vw, 768px\" \/><figcaption class=\"blocks-gallery-item__caption\">Mart\u00edn D\u00edaz<\/figcaption><\/figure><\/li><li class=\"blocks-gallery-item\"><figure><img loading=\"lazy\" decoding=\"async\" width=\"1024\" height=\"451\" src=\"https:\/\/blogs.smbosque.es\/mariagarcia\/files\/2020\/05\/Sergio-1024x451.jpg\" alt=\"\" data-id=\"898\" data-full-url=\"https:\/\/blogs.smbosque.es\/mariagarcia\/files\/2020\/05\/Sergio-scaled.jpg\" data-link=\"https:\/\/blogs.smbosque.es\/mariagarcia\/materias\/matematicas\/sergio-2\/\" class=\"wp-image-898\" srcset=\"https:\/\/blogs.smbosque.es\/mariagarcia\/files\/2020\/05\/Sergio-1024x451.jpg 1024w, https:\/\/blogs.smbosque.es\/mariagarcia\/files\/2020\/05\/Sergio-300x132.jpg 300w, https:\/\/blogs.smbosque.es\/mariagarcia\/files\/2020\/05\/Sergio-768x338.jpg 768w, https:\/\/blogs.smbosque.es\/mariagarcia\/files\/2020\/05\/Sergio-1536x677.jpg 1536w, https:\/\/blogs.smbosque.es\/mariagarcia\/files\/2020\/05\/Sergio-2048x902.jpg 2048w\" sizes=\"auto, (max-width: 1024px) 100vw, 1024px\" \/><figcaption class=\"blocks-gallery-item__caption\">Sergio<\/figcaption><\/figure><\/li><\/ul><\/figure>\n","protected":false},"excerpt":{"rendered":"<p>Vuestros poliedros con palillos y plastilina&#8230; \u00a1Qu\u00e9 artistas! Aqu\u00ed os dejo algunos de los cuerpos geom\u00e9tricos que hab\u00e9is hecho. \u00a1Os han quedado chul\u00edsimos!<\/p>\n","protected":false},"author":74,"featured_media":0,"parent":293,"menu_order":0,"comment_status":"closed","ping_status":"closed","template":"","meta":{"footnotes":""},"class_list":["post-320","page","type-page","status-publish","hentry"],"_links":{"self":[{"href":"https:\/\/blogs.smbosque.es\/mariagarcia\/wp-json\/wp\/v2\/pages\/320","targetHints":{"allow":["GET"]}}],"collection":[{"href":"https:\/\/blogs.smbosque.es\/mariagarcia\/wp-json\/wp\/v2\/pages"}],"about":[{"href":"https:\/\/blogs.smbosque.es\/mariagarcia\/wp-json\/wp\/v2\/types\/page"}],"author":[{"embeddable":true,"href":"https:\/\/blogs.smbosque.es\/mariagarcia\/wp-json\/wp\/v2\/users\/74"}],"replies":[{"embeddable":true,"href":"https:\/\/blogs.smbosque.es\/mariagarcia\/wp-json\/wp\/v2\/comments?post=320"}],"version-history":[{"count":3,"href":"https:\/\/blogs.smbosque.es\/mariagarcia\/wp-json\/wp\/v2\/pages\/320\/revisions"}],"predecessor-version":[{"id":937,"href":"https:\/\/blogs.smbosque.es\/mariagarcia\/wp-json\/wp\/v2\/pages\/320\/revisions\/937"}],"up":[{"embeddable":true,"href":"https:\/\/blogs.smbosque.es\/mariagarcia\/wp-json\/wp\/v2\/pages\/293"}],"wp:attachment":[{"href":"https:\/\/blogs.smbosque.es\/mariagarcia\/wp-json\/wp\/v2\/media?parent=320"}],"curies":[{"name":"wp","href":"https:\/\/api.w.org\/{rel}","templated":true}]}}