{"id":914,"date":"2020-05-29T15:58:14","date_gmt":"2020-05-29T13:58:14","guid":{"rendered":"http:\/\/blogs.smbosque.es\/mariagarcia\/?page_id=914"},"modified":"2020-06-01T11:45:30","modified_gmt":"2020-06-01T09:45:30","slug":"videollamadas-junio-2020","status":"publish","type":"page","link":"https:\/\/blogs.smbosque.es\/mariagarcia\/videollamadas-junio-2020\/","title":{"rendered":"Videollamadas junio 2020"},"content":{"rendered":"\n<figure class=\"wp-block-image size-large is-resized\"><img loading=\"lazy\" decoding=\"async\" src=\"https:\/\/blogs.smbosque.es\/mariagarcia\/files\/2020\/05\/Horario-junio-2020-1.png\" alt=\"\" class=\"wp-image-917\" width=\"683\" height=\"186\" srcset=\"https:\/\/blogs.smbosque.es\/mariagarcia\/files\/2020\/05\/Horario-junio-2020-1.png 639w, https:\/\/blogs.smbosque.es\/mariagarcia\/files\/2020\/05\/Horario-junio-2020-1-300x81.png 300w\" sizes=\"auto, (max-width: 683px) 100vw, 683px\" \/><\/figure>\n\n\n\n<p><strong>ENLACE VIDEOLLAMADAS: <a href=\"https:\/\/profevirtual.webex.com\/profevirtual\/j.php?MTID=m6ef65df43c52944a9512cfb2e036cc49\">https:\/\/profevirtual.webex.com\/profevirtual\/j.php?MTID=m6ef65df43c52944a9512cfb2e036cc49<\/a><\/strong><\/p>\n\n\n\n<p>Hay un \u00fanico enlace para todas las videollamadas (excepto las de ingl\u00e9s que ten\u00e9is que mirarlo en el blog de Teresa). <\/p>\n\n\n\n<p>Para <strong>naturales 4\u00baA<\/strong> ser\u00e1 ese mismo enlace.<\/p>\n\n\n\n<p><\/p>\n","protected":false},"excerpt":{"rendered":"<p>ENLACE VIDEOLLAMADAS: https:\/\/profevirtual.webex.com\/profevirtual\/j.php?MTID=m6ef65df43c52944a9512cfb2e036cc49 Hay un \u00fanico enlace para todas las videollamadas (excepto las de ingl\u00e9s que ten\u00e9is que mirarlo en el blog de Teresa). Para naturales 4\u00baA ser\u00e1 ese mismo enlace.<\/p>\n","protected":false},"author":74,"featured_media":0,"parent":0,"menu_order":0,"comment_status":"closed","ping_status":"closed","template":"","meta":{"footnotes":""},"class_list":["post-914","page","type-page","status-publish","hentry"],"_links":{"self":[{"href":"https:\/\/blogs.smbosque.es\/mariagarcia\/wp-json\/wp\/v2\/pages\/914","targetHints":{"allow":["GET"]}}],"collection":[{"href":"https:\/\/blogs.smbosque.es\/mariagarcia\/wp-json\/wp\/v2\/pages"}],"about":[{"href":"https:\/\/blogs.smbosque.es\/mariagarcia\/wp-json\/wp\/v2\/types\/page"}],"author":[{"embeddable":true,"href":"https:\/\/blogs.smbosque.es\/mariagarcia\/wp-json\/wp\/v2\/users\/74"}],"replies":[{"embeddable":true,"href":"https:\/\/blogs.smbosque.es\/mariagarcia\/wp-json\/wp\/v2\/comments?post=914"}],"version-history":[{"count":3,"href":"https:\/\/blogs.smbosque.es\/mariagarcia\/wp-json\/wp\/v2\/pages\/914\/revisions"}],"predecessor-version":[{"id":927,"href":"https:\/\/blogs.smbosque.es\/mariagarcia\/wp-json\/wp\/v2\/pages\/914\/revisions\/927"}],"wp:attachment":[{"href":"https:\/\/blogs.smbosque.es\/mariagarcia\/wp-json\/wp\/v2\/media?parent=914"}],"curies":[{"name":"wp","href":"https:\/\/api.w.org\/{rel}","templated":true}]}}