{"id":100,"date":"2015-01-10T13:45:11","date_gmt":"2015-01-10T12:45:11","guid":{"rendered":"http:\/\/blogs.smbosque.es\/matesbachiller\/?page_id=100"},"modified":"2015-01-31T19:35:50","modified_gmt":"2015-01-31T18:35:50","slug":"fechas-de-interes","status":"publish","type":"page","link":"https:\/\/blogs.smbosque.es\/matesbachiller\/fechas-de-interes\/","title":{"rendered":"Fechas de inter\u00e9s"},"content":{"rendered":"<p>Jueves, 15 de enero de 2015: Control Segunda evaluaci\u00f3n Matem\u00e1ticas II<\/p>\n<p>Vierenes, 16 de enero de 2015: Control Segunda evaluaci\u00f3n Matem\u00e1ticas AACCSS II<\/p>\n<p>Lunes, 19 de enero de 2015: Control Segunda evaluaci\u00f3n F\u00edsica de segundo de bachillerato<\/p>\n<p>Jueves, 22 de enero de 2015: Control Segunda evaluaci\u00f3n Matem\u00e1ticas I<\/p>\n<p>Viernes, 23 de enero de 2015: Control Segunda evaluaci\u00f3n Matem\u00e1ticas AACCSS I<\/p>\n<p>Lunes,16 de febrero de 2015: Examen-1- Segunda evaluaci\u00f3n Matem\u00e1ticas II; Matem\u00e1ticas AACCSS II<\/p>\n<p>Miercoles, 18 de febrero de 2015: Examen-1- Segunda evaluaci\u00f3n F\u00edsica segundo de bachillerato.<\/p>\n<p>Jueves, 5 de marzo de 2015: Examen 1- Segunda evaluaci\u00f3n de Matem\u00e1ticas I<\/p>\n<p>Martes, 10 de marzo de 2015: Examen 1- Segunda evaluaci\u00f3n de Matem\u00e1ticas aplicadas a las ciencias sociales I<\/p>\n","protected":false},"excerpt":{"rendered":"<p>Jueves, 15 de enero de 2015: Control Segunda evaluaci\u00f3n Matem\u00e1ticas II Vierenes, 16 de enero de 2015: Control Segunda evaluaci\u00f3n Matem\u00e1ticas AACCSS II Lunes, 19 de enero de 2015: Control Segunda evaluaci\u00f3n F\u00edsica de segundo de bachillerato Jueves, 22 de &hellip; <a href=\"https:\/\/blogs.smbosque.es\/matesbachiller\/fechas-de-interes\/\">Sigue leyendo <span class=\"meta-nav\">&rarr;<\/span><\/a><\/p>\n","protected":false},"author":48,"featured_media":0,"parent":0,"menu_order":0,"comment_status":"open","ping_status":"open","template":"","meta":{"footnotes":""},"class_list":["post-100","page","type-page","status-publish","hentry"],"_links":{"self":[{"href":"https:\/\/blogs.smbosque.es\/matesbachiller\/wp-json\/wp\/v2\/pages\/100","targetHints":{"allow":["GET"]}}],"collection":[{"href":"https:\/\/blogs.smbosque.es\/matesbachiller\/wp-json\/wp\/v2\/pages"}],"about":[{"href":"https:\/\/blogs.smbosque.es\/matesbachiller\/wp-json\/wp\/v2\/types\/page"}],"author":[{"embeddable":true,"href":"https:\/\/blogs.smbosque.es\/matesbachiller\/wp-json\/wp\/v2\/users\/48"}],"replies":[{"embeddable":true,"href":"https:\/\/blogs.smbosque.es\/matesbachiller\/wp-json\/wp\/v2\/comments?post=100"}],"version-history":[{"count":5,"href":"https:\/\/blogs.smbosque.es\/matesbachiller\/wp-json\/wp\/v2\/pages\/100\/revisions"}],"predecessor-version":[{"id":150,"href":"https:\/\/blogs.smbosque.es\/matesbachiller\/wp-json\/wp\/v2\/pages\/100\/revisions\/150"}],"wp:attachment":[{"href":"https:\/\/blogs.smbosque.es\/matesbachiller\/wp-json\/wp\/v2\/media?parent=100"}],"curies":[{"name":"wp","href":"https:\/\/api.w.org\/{rel}","templated":true}]}}