{"id":103,"date":"2015-01-10T13:45:52","date_gmt":"2015-01-10T12:45:52","guid":{"rendered":"http:\/\/blogs.smbosque.es\/matesbachiller\/?page_id=103"},"modified":"2015-11-01T13:26:16","modified_gmt":"2015-11-01T12:26:16","slug":"lecturas-recomendadas","status":"publish","type":"page","link":"https:\/\/blogs.smbosque.es\/matesbachiller\/lecturas-recomendadas\/","title":{"rendered":"Lecturas recomendadas"},"content":{"rendered":"<p><a href=\"http:\/\/www.lagaleraeditorial.com\/es\/el-universo-en-tus-manos-978-84-246-5342-2#.VjYEASgsbrA\">El universo en tus manos. Sonia Fern\u00e1ndez-Vidal<\/a><\/p>\n<p><a href=\"https:\/\/blogs.smbosque.es\/matesbachiller\/files\/2015\/01\/9788424653422_imatge_portada_llibre_detall_9788424653422.jpg\"><img loading=\"lazy\" decoding=\"async\" class=\"alignnone size-medium wp-image-215\" src=\"https:\/\/blogs.smbosque.es\/matesbachiller\/files\/2015\/01\/9788424653422_imatge_portada_llibre_detall_9788424653422-270x300.jpg\" alt=\"9788424653422_imatge_portada_llibre_detall_9788424653422\" width=\"270\" height=\"300\" \/><\/a><\/p>\n<p><strong>El t\u00edo Petros y la conjetura de Goldbach<\/strong><\/p>\n<p>Narrado desde la perspectiva de un matem\u00e1tico resuelto pero sin el genio de su t\u00edo Petros (que se codea con talentos de la talla de Hardy, Ramanujan, Turing y G\u00f6del), el relato constituye un recorrido por algunos de los paisajes m\u00e1s c\u00e9lebres de la matem\u00e1tica del siglo xx y los sudores y pasiones que los propiciaron. El t\u00edo Petros es un crudo testimonio sobre la condici\u00f3n de la raz\u00f3n humana, el genio y los vericuetos de la creaci\u00f3n matem\u00e1tica.<i> <\/i><\/p>\n<p><img loading=\"lazy\" decoding=\"async\" id=\"irc_mi\" class=\"\" src=\"http:\/\/www.edicionesb-argentina.com\/img\/tapas\/foto_1_1165.jpg\" alt=\"\" width=\"162\" height=\"259\" \/><\/p>\n<p>&nbsp;<\/p>\n<p><strong>Azarquiel, el astr\u00f3nomo de Toledo<\/strong><\/p>\n<p>El supuesto hallazgo de las memorias de Azarquiel -el m\u00e1s importante astr\u00f3nomo andalus\u00ed y eje de la ciencia astron\u00f3mica europea hasta Cop\u00e9rnico y Kepler- es el pretexto de esta novela, que relata la peripecia biogr\u00e1fica de \u00e9ste y otros muchos personajes de una \u00e9poca apasionante, la de los Reinos de Taifas (siglo XI), enmarcada entre la ca\u00edda del califato cordob\u00e9s y la toma de Toledo por Alfonso VI<\/p>\n<p><img loading=\"lazy\" decoding=\"async\" id=\"irc_mi\" class=\"\" src=\"http:\/\/www.agapea.com\/Antonio-Pareja-Editor\/Azarquiel-el-astronomo-de-Toledo-i1n49083.jpg\" alt=\"\" width=\"166\" height=\"231\" \/><\/p>\n","protected":false},"excerpt":{"rendered":"<p>El universo en tus manos. Sonia Fern\u00e1ndez-Vidal El t\u00edo Petros y la conjetura de Goldbach Narrado desde la perspectiva de un matem\u00e1tico resuelto pero sin el genio de su t\u00edo Petros (que se codea con talentos de la talla de &hellip; <a href=\"https:\/\/blogs.smbosque.es\/matesbachiller\/lecturas-recomendadas\/\">Sigue leyendo <span class=\"meta-nav\">&rarr;<\/span><\/a><\/p>\n","protected":false},"author":48,"featured_media":0,"parent":0,"menu_order":0,"comment_status":"open","ping_status":"open","template":"","meta":{"footnotes":""},"class_list":["post-103","page","type-page","status-publish","hentry"],"_links":{"self":[{"href":"https:\/\/blogs.smbosque.es\/matesbachiller\/wp-json\/wp\/v2\/pages\/103","targetHints":{"allow":["GET"]}}],"collection":[{"href":"https:\/\/blogs.smbosque.es\/matesbachiller\/wp-json\/wp\/v2\/pages"}],"about":[{"href":"https:\/\/blogs.smbosque.es\/matesbachiller\/wp-json\/wp\/v2\/types\/page"}],"author":[{"embeddable":true,"href":"https:\/\/blogs.smbosque.es\/matesbachiller\/wp-json\/wp\/v2\/users\/48"}],"replies":[{"embeddable":true,"href":"https:\/\/blogs.smbosque.es\/matesbachiller\/wp-json\/wp\/v2\/comments?post=103"}],"version-history":[{"count":6,"href":"https:\/\/blogs.smbosque.es\/matesbachiller\/wp-json\/wp\/v2\/pages\/103\/revisions"}],"predecessor-version":[{"id":216,"href":"https:\/\/blogs.smbosque.es\/matesbachiller\/wp-json\/wp\/v2\/pages\/103\/revisions\/216"}],"wp:attachment":[{"href":"https:\/\/blogs.smbosque.es\/matesbachiller\/wp-json\/wp\/v2\/media?parent=103"}],"curies":[{"name":"wp","href":"https:\/\/api.w.org\/{rel}","templated":true}]}}