{"id":171,"date":"2015-03-08T12:47:19","date_gmt":"2015-03-08T11:47:19","guid":{"rendered":"http:\/\/blogs.smbosque.es\/matesbachiller\/?page_id=171"},"modified":"2020-03-15T19:12:07","modified_gmt":"2020-03-15T18:12:07","slug":"fisica-media-interest","status":"publish","type":"page","link":"https:\/\/blogs.smbosque.es\/matesbachiller\/fisica-media-interest\/","title":{"rendered":"V\u00eddeos F\u00edsica Bachillerato"},"content":{"rendered":"\n<figure class=\"wp-block-embed-youtube wp-block-embed is-type-video is-provider-youtube wp-embed-aspect-16-9 wp-has-aspect-ratio\"><div class=\"wp-block-embed__wrapper\">\n<iframe loading=\"lazy\" title=\"La Teor\u00eda de la Relatividad de Albert Einstein - (Explicaci\u00f3n Breve QuantumFracture).\" width=\"640\" height=\"360\" src=\"https:\/\/www.youtube.com\/embed\/OpVS6oxcFqU?feature=oembed\" frameborder=\"0\" allow=\"accelerometer; autoplay; clipboard-write; encrypted-media; gyroscope; picture-in-picture; web-share\" referrerpolicy=\"strict-origin-when-cross-origin\" allowfullscreen><\/iframe>\n<\/div><\/figure>\n\n\n\n<figure class=\"wp-block-embed-youtube wp-block-embed is-type-video is-provider-youtube wp-embed-aspect-16-9 wp-has-aspect-ratio\"><div class=\"wp-block-embed__wrapper\">\n<iframe loading=\"lazy\" title=\"Demostraci\u00f3n Matem\u00e1tica de E=mc\u00b2\" width=\"640\" height=\"360\" src=\"https:\/\/www.youtube.com\/embed\/IWOAS7KBdA8?feature=oembed\" frameborder=\"0\" allow=\"accelerometer; autoplay; clipboard-write; encrypted-media; gyroscope; picture-in-picture; web-share\" referrerpolicy=\"strict-origin-when-cross-origin\" allowfullscreen><\/iframe>\n<\/div><\/figure>\n\n\n\n<figure class=\"wp-block-embed-youtube wp-block-embed is-type-video is-provider-youtube wp-embed-aspect-4-3 wp-has-aspect-ratio\"><div class=\"wp-block-embed__wrapper\">\n<iframe loading=\"lazy\" title=\"Relatividad [La paradoja de los Gemelos]\" width=\"640\" height=\"480\" src=\"https:\/\/www.youtube.com\/embed\/YsCK9hZrLMI?feature=oembed\" frameborder=\"0\" allow=\"accelerometer; autoplay; clipboard-write; encrypted-media; gyroscope; picture-in-picture; web-share\" referrerpolicy=\"strict-origin-when-cross-origin\" allowfullscreen><\/iframe>\n<\/div><\/figure>\n\n\n\n<figure class=\"wp-block-embed-youtube wp-block-embed is-type-video is-provider-youtube wp-embed-aspect-16-9 wp-has-aspect-ratio\"><div class=\"wp-block-embed__wrapper\">\n<iframe loading=\"lazy\" title=\"DESINTEGRACION RADIACTIVA FISICA NUCLEAR ejercicios resueltos 01a\" width=\"640\" height=\"360\" src=\"https:\/\/www.youtube.com\/embed\/FiUxE263y_o?feature=oembed\" frameborder=\"0\" allow=\"accelerometer; autoplay; clipboard-write; encrypted-media; gyroscope; picture-in-picture; web-share\" referrerpolicy=\"strict-origin-when-cross-origin\" allowfullscreen><\/iframe>\n<\/div><\/figure>\n\n\n\n<figure class=\"wp-block-embed-youtube wp-block-embed is-type-video is-provider-youtube wp-embed-aspect-16-9 wp-has-aspect-ratio\"><div class=\"wp-block-embed__wrapper\">\n<iframe loading=\"lazy\" title=\"Desintegraci\u00f3n radiactiva Cobalto Calcular vida media F\u00edsica 2\u00ba Bachillerato AINTE\" width=\"640\" height=\"360\" src=\"https:\/\/www.youtube.com\/embed\/xhUIRL9dHvs?feature=oembed\" frameborder=\"0\" allow=\"accelerometer; autoplay; clipboard-write; encrypted-media; gyroscope; picture-in-picture; web-share\" referrerpolicy=\"strict-origin-when-cross-origin\" allowfullscreen><\/iframe>\n<\/div><\/figure>\n\n\n\n<figure class=\"wp-block-embed-youtube wp-block-embed is-type-video is-provider-youtube wp-embed-aspect-4-3 wp-has-aspect-ratio\"><div class=\"wp-block-embed__wrapper\">\n<iframe loading=\"lazy\" title=\"Constante de desintegraci\u00f3n examen de selectividad fisica nuclear\" width=\"640\" height=\"480\" src=\"https:\/\/www.youtube.com\/embed\/wsLeocrQ1t8?feature=oembed\" frameborder=\"0\" allow=\"accelerometer; autoplay; clipboard-write; encrypted-media; gyroscope; picture-in-picture; web-share\" referrerpolicy=\"strict-origin-when-cross-origin\" allowfullscreen><\/iframe>\n<\/div><\/figure>\n\n\n<p><iframe loading=\"lazy\" title=\"QUIMICA Estructura de la materia El efecto fotoel\u00e9ctrico\" width=\"640\" height=\"360\" src=\"https:\/\/www.youtube.com\/embed\/DlS0REojkAw?feature=oembed\" frameborder=\"0\" allow=\"accelerometer; autoplay; clipboard-write; encrypted-media; gyroscope; picture-in-picture; web-share\" referrerpolicy=\"strict-origin-when-cross-origin\" allowfullscreen><\/iframe><\/p>\n<p><iframe loading=\"lazy\" title=\"QU\u00cdMICA Estructura de la materia - Principio de incertidumbre de Heisenberg\" width=\"640\" height=\"360\" src=\"https:\/\/www.youtube.com\/embed\/MoF4iMSC3jY?feature=oembed\" frameborder=\"0\" allow=\"accelerometer; autoplay; clipboard-write; encrypted-media; gyroscope; picture-in-picture; web-share\" referrerpolicy=\"strict-origin-when-cross-origin\" allowfullscreen><\/iframe><\/p>\n<p><iframe loading=\"lazy\" title=\"QU\u00cdMICA Estructura de la materia - Hip\u00f3tesis de De Broglie dualidad onda-part\u00edcula del electr\u00f3n\" width=\"640\" height=\"360\" src=\"https:\/\/www.youtube.com\/embed\/6tBeYGBqXAU?feature=oembed\" frameborder=\"0\" allow=\"accelerometer; autoplay; clipboard-write; encrypted-media; gyroscope; picture-in-picture; web-share\" referrerpolicy=\"strict-origin-when-cross-origin\" allowfullscreen><\/iframe><\/p>\n<p><iframe loading=\"lazy\" title=\"QUIMICA Estructura de la materia   Hip\u00f3tesis de Planck sobre la naturaleza corpuscular de la luz\" width=\"640\" height=\"360\" src=\"https:\/\/www.youtube.com\/embed\/duOTsnVLK7M?feature=oembed\" frameborder=\"0\" allow=\"accelerometer; autoplay; clipboard-write; encrypted-media; gyroscope; picture-in-picture; web-share\" referrerpolicy=\"strict-origin-when-cross-origin\" allowfullscreen><\/iframe><\/p>\n<p><iframe loading=\"lazy\" title=\"QUIMICA Estructura de la materia - Modelo at\u00f3mico de Bohr\" width=\"640\" height=\"360\" src=\"https:\/\/www.youtube.com\/embed\/k16cqOkgeqw?feature=oembed\" frameborder=\"0\" allow=\"accelerometer; autoplay; clipboard-write; encrypted-media; gyroscope; picture-in-picture; web-share\" referrerpolicy=\"strict-origin-when-cross-origin\" allowfullscreen><\/iframe><\/p>\n<p><iframe loading=\"lazy\" title=\"QU\u00cdMICA - Tipos de radiaciones: espectro electromagn\u00e9tico\" width=\"640\" height=\"360\" src=\"https:\/\/www.youtube.com\/embed\/Q0CUKwuLUrc?feature=oembed\" frameborder=\"0\" allow=\"accelerometer; autoplay; clipboard-write; encrypted-media; gyroscope; picture-in-picture; web-share\" referrerpolicy=\"strict-origin-when-cross-origin\" allowfullscreen><\/iframe><\/p>\n<p><a href=\"https:\/\/www.youtube.com\/watch?v=Og4og5kK1B4\">https:\/\/www.youtube.com\/watch?v=Og4og5kK1B4<\/a><\/p>\n<p>https:\/\/www.youtube.com\/watch?v=RIFW0UkdEkU<\/p>\n<p><iframe loading=\"lazy\" title=\"Las Leyes de Kepler en 2 minutos\" width=\"640\" height=\"360\" src=\"https:\/\/www.youtube.com\/embed\/lln0C2--xHk?feature=oembed\" frameborder=\"0\" allow=\"accelerometer; autoplay; clipboard-write; encrypted-media; gyroscope; picture-in-picture; web-share\" referrerpolicy=\"strict-origin-when-cross-origin\" allowfullscreen><\/iframe><\/p>\n<p><iframe loading=\"lazy\" title=\"Las Leyes de Newton en 2 minutos\" width=\"640\" height=\"360\" src=\"https:\/\/www.youtube.com\/embed\/_X-BTbwj3xU?feature=oembed\" frameborder=\"0\" allow=\"accelerometer; autoplay; clipboard-write; encrypted-media; gyroscope; picture-in-picture; web-share\" referrerpolicy=\"strict-origin-when-cross-origin\" allowfullscreen><\/iframe><\/p>","protected":false},"excerpt":{"rendered":"<p>https:\/\/www.youtube.com\/watch?v=RIFW0UkdEkU<\/p>\n","protected":false},"author":48,"featured_media":0,"parent":0,"menu_order":0,"comment_status":"open","ping_status":"closed","template":"","meta":{"footnotes":""},"class_list":["post-171","page","type-page","status-publish","hentry"],"_links":{"self":[{"href":"https:\/\/blogs.smbosque.es\/matesbachiller\/wp-json\/wp\/v2\/pages\/171","targetHints":{"allow":["GET"]}}],"collection":[{"href":"https:\/\/blogs.smbosque.es\/matesbachiller\/wp-json\/wp\/v2\/pages"}],"about":[{"href":"https:\/\/blogs.smbosque.es\/matesbachiller\/wp-json\/wp\/v2\/types\/page"}],"author":[{"embeddable":true,"href":"https:\/\/blogs.smbosque.es\/matesbachiller\/wp-json\/wp\/v2\/users\/48"}],"replies":[{"embeddable":true,"href":"https:\/\/blogs.smbosque.es\/matesbachiller\/wp-json\/wp\/v2\/comments?post=171"}],"version-history":[{"count":15,"href":"https:\/\/blogs.smbosque.es\/matesbachiller\/wp-json\/wp\/v2\/pages\/171\/revisions"}],"predecessor-version":[{"id":359,"href":"https:\/\/blogs.smbosque.es\/matesbachiller\/wp-json\/wp\/v2\/pages\/171\/revisions\/359"}],"wp:attachment":[{"href":"https:\/\/blogs.smbosque.es\/matesbachiller\/wp-json\/wp\/v2\/media?parent=171"}],"curies":[{"name":"wp","href":"https:\/\/api.w.org\/{rel}","templated":true}]}}