{"id":270,"date":"2016-09-11T16:01:02","date_gmt":"2016-09-11T15:01:02","guid":{"rendered":"http:\/\/blogs.smbosque.es\/matesbachiller\/?page_id=270"},"modified":"2020-05-10T19:26:45","modified_gmt":"2020-05-10T18:26:45","slug":"eso-2oy3o-fisica-y-quimica","status":"publish","type":"page","link":"https:\/\/blogs.smbosque.es\/matesbachiller\/eso-2oy3o-fisica-y-quimica\/","title":{"rendered":"ESO &#8212; 2\u00baY3\u00ba &#8212; F\u00cdSICA Y QU\u00cdMICA"},"content":{"rendered":"\n<p><span class=\"has-inline-color has-blue-color\">11-5-2020<\/span>  LEE EL LIBRO DE DIVULGACI\u00d3N CIENT\u00cdFICA PROPUESTO Y RESPONDE A LAS PREGUNTAS FORMULADAS<\/p>\n\n\n\n<p>Hola chic@s<\/p>\n\n\n\n<p>Espero que todo siga bien. Ya nos queda menos.<\/p>\n\n\n\n<p>Quiero felicitaros por el buen trabajo que hab\u00e9is hecho durante estas semanas. Ahora quiero que sig\u00e1is aprendiendo pero que tambi\u00e9n os aficion\u00e9is y disfrut\u00e9is de la lectura y de la \u201cCIENCIA\u201d. Por ello, la siguiente tarea es leer el libro \u00abLa Puerta de los tres cerrojos\u00bb de Sonia Fern\u00e1ndez-Vidal y que respond\u00e1is a una serie de preguntas  o que investigu\u00e9is sobre diversas cuestiones que os planteo en el fichero abajo insertado.<\/p>\n\n\n\n<ul class=\"wp-block-list\"><li>Pod\u00e9is conseguir el libro en librer\u00edas on-line o incluso hay algunos enlaces como el siguiente:<\/li><\/ul>\n\n\n\n<div class=\"wp-block-group\"><div class=\"wp-block-group__inner-container is-layout-flow wp-block-group-is-layout-flow\">\n<p><a href=\"http:\/\/www.librosmaravillosos.com\/lapuertadelostrescerrojos\/pdf\/La%20puerta%20de%20los%20tres%20cerrojos%20-%20Sonia%20Fernandez-Vidal.pdf\">http:\/\/www.librosmaravillosos.com\/lapuertadelostrescerrojos<\/a><\/p>\n\n\n\n<p><a href=\"http:\/\/www.librosmaravillosos.com\/lapuertadelostrescerrojos\/pdf\/La%20puerta%20de%20los%20tres%20cerrojos%20-%20Sonia%20Fernandez-Vidal.pdf\">\/pdf\/La%20puerta%20de%20los%20tres%20cerrojos%20-%20Sonia%20Fernandez-Vidal.pdf<\/a><\/p>\n<\/div><\/div>\n\n\n\n<ul class=\"wp-block-list\"><li>Las cuestiones formuladas aparecen en el archivo adjunto.<\/li><\/ul>\n\n\n\n<div class=\"wp-block-file\"><a href=\"https:\/\/blogs.smbosque.es\/matesbachiller\/files\/2020\/05\/Preguntas-tareas-sobre-La-puerta-de-los-tres-cerrojos_.pdf\"><strong><em><span class=\"has-inline-color has-blue-color\">Preguntas-tareas-sobre-La-puerta-de-los-tres-cerrojos_<\/span><\/em><\/strong><\/a><a href=\"https:\/\/blogs.smbosque.es\/matesbachiller\/files\/2020\/05\/Preguntas-tareas-sobre-La-puerta-de-los-tres-cerrojos_.pdf\" class=\"wp-block-file__button\" download>Descarga<\/a><\/div>\n\n\n\n<h2 class=\"has-text-align-center wp-block-heading\"><span style=\"color:#a3007a\" class=\"has-inline-color\"><strong>Dispon\u00e9is para realizar la lectura y responder a las preguntas <\/strong><\/span><strong><strong><span class=\"has-inline-color has-blue-color\">hasta el d\u00eda 22 de mayo<\/span><\/strong><\/strong><span style=\"color:#a3007a\" class=\"has-inline-color\"><strong>, que como siempre ten\u00e9is que enviar al correo electr\u00f3nico habitual<\/strong><\/span><\/h2>\n\n\n\n<hr class=\"wp-block-separator is-style-wide\" \/>\n\n\n\n<hr class=\"wp-block-separator is-style-wide\" \/>\n\n\n\n<p><span class=\"has-inline-color has-blue-color\">11-5-2020<\/span><a href=\"https:\/\/blogs.smbosque.es\/matesbachiller\/2020\/05\/10\/11-5-2020-soluciones-de-los-ejercicios-de-factores-de-conversion-y-notacion-cientifica\/\"> SOLUCIONES DE LOS EJERCICIOS DE FACTORES DE CONVERSI\u00d3N Y NOTACI\u00d3N CIENT\u00cdFICA<\/a><\/p>\n\n\n\n<div class=\"wp-block-file\"><a href=\"https:\/\/blogs.smbosque.es\/matesbachiller\/files\/2020\/05\/Factores-de-conversi\u00f3n-y-notaci\u00f3n-cient\u00edfica-Confinamiento-mayo-2020.pdf\">Factores-de-conversi\u00f3n-y-notaci\u00f3n-cient\u00edfica-Confinamiento-mayo-2020<\/a><a href=\"https:\/\/blogs.smbosque.es\/matesbachiller\/files\/2020\/05\/Factores-de-conversi\u00f3n-y-notaci\u00f3n-cient\u00edfica-Confinamiento-mayo-2020.pdf\" class=\"wp-block-file__button\" download>Descarga<\/a><\/div>\n\n\n\n<p><strong>4-5-2020 Repaso Factores de Conversi\u00f3n. Para corregir en clase. (2\u00ba y 3\u00ba de ESO)<\/strong><\/p>\n\n\n\n<div class=\"wp-block-file\"><a href=\"https:\/\/blogs.smbosque.es\/matesbachiller\/files\/2020\/05\/Ejercicios-factores-de-conversi\u00f3n-ESO-FyQ-Vio.pdf\">Ejercicios-factores-de-conversi\u00f3n-ESO-FyQ-Vio<\/a><a href=\"https:\/\/blogs.smbosque.es\/matesbachiller\/files\/2020\/05\/Ejercicios-factores-de-conversi\u00f3n-ESO-FyQ-Vio.pdf\" class=\"wp-block-file__button\" download>Descarga<\/a><\/div>\n\n\n\n<p><strong>Actividades extraordinarias 27 de abril de 2020<\/strong> <strong>2\u00ba ESO<\/strong><\/p>\n\n\n\n<div class=\"wp-block-file\"><a href=\"https:\/\/blogs.smbosque.es\/matesbachiller\/files\/2020\/04\/ACTIVIDADES-ABRIL-2-F\u00cdSICA-Y-QU\u00cdMICA-ESO-2\u00ba.pdf\">ACTIVIDADES-ABRIL-2-F\u00cdSICA-Y-QU\u00cdMICA-ESO-2\u00ba<\/a><a href=\"https:\/\/blogs.smbosque.es\/matesbachiller\/files\/2020\/04\/ACTIVIDADES-ABRIL-2-F\u00cdSICA-Y-QU\u00cdMICA-ESO-2\u00ba.pdf\" class=\"wp-block-file__button\" download>Descarga<\/a><\/div>\n\n\n\n<p><strong>Actividades extraordinarias 27 de abril de 2020<\/strong>  3\u00ba ESO<\/p>\n\n\n\n<div class=\"wp-block-file\"><a href=\"https:\/\/blogs.smbosque.es\/matesbachiller\/files\/2020\/04\/ACTIVIDADES-ABRIL-2-F\u00cdSICA-Y-QU\u00cdMICA-ESO-3\u00ba.pdf\">ACTIVIDADES-ABRIL-2-F\u00cdSICA-Y-QU\u00cdMICA-ESO-3\u00ba<\/a><a href=\"https:\/\/blogs.smbosque.es\/matesbachiller\/files\/2020\/04\/ACTIVIDADES-ABRIL-2-F\u00cdSICA-Y-QU\u00cdMICA-ESO-3\u00ba.pdf\" class=\"wp-block-file__button\" download>Descarga<\/a><\/div>\n\n\n\n<p><strong>Recuperaciones de 2\u00aa Evaluaci\u00f3n:<\/strong><\/p>\n\n\n\n<p>2\u00ba ESO: 24 de abril de 2020 a las 10:00. Convocatoria por video-llamada<\/p>\n\n\n\n<p>3\u00ba ESO: 22 de abril de 2020 a las 10:00. Convocatoria  por video-llamada<\/p>\n\n\n\n<p><\/p>\n\n\n\n<p><strong>Actividades extraordinarias 14 de abril de 2020<\/strong><\/p>\n\n\n\n<div class=\"wp-block-file\"><a href=\"https:\/\/blogs.smbosque.es\/matesbachiller\/files\/2020\/04\/ACTIVIDADES-ABRIL-F\u00cdSICA-Y-QU\u00cdMICA-ESO.docx\">ACTIVIDADES-ABRIL-F\u00cdSICA-Y-QU\u00cdMICA-ESO<\/a><a href=\"https:\/\/blogs.smbosque.es\/matesbachiller\/files\/2020\/04\/ACTIVIDADES-ABRIL-F\u00cdSICA-Y-QU\u00cdMICA-ESO.docx\" class=\"wp-block-file__button\" download>Descarga<\/a><\/div>\n\n\n\n<p><\/p>\n\n\n\n<p><strong>ACTIVIDADES EXTRAORDINARIAS &#8211;MARZO 2020&#8211; <\/strong><\/p>\n\n\n\n<p><\/p>\n\n\n\n<p><strong>24-3-2020. Actualizaci\u00f3n actividades. <\/strong><\/p>\n\n\n\n<p>Hola chic@s<\/p>\n\n\n\n<p>En primer lugar, permitidme felicitaros por\nvuestro trabajo, pues veo que cada vez nos acostumbramos mejor a estas circunstancias\ntan adversas.<\/p>\n\n\n\n<p>Os animo a seguir trabajando y continuar tanto con las tareas propuestas, como con las actividades nuevas, que fundamentalmente consisten en la visualizaci\u00f3n de v\u00eddeos y documentales que incluyo en el apartado del blog denominado:<strong> V\u00eddeos de F\u00edsica y Qu\u00edmica 2\u00ba y 3\u00ba de ESO<\/strong>. Con ellos podr\u00e9is repasar y tener mejor comprensi\u00f3n de algunas cuestiones relacionadas con el temario. &nbsp;<\/p>\n\n\n\n<p>Mucho \u00e1nimo y mucha salud. <\/p>\n\n\n\n<p><\/p>\n\n\n\n<p> <strong>11-3-2020. Documento de actividades<\/strong> (para descargar)<\/p>\n\n\n\n<div class=\"wp-block-file\"><a href=\"https:\/\/blogs.smbosque.es\/matesbachiller\/files\/2020\/03\/Actividades-F\u00cdSICA-Y-QU\u00cdMICA-2\u00baESO-3\u00baESO-Entrega-11-3-2020-v.1.docx\">Actividades-F\u00cdSICA-Y-QU\u00cdMICA-2\u00baESO-3\u00baESO-Entrega-11-3-2020-v.1<\/a><a href=\"https:\/\/blogs.smbosque.es\/matesbachiller\/files\/2020\/03\/Actividades-F\u00cdSICA-Y-QU\u00cdMICA-2\u00baESO-3\u00baESO-Entrega-11-3-2020-v.1.docx\" class=\"wp-block-file__button\" download>Descarga<\/a><\/div>\n\n\n\n<figure class=\"wp-block-embed-youtube wp-block-embed is-type-video is-provider-youtube wp-embed-aspect-16-9 wp-has-aspect-ratio\"><div class=\"wp-block-embed__wrapper\">\n<iframe loading=\"lazy\" title=\"Las Leyes de Newton en 2 minutos\" width=\"640\" height=\"360\" src=\"https:\/\/www.youtube.com\/embed\/_X-BTbwj3xU?feature=oembed\" frameborder=\"0\" allow=\"accelerometer; autoplay; clipboard-write; encrypted-media; gyroscope; picture-in-picture; web-share\" referrerpolicy=\"strict-origin-when-cross-origin\" allowfullscreen><\/iframe>\n<\/div><\/figure>\n\n\n\n<figure class=\"wp-block-embed-youtube wp-block-embed is-type-video is-provider-youtube wp-embed-aspect-16-9 wp-has-aspect-ratio\"><div class=\"wp-block-embed__wrapper\">\n<iframe loading=\"lazy\" title=\"Las Leyes de Kepler en 2 minutos\" width=\"640\" height=\"360\" src=\"https:\/\/www.youtube.com\/embed\/lln0C2--xHk?feature=oembed\" frameborder=\"0\" allow=\"accelerometer; autoplay; clipboard-write; encrypted-media; gyroscope; picture-in-picture; web-share\" referrerpolicy=\"strict-origin-when-cross-origin\" allowfullscreen><\/iframe>\n<\/div><\/figure>\n\n\n<p><span class=\"Apple-style-span\" style=\"font-size: medium\">&nbsp;<\/span><\/p>\n<p><iframe loading=\"lazy\" title=\"Qu\u00edmica y F\u00edsica: Primeros modelos de \u00e1tomo (Dalton,Thomson,Rutherford, y Bohr)\" width=\"640\" height=\"360\" src=\"https:\/\/www.youtube.com\/embed\/qzXvNh-mwys?feature=oembed\" frameborder=\"0\" allow=\"accelerometer; autoplay; clipboard-write; encrypted-media; gyroscope; picture-in-picture; web-share\" referrerpolicy=\"strict-origin-when-cross-origin\" allowfullscreen><\/iframe><\/p>\n<p><iframe loading=\"lazy\" title=\"Documental - Qu\u00edmica - &quot;Los \u00c1tomos&quot;\" width=\"640\" height=\"480\" src=\"https:\/\/www.youtube.com\/embed\/JlmltA5EYjU?feature=oembed\" frameborder=\"0\" allow=\"accelerometer; autoplay; clipboard-write; encrypted-media; gyroscope; picture-in-picture; web-share\" referrerpolicy=\"strict-origin-when-cross-origin\" allowfullscreen><\/iframe><\/p>\n<p><iframe loading=\"lazy\" title=\"Cambios Fisicos y Quimicos\" width=\"640\" height=\"480\" src=\"https:\/\/www.youtube.com\/embed\/rUst3jmhusw?feature=oembed\" frameborder=\"0\" allow=\"accelerometer; autoplay; clipboard-write; encrypted-media; gyroscope; picture-in-picture; web-share\" referrerpolicy=\"strict-origin-when-cross-origin\" allowfullscreen><\/iframe><\/p>\n<p><iframe loading=\"lazy\" title=\"FISICA-DEFINICIONES\" width=\"640\" height=\"480\" src=\"https:\/\/www.youtube.com\/embed\/D6AFUEMUTnE?feature=oembed\" frameborder=\"0\" allow=\"accelerometer; autoplay; clipboard-write; encrypted-media; gyroscope; picture-in-picture; web-share\" referrerpolicy=\"strict-origin-when-cross-origin\" allowfullscreen><\/iframe><\/p>\n<p><iframe loading=\"lazy\" title=\"Que es la Qu\u00edmica? TODO ES QU\u00cdMICA\" width=\"640\" height=\"360\" src=\"https:\/\/www.youtube.com\/embed\/Sbb9D0pbyWs?feature=oembed\" frameborder=\"0\" allow=\"accelerometer; autoplay; clipboard-write; encrypted-media; gyroscope; picture-in-picture; web-share\" referrerpolicy=\"strict-origin-when-cross-origin\" allowfullscreen><\/iframe><\/p>\n<p><span class=\"Apple-style-span\" style=\"font-size: medium\"><span class=\"Apple-style-span\" style=\"line-height: 24px\">&nbsp;<\/span><\/span><\/p>\n<p><iframe loading=\"lazy\" title=\"Ciencia Animada. Episodio 1. El M\u00e9todo Cient\u00edfico\" width=\"640\" height=\"360\" src=\"https:\/\/www.youtube.com\/embed\/dGnd9vF_s2A?feature=oembed\" frameborder=\"0\" allow=\"accelerometer; autoplay; clipboard-write; encrypted-media; gyroscope; picture-in-picture; web-share\" referrerpolicy=\"strict-origin-when-cross-origin\" allowfullscreen><\/iframe><\/p>","protected":false},"excerpt":{"rendered":"<p>11-5-2020 LEE EL LIBRO DE DIVULGACI\u00d3N CIENT\u00cdFICA PROPUESTO Y RESPONDE A LAS PREGUNTAS FORMULADAS Hola chic@s Espero que todo siga bien. Ya nos queda menos. Quiero felicitaros por el buen trabajo que hab\u00e9is hecho durante estas semanas. Ahora quiero que &hellip; <a href=\"https:\/\/blogs.smbosque.es\/matesbachiller\/eso-2oy3o-fisica-y-quimica\/\">Sigue leyendo <span class=\"meta-nav\">&rarr;<\/span><\/a><\/p>\n","protected":false},"author":48,"featured_media":0,"parent":0,"menu_order":0,"comment_status":"closed","ping_status":"closed","template":"","meta":{"footnotes":""},"class_list":["post-270","page","type-page","status-publish","hentry"],"_links":{"self":[{"href":"https:\/\/blogs.smbosque.es\/matesbachiller\/wp-json\/wp\/v2\/pages\/270","targetHints":{"allow":["GET"]}}],"collection":[{"href":"https:\/\/blogs.smbosque.es\/matesbachiller\/wp-json\/wp\/v2\/pages"}],"about":[{"href":"https:\/\/blogs.smbosque.es\/matesbachiller\/wp-json\/wp\/v2\/types\/page"}],"author":[{"embeddable":true,"href":"https:\/\/blogs.smbosque.es\/matesbachiller\/wp-json\/wp\/v2\/users\/48"}],"replies":[{"embeddable":true,"href":"https:\/\/blogs.smbosque.es\/matesbachiller\/wp-json\/wp\/v2\/comments?post=270"}],"version-history":[{"count":40,"href":"https:\/\/blogs.smbosque.es\/matesbachiller\/wp-json\/wp\/v2\/pages\/270\/revisions"}],"predecessor-version":[{"id":449,"href":"https:\/\/blogs.smbosque.es\/matesbachiller\/wp-json\/wp\/v2\/pages\/270\/revisions\/449"}],"wp:attachment":[{"href":"https:\/\/blogs.smbosque.es\/matesbachiller\/wp-json\/wp\/v2\/media?parent=270"}],"curies":[{"name":"wp","href":"https:\/\/api.w.org\/{rel}","templated":true}]}}