{"id":372,"date":"2020-03-24T19:51:02","date_gmt":"2020-03-24T18:51:02","guid":{"rendered":"http:\/\/blogs.smbosque.es\/matesbachiller\/?page_id=372"},"modified":"2020-06-11T18:15:17","modified_gmt":"2020-06-11T17:15:17","slug":"videos-de-fisica-y-quimica-2o-y-3o-de-eso","status":"publish","type":"page","link":"https:\/\/blogs.smbosque.es\/matesbachiller\/videos-de-fisica-y-quimica-2o-y-3o-de-eso\/","title":{"rendered":"V\u00eddeos de F\u00edsica y Qu\u00edmica 2\u00ba y 3\u00ba de ESO"},"content":{"rendered":"\n<p><strong>32 experimentos cient\u00edficos que parecen magia<\/strong><\/p>\n\n\n\n<figure class=\"wp-block-embed-youtube wp-block-embed is-type-video is-provider-youtube wp-embed-aspect-16-9 wp-has-aspect-ratio\"><div class=\"wp-block-embed__wrapper\">\n<iframe loading=\"lazy\" title=\"32 F\u00c1CILES EXPERIMENTOS DE CIENCIA EN EL HOGAR QUE PARECEN MAGIA PURA\" width=\"640\" height=\"360\" src=\"https:\/\/www.youtube.com\/embed\/E_oj_GmN5gk?feature=oembed\" frameborder=\"0\" allow=\"accelerometer; autoplay; clipboard-write; encrypted-media; gyroscope; picture-in-picture; web-share\" referrerpolicy=\"strict-origin-when-cross-origin\" allowfullscreen><\/iframe>\n<\/div><\/figure>\n\n\n\n<p><strong>Gel hidro-alcoh\u00f3lico, f\u00f3rmula de la OMS<\/strong><\/p>\n\n\n\n<figure class=\"wp-block-embed-youtube wp-block-embed is-type-video is-provider-youtube wp-embed-aspect-16-9 wp-has-aspect-ratio\"><div class=\"wp-block-embed__wrapper\">\n<iframe loading=\"lazy\" title=\"Gel Antibacterial casero con formula de la OMS super f\u00e1cil de hacer - El Mundo de MyG\" width=\"640\" height=\"360\" src=\"https:\/\/www.youtube.com\/embed\/yxBLjBI6eAY?feature=oembed\" frameborder=\"0\" allow=\"accelerometer; autoplay; clipboard-write; encrypted-media; gyroscope; picture-in-picture; web-share\" referrerpolicy=\"strict-origin-when-cross-origin\" allowfullscreen><\/iframe>\n<\/div><\/figure>\n\n\n\n<p><strong>El universo de Stephen Hawking<\/strong><\/p>\n\n\n\n<figure class=\"wp-block-embed-youtube wp-block-embed is-type-video is-provider-youtube wp-embed-aspect-4-3 wp-has-aspect-ratio\"><div class=\"wp-block-embed__wrapper\">\nhttps:\/\/www.youtube.com\/watch?v=O2xY0vuIl08\n<\/div><\/figure>\n\n\n\n<p><strong>EL GATO DE SCHR\u00d6DINGER<\/strong><\/p>\n\n\n\n<figure class=\"wp-block-embed-youtube wp-block-embed is-type-video is-provider-youtube wp-embed-aspect-16-9 wp-has-aspect-ratio\"><div class=\"wp-block-embed__wrapper\">\n<iframe loading=\"lazy\" title=\"EL GATO DE SCHR\u00d6DINGER | Draw My Life\" width=\"640\" height=\"360\" src=\"https:\/\/www.youtube.com\/embed\/80esLBqsRas?feature=oembed\" frameborder=\"0\" allow=\"accelerometer; autoplay; clipboard-write; encrypted-media; gyroscope; picture-in-picture; web-share\" referrerpolicy=\"strict-origin-when-cross-origin\" allowfullscreen><\/iframe>\n<\/div><\/figure>\n\n\n\n<p><strong>Fuerzas de la naturaleza. 2\u00ba de ESO<\/strong><\/p>\n\n\n\n<figure class=\"wp-block-embed-youtube wp-block-embed is-type-video is-provider-youtube wp-embed-aspect-16-9 wp-has-aspect-ratio\"><div class=\"wp-block-embed__wrapper\">\n<iframe loading=\"lazy\" title=\"01. Fuerzas. Definicion - FQ 2\u00ba ESO\" width=\"640\" height=\"360\" src=\"https:\/\/www.youtube.com\/embed\/XktNSW91fiY?feature=oembed\" frameborder=\"0\" allow=\"accelerometer; autoplay; clipboard-write; encrypted-media; gyroscope; picture-in-picture; web-share\" referrerpolicy=\"strict-origin-when-cross-origin\" allowfullscreen><\/iframe>\n<\/div><\/figure>\n\n\n\n<p><strong>La Energ\u00eda. 2\u00ba de ESO<\/strong><\/p>\n\n\n\n<figure class=\"wp-block-embed-youtube wp-block-embed is-type-video is-provider-youtube wp-embed-aspect-16-9 wp-has-aspect-ratio\"><div class=\"wp-block-embed__wrapper\">\n<iframe loading=\"lazy\" title=\"La energ\u00eda (formas, caracter\u00edsticas, fuentes, etc.) - Tema 7 - F\u00edsica y Qu\u00edmica 2 ESO\" width=\"640\" height=\"360\" src=\"https:\/\/www.youtube.com\/embed\/-2YpfTp9w_8?feature=oembed\" frameborder=\"0\" allow=\"accelerometer; autoplay; clipboard-write; encrypted-media; gyroscope; picture-in-picture; web-share\" referrerpolicy=\"strict-origin-when-cross-origin\" allowfullscreen><\/iframe>\n<\/div><\/figure>\n\n\n\n<p><strong>Diferencias y f\u00f3rmulas de MRU y MRUA. 2\u00ba y 3\u00ba de ESO.<\/strong><\/p>\n\n\n\n<p>En el primer enlace pod\u00e9is encontrar  informaci\u00f3n detallada, que acaba con un v\u00eddeo explicativo.<\/p>\n\n\n\n<p><a href=\"http:\/\/agrega.educacion.es\/repositorio\/08082017\/c7\/es_2017080812_9152633\/mru_y_mrua.html\">http:\/\/agrega.educacion.es\/repositorio\/08082017\/c7\/es_2017080812_9152633\/mru_y_mrua.html<\/a><\/p>\n\n\n\n<p>En este segundo enlace, ten\u00e9is otro v\u00eddeo con f\u00f3rmulas<\/p>\n\n\n\n<figure class=\"wp-block-embed-youtube wp-block-embed is-type-video is-provider-youtube wp-embed-aspect-16-9 wp-has-aspect-ratio\"><div class=\"wp-block-embed__wrapper\">\n<iframe loading=\"lazy\" title=\"Formulas Movimiento Rectlineo Uniforme y Uniformemente Acelerado - Cinematica - Video 131\" width=\"640\" height=\"360\" src=\"https:\/\/www.youtube.com\/embed\/v7PPr-7mf4U?feature=oembed\" frameborder=\"0\" allow=\"accelerometer; autoplay; clipboard-write; encrypted-media; gyroscope; picture-in-picture; web-share\" referrerpolicy=\"strict-origin-when-cross-origin\" allowfullscreen><\/iframe>\n<\/div><\/figure>\n\n\n\n<p><strong>Fuerzas gravitatorias y el\u00e9ctricas. 2\u00ba y 3\u00ba de ESO<\/strong><\/p>\n\n\n\n<figure class=\"wp-block-embed-youtube wp-block-embed is-type-video is-provider-youtube wp-embed-aspect-16-9 wp-has-aspect-ratio\"><div class=\"wp-block-embed__wrapper\">\n<iframe loading=\"lazy\" title=\"Fuerzas gravitatorias y el\u00e9ctricas (3\u00ba ESO)\" width=\"640\" height=\"360\" src=\"https:\/\/www.youtube.com\/embed\/nXovxRsxanA?feature=oembed\" frameborder=\"0\" allow=\"accelerometer; autoplay; clipboard-write; encrypted-media; gyroscope; picture-in-picture; web-share\" referrerpolicy=\"strict-origin-when-cross-origin\" allowfullscreen><\/iframe>\n<\/div><\/figure>\n\n\n\n<p><strong>Fuerzas y movimientos en el universo. 2\u00ba y 3\u00ba ESO<\/strong><\/p>\n\n\n\n<figure class=\"wp-block-embed-youtube wp-block-embed is-type-video is-provider-youtube wp-embed-aspect-16-9 wp-has-aspect-ratio\"><div class=\"wp-block-embed__wrapper\">\n<iframe loading=\"lazy\" title=\"Las fuerzas y movimientos en el universo  - Tema 6 - F\u00edsica y Qu\u00edmica 3 ESO\" width=\"640\" height=\"360\" src=\"https:\/\/www.youtube.com\/embed\/X-RfRSy4gNQ?feature=oembed\" frameborder=\"0\" allow=\"accelerometer; autoplay; clipboard-write; encrypted-media; gyroscope; picture-in-picture; web-share\" referrerpolicy=\"strict-origin-when-cross-origin\" allowfullscreen><\/iframe>\n<\/div><\/figure>\n\n\n\n<p><\/p>\n\n\n\n<p><strong>Documental sobre Isaac Newton. 2\u00ba y 3\u00ba de ESO<\/strong><\/p>\n\n\n\n<p><strong>Isaac Newton el \u00faltimo mago.<\/strong> (pincha en el siguiente enlace)<\/p>\n\n\n\n<p><a href=\"https:\/\/drive.google.com\/file\/d\/0B2cFr4KNYETBbGRWTTd0SWJyOVk\/view\">https:\/\/drive.google.com\/file\/d\/0B2cFr4KNYETBbGRWTTd0SWJyOVk\/view<\/a><\/p>\n\n\n\n<figure class=\"wp-block-image size-large\"><img loading=\"lazy\" decoding=\"async\" width=\"835\" height=\"441\" src=\"https:\/\/blogs.smbosque.es\/matesbachiller\/files\/2020\/03\/CapturaNewton.jpg\" alt=\"\" class=\"wp-image-391\" srcset=\"https:\/\/blogs.smbosque.es\/matesbachiller\/files\/2020\/03\/CapturaNewton.jpg 835w, https:\/\/blogs.smbosque.es\/matesbachiller\/files\/2020\/03\/CapturaNewton-300x158.jpg 300w, https:\/\/blogs.smbosque.es\/matesbachiller\/files\/2020\/03\/CapturaNewton-768x406.jpg 768w\" sizes=\"auto, (max-width: 835px) 100vw, 835px\" \/><\/figure>\n\n\n\n<p><\/p>\n","protected":false},"excerpt":{"rendered":"<p>32 experimentos cient\u00edficos que parecen magia Gel hidro-alcoh\u00f3lico, f\u00f3rmula de la OMS El universo de Stephen Hawking EL GATO DE SCHR\u00d6DINGER Fuerzas de la naturaleza. 2\u00ba de ESO La Energ\u00eda. 2\u00ba de ESO Diferencias y f\u00f3rmulas de MRU y MRUA. &hellip; <a href=\"https:\/\/blogs.smbosque.es\/matesbachiller\/videos-de-fisica-y-quimica-2o-y-3o-de-eso\/\">Sigue leyendo <span class=\"meta-nav\">&rarr;<\/span><\/a><\/p>\n","protected":false},"author":48,"featured_media":0,"parent":0,"menu_order":0,"comment_status":"closed","ping_status":"closed","template":"","meta":{"footnotes":""},"class_list":["post-372","page","type-page","status-publish","hentry"],"_links":{"self":[{"href":"https:\/\/blogs.smbosque.es\/matesbachiller\/wp-json\/wp\/v2\/pages\/372","targetHints":{"allow":["GET"]}}],"collection":[{"href":"https:\/\/blogs.smbosque.es\/matesbachiller\/wp-json\/wp\/v2\/pages"}],"about":[{"href":"https:\/\/blogs.smbosque.es\/matesbachiller\/wp-json\/wp\/v2\/types\/page"}],"author":[{"embeddable":true,"href":"https:\/\/blogs.smbosque.es\/matesbachiller\/wp-json\/wp\/v2\/users\/48"}],"replies":[{"embeddable":true,"href":"https:\/\/blogs.smbosque.es\/matesbachiller\/wp-json\/wp\/v2\/comments?post=372"}],"version-history":[{"count":12,"href":"https:\/\/blogs.smbosque.es\/matesbachiller\/wp-json\/wp\/v2\/pages\/372\/revisions"}],"predecessor-version":[{"id":466,"href":"https:\/\/blogs.smbosque.es\/matesbachiller\/wp-json\/wp\/v2\/pages\/372\/revisions\/466"}],"wp:attachment":[{"href":"https:\/\/blogs.smbosque.es\/matesbachiller\/wp-json\/wp\/v2\/media?parent=372"}],"curies":[{"name":"wp","href":"https:\/\/api.w.org\/{rel}","templated":true}]}}