{"id":82,"date":"2015-01-08T19:28:58","date_gmt":"2015-01-08T18:28:58","guid":{"rendered":"http:\/\/blogs.smbosque.es\/matesbachiller\/?page_id=82"},"modified":"2016-12-18T12:56:44","modified_gmt":"2016-12-18T11:56:44","slug":"enlaces-de-interes","status":"publish","type":"page","link":"https:\/\/blogs.smbosque.es\/matesbachiller\/enlaces-de-interes\/","title":{"rendered":"Enlaces de inter\u00e9s"},"content":{"rendered":"<p><a href=\"https:\/\/www.youtube.com\/user\/davidcpv\">Canal de David Calle. Unicoos<\/a><\/p>\n<p><a href=\"http:\/\/www.ejerciciosyexamenes.com\/ejemplo.htm\">Ejercicios de Matem\u00e1ticas (varios temas)<\/a><\/p>\n<p><a href=\"http:\/\/webs.ono.com\/joaquinmate4b\/Index.htm\">Matem\u00e1ticas B de 4\u00ba ESO. Explicaciones en pizarra. Buen\u00edsimo<\/a><\/p>\n<p><a href=\"http:\/\/lasmatematicas.eu\/\">Las Matem\u00e1ticas. Web muy buena.<\/a><\/p>\n<p><a href=\"http:\/\/www.educa2.madrid.org\/web\/carmen.gomez2\/home\">Web de Matem\u00e1ticas muy buena para consultar<\/a><\/p>\n<p><a href=\"http:\/\/www.alfonsogonzalez.es\/index.html\">Web de Matem\u00e1ticas interesante para consultar<\/a><\/p>\n<p><a href=\"http:\/\/www.vitutor.com\/index.html\">Vitutor<\/a><\/p>\n<p><a href=\"http:\/\/elfisicoloco.blogspot.com.es\/\">El f\u00edsico Loco<\/a>. Excelente blog<\/p>\n<p><a href=\"http:\/\/www.smbosque.com\/\" target=\"_blank\">Colegio Santa Mar\u00eda del Bosque<\/a><\/p>\n<p><a href=\"https:\/\/accounts.google.com\/ServiceLogin?continue=http%3A%2F%2Fmail.google.com%2Fa%2Fsmbosque.es%2F&amp;ltmpl=default&amp;service=mail&amp;sacu=1&amp;hd=smbosque.es\">Web Mail SMB<\/a><\/p>\n<p><a href=\"https:\/\/santamariabosque-madrid.micolegio.es\/educamos\/Login.aspx?returnurl=https:\/\/santamariabosque-madrid.micolegio.es\/educamos\/default.aspx\" target=\"_blank\">Educamos<\/a><\/p>\n","protected":false},"excerpt":{"rendered":"<p>Canal de David Calle. Unicoos Ejercicios de Matem\u00e1ticas (varios temas) Matem\u00e1ticas B de 4\u00ba ESO. Explicaciones en pizarra. Buen\u00edsimo Las Matem\u00e1ticas. Web muy buena. Web de Matem\u00e1ticas muy buena para consultar Web de Matem\u00e1ticas interesante para consultar Vitutor El f\u00edsico &hellip; <a href=\"https:\/\/blogs.smbosque.es\/matesbachiller\/enlaces-de-interes\/\">Sigue leyendo <span class=\"meta-nav\">&rarr;<\/span><\/a><\/p>\n","protected":false},"author":48,"featured_media":0,"parent":0,"menu_order":0,"comment_status":"open","ping_status":"open","template":"","meta":{"footnotes":""},"class_list":["post-82","page","type-page","status-publish","hentry"],"_links":{"self":[{"href":"https:\/\/blogs.smbosque.es\/matesbachiller\/wp-json\/wp\/v2\/pages\/82","targetHints":{"allow":["GET"]}}],"collection":[{"href":"https:\/\/blogs.smbosque.es\/matesbachiller\/wp-json\/wp\/v2\/pages"}],"about":[{"href":"https:\/\/blogs.smbosque.es\/matesbachiller\/wp-json\/wp\/v2\/types\/page"}],"author":[{"embeddable":true,"href":"https:\/\/blogs.smbosque.es\/matesbachiller\/wp-json\/wp\/v2\/users\/48"}],"replies":[{"embeddable":true,"href":"https:\/\/blogs.smbosque.es\/matesbachiller\/wp-json\/wp\/v2\/comments?post=82"}],"version-history":[{"count":9,"href":"https:\/\/blogs.smbosque.es\/matesbachiller\/wp-json\/wp\/v2\/pages\/82\/revisions"}],"predecessor-version":[{"id":283,"href":"https:\/\/blogs.smbosque.es\/matesbachiller\/wp-json\/wp\/v2\/pages\/82\/revisions\/283"}],"wp:attachment":[{"href":"https:\/\/blogs.smbosque.es\/matesbachiller\/wp-json\/wp\/v2\/media?parent=82"}],"curies":[{"name":"wp","href":"https:\/\/api.w.org\/{rel}","templated":true}]}}