{"id":87,"date":"2015-01-08T20:06:46","date_gmt":"2015-01-08T19:06:46","guid":{"rendered":"http:\/\/blogs.smbosque.es\/matesbachiller\/?page_id=87"},"modified":"2015-01-31T13:28:18","modified_gmt":"2015-01-31T12:28:18","slug":"publicaciones-ciencia","status":"publish","type":"page","link":"https:\/\/blogs.smbosque.es\/matesbachiller\/publicaciones-ciencia\/","title":{"rendered":"Publicaciones Ciencia"},"content":{"rendered":"<p><a href=\"http:\/\/www.muyinteresante.es\/\" target=\"_blank\">Muy interesante<\/a><\/p>\n<p><a href=\"http:\/\/www.nature.com\/\" target=\"_blank\">Nature.com<\/a><\/p>\n<p><a href=\"http:\/\/www.nationalgeographic.com.es\/\" target=\"_blank\">National Geographic<\/a><\/p>\n<p><a href=\"http:\/\/www.investigacionyciencia.es\/\" target=\"_blank\">Investigaci\u00f3n y ciencia (versi\u00f3n espa\u00f1ola de Scientic American)<\/a><\/p>\n<p><a href=\"http:\/\/elpais.com\/tag\/ciencia\/a\/\" target=\"_blank\">El Pa\u00eds -ciencia-<\/a><\/p>\n<p><a href=\"http:\/\/noticiasdelaciencia.com\/sec\/ciencia\/\" target=\"_blank\">NCYT amazing (noticias de la ciencia)<\/a><\/p>\n<p>&nbsp;<\/p>\n","protected":false},"excerpt":{"rendered":"<p>Muy interesante Nature.com National Geographic Investigaci\u00f3n y ciencia (versi\u00f3n espa\u00f1ola de Scientic American) El Pa\u00eds -ciencia- NCYT amazing (noticias de la ciencia) &nbsp;<\/p>\n","protected":false},"author":48,"featured_media":0,"parent":0,"menu_order":0,"comment_status":"open","ping_status":"open","template":"","meta":{"footnotes":""},"class_list":["post-87","page","type-page","status-publish","hentry"],"_links":{"self":[{"href":"https:\/\/blogs.smbosque.es\/matesbachiller\/wp-json\/wp\/v2\/pages\/87","targetHints":{"allow":["GET"]}}],"collection":[{"href":"https:\/\/blogs.smbosque.es\/matesbachiller\/wp-json\/wp\/v2\/pages"}],"about":[{"href":"https:\/\/blogs.smbosque.es\/matesbachiller\/wp-json\/wp\/v2\/types\/page"}],"author":[{"embeddable":true,"href":"https:\/\/blogs.smbosque.es\/matesbachiller\/wp-json\/wp\/v2\/users\/48"}],"replies":[{"embeddable":true,"href":"https:\/\/blogs.smbosque.es\/matesbachiller\/wp-json\/wp\/v2\/comments?post=87"}],"version-history":[{"count":8,"href":"https:\/\/blogs.smbosque.es\/matesbachiller\/wp-json\/wp\/v2\/pages\/87\/revisions"}],"predecessor-version":[{"id":137,"href":"https:\/\/blogs.smbosque.es\/matesbachiller\/wp-json\/wp\/v2\/pages\/87\/revisions\/137"}],"wp:attachment":[{"href":"https:\/\/blogs.smbosque.es\/matesbachiller\/wp-json\/wp\/v2\/media?parent=87"}],"curies":[{"name":"wp","href":"https:\/\/api.w.org\/{rel}","templated":true}]}}