{"id":2,"date":"2014-12-16T18:45:25","date_gmt":"2014-12-16T18:45:25","guid":{"rendered":"http:\/\/blogs.smbosque.es\/mihai\/?page_id=2"},"modified":"2015-01-11T20:42:14","modified_gmt":"2015-01-11T20:42:14","slug":"que-es-esto","status":"publish","type":"page","link":"https:\/\/blogs.smbosque.es\/mihai\/que-es-esto\/","title":{"rendered":"\u00bfQu\u00e9 es esto?"},"content":{"rendered":"<p>Mi nombre es Mihai Maritzia y soy profesor de Ciencias en el Colegio Santa Mar\u00eda del Bosque de Carabanchel, Madrid.<\/p>\n<p>En este blog podr\u00e1s encontrar informaci\u00f3n variada relacionada con las materias que imparto. Espero que pueda despertar tu inter\u00e9s y sirva para complementar las clases.<\/p>\n<p>\u00a1Disfr\u00fatalo!<\/p>\n","protected":false},"excerpt":{"rendered":"<p>Mi nombre es Mihai Maritzia y soy profesor de Ciencias en el Colegio Santa Mar\u00eda del Bosque de Carabanchel, Madrid. En este blog podr\u00e1s encontrar informaci\u00f3n variada relacionada con las materias que imparto. Espero que pueda despertar tu inter\u00e9s y sirva para complementar las clases. \u00a1Disfr\u00fatalo!<\/p>\n","protected":false},"author":42,"featured_media":0,"parent":0,"menu_order":4,"comment_status":"open","ping_status":"closed","template":"","meta":{"footnotes":""},"class_list":["post-2","page","type-page","status-publish","hentry"],"_links":{"self":[{"href":"https:\/\/blogs.smbosque.es\/mihai\/wp-json\/wp\/v2\/pages\/2","targetHints":{"allow":["GET"]}}],"collection":[{"href":"https:\/\/blogs.smbosque.es\/mihai\/wp-json\/wp\/v2\/pages"}],"about":[{"href":"https:\/\/blogs.smbosque.es\/mihai\/wp-json\/wp\/v2\/types\/page"}],"author":[{"embeddable":true,"href":"https:\/\/blogs.smbosque.es\/mihai\/wp-json\/wp\/v2\/users\/42"}],"replies":[{"embeddable":true,"href":"https:\/\/blogs.smbosque.es\/mihai\/wp-json\/wp\/v2\/comments?post=2"}],"version-history":[{"count":4,"href":"https:\/\/blogs.smbosque.es\/mihai\/wp-json\/wp\/v2\/pages\/2\/revisions"}],"predecessor-version":[{"id":42,"href":"https:\/\/blogs.smbosque.es\/mihai\/wp-json\/wp\/v2\/pages\/2\/revisions\/42"}],"wp:attachment":[{"href":"https:\/\/blogs.smbosque.es\/mihai\/wp-json\/wp\/v2\/media?parent=2"}],"curies":[{"name":"wp","href":"https:\/\/api.w.org\/{rel}","templated":true}]}}