{"id":40,"date":"2015-01-11T20:23:05","date_gmt":"2015-01-11T20:23:05","guid":{"rendered":"http:\/\/blogs.smbosque.es\/mihai\/?page_id=40"},"modified":"2015-01-18T21:00:00","modified_gmt":"2015-01-18T20:00:00","slug":"ciencias-de-la-tierra","status":"publish","type":"page","link":"https:\/\/blogs.smbosque.es\/mihai\/ciencias-de-la-tierra\/","title":{"rendered":"Ciencias de la Tierra"},"content":{"rendered":"<p>TEMARIO<\/p>\n<hr \/>\n<p>1. Concepto de medio ambiente y din\u00e1mica de sistemas.<\/p>\n<p>2. La humanidad y el medio ambiente.<\/p>\n<p>3. Las nuevas tecnolog\u00edas en la investigaci\u00f3n del medio ambiente.<\/p>\n<p>4. Circulaci\u00f3n de materia y energ\u00eda en la biosfera.<\/p>\n<p>5. Organizaci\u00f3n y biodiversidad de la biosfera.<\/p>\n<p>6. Geosfera y riesgos geol\u00f3gicos internos.<\/p>\n<p>7. Riesgos geol\u00f3gicos externos.<\/p>\n<p>8. Din\u00e1mica de las masas fluidas.<\/p>\n<p>9. Estudio del clima.<\/p>\n<p>10. Contaminaci\u00f3n atmosf\u00e9rica.<\/p>\n<p>11. Contaminaci\u00f3n de las aguas.<\/p>\n<p>12. Recursos de la biosfera.<\/p>\n<p>13. Recursos energ\u00e9ticos y minerales.<\/p>\n<p>14. El agua, recurso b\u00e1sico.<\/p>\n<p>15. El paisaje como recurso.<\/p>\n<p>16. Gesti\u00f3n de los residuos.<\/p>\n<p>17. Hacia un desarrollo sostenible.<\/p>\n<p>&nbsp;<\/p>\n","protected":false},"excerpt":{"rendered":"<p>TEMARIO 1. Concepto de medio ambiente y din\u00e1mica de sistemas. 2. La humanidad y el medio ambiente. 3. Las nuevas tecnolog\u00edas en la investigaci\u00f3n del medio ambiente. 4. Circulaci\u00f3n de materia y energ\u00eda en la biosfera. 5. Organizaci\u00f3n y biodiversidad de la biosfera. 6. Geosfera y riesgos geol\u00f3gicos internos. 7. Riesgos geol\u00f3gicos externos. 8. Din\u00e1mica &hellip; <a href=\"https:\/\/blogs.smbosque.es\/mihai\/ciencias-de-la-tierra\/\" class=\"more-link\">Seguir leyendo <span class=\"screen-reader-text\">Ciencias de la Tierra<\/span> <span class=\"meta-nav\">&rarr;<\/span><\/a><\/p>\n","protected":false},"author":42,"featured_media":0,"parent":0,"menu_order":1,"comment_status":"open","ping_status":"closed","template":"","meta":{"footnotes":""},"class_list":["post-40","page","type-page","status-publish","hentry"],"_links":{"self":[{"href":"https:\/\/blogs.smbosque.es\/mihai\/wp-json\/wp\/v2\/pages\/40","targetHints":{"allow":["GET"]}}],"collection":[{"href":"https:\/\/blogs.smbosque.es\/mihai\/wp-json\/wp\/v2\/pages"}],"about":[{"href":"https:\/\/blogs.smbosque.es\/mihai\/wp-json\/wp\/v2\/types\/page"}],"author":[{"embeddable":true,"href":"https:\/\/blogs.smbosque.es\/mihai\/wp-json\/wp\/v2\/users\/42"}],"replies":[{"embeddable":true,"href":"https:\/\/blogs.smbosque.es\/mihai\/wp-json\/wp\/v2\/comments?post=40"}],"version-history":[{"count":5,"href":"https:\/\/blogs.smbosque.es\/mihai\/wp-json\/wp\/v2\/pages\/40\/revisions"}],"predecessor-version":[{"id":92,"href":"https:\/\/blogs.smbosque.es\/mihai\/wp-json\/wp\/v2\/pages\/40\/revisions\/92"}],"wp:attachment":[{"href":"https:\/\/blogs.smbosque.es\/mihai\/wp-json\/wp\/v2\/media?parent=40"}],"curies":[{"name":"wp","href":"https:\/\/api.w.org\/{rel}","templated":true}]}}