{"id":43,"date":"2015-01-11T20:26:14","date_gmt":"2015-01-11T20:26:14","guid":{"rendered":"http:\/\/blogs.smbosque.es\/mihai\/?page_id=43"},"modified":"2015-01-18T21:00:49","modified_gmt":"2015-01-18T20:00:49","slug":"biologia-y-geologia-1o-bach","status":"publish","type":"page","link":"https:\/\/blogs.smbosque.es\/mihai\/biologia-y-geologia-1o-bach\/","title":{"rendered":"Biolog\u00eda y Geolog\u00eda 1\u00ba Bach"},"content":{"rendered":"<p>TEMARIO<\/p>\n<hr \/>\n<p>1. La naturaleza b\u00e1sica de la vida.<\/p>\n<p>2. Organizaci\u00f3n celular de los seres vivos.<\/p>\n<p>3. La organizaci\u00f3n pluricelular.<\/p>\n<p>4. La perpetuaci\u00f3n de la vida.<\/p>\n<p>5. La reproducci\u00f3n sexual en animales y plantas.<\/p>\n<p>6. La biodiversidad.<\/p>\n<p>7. El origen y la evoluci\u00f3n de la la vida.<\/p>\n<p>8. La clasificaci\u00f3n de los seres vivos.<\/p>\n<p>9. La obtenci\u00f3n del alimento en los vegetales.<\/p>\n<p>10. El procesamiento del alimento en animales.<\/p>\n<p>11. La utilizaci\u00f3n del alimento.<\/p>\n<p>12. Coordinaci\u00f3n y locomoci\u00f3n.<\/p>\n<hr \/>\n<p>13. Conocer la Tierra y descubrir su pasado.<\/p>\n<p>14. Origen y estructura de la TIerra.<\/p>\n<p>15. Din\u00e1mica litosf\u00e9rica.<\/p>\n<p>16. Manifestaciones de la din\u00e1mica litosf\u00e9rica.<\/p>\n<p>17. Magmatismo y tect\u00f3nica de placas.<\/p>\n<p>18. Los procesos geol\u00f3gicos externos y el relieve.<\/p>\n<p>19. C\u00f3mo funciona la Tierra.<\/p>\n<p>20. Historia de la Tierra y de la vida.<\/p>\n","protected":false},"excerpt":{"rendered":"<p>TEMARIO 1. La naturaleza b\u00e1sica de la vida. 2. Organizaci\u00f3n celular de los seres vivos. 3. La organizaci\u00f3n pluricelular. 4. La perpetuaci\u00f3n de la vida. 5. La reproducci\u00f3n sexual en animales y plantas. 6. La biodiversidad. 7. El origen y la evoluci\u00f3n de la la vida. 8. La clasificaci\u00f3n de los seres vivos. 9. La &hellip; <a href=\"https:\/\/blogs.smbosque.es\/mihai\/biologia-y-geologia-1o-bach\/\" class=\"more-link\">Seguir leyendo <span class=\"screen-reader-text\">Biolog\u00eda y Geolog\u00eda 1\u00ba Bach<\/span> <span class=\"meta-nav\">&rarr;<\/span><\/a><\/p>\n","protected":false},"author":42,"featured_media":0,"parent":0,"menu_order":2,"comment_status":"open","ping_status":"closed","template":"","meta":{"footnotes":""},"class_list":["post-43","page","type-page","status-publish","hentry"],"_links":{"self":[{"href":"https:\/\/blogs.smbosque.es\/mihai\/wp-json\/wp\/v2\/pages\/43","targetHints":{"allow":["GET"]}}],"collection":[{"href":"https:\/\/blogs.smbosque.es\/mihai\/wp-json\/wp\/v2\/pages"}],"about":[{"href":"https:\/\/blogs.smbosque.es\/mihai\/wp-json\/wp\/v2\/types\/page"}],"author":[{"embeddable":true,"href":"https:\/\/blogs.smbosque.es\/mihai\/wp-json\/wp\/v2\/users\/42"}],"replies":[{"embeddable":true,"href":"https:\/\/blogs.smbosque.es\/mihai\/wp-json\/wp\/v2\/comments?post=43"}],"version-history":[{"count":5,"href":"https:\/\/blogs.smbosque.es\/mihai\/wp-json\/wp\/v2\/pages\/43\/revisions"}],"predecessor-version":[{"id":93,"href":"https:\/\/blogs.smbosque.es\/mihai\/wp-json\/wp\/v2\/pages\/43\/revisions\/93"}],"wp:attachment":[{"href":"https:\/\/blogs.smbosque.es\/mihai\/wp-json\/wp\/v2\/media?parent=43"}],"curies":[{"name":"wp","href":"https:\/\/api.w.org\/{rel}","templated":true}]}}