{"id":45,"date":"2015-01-11T20:26:58","date_gmt":"2015-01-11T20:26:58","guid":{"rendered":"http:\/\/blogs.smbosque.es\/mihai\/?page_id=45"},"modified":"2015-11-09T10:43:14","modified_gmt":"2015-11-09T09:43:14","slug":"ambito-c-t-ii-matematicas","status":"publish","type":"page","link":"https:\/\/blogs.smbosque.es\/mihai\/ambito-c-t-ii-matematicas\/","title":{"rendered":"\u00c1mbito C-T II"},"content":{"rendered":"<p>TEMARIO<\/p>\n<hr \/>\n<p>1. N\u00fameros reales.<\/p>\n<p>2. Proporcionalidad directa e inversa.<\/p>\n<p>3. Polinomios y ecuaciones.<\/p>\n<p>4. Sistemas de ecuaciones.<\/p>\n<p>5. Funciones y tipos de funciones.<\/p>\n<p>6. Estad\u00edstica y probabilidad.<\/p>\n<p>7. Semejanza y trigonometr\u00eda.<\/p>\n<p>8. \u00c1reas y vol\u00famenes.<\/p>\n<p>Existen numerosas webs\u00a0de recursos. Una de ellas, bastante completa, donde pod\u00e9is\u00a0consultar teor\u00eda y realizar ejercicios pr\u00e1cticos es\u00a0http:\/\/www.vitutor.com\/<\/p>\n<p>&nbsp;<\/p>\n","protected":false},"excerpt":{"rendered":"<p>TEMARIO 1. N\u00fameros reales. 2. Proporcionalidad directa e inversa. 3. Polinomios y ecuaciones. 4. Sistemas de ecuaciones. 5. Funciones y tipos de funciones. 6. Estad\u00edstica y probabilidad. 7. Semejanza y trigonometr\u00eda. 8. \u00c1reas y vol\u00famenes. Existen numerosas webs\u00a0de recursos. Una de ellas, bastante completa, donde pod\u00e9is\u00a0consultar teor\u00eda y realizar ejercicios pr\u00e1cticos es\u00a0http:\/\/www.vitutor.com\/ &nbsp;<\/p>\n","protected":false},"author":42,"featured_media":0,"parent":0,"menu_order":3,"comment_status":"open","ping_status":"closed","template":"","meta":{"footnotes":""},"class_list":["post-45","page","type-page","status-publish","hentry"],"_links":{"self":[{"href":"https:\/\/blogs.smbosque.es\/mihai\/wp-json\/wp\/v2\/pages\/45","targetHints":{"allow":["GET"]}}],"collection":[{"href":"https:\/\/blogs.smbosque.es\/mihai\/wp-json\/wp\/v2\/pages"}],"about":[{"href":"https:\/\/blogs.smbosque.es\/mihai\/wp-json\/wp\/v2\/types\/page"}],"author":[{"embeddable":true,"href":"https:\/\/blogs.smbosque.es\/mihai\/wp-json\/wp\/v2\/users\/42"}],"replies":[{"embeddable":true,"href":"https:\/\/blogs.smbosque.es\/mihai\/wp-json\/wp\/v2\/comments?post=45"}],"version-history":[{"count":6,"href":"https:\/\/blogs.smbosque.es\/mihai\/wp-json\/wp\/v2\/pages\/45\/revisions"}],"predecessor-version":[{"id":187,"href":"https:\/\/blogs.smbosque.es\/mihai\/wp-json\/wp\/v2\/pages\/45\/revisions\/187"}],"wp:attachment":[{"href":"https:\/\/blogs.smbosque.es\/mihai\/wp-json\/wp\/v2\/media?parent=45"}],"curies":[{"name":"wp","href":"https:\/\/api.w.org\/{rel}","templated":true}]}}