{"id":229,"date":"2015-03-24T10:49:59","date_gmt":"2015-03-24T10:49:59","guid":{"rendered":"http:\/\/blogs.smbosque.es\/monica\/?page_id=229"},"modified":"2015-03-24T10:49:59","modified_gmt":"2015-03-24T10:49:59","slug":"poemas-con-estribillo","status":"publish","type":"page","link":"https:\/\/blogs.smbosque.es\/monica\/poemas-con-estribillo\/","title":{"rendered":"Poemas con estribillo"},"content":{"rendered":"<p>Poema con estribillo de la clase de 2\u00ba C ESO.<\/p>\n<p align=\"left\"><em>El balc\u00f3n<\/em><\/p>\n<p align=\"left\">\n<p align=\"left\">Me asom\u00e9 al balc\u00f3n<\/p>\n<p align=\"left\">y lo vi por primera vez,<\/p>\n<p align=\"left\">hombre con gabardina<\/p>\n<p align=\"left\">y sombrero de piel.<\/p>\n<p align=\"left\">\n<p align=\"left\">Al d\u00eda siguiente<\/p>\n<p align=\"left\">lo volv\u00ed a ver,<\/p>\n<p align=\"left\">y sus ojos brillaban<\/p>\n<p align=\"left\">m\u00e1s que la primera vez.<\/p>\n<p align=\"left\">Eran dorados como la miel.<\/p>\n<p align=\"left\">\n<p align=\"left\">Me asom\u00e9 al balc\u00f3n<\/p>\n<p align=\"left\">y lo vi por primera vez,<\/p>\n<p align=\"left\">hombre con gabardina<\/p>\n<p align=\"left\">y sombrero de piel.<\/p>\n<p align=\"left\">\n<p align=\"left\">Pasaron los d\u00edas,<\/p>\n<p align=\"left\">y pesaron las noches,<\/p>\n<p align=\"left\">y yo aqu\u00ed sentada,<\/p>\n<p align=\"left\">recordando sus ojos feroces.<\/p>\n<p align=\"left\">Eran dorados como la miel.<\/p>\n<p align=\"left\">\n<p align=\"left\">Me asom\u00e9 al balc\u00f3n<\/p>\n<p align=\"left\">y lo vi por primera vez,<\/p>\n<p align=\"left\">hombre con gabardina<\/p>\n<p align=\"left\">y sombrero de piel.<\/p>\n<p align=\"left\">\n<p align=\"left\">Cuando por fin lo fui a ver,<\/p>\n<p align=\"left\">\u00e9l estaba con otra mujer.<\/p>\n<p align=\"left\">Mi coraz\u00f3n se hizo a\u00f1icos<\/p>\n<p align=\"left\">por no poder estar con \u00e9l.<\/p>\n<p align=\"left\">\n<p align=\"left\">Me asom\u00e9 al balc\u00f3n<\/p>\n<p align=\"left\">y lo vi por primera vez,<\/p>\n<p align=\"left\">hombre con gabardina<\/p>\n<p align=\"left\">y sombrero de piel.<\/p>\n<p align=\"left\">\n<p align=\"left\">La vida ya no tiene sentido<\/p>\n<p align=\"left\">sin \u00e9l sentado conmigo,<\/p>\n<p align=\"left\">por eso yo digo<\/p>\n<p align=\"left\">adi\u00f3s, viejo amigo.<\/p>\n<p align=\"left\"><em>Nerea Monedero y Alberto Sebasti\u00e1n.<\/em><\/p>\n","protected":false},"excerpt":{"rendered":"<p>Poema con estribillo de la clase de 2\u00ba C ESO. El balc\u00f3n Me asom\u00e9 al balc\u00f3n y lo vi por primera vez, hombre con gabardina y sombrero de piel. Al d\u00eda siguiente lo volv\u00ed a ver, y sus ojos brillaban &hellip; <a href=\"https:\/\/blogs.smbosque.es\/monica\/poemas-con-estribillo\/\">Sigue leyendo <span class=\"meta-nav\">&rarr;<\/span><\/a><\/p>\n","protected":false},"author":22,"featured_media":0,"parent":0,"menu_order":0,"comment_status":"open","ping_status":"open","template":"","meta":{"footnotes":""},"class_list":["post-229","page","type-page","status-publish","hentry"],"_links":{"self":[{"href":"https:\/\/blogs.smbosque.es\/monica\/wp-json\/wp\/v2\/pages\/229","targetHints":{"allow":["GET"]}}],"collection":[{"href":"https:\/\/blogs.smbosque.es\/monica\/wp-json\/wp\/v2\/pages"}],"about":[{"href":"https:\/\/blogs.smbosque.es\/monica\/wp-json\/wp\/v2\/types\/page"}],"author":[{"embeddable":true,"href":"https:\/\/blogs.smbosque.es\/monica\/wp-json\/wp\/v2\/users\/22"}],"replies":[{"embeddable":true,"href":"https:\/\/blogs.smbosque.es\/monica\/wp-json\/wp\/v2\/comments?post=229"}],"version-history":[{"count":1,"href":"https:\/\/blogs.smbosque.es\/monica\/wp-json\/wp\/v2\/pages\/229\/revisions"}],"predecessor-version":[{"id":230,"href":"https:\/\/blogs.smbosque.es\/monica\/wp-json\/wp\/v2\/pages\/229\/revisions\/230"}],"wp:attachment":[{"href":"https:\/\/blogs.smbosque.es\/monica\/wp-json\/wp\/v2\/media?parent=229"}],"curies":[{"name":"wp","href":"https:\/\/api.w.org\/{rel}","templated":true}]}}