{"id":29,"date":"2014-12-18T13:26:29","date_gmt":"2014-12-18T13:26:29","guid":{"rendered":"http:\/\/blogs.smbosque.es\/musica\/?page_id=29"},"modified":"2014-12-18T13:40:01","modified_gmt":"2014-12-18T13:40:01","slug":"2o-eso","status":"publish","type":"page","link":"https:\/\/blogs.smbosque.es\/musica\/2o-eso\/","title":{"rendered":"2\u00ba ESO"},"content":{"rendered":"<p>Se publicar\u00e1 semanalmente informaci\u00f3n adicional al temario como apuntes, v\u00eddeos, p\u00e1ginas de referencia y comentarios pertenecientes a la asignatura, los cuales, ser\u00e1n necesarios para la realizaci\u00f3n de los ex\u00e1menes de evaluaci\u00f3n.<\/p>\n<p>Es obligatorio que los alumnos visiten el blog semanalmente para informarse de las nuevas entradas aportadas por el profesor.<\/p>\n<p>Todos los comentarios y dudas se podr\u00e1n comunicar por aqu\u00ed.<\/p>\n","protected":false},"excerpt":{"rendered":"<p>Se publicar\u00e1 semanalmente informaci\u00f3n adicional al temario como apuntes, v\u00eddeos, p\u00e1ginas de referencia y comentarios pertenecientes a la asignatura, los cuales, ser\u00e1n necesarios para la realizaci\u00f3n de los ex\u00e1menes de evaluaci\u00f3n. Es obligatorio que los alumnos visiten el blog semanalmente para informarse de las nuevas entradas aportadas por el profesor. Todos los comentarios y dudas [&hellip;]<\/p>\n","protected":false},"author":47,"featured_media":0,"parent":0,"menu_order":0,"comment_status":"open","ping_status":"open","template":"","meta":{"footnotes":""},"class_list":["post-29","page","type-page","status-publish","hentry"],"_links":{"self":[{"href":"https:\/\/blogs.smbosque.es\/musica\/wp-json\/wp\/v2\/pages\/29","targetHints":{"allow":["GET"]}}],"collection":[{"href":"https:\/\/blogs.smbosque.es\/musica\/wp-json\/wp\/v2\/pages"}],"about":[{"href":"https:\/\/blogs.smbosque.es\/musica\/wp-json\/wp\/v2\/types\/page"}],"author":[{"embeddable":true,"href":"https:\/\/blogs.smbosque.es\/musica\/wp-json\/wp\/v2\/users\/47"}],"replies":[{"embeddable":true,"href":"https:\/\/blogs.smbosque.es\/musica\/wp-json\/wp\/v2\/comments?post=29"}],"version-history":[{"count":4,"href":"https:\/\/blogs.smbosque.es\/musica\/wp-json\/wp\/v2\/pages\/29\/revisions"}],"predecessor-version":[{"id":39,"href":"https:\/\/blogs.smbosque.es\/musica\/wp-json\/wp\/v2\/pages\/29\/revisions\/39"}],"wp:attachment":[{"href":"https:\/\/blogs.smbosque.es\/musica\/wp-json\/wp\/v2\/media?parent=29"}],"curies":[{"name":"wp","href":"https:\/\/api.w.org\/{rel}","templated":true}]}}