{"id":138,"date":"2020-03-14T09:16:10","date_gmt":"2020-03-14T09:16:10","guid":{"rendered":"http:\/\/blogs.smbosque.es\/online\/?page_id=138"},"modified":"2020-03-24T10:07:32","modified_gmt":"2020-03-24T10:07:32","slug":"recursos","status":"publish","type":"page","link":"https:\/\/blogs.smbosque.es\/online\/recursos\/","title":{"rendered":"Recursos"},"content":{"rendered":"\n<h2 class=\"wp-block-heading\">Clan para Primaria y La 2 para Secundaria <\/h2>\n\n\n\n<p>El programa de emisiones se ha dividido por materias, franjas de edad y tambi\u00e9n por canales. Por el canal infantil de RTVE<strong>, Clan TV,<\/strong> se emitir\u00e1n las clases destinadas a los m\u00e1s peque\u00f1os, a alumnos <strong>de entre 6 y 12 a\u00f1os<\/strong>, de Primaria.<\/p>\n\n\n\n<p>Los lunes habr\u00e1 <strong>Matem\u00e1ticas<\/strong>; los martes,<strong> Ciencias Sociales<\/strong>;\n los mi\u00e9rcoles, Educaci\u00f3n Art\u00edstica y\/o Educaci\u00f3n F\u00edsica; los jueves, de\n Lengua e idiomas, y los viernes, de Ciencias Naturales.<\/p>\n\n\n\n<p><strong>La2 emitir\u00e1 contenidos de Secundaria,<\/strong>  con el mismo orden de materias que en Clan TV, pero a horas m\u00e1s  tard\u00edas, entre 11&nbsp; a 12 horas para estudiantes de 12 a 14 a\u00f1os,&nbsp; de , y  en el mismo orden de materias por d\u00eda de la semana que en los casos  anteriores, entre las 12:00 y las 13:00 horas; y los de 14 a 16 a\u00f1os, en  la siguiente franja horaria, de 13 a 14 horas.<\/p>\n\n\n\n<p><a href=\"https:\/\/www.rtve.es\/directo\/la-2\/\"><strong>Rtve la 2<\/strong><\/a><\/p>\n\n\n\n<p><a href=\"https:\/\/www.rtve.es\/educlan\/\"><strong>Clan<\/strong><\/a><\/p>\n\n\n\n<figure class=\"wp-block-image size-large\"><img loading=\"lazy\" decoding=\"async\" width=\"656\" height=\"221\" src=\"https:\/\/blogs.smbosque.es\/online\/files\/2020\/03\/clases-en-la2.jpeg\" alt=\"\" class=\"wp-image-220\" srcset=\"https:\/\/blogs.smbosque.es\/online\/files\/2020\/03\/clases-en-la2.jpeg 656w, https:\/\/blogs.smbosque.es\/online\/files\/2020\/03\/clases-en-la2-300x101.jpeg 300w\" sizes=\"auto, (max-width: 656px) 100vw, 656px\" \/><\/figure>\n\n\n\n<hr class=\"wp-block-separator\"\/>\n\n\n\n<h2 class=\"wp-block-heading\">Museos con visitas virtuales<\/h2>\n\n\n\n<p><a href=\"https:\/\/www.educaciontrespuntocero.com\/recursos\/museos-visitas-virtuales-seleccion-mejores\/?utm_source=feedburner&amp;utm_medium=email&amp;utm_campaign=Feed%3A+educaciontrespuntocero%2FyZXs+%28Revista+Educaci%C3%B3n+3.0%29\">Visitar<\/a><\/p>\n\n\n\n<hr class=\"wp-block-separator\"\/>\n\n\n\n<h2 class=\"wp-block-heading\">Editorial Santillana<\/h2>\n\n\n\n<p>La \nsituaci\u00f3n de cierre temporal de los centros educativos est\u00e1 llevando a \nlas escuelas a continuar su proceso de ense\u00f1anza-aprendizaje en remoto, \nde la mano de la tecnolog\u00eda y las aplicaciones educativas.<\/p>\n\n\n\n<p>Santillana, \nconsciente del momento excepcional en que vivimos, ofrece todo su apoyo y\n ayuda para normalizar el uso de nuestras plataformas digitales desde el\n hogar y hacerlo m\u00e1s f\u00e1cil y accesible.<\/p>\n\n\n\n<p><a href=\"https:\/\/santillana.es\/la-escuela-en-casa\/\">https:\/\/santillana.es\/la-escuela-en-casa\/<\/a><\/p>\n\n\n\n<hr class=\"wp-block-separator\"\/>\n\n\n\n<h2 class=\"wp-block-heading\">Mediateca Educa Madrid<\/h2>\n\n\n\n<p>La Mediateca (<a href=\"https:\/\/mediateca.educa.madrid.org\">https:\/\/mediateca.educa.madrid.org<\/a>) permite el acceso a trav\u00e9s de b\u00fasquedas por materias y niveles a multitud de recursos digitales que pueden ser utilizados por el profesorado. En la Mediateca el  profesorado puede compartir con la comunidad educativa madrile\u00f1a los recursos educativos curriculares que haya creado.  <br>Bancos de recursos organizados por \u00e1reas de conocimiento y contexto educativo:<br> &#8211; <a href=\"http:\/\/procomun.educalab.es\/es\">http:\/\/procomun.educalab.es\/es<\/a><br> &#8211; <a href=\"https:\/\/cedec.intef.es\/recursos\/\">Materiales curriculares del proyecto EDIA<\/a><br> Otros recursos internacionales de inter\u00e9s:<br> &#8211; <a href=\"http:\/\/lreforschools.eun.org\/web\/guest\">Learning Resource Exchange (LRE) de European Schoolnet (EUN) <\/a><br> &#8211; <a href=\"https:\/\/www.oercommons.org\/advanced-search\">OER Commons<\/a><br> &#8211; <a href=\"https:\/\/www.curriki.org\/\">Curricular Wiki <\/a><br> Por otra parte, diversas entidades dentro de su responsabilidad social corporativa han ofrecido<br> servicios gratuitos a la comunidad educativa a los que se puede acceder desde el siguiente sitio<br> web:  <a href=\"http:\/\/innovacion.educa.madrid.org\/herramientaseducativas\/\">http:\/\/innovacion.educa.madrid.org\/herramientaseducativas\/<\/a>. <br> En este mismo espacio se ir\u00e1n incorporando todas aquellas iniciativas que se vayan sumando.<\/p>\n\n\n\n<hr class=\"wp-block-separator\"\/>\n\n\n\n<h2 class=\"wp-block-heading\">Mates con Andr\u00e9s<\/h2>\n\n\n\n<div class=\"wp-block-file\"><a href=\"https:\/\/blogs.smbosque.es\/online\/files\/2020\/03\/PDF_DE-_ORO-_DE-_MATES-_CON-_ANDRES.pdf\"> Mates con Andr\u00e9s: Un PDF con enlaces a contenidos de Matem\u00e1ticas en v\u00eddeo. <\/a><a href=\"https:\/\/blogs.smbosque.es\/online\/files\/2020\/03\/PDF_DE-_ORO-_DE-_MATES-_CON-_ANDRES.pdf\" class=\"wp-block-file__button\" download>Descarga<\/a><\/div>\n\n\n\n<p><a href=\"https:\/\/www.youtube.com\/channel\/UC73702acnOOmrWMzFRHe4oA\">Canal de Mates con Andr\u00e9s<\/a><\/p>\n","protected":false},"excerpt":{"rendered":"<p>Clan para Primaria y La 2 para Secundaria El programa de emisiones se ha dividido por materias, franjas de edad y tambi\u00e9n por canales. Por el canal infantil de RTVE, Clan TV, se emitir\u00e1n las clases destinadas a los m\u00e1s peque\u00f1os, a alumnos de entre 6 y 12 a\u00f1os, de Primaria. Los lunes habr\u00e1 Matem\u00e1ticas; &hellip; <a href=\"https:\/\/blogs.smbosque.es\/online\/recursos\/\">Seguir leyendo <span class=\"meta-nav\">&rarr;<\/span><\/a><\/p>\n","protected":false},"author":1,"featured_media":0,"parent":0,"menu_order":0,"comment_status":"closed","ping_status":"closed","template":"","meta":{"footnotes":""},"class_list":["post-138","page","type-page","status-publish","hentry"],"_links":{"self":[{"href":"https:\/\/blogs.smbosque.es\/online\/wp-json\/wp\/v2\/pages\/138","targetHints":{"allow":["GET"]}}],"collection":[{"href":"https:\/\/blogs.smbosque.es\/online\/wp-json\/wp\/v2\/pages"}],"about":[{"href":"https:\/\/blogs.smbosque.es\/online\/wp-json\/wp\/v2\/types\/page"}],"author":[{"embeddable":true,"href":"https:\/\/blogs.smbosque.es\/online\/wp-json\/wp\/v2\/users\/1"}],"replies":[{"embeddable":true,"href":"https:\/\/blogs.smbosque.es\/online\/wp-json\/wp\/v2\/comments?post=138"}],"version-history":[{"count":13,"href":"https:\/\/blogs.smbosque.es\/online\/wp-json\/wp\/v2\/pages\/138\/revisions"}],"predecessor-version":[{"id":224,"href":"https:\/\/blogs.smbosque.es\/online\/wp-json\/wp\/v2\/pages\/138\/revisions\/224"}],"wp:attachment":[{"href":"https:\/\/blogs.smbosque.es\/online\/wp-json\/wp\/v2\/media?parent=138"}],"curies":[{"name":"wp","href":"https:\/\/api.w.org\/{rel}","templated":true}]}}