{"id":79,"date":"2020-03-11T11:02:56","date_gmt":"2020-03-11T11:02:56","guid":{"rendered":"http:\/\/blogs.smbosque.es\/primaria\/?page_id=79"},"modified":"2022-02-18T11:26:59","modified_gmt":"2022-02-18T11:26:59","slug":"educacion-primaria","status":"publish","type":"page","link":"https:\/\/blogs.smbosque.es\/online\/educacion-primaria\/","title":{"rendered":"Educaci\u00f3n Primaria"},"content":{"rendered":"\n<div class=\"wp-block-image\"><figure class=\"alignleft size-large\"><img loading=\"lazy\" decoding=\"async\" width=\"1024\" height=\"494\" src=\"https:\/\/blogs.smbosque.es\/primaria\/files\/2020\/03\/ep-1024x494.jpg\" alt=\"primaria\" class=\"wp-image-99\" srcset=\"https:\/\/blogs.smbosque.es\/online\/files\/2020\/03\/ep-1024x494.jpg 1024w, https:\/\/blogs.smbosque.es\/online\/files\/2020\/03\/ep-300x145.jpg 300w, https:\/\/blogs.smbosque.es\/online\/files\/2020\/03\/ep-768x371.jpg 768w, https:\/\/blogs.smbosque.es\/online\/files\/2020\/03\/ep.jpg 1140w\" sizes=\"auto, (max-width: 1024px) 100vw, 1024px\" \/><\/figure><\/div>\n\n\n\n<p><\/p>\n\n\n\n<hr class=\"wp-block-separator\"\/>\n\n\n\n<p><em>Estimadas familias, debido a la suspensi\u00f3n temporal de la actividad  escolar desde el d\u00eda 11 de marzo al 29, ambos incluidos, se recomienda  que los alumnos trabajen desde casa, para que estos d\u00edas sean de provecho para vuestros hijos y no se interrumpa su formaci\u00f3n  acad\u00e9mica.<\/em><\/p>\n\n\n\n<p><em>Deb\u00e9is saber, que aunque sean nuevos contenidos, debemos avanzar\n en el temario, una vez se regrese al colegio de forma habitual, se \nrevisar\u00e1n y se resolver\u00e1n las dudas que hayan podido surgir.<\/em><\/p>\n\n\n\n<p><em>El procedimiento ser\u00e1 el siguiente:<\/em><\/p>\n\n\n\n<p><em>* Se publicar\u00e1n en el blog, las tareas correspondientes a las materias que se dan cada d\u00eda, seg\u00fan el horario.<\/em><\/p>\n\n\n\n<p><em>* Los alumnos deber\u00e1n trabajarlas diariamente, y para facilitar su \nrealizaci\u00f3n, se publicar\u00e1n en el blog, explicaciones, im\u00e1genes o v\u00eddeos \nque ayuden a su mejor comprensi\u00f3n.<\/em><\/p>\n\n\n\n<p><em>* Posteriormente, deber\u00e1n enviar una foto al profesor con la tarea terminada, con  una presentaci\u00f3n, y una ortograf\u00eda y caligraf\u00eda adecuadas, al correo electr\u00f3nico del profesor.<strong><br><\/strong><\/em><\/p>\n\n\n\n<p><em>* El env\u00edo de las tareas se deber\u00e1 hacer diariamente o como muy tarde, al d\u00eda siguiente para que puedan ser valoradas.<\/em><\/p>\n\n\n\n<p><em>* En caso de que las tareas no se hayan realizado correctamente, se \nenviar\u00e1n las correcciones o respuestas adecuadas para que puedan ser corregidas en casa\n y comprobar d\u00f3nde se encuentran los fallos.<\/em><\/p>\n\n\n\n<p><em>* Se mantendr\u00e1 una comunicaci\u00f3n diaria con los alumnos\/padres por correo electr\u00f3nico.<br><\/em><\/p>\n\n\n\n<p><em>* Por \u00faltimo, agradecer la colaboraci\u00f3n de las familias y recordar  que, los alumnos necesitan de su apoyo, lo que no implica que se les d\u00e9  las respuestas, sino darles pistas que les ayude.<\/em><br><\/p>\n\n\n\n<hr class=\"wp-block-separator\"\/>\n\n\n\n<p>Te aconsejamos que sigas tu horario semanal y dediques el tiempo necesario para cada materia y sigas las indicaciones de tus profesores.<\/p>\n\n\n\n<p><\/p>\n\n\n\n<figure class=\"wp-block-table\"><table><tbody><tr><td>Nuria Azores<br>nuria.azores.online@smbosque.es<\/td><td><a href=\"https:\/\/blogs.smbosque.es\/nuriaazores\">https:\/\/blogs.smbosque.es\/nuriaazores<\/a><\/td><\/tr><tr><td>Tom\u00e1s Buitrago<br>tomas.buitrago.online@smbosque.es<\/td><td><a href=\"https:\/\/blogs.smbosque.es\/tomasbuitrago\">https:\/\/blogs.smbosque.es\/tomasbuitrago<\/a><\/td><\/tr><tr><td>Carlos Collado<br>carlos.collado.online@smbosque.es<\/td><td><a href=\"https:\/\/blogs.smbosque.es\/carloscollado\">https:\/\/blogs.smbosque.es\/carloscollado<\/a><\/td><\/tr><tr><td><\/td><td><\/td><\/tr><tr><td>Javier Espa\u00f1a<br>javier.espana.online@smbosque.es<\/td><td><a href=\"https:\/\/blogs.smbosque.es\/javierespana\">https:\/\/blogs.smbosque.es\/javierespana<\/a><\/td><\/tr><tr><td>Pablo Fern\u00e1ndez<br>pablo.fernandez.online@smbosque.es<\/td><td><a href=\"https:\/\/blogs.smbosque.es\/pablofernandez\">https:\/\/blogs.smbosque.es\/pablofernandez<\/a><\/td><\/tr><tr><td>Jos\u00e9 de la Fuente<br>josedelafuente.online@smbosque.es<\/td><td><a href=\"https:\/\/blogs.smbosque.es\/josedelafuente\">https:\/\/blogs.smbosque.es\/josedelafuente<\/a><\/td><\/tr><tr><td>Marta Fuentenebro<br>marta.fuentenebro.online@smbosque.es<\/td><td><a href=\"https:\/\/blogs.smbosque.es\/martafuentenebro\">https:\/\/blogs.smbosque.es\/martafuentenebro<\/a><\/td><\/tr><tr><td>Mar\u00eda Garc\u00eda<br>maria.garcia.online@smbosque.es<\/td><td><a href=\"https:\/\/blogs.smbosque.es\/mariagarcia\">https:\/\/blogs.smbosque.es\/mariagarcia<\/a><\/td><\/tr><tr><td>Carlos Guti\u00e9rrez<br>carlos.gutierrez.online@smbosque.es<\/td><td><a href=\"https:\/\/blogs.smbosque.es\/carlosgutierrez\">https:\/\/blogs.smbosque.es\/carlosgutierrez<\/a><\/td><\/tr><tr><td>Gema Holgu\u00edn<br>gemma.holguin.online@smbosque.es<\/td><td><a href=\"https:\/\/blogs.smbosque.es\/gemmaholguin\">https:\/\/blogs.smbosque.es\/gemmaholguin<\/a><\/td><\/tr><tr><td>Manuela L\u00f3pez<br>manuela.lopez.online@smbosque.es<\/td><td><a href=\"https:\/\/blogs.smbosque.es\/manuelalopez\">https:\/\/blogs.smbosque.es\/manuelalopez<\/a><\/td><\/tr><tr><td>Ra\u00fal L\u00f3pez-Escolar<br>raul.lopez.online@smbosque.es<\/td><td><a href=\"https:\/\/blogs.smbosque.es\/raullopez\">https:\/\/blogs.smbosque.es\/raullopez<\/a><\/td><\/tr><tr><td>Patricia Mart\u00edn<br>patricia.martin.online@smbosque.es<\/td><td><a href=\"https:\/\/blogs.smbosque.es\/patriciamartin\">https:\/\/blogs.smbosque.es\/patriciamartin<\/a><\/td><\/tr><tr><td>Ana Gonz\u00e1lez<br>ana.gonzalez.online@smbosque.es<\/td><td><a href=\"https:\/\/blogs.smbosque.es\/anagonzalez\">https:\/\/blogs.smbosque.es\/anagonzalez<\/a><\/td><\/tr><tr><td>Almudena Mart\u00edn<br>almudena.martin.online@smbosque.es<\/td><td><a href=\"https:\/\/blogs.smbosque.es\/almudenamartin\">https:\/\/blogs.smbosque.es\/almudenamartin<\/a><\/td><\/tr><tr><td>Yoana Montero<br>yoana.montero.online@smbosque.es<\/td><td><a href=\"https:\/\/blogs.smbosque.es\/yoana\">https:\/\/blogs.smbosque.es\/yoana<\/a><\/td><\/tr><tr><td>Julia Olmedo<br>julia.olmedo.online@smbosque.es<\/td><td><a href=\"https:\/\/blogs.smbosque.es\/juliaolmedo\">https:\/\/blogs.smbosque.es\/juliaolmedo<\/a><\/td><\/tr><tr><td>Juan Orellana<br>juan.orellana.online@smbosque.es<\/td><td><a href=\"https:\/\/blogs.smbosque.es\/juanorellana\">https:\/\/blogs.smbosque.es\/juanorellana<\/a><\/td><\/tr><tr><td>Miguel Santiago<br>miguel.santiago.online@smbosque.es<\/td><td><a href=\"https:\/\/blogs.smbosque.es\/miguelsantiago\">https:\/\/blogs.smbosque.es\/miguelsantiago<\/a><\/td><\/tr><tr><td>Bel\u00e9n Serrano<br>belen.serrano.online@smbosque.es<\/td><td><a href=\"https:\/\/blogs.smbosque.es\/belenserrano\">https:\/\/blogs.smbosque.es\/belenserrano<\/a><\/td><\/tr><tr><td><\/td><td><\/td><\/tr><tr><td><\/td><td><\/td><\/tr><tr><td>Rebeca Zamorano<br>rebeca.zamorano.online@smbosque.es<\/td><td><a href=\"https:\/\/blogs.smbosque.es\/rebecazamorano\">https:\/\/blogs.smbosque.es\/rebecazamorano<\/a><\/td><\/tr><tr><td><\/td><td><\/td><\/tr><\/tbody><\/table><\/figure>\n","protected":false},"excerpt":{"rendered":"<p>Estimadas familias, debido a la suspensi\u00f3n temporal de la actividad escolar desde el d\u00eda 11 de marzo al 29, ambos incluidos, se recomienda que los alumnos trabajen desde casa, para que estos d\u00edas sean de provecho para vuestros hijos y no se interrumpa su formaci\u00f3n acad\u00e9mica. Deb\u00e9is saber, que aunque sean nuevos contenidos, debemos avanzar &hellip; <a href=\"https:\/\/blogs.smbosque.es\/online\/educacion-primaria\/\">Seguir leyendo <span class=\"meta-nav\">&rarr;<\/span><\/a><\/p>\n","protected":false},"author":1,"featured_media":0,"parent":0,"menu_order":0,"comment_status":"closed","ping_status":"closed","template":"template-full-width.php","meta":{"footnotes":""},"class_list":["post-79","page","type-page","status-publish","hentry"],"_links":{"self":[{"href":"https:\/\/blogs.smbosque.es\/online\/wp-json\/wp\/v2\/pages\/79","targetHints":{"allow":["GET"]}}],"collection":[{"href":"https:\/\/blogs.smbosque.es\/online\/wp-json\/wp\/v2\/pages"}],"about":[{"href":"https:\/\/blogs.smbosque.es\/online\/wp-json\/wp\/v2\/types\/page"}],"author":[{"embeddable":true,"href":"https:\/\/blogs.smbosque.es\/online\/wp-json\/wp\/v2\/users\/1"}],"replies":[{"embeddable":true,"href":"https:\/\/blogs.smbosque.es\/online\/wp-json\/wp\/v2\/comments?post=79"}],"version-history":[{"count":32,"href":"https:\/\/blogs.smbosque.es\/online\/wp-json\/wp\/v2\/pages\/79\/revisions"}],"predecessor-version":[{"id":256,"href":"https:\/\/blogs.smbosque.es\/online\/wp-json\/wp\/v2\/pages\/79\/revisions\/256"}],"wp:attachment":[{"href":"https:\/\/blogs.smbosque.es\/online\/wp-json\/wp\/v2\/media?parent=79"}],"curies":[{"name":"wp","href":"https:\/\/api.w.org\/{rel}","templated":true}]}}