{"id":3277,"date":"2020-09-15T11:45:06","date_gmt":"2020-09-15T09:45:06","guid":{"rendered":"http:\/\/blogs.smbosque.es\/raullopez\/?page_id=3277"},"modified":"2020-09-20T19:17:28","modified_gmt":"2020-09-20T17:17:28","slug":"unidad-1-numeros-de-hasta-siete-cifras","status":"publish","type":"page","link":"https:\/\/blogs.smbosque.es\/raullopez\/4o-e-p\/mates\/unidad-1-numeros-de-hasta-siete-cifras\/","title":{"rendered":"Unidad 1 &#8211; N\u00fameros de hasta siete cifras"},"content":{"rendered":"\n<p class=\"has-white-color has-blue-background-color has-text-color has-background\">DESCOMPOSICI\u00d3N, LECTURA, VALOR DE UNA CIFRA Y COMPARACI\u00d3N DE N\u00daMEROS<\/p>\n\n\n\n<figure class=\"wp-block-embed-youtube wp-block-embed is-type-video is-provider-youtube wp-embed-aspect-16-9 wp-has-aspect-ratio\"><div class=\"wp-block-embed__wrapper\">\n<iframe loading=\"lazy\" title=\"N\u00fameros de 7 cifras\/Matematicas Cuarto Primaria\/AulaFacil.com\" width=\"640\" height=\"360\" src=\"https:\/\/www.youtube.com\/embed\/9qTM7uWmZNM?feature=oembed\" frameborder=\"0\" allow=\"accelerometer; autoplay; clipboard-write; encrypted-media; gyroscope; picture-in-picture; web-share\" referrerpolicy=\"strict-origin-when-cross-origin\" allowfullscreen><\/iframe>\n<\/div><\/figure>\n\n\n\n<figure class=\"wp-block-embed-youtube wp-block-embed is-type-video is-provider-youtube wp-embed-aspect-4-3 wp-has-aspect-ratio\"><div class=\"wp-block-embed__wrapper\">\n<iframe loading=\"lazy\" title=\"N\u00fameros de m\u00e1s de 7 cifras: valor posicional, descomposici\u00f3n y lectura.\" width=\"640\" height=\"480\" src=\"https:\/\/www.youtube.com\/embed\/PeQjjBU9jWE?feature=oembed\" frameborder=\"0\" allow=\"accelerometer; autoplay; clipboard-write; encrypted-media; gyroscope; picture-in-picture; web-share\" referrerpolicy=\"strict-origin-when-cross-origin\" allowfullscreen><\/iframe>\n<\/div><\/figure>\n\n\n\n<figure class=\"wp-block-embed-youtube wp-block-embed is-type-video is-provider-youtube wp-embed-aspect-16-9 wp-has-aspect-ratio\"><div class=\"wp-block-embed__wrapper\">\n<iframe loading=\"lazy\" title=\"Comparaci\u00f3n de n\u00fameros de siete cifras\/N\u00fameros de 7 Cifras\/Matem\u00e1ticas Quinto Primaria (10 a...\" width=\"640\" height=\"360\" src=\"https:\/\/www.youtube.com\/embed\/mRSTAcQcnuQ?feature=oembed\" frameborder=\"0\" allow=\"accelerometer; autoplay; clipboard-write; encrypted-media; gyroscope; picture-in-picture; web-share\" referrerpolicy=\"strict-origin-when-cross-origin\" allowfullscreen><\/iframe>\n<\/div><\/figure>\n\n\n\n<figure class=\"wp-block-embed-youtube wp-block-embed is-type-video is-provider-youtube wp-embed-aspect-16-9 wp-has-aspect-ratio\"><div class=\"wp-block-embed__wrapper\">\n<iframe loading=\"lazy\" title=\"Nu\u0301meros 7 cifras lectura\" width=\"640\" height=\"360\" src=\"https:\/\/www.youtube.com\/embed\/51FPxnaRHcQ?feature=oembed\" frameborder=\"0\" allow=\"accelerometer; autoplay; clipboard-write; encrypted-media; gyroscope; picture-in-picture; web-share\" referrerpolicy=\"strict-origin-when-cross-origin\" allowfullscreen><\/iframe>\n<\/div><\/figure>\n\n\n\n<figure class=\"wp-block-embed-youtube wp-block-embed is-type-video is-provider-youtube wp-embed-aspect-16-9 wp-has-aspect-ratio\"><div class=\"wp-block-embed__wrapper\">\n<iframe loading=\"lazy\" title=\"C\u00f3mo descomponer en unidades n\u00fameros de 7 cifras\" width=\"640\" height=\"360\" src=\"https:\/\/www.youtube.com\/embed\/ipQ_OOwO-JA?feature=oembed\" frameborder=\"0\" allow=\"accelerometer; autoplay; clipboard-write; encrypted-media; gyroscope; picture-in-picture; web-share\" referrerpolicy=\"strict-origin-when-cross-origin\" allowfullscreen><\/iframe>\n<\/div><\/figure>\n\n\n\n<p><em><strong>Juego Interactivo para practicar:<\/strong><\/em><\/p>\n\n\n\n<p><a href=\"http:\/\/www.clarionweb.es\/4_curso\/matematicas\/mat_402.htm\" target=\"_blank\" rel=\"noreferrer noopener\">http:\/\/www.clarionweb.es\/4_curso\/matematicas\/mat_402.htm<\/a><\/p>\n\n\n\n<p class=\"has-white-color has-blue-background-color has-text-color has-background\">APROXIMACIONES<\/p>\n\n\n\n<figure class=\"wp-block-embed-youtube wp-block-embed is-type-video is-provider-youtube wp-embed-aspect-16-9 wp-has-aspect-ratio\"><div class=\"wp-block-embed__wrapper\">\n<iframe loading=\"lazy\" title=\"Aproximaciones de n\u00fameros a las decenas y centenas\" width=\"640\" height=\"360\" src=\"https:\/\/www.youtube.com\/embed\/SEddzKS9iHU?feature=oembed\" frameborder=\"0\" allow=\"accelerometer; autoplay; clipboard-write; encrypted-media; gyroscope; picture-in-picture; web-share\" referrerpolicy=\"strict-origin-when-cross-origin\" allowfullscreen><\/iframe>\n<\/div><\/figure>\n\n\n\n<p><a href=\"https:\/\/www.youtube.com\/watch?v=T-FpkCcxbHQ\" target=\"_blank\" rel=\"noreferrer noopener\">https:\/\/www.youtube.com\/watch?v=T-FpkCcxbHQ<\/a><\/p>\n\n\n\n<p><a rel=\"noreferrer noopener\" href=\"https:\/\/www.youtube.com\/watch?v=-JijyuvKr-Q\" target=\"_blank\">https:\/\/www.youtube.com\/watch?v=-JijyuvKr-Q<\/a><\/p>\n\n\n\n<p><strong><em>Juego Interactivo para practicar:<\/em><\/strong><\/p>\n\n\n\n<p><a rel=\"noreferrer noopener\" href=\"http:\/\/www.eltanquematematico.es\/decenas\/decenas_p.html\" target=\"_blank\">http:\/\/www.eltanquematematico.es\/decenas\/decenas_p.html<\/a><\/p>\n\n\n\n<p><a rel=\"noreferrer noopener\" href=\"http:\/\/www.ceiploreto.es\/sugerencias\/agrega\/Aproximacion_en_el_calculo\/contenido\/ma001_oa01_es\/index.html\" target=\"_blank\">http:\/\/www.ceiploreto.es\/sugerencias\/agrega\/Aproximacion_en_el_calculo\/contenido\/ma001_oa01_es\/index.html<\/a><\/p>\n\n\n\n<p><a href=\"http:\/\/www.ceiploreto.es\/sugerencias\/agrega\/Aproximacion_en_el_calculo\/contenido\/ma001_oa02_es\/index.html\" target=\"_blank\" rel=\"noreferrer noopener\">http:\/\/www.ceiploreto.es\/sugerencias\/agrega\/Aproximacion_en_el_calculo\/contenido\/ma001_oa02_es\/index.html<\/a><\/p>\n\n\n\n<p class=\"has-white-color has-blue-background-color has-text-color has-background\">N\u00daMEROS ROMANOS<\/p>\n\n\n\n<figure class=\"wp-block-embed-youtube wp-block-embed is-type-video is-provider-youtube wp-embed-aspect-16-9 wp-has-aspect-ratio\"><div class=\"wp-block-embed__wrapper\">\n<iframe loading=\"lazy\" title=\"LOS N\u00daMEROS ROMANOS : Origen, reglas y juegos para primaria\" width=\"640\" height=\"360\" src=\"https:\/\/www.youtube.com\/embed\/_ihVnbX2Xzo?feature=oembed\" frameborder=\"0\" allow=\"accelerometer; autoplay; clipboard-write; encrypted-media; gyroscope; picture-in-picture; web-share\" referrerpolicy=\"strict-origin-when-cross-origin\" allowfullscreen><\/iframe>\n<\/div><\/figure>\n\n\n\n<p><strong><em>Juego Interactivo para practicar:<\/em><\/strong><\/p>\n\n\n\n<p><a rel=\"noreferrer noopener\" href=\"http:\/\/www.ceiploreto.es\/sugerencias\/JClic\/romanos2\/index.html\" target=\"_blank\">http:\/\/www.ceiploreto.es\/sugerencias\/JClic\/romanos2\/index.html<\/a><\/p>\n\n\n\n<p><a rel=\"noreferrer noopener\" href=\"http:\/\/www.ceiploreto.es\/sugerencias\/JClic\/romanos\/index.html\" target=\"_blank\">http:\/\/www.ceiploreto.es\/sugerencias\/JClic\/romanos\/index.html<\/a><\/p>\n\n\n\n<p><a href=\"http:\/\/www.clarionweb.es\/4_curso\/matematicas\/mat_402a.htm\" target=\"_blank\" rel=\"noreferrer noopener\">http:\/\/www.clarionweb.es\/4_curso\/matematicas\/mat_402a.htm<\/a><\/p>\n\n\n\n<p class=\"has-white-color has-blue-background-color has-text-color has-background\">N\u00daMEROS ORDINALES<\/p>\n\n\n\n<figure class=\"wp-block-embed-youtube wp-block-embed is-type-video is-provider-youtube wp-embed-aspect-4-3 wp-has-aspect-ratio\"><div class=\"wp-block-embed__wrapper\">\n<iframe loading=\"lazy\" title=\"Los n\u00fameros ordinales\/N\u00fameros Ordinales\/Matematicas Cuarto Primaria\/AulaFacil.com\" width=\"640\" height=\"480\" src=\"https:\/\/www.youtube.com\/embed\/H3eDVYjb7f8?feature=oembed\" frameborder=\"0\" allow=\"accelerometer; autoplay; clipboard-write; encrypted-media; gyroscope; picture-in-picture; web-share\" referrerpolicy=\"strict-origin-when-cross-origin\" allowfullscreen><\/iframe>\n<\/div><\/figure>\n\n\n\n<p><strong><em>Juego Interactivo para practicar:<\/em><\/strong><\/p>\n\n\n\n<p><a rel=\"noreferrer noopener\" href=\"https:\/\/www.testeando.es\/Numeros-ordinales-tkuwavlq\" target=\"_blank\">https:\/\/www.testeando.es\/Numeros-ordinales-tkuwavlq<\/a><\/p>\n\n\n\n<p><a rel=\"noreferrer noopener\" href=\"http:\/\/duendecrispin.com\/matematicas\/mate3pri\/1_numeracion05.html\" target=\"_blank\">http:\/\/duendecrispin.com\/matematicas\/mate3pri\/1_numeracion05.html<\/a><\/p>\n\n\n\n<p><\/p>\n","protected":false},"excerpt":{"rendered":"<p>DESCOMPOSICI\u00d3N, LECTURA, VALOR DE UNA CIFRA Y COMPARACI\u00d3N DE N\u00daMEROS Juego Interactivo para practicar: http:\/\/www.clarionweb.es\/4_curso\/matematicas\/mat_402.htm APROXIMACIONES https:\/\/www.youtube.com\/watch?v=T-FpkCcxbHQ https:\/\/www.youtube.com\/watch?v=-JijyuvKr-Q Juego Interactivo para practicar: http:\/\/www.eltanquematematico.es\/decenas\/decenas_p.html http:\/\/www.ceiploreto.es\/sugerencias\/agrega\/Aproximacion_en_el_calculo\/contenido\/ma001_oa01_es\/index.html http:\/\/www.ceiploreto.es\/sugerencias\/agrega\/Aproximacion_en_el_calculo\/contenido\/ma001_oa02_es\/index.html N\u00daMEROS ROMANOS Juego Interactivo para practicar: http:\/\/www.ceiploreto.es\/sugerencias\/JClic\/romanos2\/index.html http:\/\/www.ceiploreto.es\/sugerencias\/JClic\/romanos\/index.html http:\/\/www.clarionweb.es\/4_curso\/matematicas\/mat_402a.htm N\u00daMEROS ORDINALES Juego Interactivo para practicar: &hellip; <a href=\"https:\/\/blogs.smbosque.es\/raullopez\/4o-e-p\/mates\/unidad-1-numeros-de-hasta-siete-cifras\/\">Sigue leyendo <span class=\"meta-nav\">&rarr;<\/span><\/a><\/p>\n","protected":false},"author":77,"featured_media":0,"parent":622,"menu_order":0,"comment_status":"closed","ping_status":"closed","template":"","meta":{"footnotes":""},"class_list":["post-3277","page","type-page","status-publish","hentry"],"jetpack_sharing_enabled":true,"_links":{"self":[{"href":"https:\/\/blogs.smbosque.es\/raullopez\/wp-json\/wp\/v2\/pages\/3277","targetHints":{"allow":["GET"]}}],"collection":[{"href":"https:\/\/blogs.smbosque.es\/raullopez\/wp-json\/wp\/v2\/pages"}],"about":[{"href":"https:\/\/blogs.smbosque.es\/raullopez\/wp-json\/wp\/v2\/types\/page"}],"author":[{"embeddable":true,"href":"https:\/\/blogs.smbosque.es\/raullopez\/wp-json\/wp\/v2\/users\/77"}],"replies":[{"embeddable":true,"href":"https:\/\/blogs.smbosque.es\/raullopez\/wp-json\/wp\/v2\/comments?post=3277"}],"version-history":[{"count":13,"href":"https:\/\/blogs.smbosque.es\/raullopez\/wp-json\/wp\/v2\/pages\/3277\/revisions"}],"predecessor-version":[{"id":3291,"href":"https:\/\/blogs.smbosque.es\/raullopez\/wp-json\/wp\/v2\/pages\/3277\/revisions\/3291"}],"up":[{"embeddable":true,"href":"https:\/\/blogs.smbosque.es\/raullopez\/wp-json\/wp\/v2\/pages\/622"}],"wp:attachment":[{"href":"https:\/\/blogs.smbosque.es\/raullopez\/wp-json\/wp\/v2\/media?parent=3277"}],"curies":[{"name":"wp","href":"https:\/\/api.w.org\/{rel}","templated":true}]}}